{"id":28584,"date":"2023-07-24T21:02:14","date_gmt":"2023-07-25T00:02:14","guid":{"rendered":"https:\/\/www.saopaulo.sp.leg.br\/escoladoparlamento\/?page_id=28584"},"modified":"2024-01-10T13:41:42","modified_gmt":"2024-01-10T16:41:42","slug":"a-cidade-constitucional","status":"publish","type":"page","link":"https:\/\/www.saopaulo.sp.leg.br\/escoladoparlamento\/cursos\/cursos-anteriores\/cursos-realizados-em-2023\/a-cidade-constitucional\/","title":{"rendered":"A Cidade Constitucional"},"content":{"rendered":"<h2><span style=\"color: #ff0000\"><strong>ATEN\u00c7\u00c3O<\/strong><\/span><\/h2>\n<h3>Acesse <a href=\"http:\/\/www5.each.usp.br\/avisos-graduacao\/inscricoes-para-estudantes-especiais-2-2022\/\">AQUI<\/a> o resultado das inscri\u00e7\u00f5es e as instru\u00e7\u00f5es de como fazer a matr\u00edcula<\/h3>\n<p><em>(As matr\u00edculas ser\u00e3o realizadas no sistema J\u00fapiter nos dias 03 e 04 de Agosto e as aulas desta disciplina ter\u00e3o in\u00edcio em 09\/08)<\/em><\/p>\n<p>Informa\u00e7\u00f5es &#8211; telefones (11) 3091-1004 \/ 1044<\/p>\n<p>&nbsp;<\/p>\n<hr \/>\n<h3>Disciplina de Gradua\u00e7\u00e3o do Curso de Gest\u00e3o de Politicas P\u00fablicas da EACH-USP<\/h3>\n<p>&nbsp;<\/p>\n<p><em>A Cidade Constitucional<\/em> \u00e9 uma disciplina de campo com uma proposta did\u00e1tico-pedag\u00f3gica que visa aproximar o aluno das institui\u00e7\u00f5es do Estado Democr\u00e1tico de Direito a partir de sua observa\u00e7\u00e3o in loco.<\/p>\n<p><strong>No \u00faltimo ano, ela passou a contar com o apoio da Escola do Parlamento para que possa ser regularmente oferecida no \u00e2mbito da C\u00e2mara, tendo como foco a estrutura e o funcionamento do Poder Legislativo Municipal. <\/strong><\/p>\n<p>O reconhecimento de sua import\u00e2ncia veio em junho de 2023, com o pedido de considera\u00e7\u00e3o para &#8220;Voto de J\u00fabilo ou Congratula\u00e7\u00f5es&#8221; de autoria do Vereador Isac Felix, recebendo o apoio de outros 24 vereadores.<\/p>\n<p>&nbsp;<\/p>\n<p><strong>PROGRAMA\u00c7\u00c3O<\/strong><\/p>\n<p>Os 12 encontros previstos para o segundo semestre acontecem na sede da C\u00e2mara Municipal de S\u00e3o Paulo &#8211; Sala S\u00e9rgio Vieira de Melo, sempre \u00e0s quartas-feiras a partir de 09 de agosto, das 10h \u00e0s 14h.<\/p>\n<p>&nbsp;<\/p>\n<p><strong>30 VAGAS<\/strong><\/p>\n<p>&nbsp;<\/p>\n<p><strong>INSCRI\u00c7\u00d5ES &#8211; <span style=\"color: #ff0000\">encerradas<\/span><\/strong><\/p>\n<p>Pessoalmente ou por email, <strong>de 17 a 21 de julho<\/strong>, na categoria de <strong>&#8220;Aluno Especial da USP&#8221;<\/strong>, seguindo as instru\u00e7\u00f5es contidas <a href=\"http:\/\/www5.each.usp.br\/avisos-graduacao\/inscricoes-para-estudantes-especiais-2-2022\/\">AQUI<\/a>.<\/p>\n<p>Documentos solicitados:<\/p>\n<ul>\n<li>Certificado de Conclus\u00e3o e Hist\u00f3rico Escolar do Ensino M\u00e9dio ou equivalente;<\/li>\n<li>Documento de Identidade (RG ou, se estrangeiro, RNE) &#8211; c\u00f3pia simples acompanhada do original ou c\u00f3pia autenticada;<\/li>\n<li>Formul\u00e1rio de inscri\u00e7\u00e3o preenchido e assinado dispon\u00edvel em <a href=\"http:\/\/www5.each.usp.br\/wp-content\/uploads\/2016\/07\/requerimento-matricula-aluno-especial.pdf\">http:\/\/www5.each.usp.br\/wp-content\/uploads\/2016\/07\/requerimento-matricula-aluno-especial.pdf<\/a> (o c\u00f3digo da disciplina \u00e9 o ACH3666).<\/li>\n<\/ul>\n<p><strong>N\u00e3o ser\u00e3o aceitas as inscri\u00e7\u00f5es dos candidatos que n\u00e3o apresentarem os documentos exigidos, nem pedidos fora do prazo de inscri\u00e7\u00e3o.<\/strong><\/p>\n<p>&nbsp;<\/p>\n<p>Para quem for entregar o requerimento de matr\u00edcula e os documentos pessoalmente, a EACH-USP fica na <a href=\"https:\/\/www.google.com\/maps\/place\/Rua+Arlindo+B%C3%A9ttio,+1000+-+Vila+Guaraciaba,+S%C3%A3o+Paulo+-+SP,+03828-000\/@-23.4821149,-46.5021287,17z\/data=!3m1!4b1!4m6!3m5!1s0x94ce60152a7ad7d3:0x4893c2f025aa78c0!8m2!3d-23.4821149!4d-46.4995538!16s%2Fg%2F11cs9f9dm2?entry=ttu\">Avenida Arlindo Bettio, 1000<\/a>.<\/p>\n<p>Crit\u00e9rio de desempate: Em caso de maior n\u00famero de inscritos em rela\u00e7\u00e3o \u00e0s vagas disponibilizadas, o crit\u00e9rio de desempate utilizado ser\u00e1 o de maior idade (ano, m\u00eas e dia).<\/p>\n<h2><\/h2>\n<p style=\"text-align: center\"><strong>***<\/strong><\/p>\n<p>&nbsp;<\/p>\n<p>O professor Marcelo Nerling, respons\u00e1vel pelas aulas aqui na C\u00e2mara, falou sobre a disciplina e o que os alunos podem esperar em uma live transmitida em nosso canal do YouTube.<\/p>\n<p>Para assistir clique na miniatura abaixo:<\/p>\n<p><iframe loading=\"lazy\" title=\"LIVE A Cidade Constitucional 1\" width=\"640\" height=\"360\" src=\"https:\/\/www.youtube.com\/embed\/yk5Dy5SyumQ?feature=oembed\" frameborder=\"0\" allow=\"accelerometer; autoplay; clipboard-write; encrypted-media; gyroscope; picture-in-picture; web-share\" referrerpolicy=\"strict-origin-when-cross-origin\" allowfullscreen><\/iframe><\/p>\n<p>&nbsp;<\/p>\n","protected":false},"excerpt":{"rendered":"<p>ATEN\u00c7\u00c3O Acesse AQUI o resultado das inscri\u00e7\u00f5es e as instru\u00e7\u00f5es de como fazer a matr\u00edcula (As matr\u00edculas ser\u00e3o realizadas no sistema J\u00fapiter nos dias 03 e 04 de Agosto e as aulas desta disciplina ter\u00e3o in\u00edcio em 09\/08) Informa\u00e7\u00f5es &#8211; telefones (11) 3091-1004 \/ 1044 &nbsp; Disciplina de Gradua\u00e7\u00e3o do Curso de Gest\u00e3o de Politicas [&hellip;]<\/p>\n","protected":false},"author":522,"featured_media":0,"parent":28305,"menu_order":69,"comment_status":"closed","ping_status":"closed","template":"","meta":{"_acf_changed":false,"footnotes":""},"class_list":["post-28584","page","type-page","status-publish","hentry"],"acf":[],"_links":{"self":[{"href":"https:\/\/www.saopaulo.sp.leg.br\/escoladoparlamento\/wp-json\/wp\/v2\/pages\/28584","targetHints":{"allow":["GET"]}}],"collection":[{"href":"https:\/\/www.saopaulo.sp.leg.br\/escoladoparlamento\/wp-json\/wp\/v2\/pages"}],"about":[{"href":"https:\/\/www.saopaulo.sp.leg.br\/escoladoparlamento\/wp-json\/wp\/v2\/types\/page"}],"author":[{"embeddable":true,"href":"https:\/\/www.saopaulo.sp.leg.br\/escoladoparlamento\/wp-json\/wp\/v2\/users\/522"}],"replies":[{"embeddable":true,"href":"https:\/\/www.saopaulo.sp.leg.br\/escoladoparlamento\/wp-json\/wp\/v2\/comments?post=28584"}],"version-history":[{"count":0,"href":"https:\/\/www.saopaulo.sp.leg.br\/escoladoparlamento\/wp-json\/wp\/v2\/pages\/28584\/revisions"}],"up":[{"embeddable":true,"href":"https:\/\/www.saopaulo.sp.leg.br\/escoladoparlamento\/wp-json\/wp\/v2\/pages\/28305"}],"wp:attachment":[{"href":"https:\/\/www.saopaulo.sp.leg.br\/escoladoparlamento\/wp-json\/wp\/v2\/media?parent=28584"}],"curies":[{"name":"wp","href":"https:\/\/api.w.org\/{rel}","templated":true}]}}