{"id":28565,"date":"2023-08-01T14:00:09","date_gmt":"2023-08-01T17:00:09","guid":{"rendered":"https:\/\/www.saopaulo.sp.leg.br\/escoladoparlamento\/?page_id=28565"},"modified":"2023-10-02T19:21:49","modified_gmt":"2023-10-02T22:21:49","slug":"simposio-30-anos-da-lei-organica-do-municipio-de-sao-paulo","status":"publish","type":"page","link":"https:\/\/www.saopaulo.sp.leg.br\/escoladoparlamento\/cursos\/cursos-anteriores\/cursos-realizados-em-2023\/simposio-30-anos-da-lei-organica-do-municipio-de-sao-paulo\/","title":{"rendered":"Simp\u00f3sio 30 anos da Lei Org\u00e2nica do Munic\u00edpio de S\u00e3o Paulo"},"content":{"rendered":"<h3><strong><span style=\"color: #ff0000\">ATEN\u00c7\u00c3O:<\/span><\/strong><\/h3>\n<p><strong>Evento validado no Sistema Integrado de Gest\u00e3o de Pessoas e Compet\u00eancias (SIGPEC) sob n\u00ba 280\/2023 para os servidores municipais das seguintes carreiras: Auditor fiscal, Fiscal de Posturas municipais, Procuradores do Munic\u00edpio e Analistas de Pol\u00edticas P\u00fablicas Gest\u00e3o Governamental.<\/strong><\/p>\n<h3><span style=\"color: #ff0000\">A inscri\u00e7\u00e3o para os servidores que quiserem pontuar vai at\u00e9 \u00e0s 18h do dia 24\/08, quinta-feira.<\/span><br \/>\nDemais interessados podem se inscrever at\u00e9 o dia do evento.<\/h3>\n<p>&nbsp;<\/p>\n<hr \/>\n<p>&nbsp;<\/p>\n<p><strong>COORDENA\u00c7\u00c3O:<\/strong><br \/>\nComiss\u00e3o de Cursos do Centro de Estudos Legislativos da Procuradoria \u2013 Geral &#8211; CELEG<br \/>\nGustavo Dias &#8211; Diretor-Presidente da Escola do Parlamento<\/p>\n<p>&nbsp;<\/p>\n<p>A Lei Org\u00e2nica do Munic\u00edpio de S\u00e3o Paulo completou 30 (trinta) anos em 05 de abril de 2020 em meio \u00e0 pandemia do Covid -19, fato este que impossibilitou qualquer comemora\u00e7\u00e3o.<br \/>\nA Assembleia Constituinte do Munic\u00edpio iniciou seus trabalhos em 06 de outubro de 1989 e, ap\u00f3s ampla discuss\u00e3o coletiva, sistematizou os temas, promulgando a <strong>Lei n\u00ba 0 de 1990<\/strong>, que regulamenta a vida pol\u00edtica e apresenta instrumentos para construir os projetos de interesse da popula\u00e7\u00e3o.<\/p>\n<p>&nbsp;<\/p>\n<p><strong>OBJETIVO:<\/strong><br \/>\nPromover o debate acerca das principais disposi\u00e7\u00f5es da Lei com maior relev\u00e2ncia municipal, tais como a organiza\u00e7\u00e3o dos poderes municipais, o planejamento da cidade, bem como suas pol\u00edticas p\u00fablicas.<\/p>\n<p>&nbsp;<\/p>\n<p><strong>P\u00daBLICO-ALVO:<\/strong><br \/>\nCidad\u00e3os e servidores p\u00fablicos em geral.<\/p>\n<p>&nbsp;<\/p>\n<p><strong>ESTRUTURA DA ATIVIDADE:<\/strong><br \/>\nO Simp\u00f3sio ser\u00e1 realizado na <strong>modalidade presencial no dia 25 de agosto, das 10 \u00e0s 19 horas, no Audit\u00f3rio Prestes Maia, 1\u00ba andar do Pal\u00e1cio Anchieta, sede da C\u00e2mara Municipal de S\u00e3o Paulo.<\/strong><br \/>\nO evento tamb\u00e9m ter\u00e1 transmiss\u00e3o simult\u00e2nea no <a href=\"https:\/\/www.youtube.com\/@camarasaopaulo\">canal do YouTube da CMSP<\/a>.<\/p>\n<p>&nbsp;<\/p>\n<p><strong>CERTIFICA\u00c7\u00c3O:<br \/>\n<\/strong>na modalidade <strong>presencial<\/strong> mediante assinatura de lista de presen\u00e7a;<\/p>\n<p>na modalidade <strong>online<\/strong> mediante preenchimento de formul\u00e1rio de rea\u00e7\u00e3o a ser enviado por e-mail aos inscritos.<\/p>\n<p>&nbsp;<\/p>\n<h3><strong><span style=\"color: #ff0000\">INSCRI\u00c7\u00d5ES: <span style=\"color: #000000\">encerradas<\/span><\/span><\/strong><\/h3>\n<p>Reveja <a href=\"https:\/\/www.youtube.com\/watch?v=1iI26QXyk_Y\">AQUI<\/a> a primeira parte<\/p>\n<p>Reveja <a href=\"http:\/\/youtube.com\/watch?v=o8zTnu7fbSo\">AQUI<\/a> a segunda parte<\/p>\n<p>&nbsp;<\/p>\n<h3><strong><span style=\"color: #ff0000\">PROGRAMA\u00c7\u00c3O:<\/span><\/strong><\/h3>\n<p><strong>Abertura:<\/strong> <strong>Os 30 anos da Lei Org\u00e2nica do Munic\u00edpio de S\u00e3o Paulo <\/strong>\u2013 10:00<\/p>\n<p>&#8211; <strong>Andr\u00e9 Santos<\/strong>, 2\u00ba vice-presidente da C\u00e2mara Municipal de S\u00e3o Paulo<\/p>\n<p>&#8211;<strong> Paulo Augusto Baccarin<\/strong>, Procurador-Geral Legislativo da C\u00e2mara Municipal de S\u00e3o Paulo<\/p>\n<p>&#8211; <strong>Eunice Prudente<\/strong>, Secret\u00e1ria Municipal de Justi\u00e7a do Munic\u00edpio de S\u00e3o Paulo<\/p>\n<p>&#8211; <strong>Marina Magro Beringhs Martinez<\/strong>, Procuradora-Geral do Munic\u00edpio de S\u00e3o Paulo<\/p>\n<p>&#8211; <strong>Eduardo Tuma<\/strong>, Presidente do Tribunal de Contas do Munic\u00edpio de S\u00e3o Paulo<\/p>\n<p>&#8211;<strong> Marcos Batistela<\/strong>, Procurador do Munic\u00edpio de S\u00e3o Paulo<\/p>\n<p>&#8211; <strong>Raimundo Batista<\/strong>, Procurador Legislativo da C\u00e2mara Municipal de S\u00e3o Paulo<\/p>\n<p>&#8211; <strong>Breno Gandelman<\/strong>, Procurador Legislativo da C\u00e2mara Municipal de S\u00e3o Paulo<\/p>\n<p>&#8211; <strong>Marcos Carboni<\/strong>, Presidente da Associa\u00e7\u00e3o dos Procuradores do Munic\u00edpio de S\u00e3o Paulo<\/p>\n<p>&nbsp;<\/p>\n<p><strong>Coffee Break<\/strong> \u2013 10:40 \u00e0s 11:00<\/p>\n<p>&nbsp;<\/p>\n<p><strong>1\u00ba Painel \u2013 O Munic\u00edpio (artigos 1-11)<\/strong> \u2013 11:00 \u00e0s 11:40<\/p>\n<p>&#8211; Prof. <strong>Pedro Dallari<\/strong><\/p>\n<p>&#8211; <strong>Maria Nazar\u00e9 Lins Barbosa<\/strong>, Procuradora Legislativa aposentada da C\u00e2mara Municipal de S\u00e3o Paulo<\/p>\n<p>&#8211; Procurador Legislativo (mediador) <strong>Juliana de Melo Trindade Silva<\/strong><\/p>\n<p>&nbsp;<\/p>\n<p><strong>2\u00ba Painel \u2013 Poder Legislativo (artigos 12-55)<\/strong> \u2013 11:40 \u00e0s 12:30<\/p>\n<p>&#8220;A compet\u00eancia legislativa municipal e a fun\u00e7\u00e3o fiscalizat\u00f3ria do Poder Legislativo&#8221; &#8211; Procuradora Legislativa <strong>Luciana de F\u00e1tima da Silva<\/strong><\/p>\n<p>&#8220;O voto aberto nas delibera\u00e7\u00f5es da C\u00e2mara Municipal de S\u00e3o Paulo&#8221; &#8211; Procurador Legislativo <strong>Breno Gandelman<\/strong><\/p>\n<p>&#8220;Audi\u00eancias P\u00fablicas&#8221; &#8211; Procurador Legislativo <strong>Carlos Eduardo de Ara\u00fajo<\/strong><\/p>\n<p>&#8220;Comiss\u00f5es Parlamentares de Inqu\u00e9rito&#8221; &#8211; Procuradora Legislativa <strong>Juliana de Melo Trindade Silva<\/strong><\/p>\n<p>&#8211; Procuradora do Munic\u00edpio (mediadora) <strong>Tatiana Batista<\/strong><\/p>\n<p>&nbsp;<\/p>\n<p><strong>Almo\u00e7o<\/strong> \u2013 12:30 \u00e0s 14:30<\/p>\n<p>&nbsp;<\/p>\n<p><strong>3\u00ba Painel \u2013 Poder Executivo<\/strong> <strong>(artigos 56-79)<\/strong> \u2013 14:30 \u00e0s 15:10<\/p>\n<p>&#8220;Prefeito e Vice-Prefeito (arts. 56 a 88)&#8221; &#8211; Procurador do Munic\u00edpio <strong>Claudio Mendon\u00e7a Braga<\/strong><\/p>\n<p>&#8220;Atribui\u00e7\u00f5es e Auxiliares do Prefeito (arts. 70\/71 e 75\/76)&#8221; &#8211; Procurador do Munic\u00edpio <strong>Josias Barcelos J\u00fanior<\/strong><\/p>\n<p>&#8220;Responsabilidade do Prefeito&#8221; &#8211; Procurador do Munic\u00edpio <strong>Maur\u00edcio Morais Tonin<\/strong><\/p>\n<p>&#8211; Procurador Legislativo (mediador) <strong>Raimundo Batista<\/strong><\/p>\n<p>&nbsp;<\/p>\n<p><strong>4\u00ba Painel \u2013 Organiza\u00e7\u00e3o Municipal (artigos 80-147)<\/strong> \u2013 15:15 \u00e0s 16:00<\/p>\n<p>&#8220;Guarda Civil Metropolitana (art. 88)&#8221; &#8211; Procurador do Munic\u00edpio <strong>Otavio Henrique Sim\u00e3o e Cucinelli<\/strong><\/p>\n<p>&#8220;Tributa\u00e7\u00e3o&#8221; &#8211; Procurador do Munic\u00edpio <strong>Nathaly Campitelli Roque<\/strong><\/p>\n<p>&#8220;Participa\u00e7\u00e3o Popular&#8221; &#8211; Procurador do Munic\u00edpio <strong>Alexandre Levin<\/strong><\/p>\n<p>&#8211; Procuradora Legislativa (mediadora) <strong>Christiana Samara\u00a0 Chebib Lienert<\/strong><\/p>\n<p>&nbsp;<\/p>\n<p><strong>5\u00ba Painel \u2013 Pol\u00edticas P\u00fablicas (artigos 148-237)<\/strong> \u2013 16:05 \u00e0s 17:00<\/p>\n<p>&#8220;Pol\u00edtica Habitacional&#8221; &#8211; Procurador do Munic\u00edpio <strong>Debora Sotto<\/strong><\/p>\n<p>&#8220;Transporte Urbano&#8221; &#8211; Procurador do Munic\u00edpio <strong>Gilmar Pereira Miranda<\/strong><\/p>\n<p>&#8220;Educa\u00e7\u00e3o&#8221; &#8211; Procurador do Munic\u00edpio <strong>Max Bandeira<\/strong><\/p>\n<p>&#8220;Processo legislativo e conforma\u00e7\u00e3o das pol\u00edticas p\u00fablicas&#8221; &#8211; Procurador Legislativo <strong>Ricardo Teixeira da Silva<\/strong><\/p>\n<p>&#8211; Procuradora Legislativa (mediadora) <strong>Karen Lima Vieira<\/strong><\/p>\n<h3><\/h3>\n<h3><\/h3>\n<p>&nbsp;<\/p>\n<p>&nbsp;<\/p>\n","protected":false},"excerpt":{"rendered":"<p>ATEN\u00c7\u00c3O: Evento validado no Sistema Integrado de Gest\u00e3o de Pessoas e Compet\u00eancias (SIGPEC) sob n\u00ba 280\/2023 para os servidores municipais das seguintes carreiras: Auditor fiscal, Fiscal de Posturas municipais, Procuradores do Munic\u00edpio e Analistas de Pol\u00edticas P\u00fablicas Gest\u00e3o Governamental. A inscri\u00e7\u00e3o para os servidores que quiserem pontuar vai at\u00e9 \u00e0s 18h do dia 24\/08, quinta-feira. [&hellip;]<\/p>\n","protected":false},"author":522,"featured_media":0,"parent":28305,"menu_order":70,"comment_status":"closed","ping_status":"closed","template":"","meta":{"_acf_changed":false,"footnotes":""},"class_list":["post-28565","page","type-page","status-publish","hentry"],"acf":[],"_links":{"self":[{"href":"https:\/\/www.saopaulo.sp.leg.br\/escoladoparlamento\/wp-json\/wp\/v2\/pages\/28565","targetHints":{"allow":["GET"]}}],"collection":[{"href":"https:\/\/www.saopaulo.sp.leg.br\/escoladoparlamento\/wp-json\/wp\/v2\/pages"}],"about":[{"href":"https:\/\/www.saopaulo.sp.leg.br\/escoladoparlamento\/wp-json\/wp\/v2\/types\/page"}],"author":[{"embeddable":true,"href":"https:\/\/www.saopaulo.sp.leg.br\/escoladoparlamento\/wp-json\/wp\/v2\/users\/522"}],"replies":[{"embeddable":true,"href":"https:\/\/www.saopaulo.sp.leg.br\/escoladoparlamento\/wp-json\/wp\/v2\/comments?post=28565"}],"version-history":[{"count":0,"href":"https:\/\/www.saopaulo.sp.leg.br\/escoladoparlamento\/wp-json\/wp\/v2\/pages\/28565\/revisions"}],"up":[{"embeddable":true,"href":"https:\/\/www.saopaulo.sp.leg.br\/escoladoparlamento\/wp-json\/wp\/v2\/pages\/28305"}],"wp:attachment":[{"href":"https:\/\/www.saopaulo.sp.leg.br\/escoladoparlamento\/wp-json\/wp\/v2\/media?parent=28565"}],"curies":[{"name":"wp","href":"https:\/\/api.w.org\/{rel}","templated":true}]}}