{"id":28531,"date":"2023-07-10T14:56:53","date_gmt":"2023-07-10T17:56:53","guid":{"rendered":"https:\/\/www.saopaulo.sp.leg.br\/escoladoparlamento\/?page_id=28531"},"modified":"2023-10-02T19:18:44","modified_gmt":"2023-10-02T22:18:44","slug":"vossa-excelencia-a-memoria-jornalismo-e-documentacao-na-preservacao-da-historia-da-camara","status":"publish","type":"page","link":"https:\/\/www.saopaulo.sp.leg.br\/escoladoparlamento\/cursos\/cursos-anteriores\/cursos-realizados-em-2023\/vossa-excelencia-a-memoria-jornalismo-e-documentacao-na-preservacao-da-historia-da-camara\/","title":{"rendered":"&#8220;Vossa Excel\u00eancia, a Mem\u00f3ria&#8221; &#8211; Jornalismo e Documenta\u00e7\u00e3o na Preserva\u00e7\u00e3o da Hist\u00f3ria da C\u00e2mara"},"content":{"rendered":"<p><span class=\"x_ContentPasted1\" data-ogsc=\"rgb(36, 36, 36)\">A constru\u00e7\u00e3o do munic\u00edpio de S\u00e3o Paulo passa pela Hist\u00f3ria da C\u00e2mara Municipal. <\/span><\/p>\n<p><span class=\"x_ContentPasted1\" data-ogsc=\"rgb(36, 36, 36)\">Desde o s\u00e9culo XVI, foram produzidas fontes variadas que registram o desenvolvimento da cidade. O projeto \u201cVossa Excel\u00eancia, a Mem\u00f3ria\u201d faz parte de iniciativas recentes ligadas \u00e0 preserva\u00e7\u00e3o e divulga\u00e7\u00e3o da Mem\u00f3ria Institucional, pois trata-se de registrar a perspectiva de vereadores que acompanharam diferentes momentos da Hist\u00f3ria da cidade. Analisar esse projeto e as pesquisas documentais que subsidiaram as entrevistas apresentadas permite o desenvolvimento de novas propostas que evidenciam a import\u00e2ncia e a utilidade das fontes da C\u00e2mara para o entendimento da Hist\u00f3ria da cidade e de sua popula\u00e7\u00e3o, no passado e no presente. \u00a0<\/span><\/p>\n<p>Este evento \u00e9 uma parceria da Escola do Parlamento com a Secretaria de Documenta\u00e7\u00e3o e a Assessoria de Imprensa da C\u00e2mara Municipal de S\u00e3o Paulo.<\/p>\n<p>&nbsp;<\/p>\n<p><strong>OBJETIVOS:<\/strong><\/p>\n<ul>\n<li>Destacar a import\u00e2ncia da mem\u00f3ria institucional para a reflex\u00e3o sobre o papel hist\u00f3rico do Legislativo municipal;<\/li>\n<li>Analisar o projeto do programa <em>Vossa Excel\u00eancia, a Mem\u00f3ria*<\/em>, da TV C\u00e2mara;<\/li>\n<li>Discutir a import\u00e2ncia do processamento e preserva\u00e7\u00e3o de fontes documentais e bibliogr\u00e1ficas para os trabalhos que envolvam a mem\u00f3ria institucional.<\/li>\n<\/ul>\n<p>&nbsp;<\/p>\n<p><strong>P\u00daBLICO-ALVO:<\/strong><\/p>\n<p>Profissionais que trabalham com mem\u00f3ria institucional (jornalistas, bibliotec\u00e1rios, arquivistas, historiadores, entre outros), equipes de gabinete, das unidades da CMSP e demais interessados.<\/p>\n<p>&nbsp;<\/p>\n<p><strong>ESTRUTURA DA ATIVIDADE:<\/strong><\/p>\n<p>O evento ser\u00e1 realizado na <strong>modalidade presencial<\/strong> no dia 09 de agosto de 2023, das 14h30 \u00e0s 16h30, na Sala S\u00e9rgio Vieira de Melo, 1\u00ba subsolo do Pal\u00e1cio Anchieta, sede da C\u00e2mara Municipal de S\u00e3o Paulo.<\/p>\n<p>Ele tamb\u00e9m ter\u00e1 <strong>transmiss\u00e3o simult\u00e2nea<\/strong> no canal do <a href=\"http:\/\/youtube.com\/@camarasaopaulo\">YouTube da CMSP<\/a> e pelo <a href=\"https:\/\/www.saopaulo.sp.leg.br\/transparencia\/auditorios-online\/sala-sergio-vieira-de-mello-sala\/\">Audit\u00f3rios OnLine do Portal da C\u00e2mara<\/a>.<\/p>\n<h3><\/h3>\n<p>&nbsp;<\/p>\n<p><strong>POL\u00cdTICA DE CERTIFICA\u00c7\u00c3O PARA OS INSCRITOS:<\/strong><\/p>\n<p>Na <strong>modalidade presencial<\/strong> mediante <em><strong>check in<\/strong><\/em><strong> na entrada da sala<\/strong>;<\/p>\n<p>Na <strong>modalidade <em>online<\/em><\/strong> mediante preenchimento de <strong>formul\u00e1rio a ser enviado por e-mail para os inscritos<\/strong>, que devem obedecer \u00e0s instru\u00e7\u00f5es nele contidas.<\/p>\n<p>&nbsp;<\/p>\n<h3><strong>CLIQUE <a href=\"https:\/\/www.youtube.com\/watch?v=xfcqbfuWFsk\">AQUI<\/a> PARA REVER<\/strong><\/h3>\n<p>&nbsp;<\/p>\n<h3><strong><span style=\"color: #ff0000\">PROGRAMA\u00c7\u00c3O:<\/span><\/strong><\/h3>\n<h3><strong>9 de agosto &#8211; 14h30 \u00e0s 16h30<\/strong><\/h3>\n<p>ABERTURA<\/p>\n<p><strong><span class=\"fe5nidar khvhiq1o r5qsrrlp i5tg98hk f9ovudaz przvwfww gx1rr48f gfz4du6o r7fjleex nz2484kf svot0ezm dcnh1tix sxl192xd t3g6t33p\"><span class=\"mpj7bzys xzlurrtv\">&#x1f5e3;&#xfe0f; <\/span><\/span>A mem\u00f3ria institucional e o Legislativo municipal<\/strong><\/p>\n<p><strong>Ver. Milton Leite<\/strong> &#8211; Presidente da C\u00e2mara Municipal de S\u00e3o Paulo<\/p>\n<p><strong>Gustavo Costa Dias<\/strong> &#8211; Diretor-Presidente da Escola do Parlamento da C\u00e2mara Municipal de S\u00e3o Paulo<\/p>\n<p><strong>Breno Gandelman<\/strong> &#8211; <span class=\"x_ContentPasted1\" data-ogsc=\"black\">Bacharel em Direito pela USP, Especialista em Sa\u00fade Mental pela USP, Procurador Legislativo e Secret\u00e1rio Geral Parlamentar da C\u00e2mara Municipal de S\u00e3o Paulo<\/span><\/p>\n<p><strong>Ubirajara Prestes<\/strong> &#8211; <span class=\"x_ContentPasted1\" data-ogsc=\"black\">Bacharel, Licenciado e Doutor em Hist\u00f3ria pela USP, Consultor T\u00e9cnico Legislativo e Secret\u00e1rio de Documenta\u00e7\u00e3o da C\u00e2mara Municipal de S\u00e3o Paulo<\/span><\/p>\n<p>&nbsp;<\/p>\n<p><strong><span class=\"fe5nidar khvhiq1o r5qsrrlp i5tg98hk f9ovudaz przvwfww gx1rr48f gfz4du6o r7fjleex nz2484kf svot0ezm dcnh1tix sxl192xd t3g6t33p\"><span class=\"mpj7bzys xzlurrtv\">&#x1f4fa; <\/span><\/span>O projeto do programa <em>Vossa Excel\u00eancia, a Mem\u00f3ria*<\/em><\/strong><\/p>\n<p><strong>Viviane Cezarino<\/strong> &#8211; <span class=\"x_ContentPasted1\" data-ogsc=\"black\">Jornalista com Mestrado em Ci\u00eancia Pol\u00edtica pela PUC\/SP, Especialista em Estado, Governo e Pol\u00edticas P\u00fablicas pela UnB, Assessora de Imprensa da Presid\u00eancia da CMSP e criadora do Projeto <em>Vossa Excel\u00eancia, a Mem\u00f3ria*<\/em><\/span><\/p>\n<p>* Acesse a playlist do programa no <em>Youtube<\/em> <a href=\"https:\/\/www.youtube.com\/playlist?list=PLYt3a0f9wjCl0BUsWLUZ83gFXAhkl0sEE\"><img loading=\"lazy\" decoding=\"async\" class=\"wp-image-28536 alignleft\" src=\"https:\/\/www.saopaulo.sp.leg.br\/escoladoparlamento\/wp-content\/uploads\/sites\/5\/2023\/06\/vinheta_vossa-excelencia-a-memoria-.png\" alt=\"\" width=\"111\" height=\"52\" data-wp-editing=\"1\" srcset=\"https:\/\/www.saopaulo.sp.leg.br\/escoladoparlamento\/wp-content\/uploads\/sites\/5\/2023\/06\/vinheta_vossa-excelencia-a-memoria-.png 1080w, https:\/\/www.saopaulo.sp.leg.br\/escoladoparlamento\/wp-content\/uploads\/sites\/5\/2023\/06\/vinheta_vossa-excelencia-a-memoria--300x140.png 300w, https:\/\/www.saopaulo.sp.leg.br\/escoladoparlamento\/wp-content\/uploads\/sites\/5\/2023\/06\/vinheta_vossa-excelencia-a-memoria--1024x479.png 1024w, https:\/\/www.saopaulo.sp.leg.br\/escoladoparlamento\/wp-content\/uploads\/sites\/5\/2023\/06\/vinheta_vossa-excelencia-a-memoria--768x359.png 768w\" sizes=\"auto, (max-width: 111px) 100vw, 111px\" \/><\/a>clicando na imagem<\/p>\n<p>&nbsp;<\/p>\n<p>&nbsp;<\/p>\n<p><strong><span class=\"fe5nidar khvhiq1o r5qsrrlp i5tg98hk f9ovudaz przvwfww gx1rr48f gfz4du6o r7fjleex nz2484kf svot0ezm dcnh1tix sxl192xd t3g6t33p\"><span class=\"mpj7bzys xzlurrtv\">&#x1f4da; <\/span><\/span>Fontes documentais e bibliogr\u00e1ficas: a pesquisa na Secretaria de Documenta\u00e7\u00e3o da CMSP\u00a0<\/strong><\/p>\n<p><span class=\"x_ContentPasted1\" data-ogsc=\"black\"><strong>Hugo Oliveira Pinto e Silva<\/strong> &#8211; Bacharel em Biblioteconomia pela UFMG, Especialista em Gest\u00e3o do Conhecimento e da Informa\u00e7\u00e3o pelo Centro Universit\u00e1rio Belas Artes de S\u00e3o Paulo e Consultor T\u00e9cnico Legislativo que atua na Biblioteca da CMSP<\/span><\/p>\n<hr \/>\n<p>&nbsp;<\/p>\n<h3>Acesse aqui o novo website da Secretaria de Documenta\u00e7\u00e3o da C\u00e2mara de S\u00e3o Paulo<br \/>\n<a href=\"https:\/\/www.saopaulo.sp.leg.br\/documentacao\/\">https:\/\/www.saopaulo.sp.leg.br\/documentacao\/<\/a><\/h3>\n<hr \/>\n<p>&nbsp;<\/p>\n<p>Acompanhe a cobertura que o evento teve:<\/p>\n<p><strong>Portal da C\u00e2mara:<\/strong><br \/>\n<a href=\"https:\/\/www.saopaulo.sp.leg.br\/blog\/curso-gratuito-vossa-excelencia-a-memoria-esta-com-inscricoes-abertas\/\">https:\/\/www.saopaulo.sp.leg.br\/blog\/curso-gratuito-vossa-excelencia-a-memoria-esta-com-inscricoes-abertas\/<\/a><\/p>\n<p><strong>Jornal da C\u00e2mara<\/strong> &#8211; edi\u00e7\u00e3o de 02\/08<\/p>\n<p><iframe loading=\"lazy\" title=\"\u201cVossa Excel\u00eancia, a mem\u00f3ria\u201d: evento ir\u00e1 abordar mem\u00f3ria institucional e o legislativo\" width=\"640\" height=\"360\" src=\"https:\/\/www.youtube.com\/embed\/WExRiR8rfS0?list=PLYt3a0f9wjCl8k_ls6RHV23M8UFIZpB2H\" frameborder=\"0\" allow=\"accelerometer; autoplay; clipboard-write; encrypted-media; gyroscope; picture-in-picture; web-share\" referrerpolicy=\"strict-origin-when-cross-origin\" allowfullscreen><\/iframe><\/p>\n<p>&nbsp;<\/p>\n<p>&nbsp;<\/p>\n","protected":false},"excerpt":{"rendered":"<p>A constru\u00e7\u00e3o do munic\u00edpio de S\u00e3o Paulo passa pela Hist\u00f3ria da C\u00e2mara Municipal. Desde o s\u00e9culo XVI, foram produzidas fontes variadas que registram o desenvolvimento da cidade. O projeto \u201cVossa Excel\u00eancia, a Mem\u00f3ria\u201d faz parte de iniciativas recentes ligadas \u00e0 preserva\u00e7\u00e3o e divulga\u00e7\u00e3o da Mem\u00f3ria Institucional, pois trata-se de registrar a perspectiva de vereadores que [&hellip;]<\/p>\n","protected":false},"author":522,"featured_media":0,"parent":28305,"menu_order":71,"comment_status":"closed","ping_status":"closed","template":"","meta":{"_acf_changed":false,"footnotes":""},"class_list":["post-28531","page","type-page","status-publish","hentry"],"acf":[],"_links":{"self":[{"href":"https:\/\/www.saopaulo.sp.leg.br\/escoladoparlamento\/wp-json\/wp\/v2\/pages\/28531","targetHints":{"allow":["GET"]}}],"collection":[{"href":"https:\/\/www.saopaulo.sp.leg.br\/escoladoparlamento\/wp-json\/wp\/v2\/pages"}],"about":[{"href":"https:\/\/www.saopaulo.sp.leg.br\/escoladoparlamento\/wp-json\/wp\/v2\/types\/page"}],"author":[{"embeddable":true,"href":"https:\/\/www.saopaulo.sp.leg.br\/escoladoparlamento\/wp-json\/wp\/v2\/users\/522"}],"replies":[{"embeddable":true,"href":"https:\/\/www.saopaulo.sp.leg.br\/escoladoparlamento\/wp-json\/wp\/v2\/comments?post=28531"}],"version-history":[{"count":0,"href":"https:\/\/www.saopaulo.sp.leg.br\/escoladoparlamento\/wp-json\/wp\/v2\/pages\/28531\/revisions"}],"up":[{"embeddable":true,"href":"https:\/\/www.saopaulo.sp.leg.br\/escoladoparlamento\/wp-json\/wp\/v2\/pages\/28305"}],"wp:attachment":[{"href":"https:\/\/www.saopaulo.sp.leg.br\/escoladoparlamento\/wp-json\/wp\/v2\/media?parent=28531"}],"curies":[{"name":"wp","href":"https:\/\/api.w.org\/{rel}","templated":true}]}}