{"id":28478,"date":"2023-05-26T18:17:39","date_gmt":"2023-05-26T21:17:39","guid":{"rendered":"https:\/\/www.saopaulo.sp.leg.br\/escoladoparlamento\/?page_id=28478"},"modified":"2023-08-09T20:09:50","modified_gmt":"2023-08-09T23:09:50","slug":"vii-jornada-paulista-do-cerimonial","status":"publish","type":"page","link":"https:\/\/www.saopaulo.sp.leg.br\/escoladoparlamento\/cursos\/cursos-anteriores\/cursos-realizados-em-2023\/vii-jornada-paulista-do-cerimonial\/","title":{"rendered":"VII Jornada Paulista de Cerimonial"},"content":{"rendered":"<p><a href=\"https:\/\/www.saopaulo.sp.leg.br\/escoladoparlamento\/wp-content\/uploads\/sites\/5\/2023\/05\/cncp-logo-1.png\"><img loading=\"lazy\" decoding=\"async\" class=\"size-full wp-image-28480 alignright\" src=\"https:\/\/www.saopaulo.sp.leg.br\/escoladoparlamento\/wp-content\/uploads\/sites\/5\/2023\/05\/cncp-logo-1.png\" alt=\"\" width=\"331\" height=\"147\" srcset=\"https:\/\/www.saopaulo.sp.leg.br\/escoladoparlamento\/wp-content\/uploads\/sites\/5\/2023\/05\/cncp-logo-1.png 331w, https:\/\/www.saopaulo.sp.leg.br\/escoladoparlamento\/wp-content\/uploads\/sites\/5\/2023\/05\/cncp-logo-1-300x133.png 300w\" sizes=\"auto, (max-width: 331px) 100vw, 331px\" \/><\/a><\/p>\n<h3><strong>Comit\u00ea Nacional de Cerimonial e Protocolo &#8211; Coordenadoria da Regi\u00e3o Sudeste<\/strong><\/h3>\n<h3><strong>Escola do Parlamento<\/strong><\/h3>\n<h3><strong>e Cerimonial da C\u00e2mara Municipal<\/strong><\/h3>\n<h3><\/h3>\n<p><strong>convidam voc\u00ea para a VII Jornada Paulista do Cerimonial.<\/strong><\/p>\n<p>&nbsp;<\/p>\n<p><strong>EVENTO PRESENCIAL e COM TRANSMISS\u00c3O SIMULT\u00c2NEA<\/strong><\/p>\n<h3>Sal\u00e3o Nobre\u00a0 &#8211; CMSP &#8211; 8\u00ba andar &#8211; Viaduto Jacare\u00ed, 100<\/h3>\n<h3><a href=\"https:\/\/www.youtube.com\/user\/camarasaopaulo\">YouTube da C\u00e2mara Municipal de S\u00e3o Paulo<\/a><\/h3>\n<h3><a href=\"https:\/\/www.saopaulo.sp.leg.br\/transparencia\/auditorios-online\/salao-nobre-presidente-joao-brasil-vita\/\">Audit\u00f3rios online no site da C\u00e2mara<\/a><\/h3>\n<h3>dia <strong>16 de junho<\/strong><\/h3>\n<h3>das <strong>10h \u00e0s 17h<\/strong><\/h3>\n<p>&nbsp;<\/p>\n<h3><\/h3>\n<p><iframe loading=\"lazy\" title=\"C\u00e2mara Municipal promove 7\u00aa Jornada Paulista do Cerimonial\" width=\"640\" height=\"360\" src=\"https:\/\/www.youtube.com\/embed\/m-KvFIBL_ZY?feature=oembed\" frameborder=\"0\" allow=\"accelerometer; autoplay; clipboard-write; encrypted-media; gyroscope; picture-in-picture; web-share\" referrerpolicy=\"strict-origin-when-cross-origin\" allowfullscreen><\/iframe><\/p>\n<p><iframe loading=\"lazy\" title=\"C\u00e2mara recebe a 7\u00aa Jornada Paulista de Cerimonial\" width=\"640\" height=\"360\" src=\"https:\/\/www.youtube.com\/embed\/bWyF3vZCeKw?feature=oembed\" frameborder=\"0\" allow=\"accelerometer; autoplay; clipboard-write; encrypted-media; gyroscope; picture-in-picture; web-share\" referrerpolicy=\"strict-origin-when-cross-origin\" allowfullscreen><\/iframe><\/p>\n<p><strong>P\u00daBLICO-ALVO:<\/strong><\/p>\n<p>Servidores P\u00fablicos, estudantes de Rela\u00e7\u00f5es P\u00fablicas, universit\u00e1rios, profissionais da \u00e1rea e cidad\u00e3os em geral.<\/p>\n<p>&nbsp;<\/p>\n<p><strong>POL\u00cdTICA DE CERTIFICA\u00c7\u00c3O:<\/strong><\/p>\n<p>O certificado ser\u00e1 enviado somente a quem fizer a inscri\u00e7\u00e3o e realizar o <em>check in<\/em> na recep\u00e7\u00e3o do evento.<\/p>\n<p>&nbsp;<\/p>\n<h3><strong>INSCRI\u00c7\u00d5ES: <span style=\"color: #ff0000\">encerradas<\/span><\/strong><\/h3>\n<p><strong>Reveja a primeira parte do evento em <a href=\"https:\/\/www.youtube.com\/watch?v=lk3g3j1_yX4\">https:\/\/www.youtube.com\/watch?v=lk3g3j1_yX4<\/a><\/strong><\/p>\n<p><strong>e a segunda parte em <a href=\"https:\/\/www.youtube.com\/watch?v=7VrRFK1bisw\">https:\/\/www.youtube.com\/watch?v=7VrRFK1bisw<\/a><\/strong><\/p>\n<p>&nbsp;<\/p>\n<h3><span style=\"color: #ff0000\"><strong>Programa\u00e7\u00e3o:<\/strong><\/span><\/h3>\n<p><strong>10h<\/strong> &#8211; Abertura solene<\/p>\n<p>&nbsp;<\/p>\n<p><strong>10h30<\/strong> &#8211; <strong>&#8220;O uso da Intelig\u00eancia Artificial na prepara\u00e7\u00e3o de eventos&#8221;<\/strong><\/p>\n<p>Palestrante:<\/p>\n<p><strong>Jonas Gomes<\/strong> &#8211; Chefe do Cerimonial da C\u00e2mara Municipal de S\u00e3o Paulo<\/p>\n<p>&nbsp;<\/p>\n<p><strong>11h-13h<\/strong> &#8211; Painel <strong>&#8220;Cerimonial P\u00fablico Paulista &#8211; Experi\u00eancias e Conex\u00f5es&#8221;<\/strong><\/p>\n<p>Painelistas:<\/p>\n<p><strong>Renata Vianna<\/strong> &#8211; Chefe do Cerimonial da Prefeitura de S\u00e3o Paulo<\/p>\n<p><strong>Silvia Bonassa<\/strong> &#8211;\u00a0 Chefe do Cerimonial da Reitoria da USP<\/p>\n<p><strong>Prof. Reinaldo Rocha<\/strong> &#8211; Chefe do Cerimonial do tribunal de Contas do Munic\u00edpio de S\u00e3o Paulo<\/p>\n<p><strong>Fernanda Diniz &#8211;<\/strong>\u00a0Chefe do Cerimonial do TRE-SP<\/p>\n<p><strong> Alexandra Aiello <\/strong>&#8211;\u00a0Chefe do Cerimonial do Tribunal de Contas do Estado de S\u00e3o Paulo<\/p>\n<p>Mediadora:<\/p>\n<p><strong>Cec\u00edlia de Arruda<\/strong> &#8211; Cerimonialista,\u00a0 Mestre de Cerim\u00f4nias e Membro do Conselho Fiscal do CNCP<\/p>\n<p>&nbsp;<\/p>\n<p><strong>13h-14h<\/strong> &#8211; Pausa para o Almo\u00e7o<\/p>\n<p>&nbsp;<\/p>\n<p><strong>14h-15h<\/strong> &#8211; <strong>&#8220;O papel, o valor, o sentido e a proposta do Celebrante Social como atividade profissional e a necessidade do mercado de cerimonial&#8221;<\/strong><\/p>\n<p>Palestrante:<\/p>\n<p><strong>Anderson Amaury<\/strong> &#8211; Celebrante social, mestre de cerim\u00f4nias, jornalista e co-fundador do Movimento Novo Cerimonial<\/p>\n<p>&nbsp;<\/p>\n<p><strong>15h-16h<\/strong> &#8211;<strong> &#8220;Os convites Governamentais e Suas Peculiaridades&#8221;<\/strong><\/p>\n<p>Palestrante:<\/p>\n<p><strong>Raab Sim\u00f5es<\/strong> &#8211; presidente do CNCP Brasil<\/p>\n<p>&nbsp;<\/p>\n<p><strong>16h-17h<\/strong> &#8211;<strong>&#8220;Vamos Falar Sobre Casamento?&#8221;<\/strong><\/p>\n<p>Palestrante:<\/p>\n<p><strong>Silvia Martinez<\/strong> &#8211; Cerimonialista de casamento, celebrante, cal\u00edgrafa profissional e consultora especialista em design gr\u00e1fico do CNCP Brasil<\/p>\n<p>&nbsp;<\/p>\n<p>&nbsp;<\/p>\n","protected":false},"excerpt":{"rendered":"<p>Comit\u00ea Nacional de Cerimonial e Protocolo &#8211; Coordenadoria da Regi\u00e3o Sudeste Escola do Parlamento e Cerimonial da C\u00e2mara Municipal convidam voc\u00ea para a VII Jornada Paulista do Cerimonial. &nbsp; EVENTO PRESENCIAL e COM TRANSMISS\u00c3O SIMULT\u00c2NEA Sal\u00e3o Nobre\u00a0 &#8211; CMSP &#8211; 8\u00ba andar &#8211; Viaduto Jacare\u00ed, 100 YouTube da C\u00e2mara Municipal de S\u00e3o Paulo Audit\u00f3rios online [&hellip;]<\/p>\n","protected":false},"author":522,"featured_media":0,"parent":28305,"menu_order":73,"comment_status":"closed","ping_status":"closed","template":"","meta":{"_acf_changed":false,"footnotes":""},"class_list":["post-28478","page","type-page","status-publish","hentry"],"acf":[],"_links":{"self":[{"href":"https:\/\/www.saopaulo.sp.leg.br\/escoladoparlamento\/wp-json\/wp\/v2\/pages\/28478","targetHints":{"allow":["GET"]}}],"collection":[{"href":"https:\/\/www.saopaulo.sp.leg.br\/escoladoparlamento\/wp-json\/wp\/v2\/pages"}],"about":[{"href":"https:\/\/www.saopaulo.sp.leg.br\/escoladoparlamento\/wp-json\/wp\/v2\/types\/page"}],"author":[{"embeddable":true,"href":"https:\/\/www.saopaulo.sp.leg.br\/escoladoparlamento\/wp-json\/wp\/v2\/users\/522"}],"replies":[{"embeddable":true,"href":"https:\/\/www.saopaulo.sp.leg.br\/escoladoparlamento\/wp-json\/wp\/v2\/comments?post=28478"}],"version-history":[{"count":0,"href":"https:\/\/www.saopaulo.sp.leg.br\/escoladoparlamento\/wp-json\/wp\/v2\/pages\/28478\/revisions"}],"up":[{"embeddable":true,"href":"https:\/\/www.saopaulo.sp.leg.br\/escoladoparlamento\/wp-json\/wp\/v2\/pages\/28305"}],"wp:attachment":[{"href":"https:\/\/www.saopaulo.sp.leg.br\/escoladoparlamento\/wp-json\/wp\/v2\/media?parent=28478"}],"curies":[{"name":"wp","href":"https:\/\/api.w.org\/{rel}","templated":true}]}}