{"id":28429,"date":"2023-05-08T13:28:12","date_gmt":"2023-05-08T16:28:12","guid":{"rendered":"https:\/\/www.saopaulo.sp.leg.br\/escoladoparlamento\/?page_id=28429"},"modified":"2023-06-15T15:54:36","modified_gmt":"2023-06-15T18:54:36","slug":"seminario-avancado-abordagens-para-o-estudo-da-implementacao-de-politicas-publicas-e-os-novos-desafios-pos-pandemia-da-covid-19","status":"publish","type":"page","link":"https:\/\/www.saopaulo.sp.leg.br\/escoladoparlamento\/cursos\/cursos-anteriores\/cursos-realizados-em-2023\/seminario-avancado-abordagens-para-o-estudo-da-implementacao-de-politicas-publicas-e-os-novos-desafios-pos-pandemia-da-covid-19\/","title":{"rendered":"Semin\u00e1rio Avan\u00e7ado: Abordagens para o estudo da Implementa\u00e7\u00e3o de Pol\u00edticas P\u00fablicas e os novos desafios p\u00f3s pandemia da Covid-19"},"content":{"rendered":"<p><strong><a href=\"https:\/\/www.saopaulo.sp.leg.br\/escoladoparlamento\/wp-content\/uploads\/sites\/5\/2021\/03\/WhatsApp-Image-2021-03-03-at-18.43.34.jpeg\"><img loading=\"lazy\" decoding=\"async\" class=\"alignright wp-image-25375\" src=\"https:\/\/www.saopaulo.sp.leg.br\/escoladoparlamento\/wp-content\/uploads\/sites\/5\/2021\/03\/WhatsApp-Image-2021-03-03-at-18.43.34.jpeg\" alt=\"\" width=\"218\" height=\"87\" \/><\/a><\/strong><\/p>\n<p><strong>ORGANIZA\u00c7\u00c3O:<\/strong> Prof. Dr. Alexsandro Santos, Profa. Dra. Maria do Carmo Meirelles Toledo Cruz, Prof. Dr. Rodnei Pereira<\/p>\n<p>&nbsp;<\/p>\n<p>Estudos sobre a implementa\u00e7\u00e3o v\u00eam crescendo no Brasil ap\u00f3s 2010, mas ainda s\u00e3o uma das fases menos pesquisada do ciclo de Pol\u00edticas P\u00fablicas.<\/p>\n<p>Neste semin\u00e1rio que a Escola do Parlamento traz em parceria com a Universidade Cidade de S\u00e3o Paulo com apoio da Fapesp, a Profa. Dra. Gabriela Lotta apresenta uma s\u00edntese da literatura nacional e internacional sobre o assunto, mostrando conceitos centrais de an\u00e1lise e recortes te\u00f3ricos, metodol\u00f3gicos e tem\u00e1ticos.<\/p>\n<p>Exp\u00f5e, com destaque, os conceitos de burocrata do n\u00edvel de rua, de m\u00e9dio e alto escal\u00e3o, bem como o de discricionariedade, que s\u00e3o centrais nos estudos.<\/p>\n<p>E finaliza trazendo os desafios da implementa\u00e7\u00e3o das Pol\u00edticas P\u00fablicas no cen\u00e1rio p\u00f3s pandemia da Covid-19.<\/p>\n<p>&nbsp;<\/p>\n<p><strong>OBJETIVO:<\/strong><\/p>\n<p>Promover uma reflex\u00e3o sobre a implementa\u00e7\u00e3o de pol\u00edticas p\u00fablicas, considerando\u00a0 os desafios que o cen\u00e1rio p\u00f3s-pand\u00eamico traz.<\/p>\n<p>&nbsp;<\/p>\n<p><strong>P\u00daBLICO-ALVO<\/strong><\/p>\n<p>Alunos dos programas de p\u00f3s-gradua\u00e7\u00e3o em Educa\u00e7\u00e3o da Universidade Cidade de S\u00e3o Paulo, p\u00f3s-graduandos e pesquisadores interessados no tema, interessados em geral.<\/p>\n<p>&nbsp;<\/p>\n<p><strong>METODOLOGIA:<\/strong><\/p>\n<p>Encontro virtual com dura\u00e7\u00e3o de 2h.<\/p>\n<p>A atividade tamb\u00e9m ser\u00e1 transmitida pelo <a href=\"https:\/\/www.youtube.com\/c\/EscoladoParlamentoCMSP\">YouTube no Canal da Escola do Parlamento<\/a>.<\/p>\n<p><strong>Certifica\u00e7\u00e3o somente a partir de inscri\u00e7\u00e3o via Sympla e acompanhamento obrigat\u00f3rio pela plataforma Zoom.<\/strong><\/p>\n<p>&nbsp;<\/p>\n<p>&nbsp;<\/p>\n<h3><span style=\"color: #ff0000\"><strong>PROGRAMA\u00c7\u00c3O:<\/strong><\/span><\/h3>\n<h3>24 de MAIO, das 16h \u00e0s 18h<\/h3>\n<p><strong>Abertura:<\/strong><\/p>\n<p>Prof. Ms. Gustavo Costa Dias \u00bb Diretor-Presidente da Escola do Parlamento<\/p>\n<p>Profa. Dra. Maria do Carmo Meirelles Toledo Cruz \u00bb coordenadora do Grupo de Pesquisa Implementa\u00e7\u00e3o de Pol\u00edticas Educacionais e Desigualdades &#8211; Unicid<\/p>\n<p><strong>Palestrante:<\/strong><\/p>\n<p>Profa. Dra. Gabriela Lotta (NEB \/ FGV)\u00a0\u00bb\u00a0Professora e pesquisadora de Administra\u00e7\u00e3o P\u00fablica e Governo da Funda\u00e7\u00e3o Getulio Vargas (FGV) e professora visitante de Oxford (Blavatnik School of Government) em 2021. Doutora em Ci\u00eancia Pol\u00edtica pela USP, mestre e graduada em administra\u00e7\u00e3o p\u00fablica pela FGV. Coordenadora do N\u00facleo de Estudos da Burocracia (NEB). Docente da Escola Nacional de Administra\u00e7\u00e3o P\u00fablica, ENAP. \u00c9 pesquisadora do Centro de Estudos da Metr\u00f3pole (CEM) e pesquisadora afiliada no Brazil.Lab de Princeton. Em 2021 foi nomeada como uma das 100 acad\u00eamicas mais influentes do mundo na \u00e1rea de governo pela organiza\u00e7\u00e3o Apolitical.<\/p>\n<h3><\/h3>\n<p>&nbsp;<\/p>\n<h3><strong>INSCRI\u00c7\u00d5ES<\/strong>: <span style=\"color: #ff0000\">ENCERRADAS<\/span><\/h3>\n<h3>Reveja o Semin\u00e1rio clicando <a href=\"https:\/\/www.youtube.com\/watch?v=V_JsZZVAT2M\">AQUI<\/a><\/h3>\n<p>&nbsp;<\/p>\n<p>&nbsp;<\/p>\n","protected":false},"excerpt":{"rendered":"<p>ORGANIZA\u00c7\u00c3O: Prof. Dr. Alexsandro Santos, Profa. Dra. Maria do Carmo Meirelles Toledo Cruz, Prof. Dr. Rodnei Pereira &nbsp; Estudos sobre a implementa\u00e7\u00e3o v\u00eam crescendo no Brasil ap\u00f3s 2010, mas ainda s\u00e3o uma das fases menos pesquisada do ciclo de Pol\u00edticas P\u00fablicas. Neste semin\u00e1rio que a Escola do Parlamento traz em parceria com a Universidade Cidade [&hellip;]<\/p>\n","protected":false},"author":522,"featured_media":0,"parent":28305,"menu_order":74,"comment_status":"closed","ping_status":"closed","template":"","meta":{"_acf_changed":false,"footnotes":""},"class_list":["post-28429","page","type-page","status-publish","hentry"],"acf":[],"_links":{"self":[{"href":"https:\/\/www.saopaulo.sp.leg.br\/escoladoparlamento\/wp-json\/wp\/v2\/pages\/28429","targetHints":{"allow":["GET"]}}],"collection":[{"href":"https:\/\/www.saopaulo.sp.leg.br\/escoladoparlamento\/wp-json\/wp\/v2\/pages"}],"about":[{"href":"https:\/\/www.saopaulo.sp.leg.br\/escoladoparlamento\/wp-json\/wp\/v2\/types\/page"}],"author":[{"embeddable":true,"href":"https:\/\/www.saopaulo.sp.leg.br\/escoladoparlamento\/wp-json\/wp\/v2\/users\/522"}],"replies":[{"embeddable":true,"href":"https:\/\/www.saopaulo.sp.leg.br\/escoladoparlamento\/wp-json\/wp\/v2\/comments?post=28429"}],"version-history":[{"count":0,"href":"https:\/\/www.saopaulo.sp.leg.br\/escoladoparlamento\/wp-json\/wp\/v2\/pages\/28429\/revisions"}],"up":[{"embeddable":true,"href":"https:\/\/www.saopaulo.sp.leg.br\/escoladoparlamento\/wp-json\/wp\/v2\/pages\/28305"}],"wp:attachment":[{"href":"https:\/\/www.saopaulo.sp.leg.br\/escoladoparlamento\/wp-json\/wp\/v2\/media?parent=28429"}],"curies":[{"name":"wp","href":"https:\/\/api.w.org\/{rel}","templated":true}]}}