{"id":28358,"date":"2023-04-03T12:22:43","date_gmt":"2023-04-03T15:22:43","guid":{"rendered":"https:\/\/www.saopaulo.sp.leg.br\/escoladoparlamento\/?page_id=28358"},"modified":"2023-05-05T14:23:06","modified_gmt":"2023-05-05T17:23:06","slug":"simposio-poluicao-sonora-impactos-do-ruido-na-saude-e-conforto-da-populacao","status":"publish","type":"page","link":"https:\/\/www.saopaulo.sp.leg.br\/escoladoparlamento\/cursos\/cursos-anteriores\/cursos-realizados-em-2023\/simposio-poluicao-sonora-impactos-do-ruido-na-saude-e-conforto-da-populacao\/","title":{"rendered":"Simp\u00f3sio Polui\u00e7\u00e3o Sonora: Impactos do Ru\u00eddo na Sa\u00fade e Conforto da Popula\u00e7\u00e3o"},"content":{"rendered":"<h3>COORDENA\u00c7\u00c3O<\/h3>\n<p>Gustavo Costa Dias &#8211; Escola do Parlamento<\/p>\n<p>Rubem Davi Romancini &#8211; Escola do Parlamento<\/p>\n<p>Ros Mari Zenha &#8211; Instituto de Pesquisas Tecnol\u00f3gicas &#8211; IPT<\/p>\n<p>&nbsp;<\/p>\n<p>&nbsp;<\/p>\n<p>A Organiza\u00e7\u00e3o Mundial da Sa\u00fade &#8211; OMS\u00a0 &#8211; entende a polui\u00e7\u00e3o sonora como o segundo fator que mais afeta a sa\u00fade da popula\u00e7\u00e3o das grandes cidades, depois da polui\u00e7\u00e3o do ar.<\/p>\n<p>Em recente verifica\u00e7\u00e3o (2022) estat\u00edstica na Promotoria do Meio Ambiente da Capital &#8211; PJMAC (MPSP) constatou-se que mais de 30 por cento das investiga\u00e7\u00f5es refere-se \u00e0 polui\u00e7\u00e3o sonora, o que representa mais de 370 inqu\u00e9ritos sobre o tema.<\/p>\n<p>O ru\u00eddo urbano \u00e9 um fator de risco \u00e0 sa\u00fade e, preocupados com esse desafio, a Escola do Parlamento da C\u00e2mara Municipal de S\u00e3o Paulo &#8211; CMSP, o Instituto de Pesquisas Tecnol\u00f3gicas &#8211; IPT, o Minist\u00e9rio P\u00fablico de S\u00e3o Paulo &#8211; MPSP e o Instituto do Legislativo Paulista da Assembleia Legislativa de S\u00e3o Paulo &#8211; ILP\/Alesp realizar\u00e3o o Simp\u00f3sio <strong>Polui\u00e7\u00e3o Sonora: Impactos do Ru\u00eddo na Sa\u00fade e Conforto da Popula\u00e7\u00e3o.<\/strong><\/p>\n<h3>ESTRUTURA DA ATIVIDADE<\/h3>\n<p>A atividade ser\u00e1 realizada na modalidade presencial no dia 24 de abril de 2023, das 14h00 \u00e0s 21h00, no Audit\u00f3rio Prestes Maia (Plenarinho) do Pal\u00e1cio Anchieta, sede da C\u00e2mara Municipal de S\u00e3o Paulo.<\/p>\n<p>O evento tamb\u00e9m ter\u00e1 transmiss\u00e3o simult\u00e2nea no canal do\u00a0<a href=\"http:\/\/youtube.com\/@camarasaopaulo\">YouTube da CMSP<\/a> e pelo Instituto do Legislativo Paulista &#8211; ILP\/Alesp.<\/p>\n<h3>INSCRI\u00c7\u00d5ES ENCERRADAS<\/h3>\n<p><strong>Certifica\u00e7\u00e3o<\/strong>: na modalidade presencial mediante assinatura de lista de presen\u00e7a; na modalidade\u00a0<em>online<\/em>\u00a0mediante preenchimento de formul\u00e1rio de rea\u00e7\u00e3o a ser enviado por e-mail para os inscritos.<\/p>\n<h3>PROGRAMA\u00c7\u00c3O<\/h3>\n<p><strong>Clique <a href=\"https:\/\/www.youtube.com\/watch?v=K7LKJnYHOqQ\">AQUI<\/a> para rever o Simp\u00f3sio<br \/>\n<\/strong><\/p>\n<p>&nbsp;<\/p>\n<p><strong>14h00 &#8211; Abertu<\/strong><strong>ra<\/strong><br \/>\nRepresentantes da Escola do Parlamento da C\u00e2mara Municipal de S\u00e3o Paulo + Instituto do Legislativo Paulista da Assembleia Legislativa do Estado de S\u00e3o Paulo \u2013 ILP Alesp + Instituto de Pesquisas Tecnol\u00f3gicas de S\u00e3o Paulo \u2013 IPT<\/p>\n<p><strong>14h30 &#8211; Polui\u00e7\u00e3o e Incomodidade Sonora: Problema de Sa\u00fade P\u00fablica<\/strong><br \/>\nAdelaide C\u00e1ssia Nardocci &#8211; F\u00edsica e Professora do Departamento de Sa\u00fade Ambiental da Faculdade de Sa\u00fade P\u00fablica da Universidade de S\u00e3o Paulo<\/p>\n<p><strong>15h00 &#8211; Polui\u00e7\u00e3o e Incomodidade Sonora: Aspectos T\u00e9cnicos<\/strong><br \/>\nMarcelo Aquilino &#8211; F\u00edsico e Pesquisador do IPT<br \/>\nRanny Michalski &#8211; Engenheira e Professora da Faculdade de Arquitetura e Urbanismo da Universidade de S\u00e3o Paulo<\/p>\n<p><strong>15h30 &#8211; Sociedade Civil no Enfrentamento da Polui\u00e7\u00e3o e Incomodidade Sonora<\/strong><br \/>\nSergio Reze &#8211; Diretor de Rela\u00e7\u00f5es Institucionais do Movimento Defenda S\u00e3o Paulo \u2013 MDSP<\/p>\n<p><strong>16h00 &#8211; Bailes de Rua e Incomodidade Sonora<\/strong><br \/>\nDanilo Cymrot &#8211; Doutor em Direito pela Universidade de S\u00e3o Paulo e autor do livro \u201cO funk na batida: baile, rua e parlamento\u201d<br \/>\nMeno Del Picchia &#8211; M\u00fasico e Doutor em Antropologia pela Universidade de S\u00e3o Paulo com a tese \u201cA neblina e o fluxo: o funk nos corpos el\u00e9tricos da quebrada\u201d<\/p>\n<p><strong>16h30 &#8211; Polui\u00e7\u00e3o e Incomodidade Sonora: Aspectos Jur\u00eddicos<\/strong><br \/>\nCarlota Salgueiro de Souza &#8211; Diretora Executiva do Instituto de Defesa do Consumidor \u2013 IDEC<br \/>\nDr. Fernando Cesar Bolque &#8211; Promotoria de Justi\u00e7a do Meio Ambiente da Capital &#8211; PJMAC\/MPSP<\/p>\n<p><strong>17h00 &#8211; Representantes do Executivo e Legislativo Municipal e Estadual e a\u00e7\u00f5es no tema do Ru\u00eddo e Incomodidade Sonora na Cidade de S\u00e3o Paulo<\/strong><\/p>\n<p><strong>18h00 \u00e0s 19h00 &#8211; Intervalo<\/strong><\/p>\n<p><strong>19h00 &#8211; F\u00f3rum Permanente de Discuss\u00f5es sobre Ru\u00eddo e Incomodidade Sonora na Cidade de S\u00e3o Paulo<\/strong><br \/>\nRos Mari Zenha &#8211; Ge\u00f3grafa e Pesquisadora do Instituto de Pesquisas Tecnol\u00f3gicas de S\u00e3o Paulo \u2013 IPT<\/p>\n","protected":false},"excerpt":{"rendered":"<p>COORDENA\u00c7\u00c3O Gustavo Costa Dias &#8211; Escola do Parlamento Rubem Davi Romancini &#8211; Escola do Parlamento Ros Mari Zenha &#8211; Instituto de Pesquisas Tecnol\u00f3gicas &#8211; IPT &nbsp; &nbsp; A Organiza\u00e7\u00e3o Mundial da Sa\u00fade &#8211; OMS\u00a0 &#8211; entende a polui\u00e7\u00e3o sonora como o segundo fator que mais afeta a sa\u00fade da popula\u00e7\u00e3o das grandes cidades, depois da [&hellip;]<\/p>\n","protected":false},"author":745,"featured_media":0,"parent":28305,"menu_order":78,"comment_status":"closed","ping_status":"closed","template":"","meta":{"_acf_changed":false,"footnotes":""},"class_list":["post-28358","page","type-page","status-publish","hentry"],"acf":[],"_links":{"self":[{"href":"https:\/\/www.saopaulo.sp.leg.br\/escoladoparlamento\/wp-json\/wp\/v2\/pages\/28358","targetHints":{"allow":["GET"]}}],"collection":[{"href":"https:\/\/www.saopaulo.sp.leg.br\/escoladoparlamento\/wp-json\/wp\/v2\/pages"}],"about":[{"href":"https:\/\/www.saopaulo.sp.leg.br\/escoladoparlamento\/wp-json\/wp\/v2\/types\/page"}],"author":[{"embeddable":true,"href":"https:\/\/www.saopaulo.sp.leg.br\/escoladoparlamento\/wp-json\/wp\/v2\/users\/745"}],"replies":[{"embeddable":true,"href":"https:\/\/www.saopaulo.sp.leg.br\/escoladoparlamento\/wp-json\/wp\/v2\/comments?post=28358"}],"version-history":[{"count":0,"href":"https:\/\/www.saopaulo.sp.leg.br\/escoladoparlamento\/wp-json\/wp\/v2\/pages\/28358\/revisions"}],"up":[{"embeddable":true,"href":"https:\/\/www.saopaulo.sp.leg.br\/escoladoparlamento\/wp-json\/wp\/v2\/pages\/28305"}],"wp:attachment":[{"href":"https:\/\/www.saopaulo.sp.leg.br\/escoladoparlamento\/wp-json\/wp\/v2\/media?parent=28358"}],"curies":[{"name":"wp","href":"https:\/\/api.w.org\/{rel}","templated":true}]}}