{"id":28305,"date":"2023-03-15T21:02:46","date_gmt":"2023-03-16T00:02:46","guid":{"rendered":"https:\/\/www.saopaulo.sp.leg.br\/escoladoparlamento\/?page_id=28305"},"modified":"2024-01-17T13:00:56","modified_gmt":"2024-01-17T16:00:56","slug":"cursos-realizados-em-2023","status":"publish","type":"page","link":"https:\/\/www.saopaulo.sp.leg.br\/escoladoparlamento\/cursos\/cursos-anteriores\/cursos-realizados-em-2023\/","title":{"rendered":"Cursos Realizados em 2023"},"content":{"rendered":"<p><strong>Mar\u00e7o<\/strong><\/p>\n<p><a href=\"https:\/\/www.saopaulo.sp.leg.br\/escoladoparlamento\/cursos\/cursos-anteriores\/cursos-realizados-em-2023\/11o-encontro-da-apel-associacao-paulista-de-escola-do-legislativo-e-contas\/\">11\u00ba Encontro da APEL &#8211; Associa\u00e7\u00e3o Paulista das Escolas do Legislativo e Contas<\/a><\/p>\n<p><a href=\"https:\/\/www.saopaulo.sp.leg.br\/escoladoparlamento\/cursos\/cursos-anteriores\/cursos-realizados-em-2023\/seminario-o-tempo-escolar-na-america-latina\/\">Semin\u00e1rio &#8211; O tempo escolar na Am\u00e9rica Latina<\/a><\/p>\n<p><a href=\"https:\/\/www.saopaulo.sp.leg.br\/escoladoparlamento\/cursos\/cursos-anteriores\/cursos-realizados-em-2023\/simposio-nova-lei-de-licitacoes-publicas-na-camara-municipal-de-sao-paulo\/\">Simp\u00f3sio: Nova Lei de Licita\u00e7\u00f5es e Contratos P\u00fablicos na C\u00e2mara Municipal de S\u00e3o Paulo<\/a><\/p>\n<p><a href=\"https:\/\/www.saopaulo.sp.leg.br\/escoladoparlamento\/cursos\/cursos-anteriores\/cursos-realizados-em-2023\/ead-assembleias-cidadas-inovacao-democratica-na-pratica\/\">EAD Assembleias Cidad\u00e3s: inova\u00e7\u00e3o democr\u00e1tica na pr\u00e1tica<\/a><\/p>\n<p>&nbsp;<\/p>\n<p><strong>Abril<\/strong><\/p>\n<p><a href=\"https:\/\/www.saopaulo.sp.leg.br\/escoladoparlamento\/cursos\/cursos-anteriores\/cursos-realizados-em-2023\/simposio-poluicao-sonora-impactos-do-ruido-na-saude-e-conforto-da-populacao\/\">Simp\u00f3sio Polui\u00e7\u00e3o Sonora: Impactos do Ru\u00eddo na Sa\u00fade e Conforto da Popula\u00e7\u00e3o<\/a><\/p>\n<p>&nbsp;<\/p>\n<p><strong>Maio<\/strong><\/p>\n<p><a href=\"https:\/\/www.saopaulo.sp.leg.br\/escoladoparlamento\/cursos\/cursos-anteriores\/cursos-realizados-em-2023\/seminario-avancado-abordagens-para-o-estudo-da-implementacao-de-politicas-publicas-e-os-novos-desafios-pos-pandemia-da-covid-19\/\">Semin\u00e1rio Avan\u00e7ado: Abordagens para o estudo da Implementa\u00e7\u00e3o de Pol\u00edticas P\u00fablicas e os novos desafios p\u00f3s pandemia da Covid-19<\/a><\/p>\n<p>&nbsp;<\/p>\n<p><strong>Junho<\/strong><\/p>\n<p><a href=\"https:\/\/www.saopaulo.sp.leg.br\/escoladoparlamento\/cursos\/cursos-anteriores\/cursos-realizados-em-2023\/vii-jornada-paulista-do-cerimonial\/\">VII Jornada Paulista de Cerimonial<\/a><\/p>\n<p>&nbsp;<\/p>\n<p><strong>Agosto<\/strong><\/p>\n<p><a href=\"https:\/\/www.saopaulo.sp.leg.br\/escoladoparlamento\/cursos\/cursos-anteriores\/cursos-realizados-em-2023\/seminario-juventudes-saude-mental-e-drogadicao\/\">Semin\u00e1rio Juventudes, Sa\u00fade Mental e Drogadi\u00e7\u00e3o<\/a><\/p>\n<p><a href=\"https:\/\/www.saopaulo.sp.leg.br\/escoladoparlamento\/cursos\/cursos-anteriores\/cursos-realizados-em-2023\/vossa-excelencia-a-memoria-jornalismo-e-documentacao-na-preservacao-da-historia-da-camara\/\">&#8220;Vossa Excel\u00eancia, a Mem\u00f3ria&#8221; &#8211; Jornalismo e Documenta\u00e7\u00e3o na Preserva\u00e7\u00e3o da Hist\u00f3ria da C\u00e2mara<\/a><\/p>\n<p><a href=\"https:\/\/www.saopaulo.sp.leg.br\/escoladoparlamento\/cursos\/cursos-anteriores\/cursos-realizados-em-2023\/simposio-30-anos-da-lei-organica-do-municipio-de-sao-paulo\/\">Simp\u00f3sio 30 anos da Lei Org\u00e2nica do Munic\u00edpio de S\u00e3o Paulo<\/a><\/p>\n<p><a href=\"https:\/\/www.saopaulo.sp.leg.br\/escoladoparlamento\/cursos\/cursos-anteriores\/cursos-realizados-em-2023\/a-cidade-constitucional\/\">A Cidade Constitucional<\/a><\/p>\n<p>&nbsp;<\/p>\n<p><strong>Setembro<\/strong><\/p>\n<p><a href=\"https:\/\/www.saopaulo.sp.leg.br\/escoladoparlamento\/cursos\/cursos-anteriores\/cursos-realizados-em-2023\/semana-interna-de-prevencao-de-acidentes-do-trabalho-sipat-edicao-2023\/\">Semana Interna de Preven\u00e7\u00e3o de Acidentes do Trabalho &#8211; SIPAT &#8211; Edi\u00e7\u00e3o 2023<\/a><\/p>\n<p><a href=\"https:\/\/www.saopaulo.sp.leg.br\/escoladoparlamento\/cursos\/cursos-anteriores\/cursos-realizados-em-2023\/diversidade-desigualdades-e-intersetorialidade-na-educacao-infantil\/\">Diversidade, desigualdades e intersetorialidade na Educa\u00e7\u00e3o Infantil<\/a><\/p>\n<p>&nbsp;<\/p>\n<p><strong>Outubro<\/strong><\/p>\n<p><a href=\"https:\/\/www.saopaulo.sp.leg.br\/escoladoparlamento\/cursos\/cursos-anteriores\/cursos-realizados-em-2023\/oficinas-de-agentes-de-governo-aberto\/\">Oficinas de Agentes de Governo Aberto<\/a><\/p>\n<p><a href=\"https:\/\/www.saopaulo.sp.leg.br\/escoladoparlamento\/cursos\/cursos-anteriores\/cursos-realizados-em-2023\/os-conselhos-de-representantes-vinculados-ao-poder-legislativo\/\">Semana Municipal da Participa\u00e7\u00e3o Popular e da Cidadania &#8211; Conselhos de Representantes Vinculados ao Poder Legislativo<\/a><\/p>\n<p>&nbsp;<\/p>\n<p><strong>Dezembro<\/strong><\/p>\n<p><a href=\"https:\/\/www.saopaulo.sp.leg.br\/escoladoparlamento\/cursos\/cursos-anteriores\/cursos-realizados-em-2023\/lancamento-da-revista-da-procuradoria-legislativa-da-camara-municipal-de-sao-paulo\/\">Lan\u00e7amento da Revista da Procuradoria Legislativa da C\u00e2mara Municipal de S\u00e3o Paulo<\/a><\/p>\n<p>&nbsp;<\/p>\n","protected":false},"excerpt":{"rendered":"<p>Mar\u00e7o 11\u00ba Encontro da APEL &#8211; Associa\u00e7\u00e3o Paulista das Escolas do Legislativo e Contas Semin\u00e1rio &#8211; O tempo escolar na Am\u00e9rica Latina Simp\u00f3sio: Nova Lei de Licita\u00e7\u00f5es e Contratos P\u00fablicos na C\u00e2mara Municipal de S\u00e3o Paulo EAD Assembleias Cidad\u00e3s: inova\u00e7\u00e3o democr\u00e1tica na pr\u00e1tica &nbsp; Abril Simp\u00f3sio Polui\u00e7\u00e3o Sonora: Impactos do Ru\u00eddo na Sa\u00fade e Conforto [&hellip;]<\/p>\n","protected":false},"author":522,"featured_media":0,"parent":169,"menu_order":80,"comment_status":"closed","ping_status":"closed","template":"","meta":{"_acf_changed":false,"footnotes":""},"class_list":["post-28305","page","type-page","status-publish","hentry"],"acf":[],"_links":{"self":[{"href":"https:\/\/www.saopaulo.sp.leg.br\/escoladoparlamento\/wp-json\/wp\/v2\/pages\/28305","targetHints":{"allow":["GET"]}}],"collection":[{"href":"https:\/\/www.saopaulo.sp.leg.br\/escoladoparlamento\/wp-json\/wp\/v2\/pages"}],"about":[{"href":"https:\/\/www.saopaulo.sp.leg.br\/escoladoparlamento\/wp-json\/wp\/v2\/types\/page"}],"author":[{"embeddable":true,"href":"https:\/\/www.saopaulo.sp.leg.br\/escoladoparlamento\/wp-json\/wp\/v2\/users\/522"}],"replies":[{"embeddable":true,"href":"https:\/\/www.saopaulo.sp.leg.br\/escoladoparlamento\/wp-json\/wp\/v2\/comments?post=28305"}],"version-history":[{"count":0,"href":"https:\/\/www.saopaulo.sp.leg.br\/escoladoparlamento\/wp-json\/wp\/v2\/pages\/28305\/revisions"}],"up":[{"embeddable":true,"href":"https:\/\/www.saopaulo.sp.leg.br\/escoladoparlamento\/wp-json\/wp\/v2\/pages\/169"}],"wp:attachment":[{"href":"https:\/\/www.saopaulo.sp.leg.br\/escoladoparlamento\/wp-json\/wp\/v2\/media?parent=28305"}],"curies":[{"name":"wp","href":"https:\/\/api.w.org\/{rel}","templated":true}]}}