{"id":28281,"date":"2023-03-09T16:35:23","date_gmt":"2023-03-09T19:35:23","guid":{"rendered":"https:\/\/www.saopaulo.sp.leg.br\/escoladoparlamento\/?page_id=28281"},"modified":"2023-06-15T14:35:20","modified_gmt":"2023-06-15T17:35:20","slug":"simposio-nova-lei-de-licitacoes-publicas-na-camara-municipal-de-sao-paulo","status":"publish","type":"page","link":"https:\/\/www.saopaulo.sp.leg.br\/escoladoparlamento\/cursos\/cursos-anteriores\/cursos-realizados-em-2023\/simposio-nova-lei-de-licitacoes-publicas-na-camara-municipal-de-sao-paulo\/","title":{"rendered":"Simp\u00f3sio: Nova Lei de Licita\u00e7\u00f5es e Contratos P\u00fablicos na C\u00e2mara Municipal de S\u00e3o Paulo"},"content":{"rendered":"<h3 align=\"justify\">DIRETOR RESPONS\u00c1VEL<\/h3>\n<p align=\"justify\">Prof. Gustavo Costa Dias &#8211; Diretor Acad\u00eamico da Escola do Parlamento<\/p>\n<h3 align=\"justify\">COORDENA\u00c7\u00c3O<\/h3>\n<p align=\"justify\">Dr. Paulo Augusto Baccarin &#8211; Procurador-Geral Legislativo da C\u00e2mara Municipal de S\u00e3o Paulo<br \/>\nDr. M\u00e1rio S\u00e9rgio Maschietto &#8211; Secret\u00e1rio Geral Administrativo da C\u00e2mara Municipal de S\u00e3o Paulo<br \/>\nDra. Ieda Maria Ferreira Pires &#8211; Procuradora Legislativa da C\u00e2mara Municipal de S\u00e3o Paulo<\/p>\n<p class=\"western\" align=\"justify\"><span style=\"font-family: Calibri, serif\"><span style=\"font-size: small\"><span style=\"font-family: Arial, serif\"><span style=\"font-size: medium\">A partir de 1\u00ba de abril de 2023, a nova Lei de Licita\u00e7\u00f5es (Lei n\u00ba 14.133\/2021) se tornar\u00e1 obrigat\u00f3ria para todas as contrata\u00e7\u00f5es realizadas pela administra\u00e7\u00e3o p\u00fablica direta e indireta. A referida Lei traz diversas mudan\u00e7as importantes na forma como a administra\u00e7\u00e3o p\u00fablica realiza suas compras e contrata\u00e7\u00f5es de servi\u00e7os. <\/span><\/span><\/span><\/span><\/p>\n<p class=\"western\" align=\"justify\"><span style=\"font-family: Calibri, serif\"><span style=\"font-size: small\"><span style=\"font-family: Arial, serif\"><span style=\"font-size: medium\">Para a C\u00e2mara Municipal de S\u00e3o Paulo, que fiscaliza os atos e contratos do Executivo municipal por interm\u00e9dio dos seus Parlamentares e das Comiss\u00f5es permanentes e tempor\u00e1rias, a aplica\u00e7\u00e3o correta da nova lei pode trazer diversos benef\u00edcios, tais como:<\/span><\/span><\/span><\/span><\/p>\n<ul>\n<li>\n<p align=\"justify\"><span style=\"font-family: Calibri, serif\"><span style=\"font-size: small\"><span style=\"font-family: Arial, serif\"><span style=\"font-size: medium\">Maior efici\u00eancia na gest\u00e3o dos recursos p\u00fablicos otimizando a fiscaliza\u00e7\u00e3o;<\/span><\/span><\/span><\/span><\/p>\n<\/li>\n<li>\n<p align=\"justify\"><span style=\"font-family: Calibri, serif\"><span style=\"font-size: small\"><span style=\"font-family: Arial, serif\"><span style=\"font-size: medium\">Maior transpar\u00eancia e controle social utilizando-se crit\u00e9rios de controle social;<\/span><\/span><\/span><\/span><\/p>\n<\/li>\n<li>\n<p align=\"justify\"><span style=\"font-family: Calibri, serif\"><span style=\"font-size: small\"><span style=\"font-family: Arial, serif\"><span style=\"font-size: medium\">Incentivo \u00e0 inova\u00e7\u00e3o e sustentabilidade com maior especializa\u00e7\u00e3o dos servidores;<\/span><\/span><\/span><\/span><\/p>\n<\/li>\n<li>\n<p align=\"justify\"><span style=\"font-family: Calibri, serif\"><span style=\"font-size: small\"><span style=\"font-family: Arial, serif\"><span style=\"font-size: medium\">Redu\u00e7\u00e3o do risco de irregularidades e fraudes com m\u00faltiplos crit\u00e9rios de verifica\u00e7\u00e3o.<\/span><\/span><\/span><\/span><\/p>\n<\/li>\n<\/ul>\n<p class=\"western\" align=\"justify\"><span style=\"font-family: Calibri, serif\"><span style=\"font-size: small\"><span style=\"font-family: Arial, serif\"><span style=\"font-size: medium\">Neste cen\u00e1rio de oportunidades, a <em>Escola do Parlamento<\/em>, em parceria com o <em>Centro de Estudos Legislativos da Procuradoria<\/em> \u2013 CELEG e a<em> Escola Superior de Gest\u00e3o e Contas P\u00fablicas do Tribunal de Contas do Munic\u00edpio<\/em>, pretende revisar os principais aspectos pr\u00e1ticos, e eventuais impactos que a nova legisla\u00e7\u00e3o pode trazer no \u00e2mbito da C\u00e2mara Municipal de S\u00e3o Paulo.<\/span><\/span><\/span><\/span><\/p>\n<h3><\/h3>\n<h3 class=\"western\">P\u00daBLICO ALVO<\/h3>\n<p class=\"western\" align=\"justify\"><span style=\"font-family: Calibri, serif\"><span style=\"font-size: small\"><span style=\"font-family: Arial, serif\"><span style=\"font-size: medium\">O evento pretende capacitar assessores parlamentares dando \u00eanfase \u00e0 fiscaliza\u00e7\u00e3o que os parlamentares podem realizar em contratos e licita\u00e7\u00f5es do executivo, bem como para os que trabalham direta ou indiretamente com licita\u00e7\u00f5es p\u00fablicas nos diversos setores administrativos da C\u00e2mara Municipal de S\u00e3o Paulo.<\/span><\/span><\/span><\/span><\/p>\n<h3><\/h3>\n<h3 class=\"western\">ESTRUTURA DA ATIVIDADE<\/h3>\n<p><strong>A atividade ser\u00e1 realizada na modalidade presencial nos dias 30 e 31 de mar\u00e7o, das 09 \u00e0s 17 horas<\/strong>, no Sal\u00e3o Nobre do Pal\u00e1cio Anchieta, sede da C\u00e2mara Municipal de S\u00e3o Paulo.<\/p>\n<p>O evento tamb\u00e9m ter\u00e1 transmiss\u00e3o simult\u00e2nea no canal do\u00a0<a href=\"http:\/\/youtube.com\/@camarasaopaulo\">Youtube\u00a0da CMSP<\/a><\/p>\n<p><strong>Certifica\u00e7\u00e3o<\/strong>: na modalidade presencial mediante assinatura de lista de presen\u00e7a; na modalidade <em>online<\/em> mediante preenchimento de formul\u00e1rio de rea\u00e7\u00e3o a ser enviado por e-mail para os inscritos.<\/p>\n<h3 align=\"justify\"><\/h3>\n<h3 align=\"justify\">INSCRI\u00c7\u00d5ES <a href=\"https:\/\/www.sympla.com.br\/evento\/simposio-nova-lei-de-licitacoes-e-contratos-publicos-na-camara-municipal-de-sao-paulo\/1909639?token=cfcbde2469d730a984aaeda7aafe04ee\"><span style=\"color: #ff0000\">CLIQUE AQUI<\/span><\/a><\/h3>\n<p>&nbsp;<\/p>\n<h3 class=\"western\" align=\"justify\">PROGRAMA\u00c7\u00c3O DO EVENTO<\/h3>\n<p>(nomes dos demais palestrantes ser\u00e3o divulgados oportunamente)<\/p>\n<h1><\/h1>\n<table width=\"922\">\n<tbody>\n<tr>\n<td width=\"123\"><strong>30\/03 <\/strong><\/p>\n<p><strong>QUINTA-FEIRA<\/strong><\/td>\n<td width=\"321\"><strong>PALESTRANTE (A SER CONFIRMADO)<\/strong><\/td>\n<td width=\"479\"><strong>TEMA DO PAINEL\/AULA<\/strong><\/td>\n<\/tr>\n<tr>\n<td width=\"123\"><strong>\u00a0<\/strong><\/p>\n<p><strong>09:00 \u00e0s 10:00<\/strong><\/p>\n<p><strong>\u00a0<\/strong><\/td>\n<td width=\"321\">Presidente da C\u00e2mara Municipal de S\u00e3o Paulo<\/p>\n<p>Prefeito do Munic\u00edpio de S\u00e3o Paulo<\/p>\n<p>Presidente do Tribunal de Contas do Munic\u00edpio de S\u00e3o Paulo<\/p>\n<p>Conselheiro Dirigente da Escola de Contas do TCM<\/p>\n<p>Secret\u00e1ria Municipal de Gest\u00e3o<\/p>\n<p>Procuradora Geral do Munic\u00edpio de S\u00e3o Paulo<\/p>\n<p>Procurador Geral de Justi\u00e7a<\/p>\n<p>Procurador-Geral da C\u00e2mara Municipal de S\u00e3o Paulo<\/td>\n<td width=\"479\">Mesa de abertura<\/p>\n<h3 style=\"text-align: center\">Clique <a href=\"https:\/\/www.youtube.com\/watch?v=o_ijX1ytqa8\">AQUI<\/a> para rever<\/h3>\n<\/td>\n<\/tr>\n<tr>\n<td width=\"123\"><strong>10:00 \u00e0s 11:30<\/strong><\/td>\n<td width=\"321\">Professor Pedro Serrano<\/p>\n<p>Professora Irene Patr\u00edcia Diom Nohara<\/p>\n<p>Mediador: Procurador-Geral da C\u00e2mara Municipal de S\u00e3o Paulo Paulo Baccarin<\/p>\n<p>&nbsp;<\/td>\n<td width=\"479\">Panorama sobre a nova Lei de Licita\u00e7\u00f5es n\u00ba 14.133\/21.<\/p>\n<p>Desafios da Administra\u00e7\u00e3o P\u00fablica e dos seus agentes em face da nova Lei de Licita\u00e7\u00f5es.<\/p>\n<h3 style=\"text-align: center\">Clique <a href=\"https:\/\/www.youtube.com\/watch?v=o_ijX1ytqa8\">AQUI<\/a> para rever<br \/>\n(in\u00edcio a partir de 1h30min)<\/h3>\n<\/td>\n<\/tr>\n<tr>\n<td colspan=\"3\" width=\"922\"><strong>\u00a0<\/strong><\/p>\n<p style=\"text-align: center\"><strong>ALMO\u00c7O<\/strong><\/p>\n<\/td>\n<\/tr>\n<tr>\n<td width=\"123\"><strong style=\"font-family: inherit;font-size: inherit\">13:30 \u00e0s 15:00<\/strong><\/td>\n<td width=\"321\">&nbsp;<\/p>\n<p>&nbsp;<\/p>\n<p>Procurador do Setor de Contratos e Licita\u00e7\u00f5es da C\u00e2mara Municipal de S\u00e3o Paulo &#8211; Renato Takashi Igarashi<\/p>\n<p>Carlos Eduardo de Ara\u00fajo Procurador do Setor de Contratos da C\u00e2mara Municipal de S\u00e3o Paulo<\/p>\n<p>&nbsp;<\/p>\n<p>Mediadora: Procuradora Legislativa da C\u00e2mara Municipal de S\u00e3o Paulo Ieda Maria Ferreira Pires<\/p>\n<p>&nbsp;<\/p>\n<p>&nbsp;<\/p>\n<p>&nbsp;<\/td>\n<td width=\"479\">Principais altera\u00e7\u00f5es nas contrata\u00e7\u00f5es p\u00fablicas:<\/p>\n<ul>\n<li>Plano anual de contrata\u00e7\u00f5es;<\/li>\n<li>Emendas parlamentares;<\/li>\n<li>Estudo t\u00e9cnico Preliminar;<\/li>\n<li>Portal Nacional de Contrata\u00e7\u00f5es P\u00fablicas;<\/li>\n<li>Implanta\u00e7\u00e3o do programa de integridade nas contrata\u00e7\u00f5es de grande vulto.<\/li>\n<\/ul>\n<p>Provid\u00eancias adotadas na CMSP em face \u00e0 nova Lei de Licita\u00e7\u00f5es:<\/p>\n<ul>\n<li>Capacita\u00e7\u00e3o mediante Grupo de Trabalho com os servidores;<\/li>\n<li>Padroniza\u00e7\u00e3o das minutas de editais;<\/li>\n<li>Aprimoramento das minutas de contratos administrativos<\/li>\n<\/ul>\n<h3 style=\"text-align: center\">Clique <a href=\"https:\/\/www.youtube.com\/watch?v=BKZdXV2mVRo\">AQUI<\/a> para rever<\/h3>\n<\/td>\n<\/tr>\n<tr>\n<td colspan=\"3\" width=\"922\"><strong>\u00a0<\/strong><\/p>\n<p style=\"text-align: center\"><strong>INTERVALO PARA CAF\u00c9<\/strong><\/p>\n<\/td>\n<\/tr>\n<tr>\n<td width=\"123\"><strong>15:30 \u00e0s 17:00<\/strong><\/p>\n<p><strong>\u00a0<\/strong><\/td>\n<td width=\"321\">Procurador do Munic\u00edpio de S\u00e3o Paulo \u00a0Rodrigo Miragaya<\/p>\n<p>Procurador do Munic\u00edpio de S\u00e3o Paulo F\u00e1bio Santana<\/p>\n<p>&nbsp;<\/p>\n<p>Mediador: Procurados do Munic\u00edpio de S\u00e3o Paulo e Presidente da Associa\u00e7\u00e3o dos Procuradores Municipais Marcos Geraldo Batistela<\/p>\n<p>&nbsp;<\/p>\n<p>&nbsp;<\/td>\n<td width=\"479\">A compatibilidade da legisla\u00e7\u00e3o municipal com a nova Lei de Licita\u00e7\u00f5es e as eventuais altera\u00e7\u00f5es necess\u00e1rias para adequar esse ordenamento ao novo marco normativo federal.<\/p>\n<p>&nbsp;<\/p>\n<p>Governan\u00e7a na nova vis\u00e3o de contrata\u00e7\u00e3o p\u00fablica &#8211; Papel da Alta Administra\u00e7\u00e3o<br \/>\nContratos P\u00fablicos \u2013 vig\u00eancia; gest\u00e3o de riscos identificados.<br \/>\nDiferencia\u00e7\u00e3o entre fiscaliza\u00e7\u00e3o e gest\u00e3o dos contratos.<br \/>\nA import\u00e2ncia da fiscaliza\u00e7\u00e3o dos contratos<\/p>\n<h3 style=\"text-align: center\">Clique <a href=\"https:\/\/www.youtube.com\/watch?v=BKZdXV2mVRo\">AQUI<\/a> para rever<br \/>\n(in\u00edcio a partir de 2h02min)<\/h3>\n<\/td>\n<\/tr>\n<\/tbody>\n<\/table>\n<p>&nbsp;<\/p>\n<p>&nbsp;<\/p>\n<p>&nbsp;<\/p>\n<table width=\"922\">\n<tbody>\n<tr>\n<td width=\"123\"><strong>31\/03<\/strong><\/p>\n<p><strong>SEXTA-FEIRA<\/strong><\/td>\n<td width=\"321\"><strong>PALESTRANTE (A SER CONFIRMADO)<\/strong><\/td>\n<td width=\"479\"><strong>TEMA DO PAINEL\/AULA<\/strong><\/td>\n<\/tr>\n<tr>\n<td width=\"123\"><strong>\u00a0<\/strong><\/p>\n<p><strong>09:00 \u00e0s 11:00<\/strong><\/p>\n<p><strong>\u00a0<\/strong><\/td>\n<td width=\"321\">Secret\u00e1ria Municipal de Gest\u00e3o Marcela Arruda<\/p>\n<p>Procurador do Munic\u00edpio Cristiano Barbirato &#8211;\u00a0\u00a0<span style=\"font-style: inherit;font-weight: inherit\" data-ogsc=\"black\">\u00a0<\/span><\/p>\n<p data-ogsb=\"white\"><span style=\"font-style: inherit;font-weight: inherit\" data-ogsc=\"rgb(51, 51, 51)\">Coordenadora COBES Mirian Furtado \u00a0<\/span><\/p>\n<p>Mediador Procuradora Supervisora do Setor de Pesquisa da C\u00e2mara Municipal de S\u00e3o Paulo\u00a0 Juliana Trindade<\/td>\n<td width=\"479\">Exposi\u00e7\u00e3o sobre a experi\u00eancia de implanta\u00e7\u00e3o das novas normas de contrata\u00e7\u00e3o p\u00fablica<\/p>\n<h3 style=\"text-align: center\">Clique <a href=\"https:\/\/www.youtube.com\/watch?v=jlmbfIM_O-A&amp;t=1397s\">AQUI<\/a> para rever<\/h3>\n<\/td>\n<\/tr>\n<tr>\n<td width=\"123\"><strong>\u00a0<\/strong><\/p>\n<p><strong>\u00a0<\/strong><\/p>\n<p><strong>11:00 \u00e0s 12:00<\/strong><\/td>\n<td width=\"321\">Juiz de Direito Alexandre Jorge Carneiro da Cunha Filho<\/p>\n<p>Mediador(a): Julio de Souza Comparini<\/p>\n<p>Dra Fernanda Ghiuro Valentini Fritoli<\/td>\n<td width=\"479\">Lei n\u00ba 14.133\/2021<\/p>\n<p>Lei\u00a0 maximalista<\/p>\n<p>Combina\u00e7\u00e3o com a Lei 8.666\/93 e Leis posteriores<\/p>\n<p>Planejamento<\/p>\n<p>Transpar\u00eancia<\/p>\n<p>Cl\u00e1usulas exorbitantes<\/p>\n<h3 style=\"text-align: center\">Clique <a href=\"https:\/\/www.youtube.com\/watch?v=jlmbfIM_O-A&amp;t=1397s\">AQUI<\/a> para rever<br \/>\n(in\u00edcio a partir de 1h58min)<\/h3>\n<\/td>\n<\/tr>\n<tr>\n<td colspan=\"3\" width=\"922\"><strong>\u00a0<\/strong><\/p>\n<p style=\"text-align: center\"><strong>ALMO\u00c7O<\/strong><\/p>\n<\/td>\n<\/tr>\n<tr>\n<td width=\"123\"><strong>13:30 \u00e0s 14:30<\/strong><\/td>\n<td width=\"321\">&nbsp;<\/p>\n<p>&nbsp;<\/p>\n<p>Lucas Cherem de Camargo Rodrigues \u2013 Manesco, Ramires, Perez, Azevedo Marques Sociedade de Advogados<\/p>\n<p>Mediador: Procuradora Supervisora do Setor de Elabora\u00e7\u00e3o Legislativa Juliana Tongu Reinhold-<\/p>\n<p>Ricardo Corazza Cury \u2013 Cury e Augusto Neves advogados<\/p>\n<p>&nbsp;<\/td>\n<td width=\"479\">&nbsp;<\/p>\n<p>Perspectivas da iniciativa privada com as novas regras de contrata\u00e7\u00e3o p\u00fablica<\/p>\n<h3 style=\"text-align: center\">Clique <a href=\"https:\/\/www.youtube.com\/watch?v=LSMMAmEOlk4\">AQUI<\/a> para rever<\/h3>\n<\/td>\n<\/tr>\n<tr>\n<td width=\"123\"><strong>\u00a0<\/strong><\/p>\n<p><strong>14:30 \u00e0s 15:30<\/strong><\/p>\n<p><strong>\u00a0<\/strong><\/td>\n<td width=\"321\">&nbsp;<\/p>\n<p>Procurador da Assembleia Legislativa do Estado de S\u00e3o Paulo Juliano Henrique da Cruz Cereijido<\/p>\n<p>Procuradora da Assembleia Legislativa do Estado de S\u00e3o Paulo Luciana dos Santos Correa Carvalho<\/p>\n<p>Procuradora da Assembleia Legislativa do Estado de S\u00e3o Paulo Carolina Canniatti Ponchio<\/p>\n<p>Mediadora &#8211;\u00a0 Procuradora Supervisora do Setor Jur\u00eddico-Administrativo da C\u00e2mara Municipal de S\u00e3o Paulo \u00c9rica Corr\u00eaa Bartalini de Ara\u00fajo<\/td>\n<td width=\"479\">Atua\u00e7\u00e3o do advogado p\u00fablico: responsabilidades e garantias<\/p>\n<h3 style=\"text-align: center\">Clique <a href=\"https:\/\/www.youtube.com\/watch?v=LSMMAmEOlk4\">AQUI<\/a> para rever<br \/>\n(in\u00edcio a partir de 1h10min)<\/h3>\n<\/td>\n<\/tr>\n<tr>\n<td colspan=\"3\" width=\"922\"><strong>\u00a0<\/strong><\/p>\n<p style=\"text-align: center\"><strong>INTERVALO PARA CAF\u00c9<\/strong><\/p>\n<\/td>\n<\/tr>\n<tr>\n<td width=\"123\"><strong>15:45 \u00e0s 17:00<\/strong><\/p>\n<p><strong>\u00a0<\/strong><\/td>\n<td width=\"321\">Auditora de Controle Externo TCMSP Daiesse Jaala Bomfim<\/p>\n<p>Auditor de Controle Externo TCMSP Valdir Godoi Buqui Netto<\/p>\n<p>Assessor Jur\u00eddico TCMSP Silvio Serrano<\/p>\n<p>Mediador:\u00a0 Ricardo Panato &#8211; Diretor Presidente da Escola Superior de Gest\u00e3o e Contas P\u00fablicas<\/p>\n<p>&nbsp;<\/td>\n<td width=\"479\">Do Controle das Contrata\u00e7\u00f5es sob a \u00f3tica da Nova Lei de Licita\u00e7\u00f5es &#8211; Lei 14.133\/21<\/p>\n<ul>\n<li>Prerrogativas do Controle na Nova Lei de Licita\u00e7\u00f5es;<\/li>\n<li>Linhas de Defesa na Nova Lei de Licita\u00e7\u00f5es<\/li>\n<li>Crit\u00e9rios para Fiscaliza\u00e7\u00e3o\/Sele\u00e7\u00e3o de Objetos<\/li>\n<li>Vincula\u00e7\u00e3o entre a Nova Lei de Licita\u00e7\u00f5es e a LINDB.<\/li>\n<li>Saneamento de Irregularidades<\/li>\n<li>San\u00e7\u00f5es Administrativas previstas na Nova Lei<\/li>\n<li>Participa\u00e7\u00e3o Social e Transpar\u00eancia na Nova Lei de Licita\u00e7\u00f5es<\/li>\n<\/ul>\n<h3 style=\"text-align: center\">Clique <a href=\"https:\/\/www.youtube.com\/watch?v=LSMMAmEOlk4\">AQUI<\/a> para rever<br \/>\n(in\u00edcio a partir de 2h19min)<\/h3>\n<\/td>\n<\/tr>\n<\/tbody>\n<\/table>\n<p>&nbsp;<\/p>\n<p>&nbsp;<\/p>\n<p>&nbsp;<\/p>\n","protected":false},"excerpt":{"rendered":"<p>DIRETOR RESPONS\u00c1VEL Prof. Gustavo Costa Dias &#8211; Diretor Acad\u00eamico da Escola do Parlamento COORDENA\u00c7\u00c3O Dr. Paulo Augusto Baccarin &#8211; Procurador-Geral Legislativo da C\u00e2mara Municipal de S\u00e3o Paulo Dr. M\u00e1rio S\u00e9rgio Maschietto &#8211; Secret\u00e1rio Geral Administrativo da C\u00e2mara Municipal de S\u00e3o Paulo Dra. Ieda Maria Ferreira Pires &#8211; Procuradora Legislativa da C\u00e2mara Municipal de S\u00e3o Paulo [&hellip;]<\/p>\n","protected":false},"author":745,"featured_media":0,"parent":28305,"menu_order":81,"comment_status":"closed","ping_status":"closed","template":"","meta":{"_acf_changed":false,"footnotes":""},"class_list":["post-28281","page","type-page","status-publish","hentry"],"acf":[],"_links":{"self":[{"href":"https:\/\/www.saopaulo.sp.leg.br\/escoladoparlamento\/wp-json\/wp\/v2\/pages\/28281","targetHints":{"allow":["GET"]}}],"collection":[{"href":"https:\/\/www.saopaulo.sp.leg.br\/escoladoparlamento\/wp-json\/wp\/v2\/pages"}],"about":[{"href":"https:\/\/www.saopaulo.sp.leg.br\/escoladoparlamento\/wp-json\/wp\/v2\/types\/page"}],"author":[{"embeddable":true,"href":"https:\/\/www.saopaulo.sp.leg.br\/escoladoparlamento\/wp-json\/wp\/v2\/users\/745"}],"replies":[{"embeddable":true,"href":"https:\/\/www.saopaulo.sp.leg.br\/escoladoparlamento\/wp-json\/wp\/v2\/comments?post=28281"}],"version-history":[{"count":0,"href":"https:\/\/www.saopaulo.sp.leg.br\/escoladoparlamento\/wp-json\/wp\/v2\/pages\/28281\/revisions"}],"up":[{"embeddable":true,"href":"https:\/\/www.saopaulo.sp.leg.br\/escoladoparlamento\/wp-json\/wp\/v2\/pages\/28305"}],"wp:attachment":[{"href":"https:\/\/www.saopaulo.sp.leg.br\/escoladoparlamento\/wp-json\/wp\/v2\/media?parent=28281"}],"curies":[{"name":"wp","href":"https:\/\/api.w.org\/{rel}","templated":true}]}}