{"id":2790,"date":"2016-02-02T13:54:52","date_gmt":"2016-02-02T15:54:52","guid":{"rendered":"http:\/\/www.saopaulo.sp.leg.br\/escoladoparlamento\/?page_id=2790"},"modified":"2017-07-10T19:01:15","modified_gmt":"2017-07-10T22:01:15","slug":"introducao-ao-direito-constitucional","status":"publish","type":"page","link":"https:\/\/www.saopaulo.sp.leg.br\/escoladoparlamento\/cursos\/cursos-anteriores\/cursos-realizados-em-2016\/introducao-ao-direito-constitucional\/","title":{"rendered":"Introdu\u00e7\u00e3o ao Direito Constitucional"},"content":{"rendered":"<p><iframe loading=\"lazy\" title=\"Escola do Parlamento d\u00e1 in\u00edcio a curso sobre direito constitucional\" width=\"640\" height=\"480\" src=\"https:\/\/www.youtube.com\/embed\/hHDJuJk4_CU?feature=oembed\" frameborder=\"0\" allow=\"accelerometer; autoplay; clipboard-write; encrypted-media; gyroscope; picture-in-picture; web-share\" referrerpolicy=\"strict-origin-when-cross-origin\" allowfullscreen><\/iframe><\/p>\n<hr \/>\n<p>Parceria da Escola do Parlamento com o Centro de Estudos Jur\u00eddicos (CEJUR) da Procuradoria Geral do Munic\u00edpio de S\u00e3o Paulo.<\/p>\n<p><strong>Objetivos:<\/strong> Ensinar conceitos b\u00e1sicos sobre a organiza\u00e7\u00e3o do Estado brasileiro, o sistema eleitoral e a fun\u00e7\u00e3o dos Poderes Executivo, Legislativo e Judici\u00e1rio. Apresentar aos cidad\u00e3os n\u00e3o familiarizados com a linguagem jur\u00eddica o que s\u00e3o temas constitucionais, diferenciando legisla\u00e7\u00e3o constitucional de legisla\u00e7\u00e3o infraconstitucional e abordando temas centrais tratados pela constitui\u00e7\u00e3o brasileira.<\/p>\n<p><strong>Diretor Respons\u00e1vel:<\/strong> Lara Mesquita Ramos<\/p>\n<p><strong>Coordenador:<\/strong> Tatiana Seferjan (CEJUR)<\/p>\n<p><strong>Justificativa:<\/strong> Curso inserido no Eixo Estado, Institui\u00e7\u00f5es e Democracia e Participa\u00e7\u00e3o Social da Escola do Parlamento, que pretende traduzir aos cidad\u00e3os comuns, n\u00e3o familiarizados com a linguagem jur\u00eddica, alguns temas abordados pela constitui\u00e7\u00e3o brasileira.<\/p>\n<p><strong>P\u00fablico Alvo:<\/strong> Servidores P\u00fablicos, Conselheiros, membros da sociedade civil organizada, estudantes e mun\u00edcipes em geral interessados no tema.<\/p>\n<p><strong>Vagas:<\/strong> 60<\/p>\n<p><strong>Carga Hor\u00e1ria:<\/strong> 21h<\/p>\n<p><strong>Inscri\u00e7\u00f5es:<\/strong>\u00a0Encerradas.<\/p>\n<p><strong>Programa\u00e7\u00e3o: <span style=\"color: #800000\">ATEN\u00c7\u00c3O PARA ALTERA\u00c7\u00d5ES DE DATA DAS TR\u00caS \u00daLTIMAS AULAS.<\/span><\/strong><\/p>\n<table>\n<tbody>\n<tr>\n<td><strong>Data<\/strong><\/td>\n<td><strong>Hora<\/strong><\/td>\n<td><strong>Local<\/strong><\/td>\n<td><strong>Palestrante<\/strong><\/td>\n<td><strong>Tema<\/strong><\/td>\n<\/tr>\n<tr>\n<td><strong>23\/02<\/strong><\/td>\n<td>19h-22h<\/td>\n<td><a href=\"http:\/\/www.saopaulo.sp.leg.br\/transparencia\/auditorios-online\/sala-oscar-pedroso-horta-sala-b\/\">Oscar Pedroso Horta<\/a><\/td>\n<td>Tatiana Robles Seferjan<\/td>\n<td><em>Organiza\u00e7\u00e3o do Estado e Constitui\u00e7\u00e3o<\/em> (<a href=\"http:\/\/www.planalto.gov.br\/ccivil_03\/Constituicao\/ConstituicaoCompilado.htm\">CF Arts. 18-30<\/a>) [<a href=\"http:\/\/camarasp.flashserverbr.com\/20474\">Parte 1<\/a>] [<a href=\"http:\/\/camarasp.flashserverbr.com\/20476\">Parte 2<\/a>]<\/td>\n<\/tr>\n<tr>\n<td><strong>25\/02<\/strong><\/td>\n<td>19h-22h<\/td>\n<td><a href=\"http:\/\/www.saopaulo.sp.leg.br\/transparencia\/auditorios-online\/auditorio-prestes-maia\/\">Audit\u00f3rio Prestes Maia (Plenarinho)<\/a><\/td>\n<td>Luciana Russo<\/td>\n<td><em>Constitui\u00e7\u00e3o Federal de 1988<\/em> (<a href=\"http:\/\/www.planalto.gov.br\/ccivil_03\/Constituicao\/ConstituicaoCompilado.htm\">CF Arts. 29-69<\/a>) [<a href=\"http:\/\/camarasp.flashserverbr.com\/20506\">V\u00eddeo<\/a>]<\/td>\n<\/tr>\n<tr>\n<td><strong>01\/03<\/strong><\/td>\n<td>19h-22h<\/td>\n<td><a href=\"http:\/\/www.saopaulo.sp.leg.br\/transparencia\/auditorios-online\/auditorio-prestes-maia\/\">Audit\u00f3rio Prestes Maia (Plenarinho)<\/a><\/td>\n<td>Waltirene dos Santos Tavares Costa<\/td>\n<td><em>Poder Executivo e Poder Legislativo<\/em> (<a href=\"http:\/\/www.planalto.gov.br\/ccivil_03\/Constituicao\/ConstituicaoCompilado.htm\">CF Arts. 44-58 e 76-84<\/a>) [<a href=\"http:\/\/camarasp.flashserverbr.com\/20565\">Parte 1<\/a>] [<a href=\"http:\/\/camarasp.flashserverbr.com\/20568\">Parte 2<\/a>]<\/td>\n<\/tr>\n<tr>\n<td><strong>03\/03<\/strong><\/td>\n<td>19h-22h<\/td>\n<td><a href=\"http:\/\/www.saopaulo.sp.leg.br\/transparencia\/auditorios-online\/sala-sergio-vieira-de-mello-sala\/\">Sala S\u00e9rgio Vieira de Mello<\/a><\/td>\n<td>Tatiana Robles Seferjan<\/td>\n<td><em>Impeachment<\/em> (<a href=\"http:\/\/www.planalto.gov.br\/ccivil_03\/Constituicao\/ConstituicaoCompilado.htm\">CF Arts. 85-86<\/a>) [<a href=\"http:\/\/camarasp.flashserverbr.com\/21575\">V\u00eddeo<\/a>]<\/td>\n<\/tr>\n<tr>\n<td><strong>10\/03<\/strong><\/td>\n<td>19h-22h<\/td>\n<td><a href=\"http:\/\/www.saopaulo.sp.leg.br\/transparencia\/auditorios-online\/auditorio-prestes-maia\/\">Audit\u00f3rio Prestes Maia (Plenarinho)<\/a><\/td>\n<td>Alexandre Carneiro Cunha<\/td>\n<td><em>Poder Judici\u00e1rio<\/em> (<a href=\"http:\/\/www.planalto.gov.br\/ccivil_03\/Constituicao\/ConstituicaoCompilado.htm\">CF Arts. 92-126<\/a>) [<a href=\"http:\/\/camarasp.flashserverbr.com\/20690\">V\u00eddeo<\/a>]<\/td>\n<\/tr>\n<tr>\n<td><strong>15\/03<\/strong><\/td>\n<td>19h-22h<\/td>\n<td><a href=\"http:\/\/www.saopaulo.sp.leg.br\/transparencia\/auditorios-online\/sala-sergio-vieira-de-mello-sala\/\">Sala S\u00e9rgio Vieira de Mello<\/a><\/td>\n<td>Carlos Figueiredo Mour\u00e3o<\/td>\n<td><em>Fun\u00e7\u00f5es essenciais \u00e0 justi\u00e7a<\/em> (<a href=\"http:\/\/www.planalto.gov.br\/ccivil_03\/Constituicao\/ConstituicaoCompilado.htm\">CF Arts. 127-135<\/a>) [<a href=\"http:\/\/camarasp.flashserverbr.com\/20744\">Parte 1<\/a>] [<a href=\"http:\/\/camarasp.flashserverbr.com\/20746\">Parte 2<\/a>]<\/td>\n<\/tr>\n<tr>\n<td><strong>17\/03<\/strong><\/td>\n<td>19h-22h<\/td>\n<td><a href=\"http:\/\/www.saopaulo.sp.leg.br\/transparencia\/auditorios-online\/sala-sergio-vieira-de-mello-sala\/\">Sala S\u00e9rgio Vieira de Mello<\/a><\/td>\n<td>Tatiana Robles Seferjan<\/td>\n<td><em>Direitos fundamentais<\/em> (<a href=\"http:\/\/www.planalto.gov.br\/ccivil_03\/Constituicao\/ConstituicaoCompilado.htm\">CF Arts. 5\u00ba-6\u00ba<\/a>) [<a href=\"http:\/\/camarasp.flashserverbr.com\/20794\">Introdu\u00e7\u00e3o<\/a>] [<a href=\"http:\/\/camarasp.flashserverbr.com\/20795\">Parte 1<\/a>] [<a href=\"http:\/\/camarasp.flashserverbr.com\/20796\">Parte 2<\/a>]<\/td>\n<\/tr>\n<\/tbody>\n<\/table>\n<h6>Programa\u00e7\u00e3o sujeita \u00e0 altera\u00e7\u00e3o.<\/h6>\n","protected":false},"excerpt":{"rendered":"<p>Parceria da Escola do Parlamento com o Centro de Estudos Jur\u00eddicos (CEJUR) da Procuradoria Geral do Munic\u00edpio de S\u00e3o Paulo. Objetivos: Ensinar conceitos b\u00e1sicos sobre a organiza\u00e7\u00e3o do Estado brasileiro, o sistema eleitoral e a fun\u00e7\u00e3o dos Poderes Executivo, Legislativo e Judici\u00e1rio. Apresentar aos cidad\u00e3os n\u00e3o familiarizados com a linguagem jur\u00eddica o que s\u00e3o temas [&hellip;]<\/p>\n","protected":false},"author":127,"featured_media":0,"parent":3097,"menu_order":649,"comment_status":"closed","ping_status":"closed","template":"","meta":{"_acf_changed":false,"footnotes":""},"class_list":["post-2790","page","type-page","status-publish","hentry"],"acf":[],"_links":{"self":[{"href":"https:\/\/www.saopaulo.sp.leg.br\/escoladoparlamento\/wp-json\/wp\/v2\/pages\/2790","targetHints":{"allow":["GET"]}}],"collection":[{"href":"https:\/\/www.saopaulo.sp.leg.br\/escoladoparlamento\/wp-json\/wp\/v2\/pages"}],"about":[{"href":"https:\/\/www.saopaulo.sp.leg.br\/escoladoparlamento\/wp-json\/wp\/v2\/types\/page"}],"author":[{"embeddable":true,"href":"https:\/\/www.saopaulo.sp.leg.br\/escoladoparlamento\/wp-json\/wp\/v2\/users\/127"}],"replies":[{"embeddable":true,"href":"https:\/\/www.saopaulo.sp.leg.br\/escoladoparlamento\/wp-json\/wp\/v2\/comments?post=2790"}],"version-history":[{"count":0,"href":"https:\/\/www.saopaulo.sp.leg.br\/escoladoparlamento\/wp-json\/wp\/v2\/pages\/2790\/revisions"}],"up":[{"embeddable":true,"href":"https:\/\/www.saopaulo.sp.leg.br\/escoladoparlamento\/wp-json\/wp\/v2\/pages\/3097"}],"wp:attachment":[{"href":"https:\/\/www.saopaulo.sp.leg.br\/escoladoparlamento\/wp-json\/wp\/v2\/media?parent=2790"}],"curies":[{"name":"wp","href":"https:\/\/api.w.org\/{rel}","templated":true}]}}