{"id":2787,"date":"2016-02-02T11:29:40","date_gmt":"2016-02-02T13:29:40","guid":{"rendered":"http:\/\/www.saopaulo.sp.leg.br\/escoladoparlamento\/?page_id=2787"},"modified":"2017-07-11T13:34:52","modified_gmt":"2017-07-11T16:34:52","slug":"seminario-transporte-publico-e-transporte-nao-motorizado","status":"publish","type":"page","link":"https:\/\/www.saopaulo.sp.leg.br\/escoladoparlamento\/cursos\/cursos-anteriores\/cursos-realizados-em-2016\/seminario-transporte-publico-e-transporte-nao-motorizado\/","title":{"rendered":"Transporte Coletivo e N\u00e3o Motorizado"},"content":{"rendered":"<p><iframe loading=\"lazy\" title=\"Escola do Parlamento inicia curso sobre mobilidade urbana\" width=\"640\" height=\"480\" src=\"https:\/\/www.youtube.com\/embed\/gtHit_vLETA?feature=oembed\" frameborder=\"0\" allow=\"accelerometer; autoplay; clipboard-write; encrypted-media; gyroscope; picture-in-picture; web-share\" referrerpolicy=\"strict-origin-when-cross-origin\" allowfullscreen><\/iframe><\/p>\n<p><iframe loading=\"lazy\" title=\"Escola do Parlamento debate mobilidade urbana\" width=\"640\" height=\"480\" src=\"https:\/\/www.youtube.com\/embed\/rWTfr-jTdeM?feature=oembed\" frameborder=\"0\" allow=\"accelerometer; autoplay; clipboard-write; encrypted-media; gyroscope; picture-in-picture; web-share\" referrerpolicy=\"strict-origin-when-cross-origin\" allowfullscreen><\/iframe><\/p>\n<hr \/>\n<figure id=\"attachment_2821\" aria-describedby=\"caption-attachment-2821\" style=\"width: 272px\" class=\"wp-caption alignright\"><a href=\"www.cebrap.org.br\/\" rel=\"attachment wp-att-2821\"><img loading=\"lazy\" decoding=\"async\" class=\"wp-image-2821 size-medium\" src=\"http:\/\/www.saopaulo.sp.leg.br\/escoladoparlamento\/wp-content\/uploads\/sites\/5\/2016\/02\/Fundo_branco-272x300.jpg\" alt=\"Fundo_branco\" width=\"272\" height=\"300\" srcset=\"https:\/\/www.saopaulo.sp.leg.br\/escoladoparlamento\/wp-content\/uploads\/sites\/5\/2016\/02\/Fundo_branco-272x300.jpg 272w, https:\/\/www.saopaulo.sp.leg.br\/escoladoparlamento\/wp-content\/uploads\/sites\/5\/2016\/02\/Fundo_branco-768x848.jpg 768w, https:\/\/www.saopaulo.sp.leg.br\/escoladoparlamento\/wp-content\/uploads\/sites\/5\/2016\/02\/Fundo_branco-927x1024.jpg 927w, https:\/\/www.saopaulo.sp.leg.br\/escoladoparlamento\/wp-content\/uploads\/sites\/5\/2016\/02\/Fundo_branco.jpg 1695w\" sizes=\"auto, (max-width: 272px) 100vw, 272px\" \/><\/a><figcaption id=\"caption-attachment-2821\" class=\"wp-caption-text\">Este semin\u00e1rio \u00e9 uma parceria com o N\u00facleo de Desenvolvimento do Centro Brasileiro de An\u00e1lise e Planejamento<\/figcaption><\/figure>\n<p><strong>Objetivos:<\/strong> Refletir junto aos gestores p\u00fablicos, estudiosos da cidade, sociedade civil organizada e mun\u00edcipes os desafios e as alternativas de locomo\u00e7\u00e3o dentro da metr\u00f3pole paulistana. Se deslocar entre as regi\u00f5es da cidade \u00e9 um tema caro e central na vida dos habitantes de uma cidade de dimens\u00f5es t\u00e3o grandes como S\u00e3o Paulo. Como garantir acesso a transporte p\u00fablico e n\u00e3o motorizado com qualidade, seguran\u00e7a e integra\u00e7\u00e3o entre diversos modais, tornando a cidade um lugar mais agrad\u00e1vel para se viver, democratizando o acesso \u00e0 cidade e diminuindo o tempo e o custo de locomo\u00e7\u00e3o na capital paulista.<\/p>\n<p><strong>Diretor Respons\u00e1vel:<\/strong> Christy Ganzert Pato<\/p>\n<p><strong>Coordenador:<\/strong> Victor Callil<\/p>\n<p><strong>P\u00fablico Alvo:<\/strong> Gestores p\u00fablicos, membros da sociedade civil organizada e mun\u00edcipes interessados.<\/p>\n<p><strong>Vagas:<\/strong> 100<\/p>\n<p><strong>Carga Hor\u00e1ria:<\/strong>\u00a03h<\/p>\n<p><strong>Per\u00edodo de Inscri\u00e7\u00e3o:<\/strong> De 03\/02 at\u00e9 16\/02\/2016<\/p>\n<p><strong>Dia 17\/02:<\/strong> Encerradas.<\/p>\n<p><strong>Dia 18\/02:<\/strong> Encerradas.<\/p>\n<p><strong>Programa\u00e7\u00e3o:<\/strong><\/p>\n<table>\n<tbody>\n<tr>\n<td><strong>Data<\/strong><\/td>\n<td><strong>Hora<\/strong><\/td>\n<td><strong>Sala<\/strong><\/td>\n<td><strong>Palestrante<\/strong><\/td>\n<td><strong>Tema da palestra\/aula<\/strong><\/td>\n<\/tr>\n<tr>\n<td><strong>17\/02<\/strong><\/td>\n<td>19h \u2013 22h<\/td>\n<td><a href=\"http:\/\/www.saopaulo.sp.leg.br\/transparencia\/auditorios-online\/sala-sergio-vieira-de-mello-sala\/\">Sala S\u00e9rgio Vieira de Mello<\/a><\/td>\n<td>Ciro Biderman (SPTrans)<\/p>\n<p>Marcos Campos (USP)<\/p>\n<p>Carlos Henrique Ribeiro de Carvalho (IPEA)<\/p>\n<p><strong>Media\u00e7\u00e3o<\/strong>\u00a0&#8211;\u00a0Carlos Eduardo Torres Freire (CEBRAP)<\/td>\n<td><a href=\"http:\/\/camarasp.flashserverbr.com\/20427\"><em>Transporte P\u00fablico: quest\u00f5es e desafios<\/em><\/a><\/td>\n<\/tr>\n<tr>\n<td><strong>18\/02<\/strong><\/td>\n<td>19h \u2013 22h<\/td>\n<td><a href=\"http:\/\/www.saopaulo.sp.leg.br\/transparencia\/auditorios-online\/sala-sergio-vieira-de-mello-sala\/\">Sala S\u00e9rgio Vieira de Mello<\/a><\/td>\n<td>Suzana Nogueira (CET)<\/p>\n<p>Roberson Miguel (Ciclocidades) <a href=\"http:\/\/www.saopaulo.sp.leg.br\/escoladoparlamento\/wp-content\/uploads\/sites\/5\/2016\/02\/Roberson_Semin\u00e1rios-\u201cTransporte-P\u00fablico-quest\u00f5es-e-desafios\u201d-e-\u201cTransporte-n\u00e3o-motorizado-Mobilidade-por-bicicleta\u201d.pdf\" rel=\"\"><strong>[Apresenta\u00e7\u00e3o]<\/strong><\/a><\/p>\n<p>Victor Callil (Cebrap)<\/p>\n<p><strong>Media\u00e7\u00e3o<\/strong>\u00a0&#8211;\u00a0Maria Carolina Oliveira (CEBRAP)<\/td>\n<td><a href=\"http:\/\/camarasp.flashserverbr.com\/20442\"><em>Transporte n\u00e3o motorizado: Mobilidade por bicicleta<\/em><\/a><\/td>\n<\/tr>\n<\/tbody>\n<\/table>\n<h6>Programa\u00e7\u00e3o sujeita \u00e0 altera\u00e7\u00e3o.<\/h6>\n","protected":false},"excerpt":{"rendered":"<p>Objetivos: Refletir junto aos gestores p\u00fablicos, estudiosos da cidade, sociedade civil organizada e mun\u00edcipes os desafios e as alternativas de locomo\u00e7\u00e3o dentro da metr\u00f3pole paulistana. Se deslocar entre as regi\u00f5es da cidade \u00e9 um tema caro e central na vida dos habitantes de uma cidade de dimens\u00f5es t\u00e3o grandes como S\u00e3o Paulo. Como garantir acesso [&hellip;]<\/p>\n","protected":false},"author":127,"featured_media":0,"parent":3097,"menu_order":646,"comment_status":"closed","ping_status":"closed","template":"","meta":{"_acf_changed":false,"footnotes":""},"class_list":["post-2787","page","type-page","status-publish","hentry"],"acf":[],"_links":{"self":[{"href":"https:\/\/www.saopaulo.sp.leg.br\/escoladoparlamento\/wp-json\/wp\/v2\/pages\/2787","targetHints":{"allow":["GET"]}}],"collection":[{"href":"https:\/\/www.saopaulo.sp.leg.br\/escoladoparlamento\/wp-json\/wp\/v2\/pages"}],"about":[{"href":"https:\/\/www.saopaulo.sp.leg.br\/escoladoparlamento\/wp-json\/wp\/v2\/types\/page"}],"author":[{"embeddable":true,"href":"https:\/\/www.saopaulo.sp.leg.br\/escoladoparlamento\/wp-json\/wp\/v2\/users\/127"}],"replies":[{"embeddable":true,"href":"https:\/\/www.saopaulo.sp.leg.br\/escoladoparlamento\/wp-json\/wp\/v2\/comments?post=2787"}],"version-history":[{"count":0,"href":"https:\/\/www.saopaulo.sp.leg.br\/escoladoparlamento\/wp-json\/wp\/v2\/pages\/2787\/revisions"}],"up":[{"embeddable":true,"href":"https:\/\/www.saopaulo.sp.leg.br\/escoladoparlamento\/wp-json\/wp\/v2\/pages\/3097"}],"wp:attachment":[{"href":"https:\/\/www.saopaulo.sp.leg.br\/escoladoparlamento\/wp-json\/wp\/v2\/media?parent=2787"}],"curies":[{"name":"wp","href":"https:\/\/api.w.org\/{rel}","templated":true}]}}