{"id":27656,"date":"2022-05-25T17:45:07","date_gmt":"2022-05-25T20:45:07","guid":{"rendered":"https:\/\/www.saopaulo.sp.leg.br\/escoladoparlamento\/?page_id=27656"},"modified":"2022-08-04T19:05:37","modified_gmt":"2022-08-04T22:05:37","slug":"politicas-publicas-de-cultura","status":"publish","type":"page","link":"https:\/\/www.saopaulo.sp.leg.br\/escoladoparlamento\/cursos\/cursos-anteriores\/cursos-realizados-em-2022\/politicas-publicas-de-cultura\/","title":{"rendered":"Pol\u00edticas P\u00fablicas de Cultura &#8211; Construindo o Plano Municipal de Cultura"},"content":{"rendered":"<p><span style=\"color: #ff0000\"><b>ATEN\u00c7\u00c3O PARA ALTERA\u00c7\u00d5ES NO CRONOGRAMA E TRANSMISS\u00c3O DAS AULAS<br \/>\n<\/b><\/span><a href=\"https:\/\/www.saopaulo.sp.leg.br\/escoladoparlamento\/wp-content\/uploads\/sites\/5\/2022\/07\/COMUNICADO.pdf\">Clique aqui para saber mais<\/a><br \/>\n<span style=\"color: #ff0000\">NOVAS DATAS 28 DE JULHO e 2 E 4 DE AGOSTO<\/span><\/p>\n<p>&nbsp;<\/p>\n<p>Como resultado de uma luta hist\u00f3rica da sociedade civil durante o per\u00edodo da redemocratiza\u00e7\u00e3o, a Constitui\u00e7\u00e3o Federal de 1988 explicitou, em seu artigo 215, o dever do Estado brasileiro de garantir o pleno exerc\u00edcio dos direitos culturais. Tal reconhecimento sinaliza um importante avan\u00e7o ao reconhecer os direitos culturais como elemento insubstitu\u00edvel e componente obrigat\u00f3rio do pacto de cidadania proposto naquela Carta.<\/p>\n<p>Dezessete anos depois, mais um avan\u00e7o importante foi conquistado: a Emenda Constitucional 48\/2005 acrescentou a esse artigo a obrigatoriedade da constru\u00e7\u00e3o e implementa\u00e7\u00e3o de um\u00a0<b>Plano Nacional de Cultura,\u00a0<\/b>instrumento articulador e orientador dos esfor\u00e7os da federa\u00e7\u00e3o brasileira nesta \u00e1rea.<\/p>\n<p>Mas as pol\u00edticas p\u00fablicas de cultura, no Brasil ainda apresentam lacunas severas e s\u00e3o atravessadas por fragilidades m\u00faltiplas que impedem uma a\u00e7\u00e3o efetivamente consistente, sustent\u00e1vel e abrangente do Estado brasileiro.\u00a0Tendo em vista esse cen\u00e1rio e a responsabilidade compartilhada pelo poder legislativo e pelo poder executivo, nos diferentes n\u00edveis da federa\u00e7\u00e3o, com a melhoria sist\u00eamica das pol\u00edticas culturais, a Escola do Parlamento prop\u00f5e nova edi\u00e7\u00e3o deste <strong>Curso de Extens\u00e3o Universit\u00e1ria<\/strong>, agora em <strong>parceria com a Secretaria de Juventude e Cultura de S\u00e3o Bernardo do Campo<\/strong>. Trata-se de um processo formativo nascido da necessidade de capacita\u00e7\u00e3o de representantes da sociedade civil, de servidores p\u00fablicos e agentes de governo &#8211; para que cada um, dentro de suas fun\u00e7\u00f5es, desenvolva um processo democr\u00e1tico e participativo na constru\u00e7\u00e3o e implanta\u00e7\u00e3o do Sistema de Pol\u00edticas Culturais do munic\u00edpio.<\/p>\n<p><b>P\u00daBLICO ALVO:\u00a0<\/b>Servidores P\u00fablicos, representantes da sociedade civil, agentes de governo &#8211; de S\u00e3o Bernardo do Campo e p\u00fablico em geral de todo o Brasil que tenha interesse pelo tema.<\/p>\n<p>&nbsp;<\/p>\n<h2><span style=\"color: #ff0000\">ATEN\u00c7\u00c3O:<\/span><\/h2>\n<p><strong>CURSO PRESENCIAL E REMOTO COM TRANSMISS\u00c3O AO VIVO PARA O YOUTUBE DA SECRETARIA DE CULTURA E JUVENTUDE DO MUNIC\u00cdPIO DE S\u00c3O BERNARDO DO CAMPO<\/strong><\/p>\n<p><b><span style=\"color: #ce0000\">VAGAS:<\/span><\/b><\/p>\n<p><b><span style=\"color: #333333\">125 &#8211; para acompanhar o CURSO PRESENCIAL<\/span><\/b><span style=\"color: #333333\">\u00a0<strong>reservadas para o p\u00fablico de S\u00e3o Bernardo do Campo.<\/strong><br \/>\n<\/span>Local &#8211; Teatro Elis Regina &#8211;\u00a0Avenida Jo\u00e3o Firmino 900 &#8211; Bairro Assun\u00e7\u00e3o, SBC &#8211;\u00a0<a href=\"https:\/\/www.google.com.br\/maps\/place\/Av.+Jo%C3%A3o+Firmino,+900+-+Assun%C3%A7%C3%A3o,+S%C3%A3o+Bernardo+do+Campo+-+SP,+09810-250\/@-23.7216543,-46.5687738,17z\/data=!3m1!4b1!4m5!3m4!1s0x94ce4164f740b36d:0x584b2278191da00f!8m2!3d-23.7216543!4d-46.5665851?hl=pt-BR&amp;authuser=0\" target=\"_blank\" rel=\"nofollow noopener noreferrer\">Clique AQUI para ver o MAPA<\/a><\/p>\n<p><b>500 &#8211; para acompanhar o CURSO ONLINE<\/b><span style=\"color: #333333\">\u00a0<strong>destinadas para o p\u00fablico em geral.<br \/>\n<a href=\"https:\/\/www.youtube.com\/c\/SecretariadeCulturaeJuventudeSBC\">https:\/\/www.youtube.com\/c\/SecretariadeCulturaeJuventudeSBC<\/a><\/strong><br \/>\n<\/span><\/p>\n<p>&nbsp;<\/p>\n<p><strong>FREQU\u00caNCIA M\u00cdNIMA E CERTIFICA\u00c7\u00c3O:<\/strong><\/p>\n<p>Se voc\u00ea adquiriu um ingresso para o <strong>CURSO PRESENCIAL<\/strong> dever\u00e1 faz\u00ea-lo deste modo em todas as aulas. Caso acompanhe alguma delas de modo ONLINE n\u00e3o ter\u00e1 a presen\u00e7a computada.<br \/>\nJ\u00e1 a <strong>aferi\u00e7\u00e3o da presen\u00e7a de quem estiver inscrito na modalidade ONLINE<\/strong> e acompanhar o curso pelo YouTube ser\u00e1 feita ap\u00f3s resposta a um formul\u00e1rio que ser\u00e1 disponibilizado no decorrer da aula e que permanecer\u00e1 aberto para resposta at\u00e9 \u00e0s 23h59min de cada noite de forma\u00e7\u00e3o.<br \/>\nRecebe o Certificado quem tiver presen\u00e7a m\u00ednima de 75% nos encontros.<\/p>\n<p>A Escola ter\u00e1 10 dias \u00fateis para disponibilizar o documento.<\/p>\n<div><\/div>\n<h3><span style=\"color: #ff0000\">CRONOGRAMA:<\/span><\/h3>\n<p>Ser\u00e3o 6 encontros de 2 horas cada, as quatro primeiras aulas \u00e0s segundas e quartas-feiras de julho, das 19h \u00e0s 21h e as duas \u00faltimas no mesmo hor\u00e1rio s\u00f3 que na ter\u00e7a e quinta da primeira semana de agosto.<\/p>\n<p><strong>AULA 1 \u2013 11\/07\/22<\/strong> &#8211; <a href=\"https:\/\/www.youtube.com\/watch?v=y3ooVXq0cRg\">assista AQUI<\/a><br \/>\n<b>Prof. Dr. Alexsandro Santos <\/b>(Escola do Parlamento)<br \/>\n\u2013 Direitos Humanos e Direitos Culturais<br \/>\n\u2013 A defini\u00e7\u00e3o de cultura enquanto foco das pol\u00edticas p\u00fablicas<br \/>\n\u2013 Aspectos da Hist\u00f3ria das Pol\u00edticas Culturais no Brasil<\/p>\n<p><b>AULA 2 \u2013 13\/07\/22 &#8211; <\/b><a href=\"https:\/\/www.youtube.com\/watch?v=rHUioep3B54\">assista AQUI<\/a><b><br \/>\n<\/b><strong>Prof. Dr. Alexsandro Santos\u00a0<\/strong>(Escola do Parlamento)<b><br \/>\n<\/b>\u2013 O Sistema Nacional de Cultura e o Plano Nacional de Cultura: passado, presente e futuro.<b><br \/>\n<\/b><\/p>\n<p><b>AULA 3 \u2013 25\/07\/22 &#8211; <\/b><a href=\"https:\/\/www.youtube.com\/watch?v=fOKBUZykfLw\">assista AQUI<\/a><b><br \/>\n<\/b><strong>Prof. Dr. Alexsandro Santos\u00a0<\/strong>(Escola do Parlamento)<br \/>\n\u2013\u00a0<span style=\"color: #333333\">Como construir um Plano Municipal de Cultura<\/span><\/p>\n<p><strong>AULA 4 \u2013 28\/07\/22 &#8211; <\/strong><a href=\"https:\/\/www.youtube.com\/watch?v=M1tRiQ8C-B8\">assista AQUI<\/a><br \/>\n<strong>Prof. Dr. Alexsandro Santos\u00a0<\/strong>(Escola do Parlamento)<br \/>\n\u2013 Monitoramento e Avalia\u00e7\u00e3o do Plano Municipal de Cultura<b><br \/>\n<\/b><\/p>\n<p><b>AULA 5 \u2013 02\/08\/22 &#8211; <\/b><a href=\"https:\/\/www.youtube.com\/watch?v=-BeqV3SaUF8\">assista AQUI<\/a><b><br \/>\n<\/b><strong>Prof. Dr. L\u00facio Nagib Bittencourt<\/strong> (UFABC)<br \/>\n\u2013 Aspectos regionais das pol\u00edticas p\u00fablicas de cultura na regi\u00e3o do Grande ABC: contribui\u00e7\u00f5es para a constru\u00e7\u00e3o dos Sistemas Municipais de Cultura<\/p>\n<p><strong>AULA 6 \u2013 04\/08\/22 &#8211; <\/strong><a href=\"https:\/\/www.youtube.com\/watch?v=iUg8Sdfa_Dg\">assista AQUI<\/a><br \/>\n<strong>Prof. Dr. L\u00facio Nagib Bittencourt<\/strong> (UFABC)<br \/>\n\u2013 A\u00e7\u00f5es p\u00fablicas culturais e vulnerabilidades urbanas: desafios e aprendizagens a partir de M\u2019Boi Mirim e regi\u00e3o<b><br \/>\n<\/b><\/p>\n","protected":false},"excerpt":{"rendered":"<p>ATEN\u00c7\u00c3O PARA ALTERA\u00c7\u00d5ES NO CRONOGRAMA E TRANSMISS\u00c3O DAS AULAS Clique aqui para saber mais NOVAS DATAS 28 DE JULHO e 2 E 4 DE AGOSTO &nbsp; Como resultado de uma luta hist\u00f3rica da sociedade civil durante o per\u00edodo da redemocratiza\u00e7\u00e3o, a Constitui\u00e7\u00e3o Federal de 1988 explicitou, em seu artigo 215, o dever do Estado brasileiro [&hellip;]<\/p>\n","protected":false},"author":522,"featured_media":0,"parent":27234,"menu_order":102,"comment_status":"closed","ping_status":"closed","template":"","meta":{"_acf_changed":false,"footnotes":""},"class_list":["post-27656","page","type-page","status-publish","hentry"],"acf":[],"_links":{"self":[{"href":"https:\/\/www.saopaulo.sp.leg.br\/escoladoparlamento\/wp-json\/wp\/v2\/pages\/27656","targetHints":{"allow":["GET"]}}],"collection":[{"href":"https:\/\/www.saopaulo.sp.leg.br\/escoladoparlamento\/wp-json\/wp\/v2\/pages"}],"about":[{"href":"https:\/\/www.saopaulo.sp.leg.br\/escoladoparlamento\/wp-json\/wp\/v2\/types\/page"}],"author":[{"embeddable":true,"href":"https:\/\/www.saopaulo.sp.leg.br\/escoladoparlamento\/wp-json\/wp\/v2\/users\/522"}],"replies":[{"embeddable":true,"href":"https:\/\/www.saopaulo.sp.leg.br\/escoladoparlamento\/wp-json\/wp\/v2\/comments?post=27656"}],"version-history":[{"count":0,"href":"https:\/\/www.saopaulo.sp.leg.br\/escoladoparlamento\/wp-json\/wp\/v2\/pages\/27656\/revisions"}],"up":[{"embeddable":true,"href":"https:\/\/www.saopaulo.sp.leg.br\/escoladoparlamento\/wp-json\/wp\/v2\/pages\/27234"}],"wp:attachment":[{"href":"https:\/\/www.saopaulo.sp.leg.br\/escoladoparlamento\/wp-json\/wp\/v2\/media?parent=27656"}],"curies":[{"name":"wp","href":"https:\/\/api.w.org\/{rel}","templated":true}]}}