{"id":27278,"date":"2022-02-18T18:45:39","date_gmt":"2022-02-18T21:45:39","guid":{"rendered":"https:\/\/www.saopaulo.sp.leg.br\/escoladoparlamento\/?page_id=27278"},"modified":"2025-02-10T11:41:50","modified_gmt":"2025-02-10T14:41:50","slug":"curso-de-aperfeicoamento-cidade-educadora","status":"publish","type":"page","link":"https:\/\/www.saopaulo.sp.leg.br\/escoladoparlamento\/pos-graduacao\/curso-de-aperfeicoamento-cidade-educadora\/","title":{"rendered":"CURSO DE APERFEI\u00c7OAMENTO \u201cCIDADE EDUCADORA: TERRIT\u00d3RIO, INTERSETORIALIDADE E TRANSDISCIPLINARIDADES\u201d."},"content":{"rendered":"<h3><a href=\"https:\/\/www.saopaulo.sp.leg.br\/escoladoparlamento\/wp-content\/uploads\/sites\/5\/2022\/02\/Logos-Cidade-Educadora-1.png\"><img loading=\"lazy\" decoding=\"async\" class=\"wp-image-27320 alignnone\" src=\"https:\/\/www.saopaulo.sp.leg.br\/escoladoparlamento\/wp-content\/uploads\/sites\/5\/2022\/02\/Logos-Cidade-Educadora-1-300x100.png\" alt=\"\" width=\"711\" height=\"237\" srcset=\"https:\/\/www.saopaulo.sp.leg.br\/escoladoparlamento\/wp-content\/uploads\/sites\/5\/2022\/02\/Logos-Cidade-Educadora-1-300x100.png 300w, https:\/\/www.saopaulo.sp.leg.br\/escoladoparlamento\/wp-content\/uploads\/sites\/5\/2022\/02\/Logos-Cidade-Educadora-1-1024x342.png 1024w, https:\/\/www.saopaulo.sp.leg.br\/escoladoparlamento\/wp-content\/uploads\/sites\/5\/2022\/02\/Logos-Cidade-Educadora-1-768x256.png 768w, https:\/\/www.saopaulo.sp.leg.br\/escoladoparlamento\/wp-content\/uploads\/sites\/5\/2022\/02\/Logos-Cidade-Educadora-1-1536x512.png 1536w, https:\/\/www.saopaulo.sp.leg.br\/escoladoparlamento\/wp-content\/uploads\/sites\/5\/2022\/02\/Logos-Cidade-Educadora-1.png 2000w\" sizes=\"auto, (max-width: 711px) 100vw, 711px\" \/><\/a><\/h3>\n<h3><span style=\"color: #ff0000\">ATEN\u00c7\u00c3O \u2013 MATR\u00cdCULAS:<\/span><\/h3>\n<p>Prazo para realiza\u00e7\u00e3o da matr\u00edcula: de 07\/04\/2022 \u00e0s 19h do dia 11\/04\/2022.<\/p>\n<ol>\n<li>Para realizar a sua matr\u00edcula voc\u00ea dever\u00e1 realizar os seguintes passos:<\/li>\n<li>Conferir em seu e-mail (endere\u00e7o fornecido na inscri\u00e7\u00e3o por voc\u00ea) se recebeu uma <strong>senha alfanum\u00e9rica<\/strong> enviada pela Escola do Parlamento<\/li>\n<li>Ter em m\u00e3os uma c\u00f3pia atualizada (dos \u00faltimos 3 meses) do seu comprovante de endere\u00e7o (em PDF)<\/li>\n<li>Ter em m\u00e3os uma foto sua em formato 3\u00d74 (em JPEG ou PNG)<\/li>\n<li>Preencher o formul\u00e1rio de confirma\u00e7\u00e3o de matr\u00edcula, <a href=\"https:\/\/forms.gle\/MxdVS8ap56r6vLi77\">CLICANDO AQUI<\/a><\/li>\n<\/ol>\n<p><mark>CASO TENHA D\u00daVIDAS OU N\u00c3O RECEBEU SUA SENHA ALFANUM\u00c9RICA, entre em contato conosco pelo e-mail <a href=\"mailto:atendimento.ep@saopaulo.sp.leg.br\">atendimento.ep@saopaulo.sp.leg.br<\/a> <\/mark><\/p>\n<p>====================<\/p>\n<h3><span style=\"color: #ff0000\"><strong>Links importantes<\/strong><\/span><\/h3>\n<p><span style=\"color: #0000ff\"><strong><a style=\"color: #0000ff\" href=\"https:\/\/www.saopaulo.sp.leg.br\/escoladoparlamento\/wp-content\/uploads\/sites\/5\/2022\/03\/Comunicado-de-Adiamento-de-Cronograma.pdf\">Comunicado de Adiamento de Cronograma<\/a><\/strong><\/span><\/p>\n<p><span style=\"color: #0000ff\"><strong><a style=\"color: #0000ff\" href=\"https:\/\/www.saopaulo.sp.leg.br\/escoladoparlamento\/wp-content\/uploads\/sites\/5\/2022\/03\/Resultado-Preliminar-Inscric\u0327o\u0303es-Deferidas.pdf\">Resultado Preliminar de Inscric\u0327o\u0303es Deferidas<\/a> <\/strong><\/span><\/p>\n<p><span style=\"color: #0000ff\"><a style=\"color: #0000ff\" href=\"https:\/\/forms.gle\/15yhp2buJyFywxL8A\"><strong>Recurso Contra Indeferimento de Inscri\u00e7\u00e3o &#8211; ENCERRADO<\/strong><\/a><\/span><\/p>\n<p><span style=\"color: #0000ff\"><strong><a style=\"color: #0000ff\" href=\"https:\/\/drive.google.com\/file\/d\/1wlgSYb1dl9GvUVnQpTbeQaZ2ZVmn0N2-\/view?usp=sharing\">Rela\u00e7\u00e3o de Recursos Contra Indeferimento de Inscri\u00e7\u00e3o Acolhidos<\/a><\/strong><\/span><\/p>\n<p><span style=\"color: #ffffff\"><strong><a style=\"color: #ffffff\" href=\"https:\/\/www.saopaulo.sp.leg.br\/escoladoparlamento\/wp-content\/uploads\/sites\/5\/2022\/04\/Lista-Final-de-Inscric\u0327o\u0303es-Deferidas-e-Convocac\u0327a\u0303o-Matri\u0301cula.pdf\"><mark>Lista Final de Inscric\u0327o\u0303es Deferidas e Convocac\u0327a\u0303o Matri\u0301cula<\/mark><\/a><\/strong><\/span><\/p>\n<p><span style=\"color: #ffffff\"><strong><a style=\"color: #ffffff\" href=\"https:\/\/forms.gle\/MxdVS8ap56r6vLi77\"><mark>Formul\u00e1rio de Confirma\u00e7\u00e3o de Matr\u00edcula<\/mark><\/a><\/strong><\/span><\/p>\n<p><a href=\"https:\/\/drive.google.com\/file\/d\/1F1_eKOLOrnKbMb6YvaikjZIMNQ2MgP1-\/view?usp=sharing\">Retifica\u00e7\u00e3o Inscri\u00e7\u00f5es Deferidas<\/a><\/p>\n<p>====================<\/p>\n<h3><strong>Documentos importantes<\/strong><\/h3>\n<p><span style=\"color: #0000ff\"><strong><a style=\"color: #0000ff\" href=\"https:\/\/www.saopaulo.sp.leg.br\/escoladoparlamento\/wp-content\/uploads\/sites\/5\/2022\/02\/Edital-EP-06.2022-Selecao-Discente-Aprofundamento-Cidade-Educadora.pdf\">\u00cdntegra do Edital<\/a><\/strong><\/span><\/p>\n<p><span style=\"color: #0000ff\"><strong><a style=\"color: #0000ff\" href=\"https:\/\/www.saopaulo.sp.leg.br\/escoladoparlamento\/wp-content\/uploads\/sites\/5\/2022\/02\/Declaracao-PG_MA_CE_01.docx\">Declara\u00e7\u00e3o de V\u00ednculo &#8211; Servidor P\u00fablico<\/a><\/strong><\/span><\/p>\n<p><span style=\"color: #0000ff\"><strong><a style=\"color: #0000ff\" href=\"https:\/\/www.saopaulo.sp.leg.br\/escoladoparlamento\/wp-content\/uploads\/sites\/5\/2022\/02\/Declaracao-PG_MA_CE_02.docx\">Declara\u00e7\u00e3o de V\u00ednculo &#8211; Trabalhador de Entidade Conveniada ou Parceira<\/a><\/strong><\/span><\/p>\n<p>====================<\/p>\n<h3><strong>Cronograma do Edital<\/strong><\/h3>\n<h5><strong>Atualizado por publica\u00e7\u00e3o feita no Di\u00e1rio Oficial da Cidade no dia 26 de mar\u00e7o<\/strong><\/h5>\n<table>\n<tbody>\n<tr>\n<td width=\"397\"><strong>EVENTO<\/strong><\/td>\n<td width=\"176\"><strong>DATA<\/strong><\/td>\n<\/tr>\n<tr>\n<td width=\"397\">Publica\u00e7\u00e3o da lista de inscri\u00e7\u00f5es deferidas<\/td>\n<td width=\"176\">\u00a029\/03\/2022<\/td>\n<\/tr>\n<tr>\n<td width=\"397\">Interposi\u00e7\u00e3o de recurso contra indeferimento de inscri\u00e7\u00e3o<\/td>\n<td width=\"176\">De 29\/03\/2022 \u00e0s 23h59 de 31\/03\/2022<\/td>\n<\/tr>\n<tr>\n<td width=\"397\">Publica\u00e7\u00e3o do resultado de recursos contra indeferimento de inscri\u00e7\u00e3o<\/td>\n<td width=\"176\">05\/04\/2022<\/td>\n<\/tr>\n<tr>\n<td width=\"397\">Sorteio p\u00fablico, se necess\u00e1rio<\/td>\n<td width=\"176\">05\/04\/2022<\/td>\n<\/tr>\n<tr>\n<td width=\"397\">Publica\u00e7\u00e3o do resultado do processo seletivo<\/td>\n<td width=\"176\">07\/04\/2022<\/td>\n<\/tr>\n<tr>\n<td width=\"397\">Per\u00edodo de matr\u00edcula<\/td>\n<td width=\"176\">De 07\/04\/2022 a 11\/04\/2022<\/td>\n<\/tr>\n<tr>\n<td width=\"397\">Convoca\u00e7\u00e3o da lista de espera, se houver<\/td>\n<td width=\"176\">13\/04\/2022<\/td>\n<\/tr>\n<tr>\n<td width=\"397\">Per\u00edodo de matr\u00edcula para convocados na lista de espera<\/td>\n<td width=\"176\">De 13\/04\/2022 a 15\/04\/2022<\/td>\n<\/tr>\n<\/tbody>\n<\/table>\n<p>&nbsp;<\/p>\n<h3>====================<\/h3>\n<h3><strong>Sobre o curso<\/strong><\/h3>\n<p>O curso de p\u00f3s-gradua\u00e7\u00e3o modalidade aperfei\u00e7oamento \u201cCidade Educadora: Territ\u00f3rio, Intersetorialidade e Transdisciplinaridades\u201d \u00e9 parte do programa de p\u00f3s-gradua\u00e7\u00e3o \u201cPoder Legislativo: Interfaces Contempor\u00e2neas\u201d e tem por objetivo formar profissionais das \u00e1reas de Educa\u00e7\u00e3o, Sa\u00fade, Assist\u00eancia Social e Planejamento Urbano para que possam ampliar, aprofundar e aprimorar seus conhecimentos a respeito das pr\u00e1ticas de territorializa\u00e7\u00e3o de pol\u00edticas p\u00fablicas municipais e de forma\u00e7\u00e3o de \u201cComunidades de Aprendizagem\u201d, voltadas ao fortalecimento da participa\u00e7\u00e3o democr\u00e1tica no desenho de pol\u00edticas, \u00e0 forma\u00e7\u00e3o de cidad\u00e3s e cidad\u00e3os que atuem na constru\u00e7\u00e3o de uma Cidade Educadora, e \u00e0 melhoria da presta\u00e7\u00e3o de servi\u00e7os pelo munic\u00edpio.<\/p>\n<p>====================<\/p>\n<h3><strong>Entidades parceiras<\/strong><\/h3>\n<p><span class=\"_ao3e selectable-text copyable-text\" dir=\"ltr\"><span class=\"\">BR Cidades N\u00facleo SP, 6\u00aa Semana Social Brasileira, Ocupa a Cidade, Brigada pela Vida, Coletivo Paulo Freire, Projeto Brincadas, Instituto P\u00f3lis.<\/span><\/span><\/p>\n<p>====================<\/p>\n<h3><strong>Inscri\u00e7\u00f5es<\/strong><\/h3>\n<p>Ser\u00e3o disponibilizadas <b>200 vagas<\/b>, o per\u00edodo de inscri\u00e7\u00f5es iniciar-se-a \u00e0s 10h do dia 23 de fevereiro de 2022 e ser\u00e1 encerrado \u00e0s 23h59 do dia 22 de mar\u00e7o de 2022.<\/p>\n<p>As vagas ser\u00e3o distribu\u00eddas em tr\u00eas categorias, conforme segue:<\/p>\n<ol>\n<li>Categoria I: destinada a profissionais que atuam em servi\u00e7os p\u00fablicos oferecidos pela Prefeitura Municipal de S\u00e3o Paulo, em institui\u00e7\u00f5es da administra\u00e7\u00e3o direta, indireta ou fundacional e\/ou em entidades respons\u00e1veis pela presta\u00e7\u00e3o de servi\u00e7os municipais de educa\u00e7\u00e3o, sa\u00fade e assist\u00eancia social na forma de parceria e\/ou conv\u00eanio &#8211; 50% das vagas (100 vagas)<\/li>\n<li>Categoria II: destinada a profissionais que atuam em servi\u00e7os p\u00fablicos oferecidos por outras prefeituras e\/ou governos estaduais, em institui\u00e7\u00f5es da administra\u00e7\u00e3o direta, indireta ou fundacional \u2013 20% das vagas (40 vagas)<\/li>\n<li>Categoria III: destinada ao p\u00fablico em geral \u2013 30% das vagas (60 vagas)<\/li>\n<\/ol>\n<h3><strong>Estrutura curricular<\/strong><\/h3>\n<p>A estrutura curricular do curso \u00e9 composta de <strong>200 horas de atividades de forma\u00e7\u00e3o<\/strong> e adotar\u00e1 regime did\u00e1tico h\u00edbrido, com atividades realizadas por meio de plataforma de intera\u00e7\u00f5es remotas e com atividades realizadas presencialmente. O percurso acad\u00eamico est\u00e1 organizado em 4 (quatro) m\u00f3dulos curriculares de acordo com a tabela que segue:<\/p>\n<table>\n<tbody>\n<tr>\n<td width=\"567\"><strong>Programa<\/strong><\/td>\n<td width=\"121\"><strong>Carga Hor\u00e1ria<\/strong><\/td>\n<\/tr>\n<tr>\n<td width=\"567\"><strong>1\u00ba M\u00f3dulo Tem\u00e1tico: <\/strong>A constru\u00e7\u00e3o do conhecimento sobre a cidade, o ecossistema urbano, o bairro educador e sua contextualiza\u00e7\u00e3o<\/td>\n<td width=\"121\">30h<\/td>\n<\/tr>\n<tr>\n<td width=\"567\">Atividade de pesquisa de campo e sistematiza\u00e7\u00e3o de aprendizagens<\/td>\n<td width=\"121\">15h<\/td>\n<\/tr>\n<tr>\n<td width=\"567\"><strong>2\u00ba M\u00f3dulo Tem\u00e1tico: <\/strong><\/td>\n<td width=\"121\">30 h<\/td>\n<\/tr>\n<tr>\n<td width=\"567\">Atividade de pesquisa de campo e sistematiza\u00e7\u00e3o de aprendizagens<\/td>\n<td width=\"121\">15h<\/td>\n<\/tr>\n<tr>\n<td width=\"567\"><strong>3\u00ba M\u00f3dulo Tem\u00e1tico: <\/strong>O estudo sobre as contradi\u00e7\u00f5es presentes na Cidade, no Ecossistema Urbano: seus sujeitos, meio ambiente, objetos e discursos em disputa e\/ou colabora\u00e7\u00e3o.<\/td>\n<td width=\"121\">30 h<\/td>\n<\/tr>\n<tr>\n<td width=\"567\">Atividade de pesquisa de campo e sistematiza\u00e7\u00e3o de aprendizagens<\/td>\n<td width=\"121\">15h<\/td>\n<\/tr>\n<tr>\n<td width=\"567\"><strong>4\u00ba M\u00f3dulo Tem\u00e1tico: <\/strong>Os reflexos locais dos grandes dilemas e embates e mudan\u00e7as econ\u00f4micas, sociais e pol\u00edticas nacionais e globais; as crises do capitalismo e o enfrentamento da amea\u00e7a de colapso socioambiental e ecossist\u00eamico, com seus impactos no Mundo do Trabalho e na formula\u00e7\u00e3o e implementa\u00e7\u00e3o das pol\u00edticas p\u00fablicas e sistemas de Educa\u00e7\u00e3o, Sa\u00fade e Assist\u00eancia Social.<\/td>\n<td width=\"121\">30h<\/td>\n<\/tr>\n<tr>\n<td width=\"567\">Atividade de pesquisa de campo e sistematiza\u00e7\u00e3o de aprendizagens<\/td>\n<td width=\"121\">15h<\/td>\n<\/tr>\n<tr>\n<td width=\"567\">Elabora\u00e7\u00e3o de Trabalho de Conclus\u00e3o de Curso<\/td>\n<td width=\"121\">20h<\/td>\n<\/tr>\n<tr>\n<td width=\"567\"><strong>Carga hor\u00e1ria total<\/strong><\/td>\n<td width=\"121\"><strong>200h<\/strong><\/td>\n<\/tr>\n<\/tbody>\n<\/table>\n<p>&nbsp;<\/p>\n","protected":false},"excerpt":{"rendered":"<p>ATEN\u00c7\u00c3O \u2013 MATR\u00cdCULAS: Prazo para realiza\u00e7\u00e3o da matr\u00edcula: de 07\/04\/2022 \u00e0s 19h do dia 11\/04\/2022. Para realizar a sua matr\u00edcula voc\u00ea dever\u00e1 realizar os seguintes passos: Conferir em seu e-mail (endere\u00e7o fornecido na inscri\u00e7\u00e3o por voc\u00ea) se recebeu uma senha alfanum\u00e9rica enviada pela Escola do Parlamento Ter em m\u00e3os uma c\u00f3pia atualizada (dos \u00faltimos 3 [&hellip;]<\/p>\n","protected":false},"author":297,"featured_media":0,"parent":45,"menu_order":112,"comment_status":"closed","ping_status":"closed","template":"","meta":{"_acf_changed":false,"footnotes":""},"class_list":["post-27278","page","type-page","status-publish","hentry"],"acf":[],"_links":{"self":[{"href":"https:\/\/www.saopaulo.sp.leg.br\/escoladoparlamento\/wp-json\/wp\/v2\/pages\/27278","targetHints":{"allow":["GET"]}}],"collection":[{"href":"https:\/\/www.saopaulo.sp.leg.br\/escoladoparlamento\/wp-json\/wp\/v2\/pages"}],"about":[{"href":"https:\/\/www.saopaulo.sp.leg.br\/escoladoparlamento\/wp-json\/wp\/v2\/types\/page"}],"author":[{"embeddable":true,"href":"https:\/\/www.saopaulo.sp.leg.br\/escoladoparlamento\/wp-json\/wp\/v2\/users\/297"}],"replies":[{"embeddable":true,"href":"https:\/\/www.saopaulo.sp.leg.br\/escoladoparlamento\/wp-json\/wp\/v2\/comments?post=27278"}],"version-history":[{"count":0,"href":"https:\/\/www.saopaulo.sp.leg.br\/escoladoparlamento\/wp-json\/wp\/v2\/pages\/27278\/revisions"}],"up":[{"embeddable":true,"href":"https:\/\/www.saopaulo.sp.leg.br\/escoladoparlamento\/wp-json\/wp\/v2\/pages\/45"}],"wp:attachment":[{"href":"https:\/\/www.saopaulo.sp.leg.br\/escoladoparlamento\/wp-json\/wp\/v2\/media?parent=27278"}],"curies":[{"name":"wp","href":"https:\/\/api.w.org\/{rel}","templated":true}]}}