{"id":27171,"date":"2022-01-23T23:21:16","date_gmt":"2022-01-24T02:21:16","guid":{"rendered":"https:\/\/www.saopaulo.sp.leg.br\/escoladoparlamento\/?page_id=27171"},"modified":"2022-04-17T21:00:21","modified_gmt":"2022-04-18T00:00:21","slug":"curso-de-aperfeicoamento-educacao-politica-para-a-cidadania-e-valores-democraticos-na-escola","status":"publish","type":"page","link":"https:\/\/www.saopaulo.sp.leg.br\/escoladoparlamento\/pos-graduacao\/curso-de-aperfeicoamento-educacao-politica-para-a-cidadania-e-valores-democraticos-na-escola\/","title":{"rendered":"Curso de Aperfei\u00e7oamento &#8220;Educa\u00e7\u00e3o Pol\u00edtica para a Cidadania e Valores Democr\u00e1ticos na Escola&#8221;"},"content":{"rendered":"<h2><strong><span style=\"color: #ff0000\">ATEN\u00c7\u00c3O:<\/span><\/strong> <strong>in\u00edcio das aulas previsto para 19\/4, ter\u00e7a-feira, \u00e0s 19h<\/strong><\/h2>\n<h3>(o link para acesso ao Zoom ser\u00e1 enviado para o email com que foi feita a matr\u00edcula)<\/h3>\n<hr \/>\n<h2><span style=\"color: #ff0000\"><strong>MATR\u00cdCULAS ENCERRADAS<\/strong><\/span><\/h2>\n<p><a href=\"https:\/\/www.saopaulo.sp.leg.br\/escoladoparlamento\/wp-content\/uploads\/sites\/5\/2022\/04\/Prorrogacao-da-Matricula-DOC-12-04-22-PP113.pdf\">Publica\u00e7\u00e3o DO &#8211; prorroga\u00e7\u00e3o da matr\u00edcula (12\/04\/22 pp 113)<\/a><\/p>\n<p><a href=\"https:\/\/www.saopaulo.sp.leg.br\/escoladoparlamento\/wp-content\/uploads\/sites\/5\/2022\/04\/Publicacao-DO_convocacao-matricula.pdf\">Publica\u00e7\u00e3o DO &#8211; convoca\u00e7\u00e3o matr\u00edcula (07\/04\/22-pp 110 e 111)<\/a><\/p>\n<ul>\n<li><strong><span style=\"color: #ff0000\">Prazo para realiza\u00e7\u00e3o da matr\u00edcula foi prorrogado:<\/span> das 10h de 07\/04\/2022 \u00e1s <span style=\"color: #ff0000\">23h59 do dia 15 de abril de 2022.<\/span><\/strong><\/li>\n<li>Para realizar a sua matr\u00edcula voc\u00ea dever\u00e1\u00a0realizar os seguintes passos:<\/li>\n<\/ul>\n<ol>\n<li style=\"list-style-type: none\">\n<ol>\n<li>Conferir em seu e-mail (endere\u00e7o fornecido na inscri\u00e7\u00e3o por voc\u00ea) se recebeu uma\u00a0<strong>senha alfanum\u00e9rica<\/strong> enviada pela Escola do Parlamento<\/li>\n<li>Ter em m\u00e3os uma c\u00f3pia atualizada (dos \u00faltimos 3 meses) do seu\u00a0<strong>comprovante de endere\u00e7o<\/strong>\u00a0(em PDF)<\/li>\n<li>Ter em m\u00e3os uma\u00a0<strong>foto sua em formato 3\u00d74<\/strong>\u00a0(em JPEG ou PNG)<\/li>\n<li>Preencher o\u00a0<strong>formul\u00e1rio de confirma\u00e7\u00e3o de matr\u00edcula<\/strong>,\u00a0<a href=\"https:\/\/docs.google.com\/forms\/d\/e\/1FAIpQLSfCzULOh7bSWL5BLAkbJgkMMoKNrCL9mbvSROyb7-3GTyjRhw\/viewform?usp=sf_link\"><strong>CLICANDO AQUI\u00a0<\/strong><\/a><\/li>\n<\/ol>\n<\/li>\n<\/ol>\n<p><mark>Caso ainda tenha d\u00favidas ou <strong>n\u00e3o recebeu o email com a senha<\/strong>, entre em contato urgente conosco pelo <strong>atendimento.ep@saopaulo.sp.leg.br<\/strong><\/mark><\/p>\n<p>&nbsp;<\/p>\n<hr \/>\n<p><a href=\"https:\/\/www.saopaulo.sp.leg.br\/escoladoparlamento\/wp-content\/uploads\/sites\/5\/2022\/03\/pg_0163.pdf\">Publica\u00e7\u00e3o da lista de inscri\u00e7\u00f5es deferidas &#8211; DOC 29\/3\/2022<\/a><\/p>\n<p>Clique aqui para interpor recurso contra indeferimento de sua inscri\u00e7\u00e3o &#8211; ENCERRADO<\/p>\n<hr \/>\n<p><strong>Comunicado aos candidatos aos processos seletivos previstos nos Editais:<\/strong><\/p>\n<p><strong>Edital EP 04\/2022<\/strong>, com publica\u00e7\u00e3o de edital suplementar <strong>EP 07\/2022<\/strong><br \/>\n<strong>Edital EP 05\/2022<\/strong>, com publica\u00e7\u00e3o de edital suplementar <strong>EP 08\/2022<\/strong><br \/>\n<strong>Edital EP 06\/2022<\/strong><\/p>\n<p>Considerando o n\u00famero de inscri\u00e7\u00f5es relativos aos tr\u00eas processos seletivos em ep\u00edgrafe, e a fim de garantir minuciosa avalia\u00e7\u00e3o da documenta\u00e7\u00e3o apresentada pelos candidatos, a Comiss\u00e3o de Avalia\u00e7\u00e3o e Credenciamento prorroga o prazo de publica\u00e7\u00e3o das inscri\u00e7\u00f5es deferidas para o dia 29 de mar\u00e7o, bem como apresenta novo cronograma das etapas subsequentes, que segue a tabela a seguir.<\/p>\n<p><a href=\"https:\/\/www.saopaulo.sp.leg.br\/escoladoparlamento\/wp-content\/uploads\/sites\/5\/2022\/03\/crono.jpg\"><img loading=\"lazy\" decoding=\"async\" class=\"alignnone wp-image-27456\" src=\"https:\/\/www.saopaulo.sp.leg.br\/escoladoparlamento\/wp-content\/uploads\/sites\/5\/2022\/03\/crono.jpg\" alt=\"\" width=\"712\" height=\"393\" srcset=\"https:\/\/www.saopaulo.sp.leg.br\/escoladoparlamento\/wp-content\/uploads\/sites\/5\/2022\/03\/crono.jpg 877w, https:\/\/www.saopaulo.sp.leg.br\/escoladoparlamento\/wp-content\/uploads\/sites\/5\/2022\/03\/crono-300x166.jpg 300w, https:\/\/www.saopaulo.sp.leg.br\/escoladoparlamento\/wp-content\/uploads\/sites\/5\/2022\/03\/crono-768x424.jpg 768w\" sizes=\"auto, (max-width: 712px) 100vw, 712px\" \/><\/a><\/p>\n<p>(Comunica\u00e7\u00e3o publicada no DOC de 26\/3\/22)<\/p>\n<p>&nbsp;<\/p>\n<hr \/>\n<h3><\/h3>\n<h3><strong>Inscri\u00e7\u00f5es reabertas para 40 vagas remanescentes de ampla concorr\u00eancia<br \/>\nOs candidatos j\u00e1 inscritos N\u00c3O PRECISAM REALIZAR NOVA INSCRI\u00c7\u00c3O<\/strong><\/h3>\n<p><strong>Acesse <a href=\"https:\/\/www.saopaulo.sp.leg.br\/escoladoparlamento\/wp-content\/uploads\/sites\/5\/2022\/03\/Edital-08-2022_readequacao-do-Edital-05-2022.docx.pdf\">AQUI<\/a> o Edital e obtenha mais informa\u00e7\u00f5es<\/strong><br \/>\n<strong><a href=\"https:\/\/www.saopaulo.sp.leg.br\/escoladoparlamento\/wp-content\/uploads\/sites\/5\/2022\/03\/pg_0101_pg_0102_merged.pdf\">Publica\u00e7\u00e3o no DOC em 4\/3 pp 101 e 102<\/a><\/strong><\/p>\n<h2>Inscri\u00e7\u00f5es encerradas<\/h2>\n<p>&nbsp;<\/p>\n<hr \/>\n<h3><\/h3>\n<h3><span style=\"color: #ff0000\">AVISOS IMPORTANTES:<\/span><\/h3>\n<p><a href=\"https:\/\/forms.gle\/kiXRSj152JPDmSJ8A\">Formul\u00e1rio de Recursos Contra N\u00e3o-habilita\u00e7\u00e3o<\/a><\/p>\n<p><a href=\"https:\/\/www.saopaulo.sp.leg.br\/escoladoparlamento\/wp-content\/uploads\/sites\/5\/2022\/02\/Retificacao-ED-05-2022-Ed-Polit-para-a-Cidadania-1.pdf\">(23\/2) Publica\u00e7\u00e3o no Di\u00e1rio Oficial das retifica\u00e7\u00f5es no Edital de Sele\u00e7\u00e3o Discente (pp. 130)<\/a><br \/>\naltera\u00e7\u00e3o na oferta das aulas remotas (de 2 vezes para 1 vez por semana) e em rela\u00e7\u00e3o \u00e0s atividades presenciais<\/p>\n<p>***<\/p>\n<p><strong>Se voc\u00ea se inscreveu at\u00e9 \u00e0s 18h do dia 10\/2, pedimos que refa\u00e7a a sua inscri\u00e7\u00e3o clicando no link disponibilizado logo abaixo.\u00a0<\/strong><br \/>\nHavia um erro no formul\u00e1rio que impossibilitava o <em>upload<\/em> correto dos documentos, que j\u00e1 foi corrigido.<br \/>\nTodos que se inscreveram est\u00e3o recebendo um <em>email<\/em> da Escola com as instru\u00e7\u00f5es.<br \/>\nPedimos desculpas pelo transtorno e nos colocamos \u00e0 disposi\u00e7\u00e3o para resolver qualquer d\u00favida pelo atendimento.ep@saopaulo.sp.leg.br<\/p>\n<p>&nbsp;<\/p>\n<hr \/>\n<p>O Curso de P\u00f3s-Gradua\u00e7\u00e3o \u2013 Aperfei\u00e7oamento <strong>\u201cEduca\u00e7\u00e3o Pol\u00edtica para a Cidadania e Valores Democr\u00e1ticos na Escola\u201d<\/strong> \u00e9 parte do programa de p\u00f3s-gradua\u00e7\u00e3o \u201cPoder legislativo: interfaces contempor\u00e2neas\u201d e tem por objetivo formar educadoras e educadores que desempenham fun\u00e7\u00f5es do magist\u00e9rio em escolas de educa\u00e7\u00e3o b\u00e1sica para que possam ampliar, aprofundar e aprimorar seus conhecimentos no campo da educa\u00e7\u00e3o pol\u00edtica para a cidadania e das pr\u00e1ticas pedag\u00f3gicas voltadas \u00e0 constru\u00e7\u00e3o e apropria\u00e7\u00e3o de valores democr\u00e1ticos nas escolas de ensino fundamental e m\u00e9dio.<\/p>\n<p>A estrutura curricular \u00e9 composta de 200 horas de atividades de forma\u00e7\u00e3o e adotar\u00e1 regime did\u00e1tico h\u00edbrido, com atividades realizadas por meio de plataforma de intera\u00e7\u00f5es remotas e de atividades realizadas presencialmente.<br \/>\nO percurso acad\u00eamico est\u00e1 organizado em 10 (dez) componentes curriculares, assim distribu\u00eddos:<\/p>\n<p>I \u2013 03 (tr\u00eas) disciplinas de forma\u00e7\u00e3o geral, com carga hor\u00e1ria de 30 horas cada uma, totalizando 90 horas<\/p>\n<p>II \u2013 03 (tr\u00eas) disciplinas de forma\u00e7\u00e3o pedag\u00f3gica, com carga hor\u00e1ria de 18 horas cada uma, totalizando 54 horas<\/p>\n<p>III \u2013 02 (duas) disciplinas organizadas na forma de Projetos Integradores, com carga hor\u00e1ria de 20 horas cada uma, totalizando 40 horas<\/p>\n<p>IV \u2013 02 (dois) semin\u00e1rios avan\u00e7ados de forma\u00e7\u00e3o, com carga hor\u00e1ria de 8 horas cada um, totalizando 16 horas<\/p>\n<p>&nbsp;<\/p>\n<table>\n<tbody>\n<tr>\n<td width=\"635\"><u>Disciplinas de Forma\u00e7\u00e3o Geral<\/u><\/td>\n<\/tr>\n<tr>\n<td width=\"635\">1)\u00a0\u00a0\u00a0\u00a0 Teoria Pol\u00edtica, Teorias da Democracia e Democracias Contempor\u00e2neas<\/p>\n<p>2)\u00a0\u00a0\u00a0\u00a0 Estrutura e Funcionamento do Estado Brasileiro p\u00f3s-1988<\/p>\n<p>3)\u00a0\u00a0\u00a0\u00a0 Educa\u00e7\u00e3o Pol\u00edtica para a Cidadania e para a Democracia: Perspectivas Cr\u00edticas<\/td>\n<\/tr>\n<tr>\n<td width=\"635\"><u>Disciplinas de Forma\u00e7\u00e3o Pedag\u00f3gica<\/u><\/td>\n<\/tr>\n<tr>\n<td width=\"635\">1)\u00a0\u00a0\u00a0\u00a0 Educa\u00e7\u00e3o Pol\u00edtica para a Cidadania na Escola B\u00e1sica: Curr\u00edculo e Pr\u00e1ticas Pedag\u00f3gicas<\/td>\n<\/tr>\n<tr>\n<td width=\"635\">2)\u00a0\u00a0\u00a0\u00a0 Educa\u00e7\u00e3o Escolar e Aprendizagens da Democracia no Ensino Fundamental e M\u00e9dio<\/td>\n<\/tr>\n<tr>\n<td width=\"635\">3)\u00a0\u00a0\u00a0\u00a0 Escolas, Juventudes, Participa\u00e7\u00e3o Pol\u00edtica e Cidadania Ativa<\/td>\n<\/tr>\n<tr>\n<td width=\"635\"><u>Projetos Integradores<\/u><\/td>\n<\/tr>\n<tr>\n<td width=\"635\">1)\u00a0\u00a0\u00a0\u00a0 Projeto Integrador I \u2013 Pesquisa em Educa\u00e7\u00e3o Pol\u00edtica para a Cidadania<\/p>\n<p>2)\u00a0\u00a0\u00a0\u00a0 Projeto Integrador II \u2013 A\u00e7\u00e3o Pedag\u00f3gica em Educa\u00e7\u00e3o Pol\u00edtica para a Cidadania<\/td>\n<\/tr>\n<tr>\n<td width=\"635\"><u>Semin\u00e1rios Avan\u00e7ados<\/u><\/td>\n<\/tr>\n<tr>\n<td width=\"635\">1)\u00a0\u00a0\u00a0\u00a0 Semin\u00e1rio Avan\u00e7ado de Forma\u00e7\u00e3o I<\/p>\n<p>2)\u00a0\u00a0\u00a0\u00a0 Semin\u00e1rio Avan\u00e7ado de Forma\u00e7\u00e3o II<\/td>\n<\/tr>\n<\/tbody>\n<\/table>\n<p><strong>Processo Seletivo:<\/strong><\/p>\n<p>O Processo Seletivo de ingresso no corpo discente do curso de P\u00f3s-Gradua\u00e7\u00e3o em <strong>\u201cEduca\u00e7\u00e3o Pol\u00edtica para a Cidadania e Valores Democr\u00e1ticos na Escola\u201d<\/strong> \u00e9 restrito aos interessados que comprovem a conclus\u00e3o de curso superior (bacharelado, licenciatura ou tecn\u00f3logo) at\u00e9 o dia 31 de janeiro de 2022, nos termos da legisla\u00e7\u00e3o brasileira vigente, e ser\u00e1 organizado de forma a diferenciar os candidatos em 5 categorias:<\/p>\n<ol>\n<li>Categoria de professoras\/es pertencentes ao quadro de profissionais do <strong>magist\u00e9rio p\u00fablico municipal de S\u00e3o Paulo<\/strong>, que comprovem estar em efetivo exerc\u00edcio da doc\u00eancia em escolas de ensino fundamental e m\u00e9dio, para a qual ser\u00e3o reservadas 20% das vagas dispon\u00edveis (24 vagas)<\/li>\n<li>Categoria de professoras\/es com v\u00ednculo empregat\u00edcio docente em <strong>redes p\u00fablicas municipais e estaduais distintas da rede p\u00fablica municipal de S\u00e3o Paulo<\/strong>, que comprovem estar em efetivo exerc\u00edcio da doc\u00eancia em escolas de ensino fundamental e m\u00e9dio para a qual ser\u00e3o reservadas 20% das vagas dispon\u00edveis (24 vagas)<\/li>\n<li>Categoria de professoras\/es com v\u00ednculo empregat\u00edcio docente em <strong>escolas privadas, confessionais e\/ou filantr\u00f3picas<\/strong>, que comprovem estar em efetivo exerc\u00edcio da doc\u00eancia em classes de ensino fundamental e m\u00e9dio, para a qual ser\u00e3o reservadas 20% das vagas dispon\u00edveis (24 vagas)<\/li>\n<li>Categoria de <strong>servidores pertencentes aos quadros t\u00e9cnicos e de assessoria parlamentar e\/ou \u00e0s escolas de forma\u00e7\u00e3o do tipo escolas do legislativo, vinculadas \u00e0 C\u00e2maras Municipais e Assembleias Legislativas<\/strong>, para a qual ser\u00e3o reservadas 10% das vagas dispon\u00edveis (12 vagas)<\/li>\n<li>Categoria de ampla concorr\u00eancia, acolhendo <strong>qualquer interessado que comprove os requisitos de forma\u00e7\u00e3o pr\u00e9via estabelecidos<\/strong>, para a qual ser\u00e3o reservadas 30% das vagas dispon\u00edveis (36 vagas)<\/li>\n<\/ol>\n<p>Total de vagas: 120<\/p>\n<p>Quando o n\u00famero de inscritos superar o total de vagas dispon\u00edveis numa dada categoria, a Escola do Parlamento proceder\u00e1 sorteio p\u00fablico das vagas.<\/p>\n<hr \/>\n<h3><span style=\"color: #ff6600\"><strong>Documentos Importantes:<\/strong><\/span><\/h3>\n<p><a href=\"https:\/\/www.saopaulo.sp.leg.br\/escoladoparlamento\/wp-content\/uploads\/sites\/5\/2022\/01\/Edital-Selecao-de-Discentes_Educacao-Politica-1.pdf\">Edital original<\/a> &#8211; substitu\u00eddo pelo Edital EP 08\/2022 de 4 de mar\u00e7o cujo link est\u00e1 no topo da p\u00e1gina)<\/p>\n<p>Declara\u00e7\u00e3o <strong>PG_MA_EPC_01<\/strong> de v\u00ednculo profissional \u2013 categorias I-II e III do Edital<\/p>\n<p>Declara\u00e7\u00e3o <strong>PG_MA_EPC_02<\/strong> de v\u00ednculo profissional \u2013 categoria IV do Edital<\/p>\n","protected":false},"excerpt":{"rendered":"<p>ATEN\u00c7\u00c3O: in\u00edcio das aulas previsto para 19\/4, ter\u00e7a-feira, \u00e0s 19h (o link para acesso ao Zoom ser\u00e1 enviado para o email com que foi feita a matr\u00edcula) MATR\u00cdCULAS ENCERRADAS Publica\u00e7\u00e3o DO &#8211; prorroga\u00e7\u00e3o da matr\u00edcula (12\/04\/22 pp 113) Publica\u00e7\u00e3o DO &#8211; convoca\u00e7\u00e3o matr\u00edcula (07\/04\/22-pp 110 e 111) Prazo para realiza\u00e7\u00e3o da matr\u00edcula foi prorrogado: das [&hellip;]<\/p>\n","protected":false},"author":522,"featured_media":0,"parent":45,"menu_order":115,"comment_status":"closed","ping_status":"closed","template":"","meta":{"_acf_changed":false,"footnotes":""},"class_list":["post-27171","page","type-page","status-publish","hentry"],"acf":[],"_links":{"self":[{"href":"https:\/\/www.saopaulo.sp.leg.br\/escoladoparlamento\/wp-json\/wp\/v2\/pages\/27171","targetHints":{"allow":["GET"]}}],"collection":[{"href":"https:\/\/www.saopaulo.sp.leg.br\/escoladoparlamento\/wp-json\/wp\/v2\/pages"}],"about":[{"href":"https:\/\/www.saopaulo.sp.leg.br\/escoladoparlamento\/wp-json\/wp\/v2\/types\/page"}],"author":[{"embeddable":true,"href":"https:\/\/www.saopaulo.sp.leg.br\/escoladoparlamento\/wp-json\/wp\/v2\/users\/522"}],"replies":[{"embeddable":true,"href":"https:\/\/www.saopaulo.sp.leg.br\/escoladoparlamento\/wp-json\/wp\/v2\/comments?post=27171"}],"version-history":[{"count":0,"href":"https:\/\/www.saopaulo.sp.leg.br\/escoladoparlamento\/wp-json\/wp\/v2\/pages\/27171\/revisions"}],"up":[{"embeddable":true,"href":"https:\/\/www.saopaulo.sp.leg.br\/escoladoparlamento\/wp-json\/wp\/v2\/pages\/45"}],"wp:attachment":[{"href":"https:\/\/www.saopaulo.sp.leg.br\/escoladoparlamento\/wp-json\/wp\/v2\/media?parent=27171"}],"curies":[{"name":"wp","href":"https:\/\/api.w.org\/{rel}","templated":true}]}}