{"id":27060,"date":"2022-01-14T15:09:16","date_gmt":"2022-01-14T18:09:16","guid":{"rendered":"https:\/\/www.saopaulo.sp.leg.br\/escoladoparlamento\/?page_id=27060"},"modified":"2025-08-27T10:21:28","modified_gmt":"2025-08-27T13:21:28","slug":"curso-de-extensao-pedagogias-do-social","status":"publish","type":"page","link":"https:\/\/www.saopaulo.sp.leg.br\/escoladoparlamento\/credenciamento\/editais-anteriores\/curso-de-extensao-pedagogias-do-social\/","title":{"rendered":"CURSO DE EXTENS\u00c3O UNIVERSIT\u00c1RIA AS PEDAGOGIAS DO SOCIAL NOS CCAs e CJs: FUNDAMENTOS E PR\u00c1TICAS"},"content":{"rendered":"<h3><strong>Descri\u00e7\u00e3o da Atividade<\/strong><\/h3>\n<p><span class=\"TextRun SCXW224478154 BCX0\" lang=\"PT-BR\" xml:lang=\"PT-BR\" data-contrast=\"auto\"><span class=\"NormalTextRun SCXW224478154 BCX0\">Curso de extens\u00e3o universit\u00e1ria,<\/span><span class=\"NormalTextRun SCXW224478154 BCX0\">\u00a0desenvolvido em regime<\/span><span class=\"NormalTextRun SCXW224478154 BCX0\">\u00a0presencial ou<\/span><span class=\"NormalTextRun SCXW224478154 BCX0\">\u00a0de aprendizagem remota, com recursos de plataforma de transmiss\u00e3o virtual<\/span><span class=\"NormalTextRun SCXW224478154 BCX0\">\u00a0<\/span><span class=\"NormalTextRun SCXW224478154 BCX0\">e<\/span><span class=\"NormalTextRun SCXW224478154 BCX0\">\u00a0com carga hor\u00e1ria total de\u00a0<\/span><span class=\"NormalTextRun SCXW224478154 BCX0\">1<\/span><span class=\"NormalTextRun SCXW224478154 BCX0\">4<\/span><span class=\"NormalTextRun SCXW224478154 BCX0\">\u00a0horas<\/span><span class=\"NormalTextRun SCXW224478154 BCX0\">.\u00a0<\/span><span class=\"NormalTextRun SCXW224478154 BCX0\">O curso mobilizar\u00e1 repert\u00f3rio te\u00f3rico, conceitual e anal\u00edtico\u00a0<\/span><span class=\"NormalTextRun SCXW224478154 BCX0\">interdisciplinar, notadamente das \u00e1reas\u00a0<\/span><span class=\"NormalTextRun SCXW224478154 BCX0\">do servi\u00e7o social, educa\u00e7\u00e3o popular e psicologia social para discutir, analisar e tematizar o campo da pedagogia social no Brasil, dialogando sobre sua hist\u00f3ria e consolida\u00e7\u00e3o e sobre os saberes e pr\u00e1ticas desenvolvidos nos Centros para Crian\u00e7as e Adolescentes<\/span><span class=\"NormalTextRun SCXW224478154 BCX0\">\u00a0(<\/span><span class=\"NormalTextRun SpellingErrorV2 SCXW224478154 BCX0\">CCAs<\/span><span class=\"NormalTextRun SCXW224478154 BCX0\">)<\/span><span class=\"NormalTextRun SCXW224478154 BCX0\">\u00a0e nos Centros para Juventudes<\/span><span class=\"NormalTextRun SCXW224478154 BCX0\">\u00a0(<\/span><span class=\"NormalTextRun SpellingErrorV2 SCXW224478154 BCX0\">CJs<\/span><span class=\"NormalTextRun SCXW224478154 BCX0\">)<\/span><span class=\"NormalTextRun SCXW224478154 BCX0\">\u00a0que integram as pol\u00edticas de assist\u00eancia e desenvolvimento social.<\/span><\/span><span class=\"EOP SCXW224478154 BCX0\" data-ccp-props=\"{&quot;201341983&quot;:0,&quot;335551550&quot;:6,&quot;335551620&quot;:6,&quot;335559737&quot;:86,&quot;335559739&quot;:0,&quot;335559740&quot;:240}\">\u00a0<\/span><\/p>\n<p>========================<\/p>\n<p>Nessa se\u00e7\u00e3o voc\u00ea encontra o cronograma, conjunto de links e materiais de refer\u00eancia importantes para a inscri\u00e7\u00e3o, preenchimento adequado de documentos e envio de recursos deste processo seletivo.<\/p>\n<h3><span style=\"color: #ff0000\">Inscri\u00e7\u00f5es encerradas<\/span><\/h3>\n<h3><strong>Links i<\/strong><strong>mportantes:<\/strong><\/h3>\n<p><a href=\"https:\/\/www.saopaulo.sp.leg.br\/escoladoparlamento\/wp-content\/uploads\/sites\/5\/2022\/01\/EDITAL-EP-03.22-Pedagogias-do-Social-CCA-e-CJ.pdf\"><strong>EDITAL DE CREDENCIAMENTO<\/strong><\/a><\/p>\n<p><strong><a href=\"https:\/\/www.saopaulo.sp.leg.br\/escoladoparlamento\/wp-content\/uploads\/sites\/5\/2022\/02\/diario-oficial-11-02-22.pdf\">Lista de inscri\u00e7\u00f5es habilitadas e n\u00e3o habilitadas (Publica\u00e7\u00e3o DOC 11.02.22 pp. 129)<\/a><\/strong><\/p>\n<p><span style=\"color: #000000\"><strong>Prazo para apresenta\u00e7\u00e3o de recurso contra n\u00e3o habilita\u00e7\u00e3o de inscri\u00e7\u00f5es &#8211; <\/strong><strong>ENCERRADO (11\/02\/2022 at\u00e9 13\/02\/2022)<\/strong><\/span><\/p>\n<p><a href=\"https:\/\/www.saopaulo.sp.leg.br\/escoladoparlamento\/wp-content\/uploads\/sites\/5\/2022\/02\/DOC-15-02-22.pdf\"><strong>Lista de inscri\u00e7\u00f5es habilitadas e analise dos recursos (Publica\u00e7\u00e3o DOC 15.02.22 pp. 72)<\/strong><\/a><\/p>\n<p><a href=\"https:\/\/www.saopaulo.sp.leg.br\/escoladoparlamento\/wp-content\/uploads\/sites\/5\/2022\/02\/DOC-22-02-22.pdf\"><strong>Resultado Preliminar (Publica\u00e7\u00e3o DOC 22\/02\/22 pp.116)<\/strong><\/a><\/p>\n<p><strong>Prazo para apresenta\u00e7\u00e3o de recurso contra resultado preliminar &#8211; ENCERRADO (22\/02\/2022 at\u00e9 23\/02\/2022)<\/strong><\/p>\n<p><strong><a href=\"https:\/\/www.saopaulo.sp.leg.br\/escoladoparlamento\/wp-content\/uploads\/sites\/5\/2022\/03\/publicacao-DOC-pedagogias-do-social.pdf\">RESULTADO FINAL<\/a><\/strong><\/p>\n<h3><strong>Documentos importantes:<\/strong><\/h3>\n<p><a href=\"https:\/\/www.saopaulo.sp.leg.br\/escoladoparlamento\/wp-content\/uploads\/sites\/5\/2022\/01\/Edital-EP-03-22-Anexo-II.docx\"><strong>Anexo II \u2013 Declara\u00e7\u00e3o de Autenticidade<\/strong><\/a><\/p>\n<p><a href=\"https:\/\/www.saopaulo.sp.leg.br\/escoladoparlamento\/wp-content\/uploads\/sites\/5\/2022\/01\/Edital-EP-03-22-Anexo-III.docx\"><strong>Anexo III \u2013 Declara\u00e7\u00e3o de apresenta\u00e7\u00e3o de comprovantes de experi\u00eancia profissional e produ\u00e7\u00e3o acad\u00eamica<\/strong><strong>\u00a0submetidos para an\u00e1lise<\/strong><\/a><\/p>\n<p><a href=\"https:\/\/www.saopaulo.sp.leg.br\/escoladoparlamento\/wp-content\/uploads\/sites\/5\/2022\/01\/Declaracao-PSFP_01A-.docx\"><span class=\"TextRun BCX0 SCXW23059561\" lang=\"PT-BR\" xml:lang=\"PT-BR\" data-contrast=\"auto\"><span class=\"NormalTextRun BCX0 SCXW23059561\">Declara\u00e7\u00e3o\u00a0<\/span><span class=\"FindHit BCX0 SCXW23059561\">PSFP<\/span><span class=\"NormalTextRun BCX0 SCXW23059561\">_<\/span><span class=\"NormalTextRun BCX0 SCXW23059561\">01A<\/span><\/span><\/a><span class=\"TextRun BCX0 SCXW23059561\" lang=\"PT-BR\" xml:lang=\"PT-BR\" data-contrast=\"auto\"><span class=\"NormalTextRun BCX0 SCXW23059561\">\u00a0<\/span><\/span><\/p>\n<p><a href=\"https:\/\/www.saopaulo.sp.leg.br\/escoladoparlamento\/wp-content\/uploads\/sites\/5\/2022\/01\/Declaracao-PSFP_01B.docx\"><span class=\"TextRun BCX0 SCXW23059561\" lang=\"PT-BR\" xml:lang=\"PT-BR\" data-contrast=\"auto\"><span class=\"NormalTextRun BCX0 SCXW23059561\">Declara\u00e7\u00e3o\u00a0<\/span><span class=\"FindHit BCX0 SCXW23059561\">PSFP<\/span><span class=\"NormalTextRun BCX0 SCXW23059561\">_<\/span><span class=\"NormalTextRun BCX0 SCXW23059561\">01B<\/span><\/span><\/a><\/p>\n<p><a href=\"https:\/\/www.saopaulo.sp.leg.br\/escoladoparlamento\/wp-content\/uploads\/sites\/5\/2022\/01\/Declaracao-PSFP_02.docx\"><span class=\"TextRun BCX0 SCXW23059561\" lang=\"PT-BR\" xml:lang=\"PT-BR\" data-contrast=\"auto\"><span class=\"NormalTextRun BCX0 SCXW23059561\">Declara\u00e7\u00e3o\u00a0<\/span><span class=\"FindHit BCX0 SCXW23059561\">PSFP<\/span><span class=\"NormalTextRun BCX0 SCXW23059561\">_02<\/span><\/span><\/a><\/p>\n<p><a href=\"https:\/\/www.saopaulo.sp.leg.br\/escoladoparlamento\/wp-content\/uploads\/sites\/5\/2022\/01\/Declaracao-PSFP_03.docx\"><span class=\"TextRun BCX0 SCXW23059561\" lang=\"PT-BR\" xml:lang=\"PT-BR\" data-contrast=\"auto\"><span class=\"NormalTextRun BCX0 SCXW23059561\">Declara\u00e7\u00e3o\u00a0<\/span><span class=\"FindHit BCX0 SCXW23059561\">PSFP<\/span><span class=\"NormalTextRun BCX0 SCXW23059561\">_<\/span><span class=\"NormalTextRun BCX0 SCXW23059561\">03<\/span><\/span><\/a><\/p>\n<h3><\/h3>\n<h3><strong>Cronograma relativo ao Edital:<\/strong><\/h3>\n<table style=\"font-weight: 400;height: 474px\" width=\"591\" data-tablestyle=\"MsoNormalTable\" data-tablelook=\"0\">\n<tbody>\n<tr>\n<td data-celllook=\"4369\"><span data-contrast=\"none\">EVENTO\u00a0<\/span><span data-ccp-props=\"{&quot;201341983&quot;:0,&quot;335551550&quot;:6,&quot;335551620&quot;:6,&quot;335559737&quot;:86,&quot;335559739&quot;:0,&quot;335559740&quot;:240}\">\u00a0<\/span><\/td>\n<td data-celllook=\"4369\"><span data-contrast=\"none\">DATA\u00a0<\/span><span data-ccp-props=\"{&quot;201341983&quot;:0,&quot;335551550&quot;:6,&quot;335551620&quot;:6,&quot;335559737&quot;:86,&quot;335559739&quot;:0,&quot;335559740&quot;:240}\">\u00a0<\/span><\/td>\n<\/tr>\n<tr>\n<td style=\"text-align: left\" data-celllook=\"4369\"><span data-contrast=\"none\">Publica\u00e7\u00e3o do Edital de Credenciamento no Di\u00e1rio Oficial do Munic\u00edpio\u00a0<\/span><span data-ccp-props=\"{&quot;201341983&quot;:0,&quot;335551550&quot;:6,&quot;335551620&quot;:6,&quot;335559737&quot;:86,&quot;335559739&quot;:0,&quot;335559740&quot;:240}\">\u00a0<\/span><\/td>\n<td style=\"text-align: left\" data-celllook=\"4369\"><span data-contrast=\"none\">15\/01\/2022<\/span><\/td>\n<\/tr>\n<tr>\n<td data-celllook=\"4369\"><span data-contrast=\"none\">Per\u00edodo de Inscri\u00e7\u00e3o\u00a0<\/span><span data-ccp-props=\"{&quot;201341983&quot;:0,&quot;335551550&quot;:6,&quot;335551620&quot;:6,&quot;335559737&quot;:86,&quot;335559739&quot;:0,&quot;335559740&quot;:240}\">\u00a0<\/span><\/td>\n<td style=\"text-align: left\" data-celllook=\"4369\">das 10h00 do dia 17\/01\/2022 at\u00e9 \u00e0s 23h59min do dia 08\/02\/2022<\/td>\n<\/tr>\n<tr>\n<td data-celllook=\"4369\"><span data-contrast=\"none\">Publica\u00e7\u00e3o da lista de inscri\u00e7\u00f5es deferidas\u00a0<\/span><span data-ccp-props=\"{&quot;201341983&quot;:0,&quot;335551550&quot;:6,&quot;335551620&quot;:6,&quot;335559737&quot;:86,&quot;335559739&quot;:0,&quot;335559740&quot;:240}\">\u00a0<\/span><\/td>\n<td data-celllook=\"4369\">11\/02\/2022<\/td>\n<\/tr>\n<tr>\n<td data-celllook=\"4369\"><span data-contrast=\"none\">Interposi\u00e7\u00e3o de recurso contra eventual indeferimento das inscri\u00e7\u00f5es\u00a0<\/span><span data-ccp-props=\"{&quot;201341983&quot;:0,&quot;335551550&quot;:6,&quot;335551620&quot;:6,&quot;335559737&quot;:86,&quot;335559739&quot;:0,&quot;335559740&quot;:240}\">\u00a0<\/span><\/td>\n<td data-celllook=\"4369\">\n<p style=\"text-align: left\">das 10h00 do dia 11\/02\/2022 at\u00e9 \u00e0s 23h59min do dia 13\/02\/2022<\/p>\n<\/td>\n<\/tr>\n<tr>\n<td data-celllook=\"4369\"><span data-contrast=\"none\">Publica\u00e7\u00e3o do resultado de recursos contra eventual indeferimento das inscri\u00e7\u00f5es<\/span><span data-ccp-props=\"{&quot;201341983&quot;:0,&quot;335551550&quot;:6,&quot;335551620&quot;:6,&quot;335559737&quot;:86,&quot;335559739&quot;:0,&quot;335559740&quot;:240}\">\u00a0<\/span><\/td>\n<td style=\"text-align: left\" data-celllook=\"4369\">15\/02\/2022<\/td>\n<\/tr>\n<tr>\n<td data-celllook=\"4369\"><span data-contrast=\"none\">Publica\u00e7\u00e3o do Resultado preliminar do processo de credenciamento<\/span><span data-ccp-props=\"{&quot;201341983&quot;:0,&quot;335551550&quot;:6,&quot;335551620&quot;:6,&quot;335559737&quot;:86,&quot;335559739&quot;:0,&quot;335559740&quot;:240}\">\u00a0<\/span><\/td>\n<td style=\"text-align: left\" data-celllook=\"4369\">22\/02\/2022<\/td>\n<\/tr>\n<tr>\n<td data-celllook=\"4369\">Interposi\u00e7\u00e3o de recurso contra resultado preliminar<\/td>\n<td style=\"text-align: left\" data-celllook=\"4369\">das 10h00 do dia 22\/02\/2022 at\u00e9 \u00e0s 23h59min do dia 23\/02\/2022<\/td>\n<\/tr>\n<tr>\n<td data-celllook=\"4369\"><span data-contrast=\"none\">Publica\u00e7\u00e3o do resultado final do processo de credenciamento<\/span><span data-ccp-props=\"{&quot;201341983&quot;:0,&quot;335551550&quot;:6,&quot;335551620&quot;:6,&quot;335559737&quot;:86,&quot;335559739&quot;:0,&quot;335559740&quot;:240}\">\u00a0<\/span><\/td>\n<td data-celllook=\"4369\">26\/02\/2022<\/td>\n<\/tr>\n<\/tbody>\n<\/table>\n","protected":false},"excerpt":{"rendered":"<p>Descri\u00e7\u00e3o da Atividade Curso de extens\u00e3o universit\u00e1ria,\u00a0desenvolvido em regime\u00a0presencial ou\u00a0de aprendizagem remota, com recursos de plataforma de transmiss\u00e3o virtual\u00a0e\u00a0com carga hor\u00e1ria total de\u00a014\u00a0horas.\u00a0O curso mobilizar\u00e1 repert\u00f3rio te\u00f3rico, conceitual e anal\u00edtico\u00a0interdisciplinar, notadamente das \u00e1reas\u00a0do servi\u00e7o social, educa\u00e7\u00e3o popular e psicologia social para discutir, analisar e tematizar o campo da pedagogia social no Brasil, dialogando sobre sua [&hellip;]<\/p>\n","protected":false},"author":661,"featured_media":0,"parent":2870,"menu_order":118,"comment_status":"closed","ping_status":"closed","template":"","meta":{"_acf_changed":false,"footnotes":""},"class_list":["post-27060","page","type-page","status-publish","hentry"],"acf":[],"_links":{"self":[{"href":"https:\/\/www.saopaulo.sp.leg.br\/escoladoparlamento\/wp-json\/wp\/v2\/pages\/27060","targetHints":{"allow":["GET"]}}],"collection":[{"href":"https:\/\/www.saopaulo.sp.leg.br\/escoladoparlamento\/wp-json\/wp\/v2\/pages"}],"about":[{"href":"https:\/\/www.saopaulo.sp.leg.br\/escoladoparlamento\/wp-json\/wp\/v2\/types\/page"}],"author":[{"embeddable":true,"href":"https:\/\/www.saopaulo.sp.leg.br\/escoladoparlamento\/wp-json\/wp\/v2\/users\/661"}],"replies":[{"embeddable":true,"href":"https:\/\/www.saopaulo.sp.leg.br\/escoladoparlamento\/wp-json\/wp\/v2\/comments?post=27060"}],"version-history":[{"count":1,"href":"https:\/\/www.saopaulo.sp.leg.br\/escoladoparlamento\/wp-json\/wp\/v2\/pages\/27060\/revisions"}],"predecessor-version":[{"id":29676,"href":"https:\/\/www.saopaulo.sp.leg.br\/escoladoparlamento\/wp-json\/wp\/v2\/pages\/27060\/revisions\/29676"}],"up":[{"embeddable":true,"href":"https:\/\/www.saopaulo.sp.leg.br\/escoladoparlamento\/wp-json\/wp\/v2\/pages\/2870"}],"wp:attachment":[{"href":"https:\/\/www.saopaulo.sp.leg.br\/escoladoparlamento\/wp-json\/wp\/v2\/media?parent=27060"}],"curies":[{"name":"wp","href":"https:\/\/api.w.org\/{rel}","templated":true}]}}