{"id":27056,"date":"2022-01-12T20:45:18","date_gmt":"2022-01-12T23:45:18","guid":{"rendered":"https:\/\/www.saopaulo.sp.leg.br\/escoladoparlamento\/?page_id=27056"},"modified":"2025-08-27T10:21:40","modified_gmt":"2025-08-27T13:21:40","slug":"curso-de-extensao-mulheres-na-democracia-brasileira","status":"publish","type":"page","link":"https:\/\/www.saopaulo.sp.leg.br\/escoladoparlamento\/credenciamento\/editais-anteriores\/curso-de-extensao-mulheres-na-democracia-brasileira\/","title":{"rendered":"Curso de Extens\u00e3o Universit\u00e1ria Mulheres na Democracia Brasileira: Direitos de Cidadania e Participa\u00e7\u00e3o Pol\u00edtica"},"content":{"rendered":"<p>Curso de extens\u00e3o universit\u00e1ria, desenvolvido em regime presencial ou de aprendizagem remota, com recursos de plataforma de transmiss\u00e3o virtual e com carga hor\u00e1ria total de 14 horas. O curso mobilizar\u00e1 o repert\u00f3rio te\u00f3rico, conceitual e anal\u00edtico interdisciplinar, notadamente das \u00e1reas da ci\u00eancia pol\u00edtica, dos estudos de g\u00eanero, das ci\u00eancias jur\u00eddicas e do campo de p\u00fablicas a fim de analisar, discutir e sistematizar contribui\u00e7\u00f5es sobre:<\/p>\n<ol>\n<li>exclus\u00f5es e desigualdades de g\u00eanero na experi\u00eancia cidad\u00e3 brasileira;<\/li>\n<li>a sub-representa\u00e7\u00e3o de mulheres na pol\u00edtica;<\/li>\n<li>teorias feministas, rela\u00e7\u00f5es de g\u00eanero e poder pol\u00edtico na democracia liberal;<\/li>\n<li>partidos pol\u00edticos, presen\u00e7a e ag\u00eancia de mulheres;<\/li>\n<li>sistema eleitoral e carreiras pol\u00edticas: g\u00eanero como vari\u00e1vel;<\/li>\n<li>experi\u00eancias de fortalecimento da presen\u00e7a da mulher na pol\u00edtica;<\/li>\n<li>agenda de transforma\u00e7\u00e3o da pol\u00edtica para a equidade de g\u00eanero;<\/li>\n<li>rela\u00e7\u00f5es entre exclus\u00e3o de g\u00eanero e exclus\u00e3o racial na pol\u00edtica brasileira.<\/li>\n<\/ol>\n<p>Nesta se\u00e7\u00e3o voc\u00ea encontra o cronograma, conjunto de links e materiais de refer\u00eancia importantes para a inscri\u00e7\u00e3o, preenchimento adequado de documentos e envio de recursos deste processo seletivo.<\/p>\n<p>========================<\/p>\n<h3><span style=\"color: #ff0000\"><strong>Inscri\u00e7\u00f5es encerradas<\/strong><\/span><\/h3>\n<p><strong><a href=\"https:\/\/www.saopaulo.sp.leg.br\/escoladoparlamento\/wp-content\/uploads\/sites\/5\/2022\/01\/EDITAL-EP-01.22-Mulheres-na-Democracia-Brasileira_Direitos-de-Cidadania-e-Participacao-Politica.pdf\">Edital de Credenciamento<\/a><\/strong><\/p>\n<p>1\u00aa Fase: Habilita\u00e7\u00e3o<\/p>\n<p style=\"padding-left: 40px\"><strong><a href=\"https:\/\/www.saopaulo.sp.leg.br\/escoladoparlamento\/wp-content\/uploads\/sites\/5\/2022\/02\/diario-oficial-11-02-22.pdf\">Publica\u00e7\u00e3o da lista de inscri\u00e7\u00f5es <span data-contrast=\"none\">deferidas<\/span><\/a><span data-contrast=\"none\">\u00a0<\/span>(Publica\u00e7\u00e3o DOC 11.02.22 pp. 129)<\/strong><\/p>\n<p style=\"padding-left: 40px\"><strong>Recurso contra Indeferimento de Inscri\u00e7\u00f5es\u00a0<\/strong>&#8211; <strong><span style=\"color: #ff0000\">prazo encerrado<\/span><\/strong><\/p>\n<p>2\u00aa Fase: Pontua\u00e7\u00e3o dos Candidatos<\/p>\n<p style=\"padding-left: 40px\"><strong><a href=\"https:\/\/www.saopaulo.sp.leg.br\/escoladoparlamento\/wp-content\/uploads\/sites\/5\/2022\/02\/Resultado-Preliminar-Edital-01_2022.pdf\">Resultado Preliminar Edital 01_2022<\/a> (Publica\u00e7\u00e3o DOC 22\/02\/22) pp.116)<\/strong><\/p>\n<p style=\"padding-left: 40px\"><strong>Recurso contra Resultado Preliminar <\/strong>&#8211; <span style=\"color: #ff0000\"><strong>prazo encerrado<\/strong><\/span><\/p>\n<p style=\"padding-left: 40px\"><a href=\"https:\/\/www.saopaulo.sp.leg.br\/escoladoparlamento\/wp-content\/uploads\/sites\/5\/2022\/03\/Analise-de-recursos-Edital-EP-01-2022.pdf\"><strong>An\u00e1lise de Recursos contra Resultado Preliminar<\/strong><\/a> <strong><b>(Publica\u00e7\u00e3o DOC 26.02.22 pp. 119)<\/b><\/strong><\/p>\n<p style=\"padding-left: 40px\"><a href=\"https:\/\/www.saopaulo.sp.leg.br\/escoladoparlamento\/wp-content\/uploads\/sites\/5\/2022\/03\/Resultado-Final-Edital-EP-01-2022.pdf\"><strong>Resultado Final<\/strong><\/a><b> (Publica\u00e7\u00e3o DOC 26.02.22 pp. 119)<\/b><\/p>\n<pre><strong>CONVOCA\u00c7\u00c3O PARA CONTRATA\u00c7\u00c3O<\/strong>\r\nA Escola do Parlamento da C\u00e2mara Municipal de S\u00e3o Paulo convoca para contrata\u00e7\u00e3o como facilitadora de aprendizagem e conteudista a candidata BEATRIZ RODRIGUES SANCHEZ. Para formalizar o processo de contrata\u00e7\u00e3o, a candidata dever\u00e1 manifestar o interesse, atrav\u00e9s de resposta ao e-mail encaminhado pela Escola at\u00e9 o dia 04\/03\/2022.<\/pre>\n<h3><\/h3>\n<h3><strong>Cronograma relativo ao Edital:<\/strong><\/h3>\n<table>\n<tbody>\n<tr>\n<td width=\"397\"><strong>EVENTO<\/strong><\/td>\n<td width=\"176\"><strong>DATA<\/strong><\/td>\n<\/tr>\n<tr>\n<td width=\"397\"><strong>Publica\u00e7\u00e3o do Edital de Credenciamento no Di\u00e1rio Oficial do Munic\u00edpio<\/strong><\/td>\n<td width=\"176\"><strong>15\/01\/2022<\/strong><\/td>\n<\/tr>\n<tr>\n<td width=\"397\"><strong>Per\u00edodo de Inscri\u00e7\u00e3o<\/strong><\/td>\n<td width=\"176\"><strong>das 10h00 de 17\/01\/2022 at\u00e9 \u00e0s 23h59 de 08\/02\/2022<\/strong><\/td>\n<\/tr>\n<tr>\n<td width=\"397\"><strong>Publica\u00e7\u00e3o da lista de inscri\u00e7\u00f5es habilitadas<\/strong><\/td>\n<td width=\"176\"><strong>11\/02\/2022<\/strong><\/td>\n<\/tr>\n<tr>\n<td width=\"397\"><strong>Interposi\u00e7\u00e3o de recurso contra n\u00e3o-habilita\u00e7\u00e3o de inscri\u00e7\u00e3o<\/strong><\/td>\n<td width=\"176\"><strong>das 10h00 de 11\/02\/2022 at\u00e9 \u00e0s 23h59 de 13\/02\/2022<\/strong><\/td>\n<\/tr>\n<tr>\n<td width=\"397\"><strong>Publica\u00e7\u00e3o da an\u00e1lise de recursos contra n\u00e3o-habilita\u00e7\u00e3o de inscri\u00e7\u00e3o<\/strong><\/td>\n<td width=\"176\"><strong>15\/02\/2022<\/strong><\/td>\n<\/tr>\n<tr>\n<td width=\"397\"><strong>Publica\u00e7\u00e3o do Resultado preliminar do processo de credenciamento<\/strong><\/td>\n<td width=\"176\"><strong>22\/02\/2022<\/strong><\/td>\n<\/tr>\n<tr>\n<td width=\"397\"><strong>Interposi\u00e7\u00e3o de recurso contra resultado preliminar<\/strong><\/td>\n<td width=\"176\"><strong>das 10h00 de 22\/02\/2022 at\u00e9 \u00e0s 23h59 de 24\/02\/2022<\/strong><\/td>\n<\/tr>\n<tr>\n<td width=\"397\"><strong>Publica\u00e7\u00e3o do Resultado Final do processo de credenciamento<\/strong><\/td>\n<td width=\"176\"><strong>26\/02\/2022<\/strong><\/td>\n<\/tr>\n<\/tbody>\n<\/table>\n<p>&nbsp;<\/p>\n<h3>Documentos importantes:<\/h3>\n<p><a href=\"https:\/\/www.saopaulo.sp.leg.br\/escoladoparlamento\/wp-content\/uploads\/sites\/5\/2022\/01\/Anexo-II_Declaracao-de-Autenticidade.docx\">Anexo II &#8211; Declara\u00e7\u00e3o de Autenticidade<\/a><\/p>\n<p><a href=\"https:\/\/www.saopaulo.sp.leg.br\/escoladoparlamento\/wp-content\/uploads\/sites\/5\/2022\/01\/ANEXO-III-Edital-Mulheres-na-Democracia-Brasileira_EP-01.2022.docx\">Anexo III &#8211; Declara\u00e7\u00e3o de apresenta\u00e7\u00e3o de comprovantes de experi\u00eancia profissional e produ\u00e7\u00e3o acad\u00eamica submetidos para an\u00e1lise<\/a><\/p>\n<p><a href=\"https:\/\/www.saopaulo.sp.leg.br\/escoladoparlamento\/wp-content\/uploads\/sites\/5\/2022\/01\/DECLARAC\u0327A\u0303O-MDB_01A.docx\">Declara\u00e7\u00e3o MDB_01A<\/a><\/p>\n<p><a href=\"https:\/\/www.saopaulo.sp.leg.br\/escoladoparlamento\/wp-content\/uploads\/sites\/5\/2022\/01\/DECLARAC\u0327A\u0303O-MDB_01B.docx\">Declara\u00e7\u00e3o MDB_01B<\/a><\/p>\n<p><a href=\"https:\/\/www.saopaulo.sp.leg.br\/escoladoparlamento\/wp-content\/uploads\/sites\/5\/2022\/01\/Declaracao-MDB_02.docx\">Declara\u00e7\u00e3o MDB_02<\/a><\/p>\n<p>&nbsp;<\/p>\n","protected":false},"excerpt":{"rendered":"<p>Curso de extens\u00e3o universit\u00e1ria, desenvolvido em regime presencial ou de aprendizagem remota, com recursos de plataforma de transmiss\u00e3o virtual e com carga hor\u00e1ria total de 14 horas. O curso mobilizar\u00e1 o repert\u00f3rio te\u00f3rico, conceitual e anal\u00edtico interdisciplinar, notadamente das \u00e1reas da ci\u00eancia pol\u00edtica, dos estudos de g\u00eanero, das ci\u00eancias jur\u00eddicas e do campo de p\u00fablicas [&hellip;]<\/p>\n","protected":false},"author":522,"featured_media":0,"parent":2870,"menu_order":118,"comment_status":"closed","ping_status":"closed","template":"","meta":{"_acf_changed":false,"footnotes":""},"class_list":["post-27056","page","type-page","status-publish","hentry"],"acf":[],"_links":{"self":[{"href":"https:\/\/www.saopaulo.sp.leg.br\/escoladoparlamento\/wp-json\/wp\/v2\/pages\/27056","targetHints":{"allow":["GET"]}}],"collection":[{"href":"https:\/\/www.saopaulo.sp.leg.br\/escoladoparlamento\/wp-json\/wp\/v2\/pages"}],"about":[{"href":"https:\/\/www.saopaulo.sp.leg.br\/escoladoparlamento\/wp-json\/wp\/v2\/types\/page"}],"author":[{"embeddable":true,"href":"https:\/\/www.saopaulo.sp.leg.br\/escoladoparlamento\/wp-json\/wp\/v2\/users\/522"}],"replies":[{"embeddable":true,"href":"https:\/\/www.saopaulo.sp.leg.br\/escoladoparlamento\/wp-json\/wp\/v2\/comments?post=27056"}],"version-history":[{"count":1,"href":"https:\/\/www.saopaulo.sp.leg.br\/escoladoparlamento\/wp-json\/wp\/v2\/pages\/27056\/revisions"}],"predecessor-version":[{"id":29677,"href":"https:\/\/www.saopaulo.sp.leg.br\/escoladoparlamento\/wp-json\/wp\/v2\/pages\/27056\/revisions\/29677"}],"up":[{"embeddable":true,"href":"https:\/\/www.saopaulo.sp.leg.br\/escoladoparlamento\/wp-json\/wp\/v2\/pages\/2870"}],"wp:attachment":[{"href":"https:\/\/www.saopaulo.sp.leg.br\/escoladoparlamento\/wp-json\/wp\/v2\/media?parent=27056"}],"curies":[{"name":"wp","href":"https:\/\/api.w.org\/{rel}","templated":true}]}}