{"id":26577,"date":"2021-08-25T13:42:56","date_gmt":"2021-08-25T16:42:56","guid":{"rendered":"https:\/\/www.saopaulo.sp.leg.br\/escoladoparlamento\/?page_id=26577"},"modified":"2021-09-22T17:55:34","modified_gmt":"2021-09-22T20:55:34","slug":"desigualdades-e-politicas-publicas","status":"publish","type":"page","link":"https:\/\/www.saopaulo.sp.leg.br\/escoladoparlamento\/cursos\/cursos-anteriores\/cursos-realizados-em-2021\/desigualdades-e-politicas-publicas\/","title":{"rendered":"Desigualdades e Pol\u00edticas P\u00fablicas"},"content":{"rendered":"<h3><strong><a href=\"https:\/\/youtu.be\/kk6W3NMrDP4\">CLIQUE AQUI<\/a> para ver o semin\u00e1rio novamente<\/strong><\/h3>\n<p>&#8212;&#8212;&#8212;-<\/p>\n<p>&nbsp;<\/p>\n<h3>Lan\u00e7amento da Revista Parlamento e Sociedade n\u00ba 15<\/h3>\n<p>&nbsp;<\/p>\n<p>Diretor Respons\u00e1vel: Prof. Dr. Alexsandro Santos<br \/>\nCoordenadora: Profa. Dra. Ursula Peres<\/p>\n<p>&nbsp;<\/p>\n<p>O padr\u00e3o hist\u00f3rico de desigualdades sociais no Brasil, constru\u00eddo na longa dura\u00e7\u00e3o da nossa forma\u00e7\u00e3o como pa\u00eds, imp\u00f5e uma realidade de nega\u00e7\u00e3o e estreitamento de direitos na vida cotidiana de milh\u00f5es de brasileiros, que se agravou com a chegada da crise sanit\u00e1ria promovida pelo novo <em>Coronav\u00edrus<\/em>, escancarando e aprofundando as mazelas que afligem a sociedade brasileira.<\/p>\n<p>O dossi\u00ea <strong><em>Desigualdades e Pol\u00edticas P\u00fablicas<\/em><\/strong>, que estar\u00e1 publicado na edi\u00e7\u00e3o n\u00b0 15 da revista acad\u00eamica da <em>Escola do Parlamento<\/em>, teve como motiva\u00e7\u00e3o apresentar, em diferentes setores das pol\u00edticas p\u00fablicas, elementos da desigualdade social e econ\u00f4mica brasileira e como esses foram agravados pela pandemia, assim como apresentar propostas de redu\u00e7\u00e3o desse agravamento.<\/p>\n<p>Pesquisadores de diferentes \u00e1reas constru\u00edram suas an\u00e1lises a partir das m\u00faltiplas e heterog\u00eaneas dimens\u00f5es dos processos de desigualdade e sistematizaram suas contribui\u00e7\u00f5es em sete artigos, que agora ser\u00e3o apresentados no semin\u00e1rio de mesmo nome.<\/p>\n<p><strong>Objetivos:<\/strong><\/p>\n<p>Divulgar as pesquisas realizadas na tem\u00e1tica de desigualdades e pol\u00edticas p\u00fablicas no Brasil e permitir o di\u00e1logo com diferentes interessados em um momento bastante cr\u00edtico da pol\u00edtica nacional.<\/p>\n<p><strong>P\u00fablico alvo:<\/strong> estudantes, pesquisadores, gestores e cidad\u00e3os em geral interessados pelo tema.<\/p>\n<h2>Inscri\u00e7\u00f5es: encerradas<\/h2>\n<hr \/>\n<h3><span style=\"color: #ff0000\"><strong>Programa\u00e7\u00e3o:<\/strong><\/span><\/h3>\n<h3><strong>16 de setembro, das 17h \u00e0s 19h<\/strong><\/h3>\n<p><span style=\"text-decoration: underline\">Autores confirmados:<\/span><\/p>\n<div>\n<p><strong>Agnaldo Valentin \u00bb <\/strong>Mestre e Doutor em Hist\u00f3ria Econ\u00f4mica pela USP, docente do curso de Gest\u00e3o de Pol\u00edticas P\u00fablicas (EACH\/USP) e pesquisador do Observat\u00f3rio Interdisciplinar de Pol\u00edticas P\u00fablicas (OIPP) e do N\u00facleo de Estudos em Economia e Pol\u00edticas P\u00fablicas.<\/p>\n<p><strong>Alexandre Ribeiro Leichsenring \u00bb <\/strong>Possui doutorado e p\u00f3s-doutorado em Estat\u00edstica (USP), \u00e9 professor da Escola de Artes, Ci\u00eancias e Humanidades da Universidade de S\u00e3o Paulo, e trabalha com M\u00e9todos Quantitativos em Avalia\u00e7\u00e3o de Pol\u00edticas P\u00fablicas junto ao curso de Gest\u00e3o de Pol\u00edticas P\u00fablicas.<\/p>\n<p><strong>Andr\u00e9 Mountian \u00bb <\/strong>Doutor em Economia do Desenvolvimento (USP), Mestre em Economia Pol\u00edtica (PUC-SP), docente do curso de Gest\u00e3o de Pol\u00edticas P\u00fablicas (EACH\/USP) e pesquisador do Observat\u00f3rio Interdisciplinar de Pol\u00edticas P\u00fablicas (OIPP) e do N\u00facleo de Estudos em Economia e Pol\u00edticas P\u00fablicas.<\/p>\n<p><b>Luciana Rosa Souza \u00bb<\/b>\u00a0docente do departamento de economia da\u00a0<i>Universidade Federal de S\u00e3o Paulo<\/i>\u00a0(Unifesp) e pesquisadora na \u00e1rea de Pol\u00edticas P\u00fablicas para mitigar a pobreza e desigualdade no Brasil e na Am\u00e9rica Latina.<\/p>\n<p><strong>Beatriz Mendes \u00bb <\/strong>mestranda em Ci\u00eancia Pol\u00edtica pela USP e bacharela em Gest\u00e3o de Pol\u00edticas P\u00fablicas pela mesma institui\u00e7\u00e3o. Pesquisadora da \u00e1rea de estudos eleitorais com foco no financiamento eleitoral de negros e mulheres no Brasil.<\/p>\n<p><strong>Eduardo Janu\u00e1rio \u00bb <\/strong>Doutor e Mestre em Hist\u00f3ria Econ\u00f4mica pela FFLCH-USP. Foi Professor e Diretor de Escola P\u00fablica e Assessor na SME-SP do Programa de Forma\u00e7\u00e3o de Professores para Educa\u00e7\u00e3o das Rela\u00e7\u00f5es \u00c9tnico-raciais. Atualmente \u00e9 Professor no Departamento de Administra\u00e7\u00e3o Escolar e Economia da Educa\u00e7\u00e3o (EDA) da FEUSP.<\/p>\n<p><strong>F\u00e1bio Pereira dos Santos \u00bb <\/strong>Doutor em Administra\u00e7\u00e3o P\u00fablica e Governo (FGV\/SP), foi Assessor Especial do Minist\u00e9rio do Desenvolvimento Agr\u00e1rio e Secret\u00e1rio Adjunto de Planejamento, Or\u00e7amento e Gest\u00e3o do Munic\u00edpio de S\u00e3o Paulo.<\/p>\n<p><strong>Francisco Funcia \u00bb <\/strong>Economista e Mestre em Economia Pol\u00edtica pela PUC-SP). Doutorando do Programa de P\u00f3s-Gradua\u00e7\u00e3o em Administra\u00e7\u00e3o da Universidade Municipal de S\u00e3o Caetano do Sul e Professor dos Cursos de Economia e de Medicina da mesma universidade. Consultor-t\u00e9cnico do Conselho Nacional de Sa\u00fade (Cofin\/CNS) e Vice-presidente da Associa\u00e7\u00e3o Brasileira de Economia da Sa\u00fade (ABrES). Desde janeiro de 2021, \u00e9 Secret\u00e1rio da Sa\u00fade de Diadema\/SP.<\/p>\n<p><strong>Ursula Peres \u00bb <\/strong>Doutora em Economia pela EESP\/FGV\/SP, Professora da EACH\/USP, Pesquisadora do CEM\/USP e do <em>King\u2019s College London<\/em>. Foi Secret\u00e1ria Adjunta de Planejamento, Or\u00e7amento e Gest\u00e3o do Munic\u00edpio de S\u00e3o Paulo.<\/p>\n<\/div>\n<div>Demais autores dos textos que comp\u00f5em o Dossi\u00ea:<\/div>\n<div><b>Andr\u00e9 Roncaglia de Carvalho<\/b> (Unifesp\/Cebrap)<\/div>\n<div><b>Daniela Varzola Vaz <\/b>(Unifesp)<\/div>\n<div><b>Danilo Braun Santos <\/b>(Unifesp)<\/div>\n<div><b>Eloiza Regina Ferreira de Almeida <\/b>(Cebrap)<\/div>\n<div><b>Jo\u00e3o Guilherme Rocha Machado <\/b>(EAESP-FGV e NEEPP)<\/div>\n<div><b>Let\u00edcia Figueiredo Collado <\/b>(EACH\/USP e NEEPP)<\/div>\n<div><b>Marcelo Nakamura Saito <\/b>(EACH\/USP e NEEP)<\/div>\n<div><b>Solange Gon\u00e7alves<\/b> (Unifesp\/Cebrap)<\/div>\n<div><\/div>\n<div>\n<hr \/>\n<\/div>\n<div>\n<p style=\"font-weight: 400\"><span style=\"color: #ff0000\"><b><strong>ATEN\u00c7\u00c3O:<\/strong><\/b><\/span><\/p>\n<p style=\"font-weight: 300\"><b><strong>Usaremos a plataforma Zoom para o Semin\u00e1rio.\u00a0<\/strong><\/b><b><strong>Teremos tamb\u00e9m transmiss\u00e3o online simult\u00e2nea pelo Canal da Escola do Parlamento no YouTube, mas para registrar presen\u00e7a e garantir posterior certifica\u00e7\u00e3o voc\u00ea deve acompanhar a aula pelo Zoom.<\/strong><\/b><\/p>\n<\/div>\n","protected":false},"excerpt":{"rendered":"<p>CLIQUE AQUI para ver o semin\u00e1rio novamente &#8212;&#8212;&#8212;- &nbsp; Lan\u00e7amento da Revista Parlamento e Sociedade n\u00ba 15 &nbsp; Diretor Respons\u00e1vel: Prof. Dr. Alexsandro Santos Coordenadora: Profa. Dra. Ursula Peres &nbsp; O padr\u00e3o hist\u00f3rico de desigualdades sociais no Brasil, constru\u00eddo na longa dura\u00e7\u00e3o da nossa forma\u00e7\u00e3o como pa\u00eds, imp\u00f5e uma realidade de nega\u00e7\u00e3o e estreitamento de [&hellip;]<\/p>\n","protected":false},"author":522,"featured_media":0,"parent":25320,"menu_order":140,"comment_status":"closed","ping_status":"closed","template":"","meta":{"_acf_changed":false,"footnotes":""},"class_list":["post-26577","page","type-page","status-publish","hentry"],"acf":[],"_links":{"self":[{"href":"https:\/\/www.saopaulo.sp.leg.br\/escoladoparlamento\/wp-json\/wp\/v2\/pages\/26577","targetHints":{"allow":["GET"]}}],"collection":[{"href":"https:\/\/www.saopaulo.sp.leg.br\/escoladoparlamento\/wp-json\/wp\/v2\/pages"}],"about":[{"href":"https:\/\/www.saopaulo.sp.leg.br\/escoladoparlamento\/wp-json\/wp\/v2\/types\/page"}],"author":[{"embeddable":true,"href":"https:\/\/www.saopaulo.sp.leg.br\/escoladoparlamento\/wp-json\/wp\/v2\/users\/522"}],"replies":[{"embeddable":true,"href":"https:\/\/www.saopaulo.sp.leg.br\/escoladoparlamento\/wp-json\/wp\/v2\/comments?post=26577"}],"version-history":[{"count":0,"href":"https:\/\/www.saopaulo.sp.leg.br\/escoladoparlamento\/wp-json\/wp\/v2\/pages\/26577\/revisions"}],"up":[{"embeddable":true,"href":"https:\/\/www.saopaulo.sp.leg.br\/escoladoparlamento\/wp-json\/wp\/v2\/pages\/25320"}],"wp:attachment":[{"href":"https:\/\/www.saopaulo.sp.leg.br\/escoladoparlamento\/wp-json\/wp\/v2\/media?parent=26577"}],"curies":[{"name":"wp","href":"https:\/\/api.w.org\/{rel}","templated":true}]}}