{"id":26451,"date":"2021-07-23T15:15:46","date_gmt":"2021-07-23T18:15:46","guid":{"rendered":"https:\/\/www.saopaulo.sp.leg.br\/escoladoparlamento\/?page_id=26451"},"modified":"2021-08-04T13:38:25","modified_gmt":"2021-08-04T16:38:25","slug":"lancamento-do-livro-a-educacao-integral-em-tempos-de-pandemia","status":"publish","type":"page","link":"https:\/\/www.saopaulo.sp.leg.br\/escoladoparlamento\/cursos\/cursos-anteriores\/cursos-realizados-em-2021\/lancamento-do-livro-a-educacao-integral-em-tempos-de-pandemia\/","title":{"rendered":"Lan\u00e7amento do Livro &#8220;A Educa\u00e7\u00e3o Integral em tempos de Pandemia&#8221;"},"content":{"rendered":"<p><a href=\"https:\/\/www.saopaulo.sp.leg.br\/escoladoparlamento\/wp-content\/uploads\/sites\/5\/2021\/07\/Logo-GPEI.jpg\"><img loading=\"lazy\" decoding=\"async\" class=\"wp-image-26453 alignright\" src=\"https:\/\/www.saopaulo.sp.leg.br\/escoladoparlamento\/wp-content\/uploads\/sites\/5\/2021\/07\/Logo-GPEI.jpg\" alt=\"\" width=\"195\" height=\"195\" srcset=\"https:\/\/www.saopaulo.sp.leg.br\/escoladoparlamento\/wp-content\/uploads\/sites\/5\/2021\/07\/Logo-GPEI.jpg 1087w, https:\/\/www.saopaulo.sp.leg.br\/escoladoparlamento\/wp-content\/uploads\/sites\/5\/2021\/07\/Logo-GPEI-300x300.jpg 300w, https:\/\/www.saopaulo.sp.leg.br\/escoladoparlamento\/wp-content\/uploads\/sites\/5\/2021\/07\/Logo-GPEI-1024x1024.jpg 1024w, https:\/\/www.saopaulo.sp.leg.br\/escoladoparlamento\/wp-content\/uploads\/sites\/5\/2021\/07\/Logo-GPEI-150x150.jpg 150w, https:\/\/www.saopaulo.sp.leg.br\/escoladoparlamento\/wp-content\/uploads\/sites\/5\/2021\/07\/Logo-GPEI-768x767.jpg 768w\" sizes=\"auto, (max-width: 195px) 100vw, 195px\" \/><\/a><strong>Evento em parceria com o Grupo de Pesquisa em Educa\u00e7\u00e3o Integral &#8211; GPEI da PUC-SP<\/strong><\/p>\n<p>Os desafios colocados para a Educa\u00e7\u00e3o Brasileira, especialmente no per\u00edodo da pandemia, nos impulsionam a refletir sobre como tem sido concebida a forma\u00e7\u00e3o de nossas crian\u00e7as, adolescentes, jovens e adultos, a forma\u00e7\u00e3o de professoras, professores, gestoras e gestores, funcion\u00e1rias e funcion\u00e1rios da escola, e tamb\u00e9m sobre como t\u00eam sido desenvolvidos os di\u00e1logos entre a Escola e a Comunidade.<\/p>\n<p>Oportunamente, a produ\u00e7\u00e3o acad\u00eamica realizada em torno dessas quest\u00f5es pode contribuir significativamente para pensarmos as respostas para que uma Educa\u00e7\u00e3o Integral seja, de fato, realidade nas escolas brasileiras. <strong>A apresenta\u00e7\u00e3o da produ\u00e7\u00e3o acad\u00eamica realizada no <em>Grupo de Pesquisa em Educa\u00e7\u00e3o Integral da Pontif\u00edcia Universidade Cat\u00f3lica de S\u00e3o Paulo<\/em> \u2013 GPEI-PUC-SP \u00e9 um exemplo significativo de contribui\u00e7\u00e3o para que pensemos os caminhos dessa importante constru\u00e7\u00e3o. <\/strong>Por esse motivo a Escola do Parlamento realiza este evento para o lan\u00e7amento do livro <em>A Educa\u00e7\u00e3o Integral em Tempos de Pandemia.<\/em><\/p>\n<p><strong><br \/>\nObjetivos:<\/strong><\/p>\n<p>Apresentar estudos e pesquisas produzidos por pesquisadores na Universidade que contribuam para o aprofundamento da tem\u00e1tica da Educa\u00e7\u00e3o Integral em tempos de pandemia;<\/p>\n<p>Discutir os aspectos essenciais da forma\u00e7\u00e3o e atua\u00e7\u00e3o de educadoras e educadores, colocando-os em di\u00e1logo com a pr\u00e1tica dos fazeres e saberes da escola;<\/p>\n<p>Expor um panorama geral sobre o momento vivido e a necessidade premente de pensarmos a integralidade dos sujeitos no seu sentido humano;<\/p>\n<p><strong><br \/>\nP\u00fablico Alvo: <\/strong>todos interessados na tem\u00e1tica que ser\u00e1 debatida<\/p>\n<h3><span style=\"color: #ff0000\"><strong>ATEN\u00c7\u00c3O:<\/strong><\/span><\/h3>\n<h3><strong>Este \u00e9 um evento aberto ao p\u00fablico, sem inscri\u00e7\u00f5es ou certifica\u00e7\u00e3o.\u00a0<\/strong><br \/>\n<strong>A transmiss\u00e3o ao vivo acontece no <a href=\"https:\/\/www.youtube.com\/c\/EscoladoParlamentoCMSP\">Canal da Escola do Parlamento no YouTube<\/a>,<\/strong><br \/>\n<strong>dia 3 de agosto, das 18h \u00e0s 20h.<br \/>\n<a href=\"https:\/\/www.youtube.com\/watch?v=Jqvx5FEOaOk&amp;pp=sAQA\">Clique aqui para assistir novamente<\/a><\/strong><\/h3>\n<p>&nbsp;<\/p>\n<h2>Participe!<\/h2>\n<p><strong>Coordena\u00e7\u00e3o e Media\u00e7\u00e3o das Mesas:<\/strong><br \/>\nProfa. Dra. Em\u00edlia Maria Bezerra Cipriano Castro Sanches<\/p>\n<p><strong>Convidados:<br \/>\n<\/strong>Profa. Dra. Madalena Guasco Peixoto (Diretora da Faculdade de Educa\u00e7\u00e3o da PUC-SP)<br \/>\nProf. Dr. Alexsandro Santos (Diretor-presidente da Escola do Parlamento)<\/p>\n<p><strong>Di\u00e1logos com os Autores:<br \/>\n<\/strong>Prof. Emanuel Pinheiro Junior &#8211; Mestrando<br \/>\nProfa. Dra. Em\u00edlia Maria Bezerra Cipriano Castro Sanches<br \/>\nProf. Me. Jos\u00e9 dos Santos Silveira<br \/>\nProfa. Me. M\u00e1rcia de Castro Cal\u00e7ada Kohatsu<br \/>\nProfa. Maria das Gra\u00e7as de Oliveira Coronato<br \/>\nProfa. Miriam Marcolino dos Santos &#8211; Mestranda<br \/>\nProfa. Me. Priscila Raucci Da Mata Kodama<br \/>\nProfa. Regina Aparecida Camargo &#8211; Mestranda<br \/>\nProfa. Me. Regina C\u00e9lia Cola Rodrigues<br \/>\nProf. Samuel de Jesus Pereira &#8211; Mestrando<\/p>\n","protected":false},"excerpt":{"rendered":"<p>Evento em parceria com o Grupo de Pesquisa em Educa\u00e7\u00e3o Integral &#8211; GPEI da PUC-SP Os desafios colocados para a Educa\u00e7\u00e3o Brasileira, especialmente no per\u00edodo da pandemia, nos impulsionam a refletir sobre como tem sido concebida a forma\u00e7\u00e3o de nossas crian\u00e7as, adolescentes, jovens e adultos, a forma\u00e7\u00e3o de professoras, professores, gestoras e gestores, funcion\u00e1rias e [&hellip;]<\/p>\n","protected":false},"author":522,"featured_media":0,"parent":25320,"menu_order":151,"comment_status":"closed","ping_status":"closed","template":"","meta":{"_acf_changed":false,"footnotes":""},"class_list":["post-26451","page","type-page","status-publish","hentry"],"acf":[],"_links":{"self":[{"href":"https:\/\/www.saopaulo.sp.leg.br\/escoladoparlamento\/wp-json\/wp\/v2\/pages\/26451","targetHints":{"allow":["GET"]}}],"collection":[{"href":"https:\/\/www.saopaulo.sp.leg.br\/escoladoparlamento\/wp-json\/wp\/v2\/pages"}],"about":[{"href":"https:\/\/www.saopaulo.sp.leg.br\/escoladoparlamento\/wp-json\/wp\/v2\/types\/page"}],"author":[{"embeddable":true,"href":"https:\/\/www.saopaulo.sp.leg.br\/escoladoparlamento\/wp-json\/wp\/v2\/users\/522"}],"replies":[{"embeddable":true,"href":"https:\/\/www.saopaulo.sp.leg.br\/escoladoparlamento\/wp-json\/wp\/v2\/comments?post=26451"}],"version-history":[{"count":0,"href":"https:\/\/www.saopaulo.sp.leg.br\/escoladoparlamento\/wp-json\/wp\/v2\/pages\/26451\/revisions"}],"up":[{"embeddable":true,"href":"https:\/\/www.saopaulo.sp.leg.br\/escoladoparlamento\/wp-json\/wp\/v2\/pages\/25320"}],"wp:attachment":[{"href":"https:\/\/www.saopaulo.sp.leg.br\/escoladoparlamento\/wp-json\/wp\/v2\/media?parent=26451"}],"curies":[{"name":"wp","href":"https:\/\/api.w.org\/{rel}","templated":true}]}}