{"id":26233,"date":"2021-06-01T15:31:28","date_gmt":"2021-06-01T18:31:28","guid":{"rendered":"https:\/\/www.saopaulo.sp.leg.br\/escoladoparlamento\/?page_id=26233"},"modified":"2021-07-19T18:45:41","modified_gmt":"2021-07-19T21:45:41","slug":"introducao-a-filosofia-de-immanuel-kant","status":"publish","type":"page","link":"https:\/\/www.saopaulo.sp.leg.br\/escoladoparlamento\/cursos\/cursos-anteriores\/cursos-realizados-em-2021\/introducao-a-filosofia-de-immanuel-kant\/","title":{"rendered":"Introdu\u00e7\u00e3o \u00e0 filosofia de Immanuel Kant"},"content":{"rendered":"<p>Junto a Plat\u00e3o, Arist\u00f3teles, Descartes e Hegel, Kant se consagra como um dos fil\u00f3sofos mais ic\u00f4nicos. Cada um destes pensadores \u00e9 respons\u00e1vel por uma virada decisiva que transforma o pr\u00f3prio conceito do que \u00e9 Filosofia.<\/p>\n<p>Por\u00e9m, eles n\u00e3o s\u00e3o apenas determinantes para a hist\u00f3ria da Filosofia, mas tamb\u00e9m se encontram na base da cultura que se perpetua at\u00e9 hoje. No caso da \u00c9tica, Kant ainda exerce uma enorme influ\u00eancia e segue sendo tomado como refer\u00eancia. Por esse motivo, faz-se atual e pertinente entender a sua filosofia e localizar o problema da \u00e9tica em seu pensamento.<\/p>\n<p><strong>P\u00fablico Alvo:<\/strong> o curso se dirige a estudantes iniciantes de filosofia e a um p\u00fablico geral interessado nas quest\u00f5es propostas.<\/p>\n<p>&nbsp;<\/p>\n<p><strong>Docente:<\/strong><br \/>\n\u00bb\u00a0<strong>Prof. Dr. Mario Ariel Gonz\u00e1lez Porta<\/strong>\u00a0\u2022\u00a0<em>possui gradua\u00e7\u00e3o em Filosofia pela Universidade Maior da Rep\u00fablica de Montevid\u00e9u (1980) e doutorado em Filosofia \u2013 Universitat Munster (Westfalische-Wilhelms) (1989). Atualmente \u00e9 professor titular da Pontif\u00edcia Universidade Cat\u00f3lica de S\u00e3o Paulo. Tem experi\u00eancia na \u00e1rea de Filosofia, com \u00eanfase em Epistemologia, atuando principalmente nos seguintes temas: origens da filosof\u00eda contempor\u00e2nea, Kant, neokantismo, fenomenologia, psicologismo e ensino da filosofia.<\/em><\/p>\n<p>&nbsp;<\/p>\n<h6>Para mais informa\u00e7\u00f5es sobre o Prof. Dr. Mario Porta e o <em>Grupo de Pesquisa Origens da Filosofia Contempor\u00e2nea<\/em> que ele coordena acesse <a href=\"http:\/\/www.gpofc.com.br\">www.gpofc.com.br<\/a><\/h6>\n<h2><strong>Inscri\u00e7\u00f5es: <span style=\"color: #ff0000\">encerradas<\/span><\/strong><\/h2>\n<h3><span style=\"color: #ff0000\"><strong>Programa\u00e7\u00e3o:<\/strong><\/span><\/h3>\n<p>O curso ser\u00e1 ministrado em quatro aulas, sempre \u00e0s quintas-feiras, <strong>das 19h \u00e0s 21h<\/strong><\/p>\n<p><strong>17\/06<br \/>\n<\/strong>O problema \u201ccr\u00edtico\u201d: dimens\u00e3o epistemol\u00f3gica e \u00e9tica.<br \/>\nO problema epistemol\u00f3gico: seus pressupostos e o sentido essencial.<br \/>\nA situa\u00e7\u00e3o da metafisica, das matem\u00e1ticas e da f\u00edsica.<br \/>\nO conceito cl\u00e1ssico de ci\u00eancia.<br \/>\nPrimeira formula\u00e7\u00e3o do problema da Cr\u00edtica da raz\u00e3o Pura.<\/p>\n<p style=\"padding-left: 40px\"><strong><span style=\"text-decoration: underline\">Link para assistir novamente \u00e0 aula de 17\/06:<\/span><br \/>\n<a href=\"https:\/\/youtu.be\/jwK_jPQIYwA\">https:\/\/youtu.be\/jwK_jPQIYwA<\/a><\/strong><\/p>\n<p>&nbsp;<\/p>\n<p><strong>24\/06\u00a0<\/strong><br \/>\nA pergunta: Como s\u00e3o poss\u00edveis ju\u00edzos sint\u00e9ticos a priori?<br \/>\nAnal\u00edtico e sint\u00e9tico.<br \/>\n<em>A priori<\/em> e a <em>posteriori<\/em>.<br \/>\nO problema da necessidade sint\u00e9tica.<br \/>\nAs antinomias.<\/p>\n<p style=\"padding-left: 40px\"><strong>Link para assistir novamente \u00e0 aula de 24\/06:<\/strong><br \/>\n<strong><a href=\"https:\/\/www.youtube.com\/watch?v=HnusIveI2ks\">https:\/\/www.youtube.com\/watch?v=HnusIveI2ks<\/a><\/strong><\/p>\n<p>&nbsp;<\/p>\n<p><strong>01\/07:<\/strong><br \/>\nA solu\u00e7\u00e3o do problema cr\u00edtico.<br \/>\nA invers\u00e3o copernicana.<br \/>\nFen\u00f4meno e n\u00fameno.<br \/>\nA dedu\u00e7\u00e3o transcendental.<\/p>\n<p style=\"padding-left: 40px\"><strong>Link para assistir novamente \u00e0 aula de 01\/07:<\/strong><br \/>\n<strong><a href=\"https:\/\/youtu.be\/0Phf8R01ZQE\">https:\/\/youtu.be\/0Phf8R01ZQE<\/a><\/strong><\/p>\n<p>&nbsp;<\/p>\n<p><strong>08\/07:<\/strong><br \/>\nO problema da \u2018\u00e9tica\u201d: Qual \u00e9 o fundamento do dever.<br \/>\nO imperativo categ\u00f3rico.<br \/>\nO lugar de Kant na hist\u00f3ria da filosofia.<\/p>\n<p style=\"padding-left: 40px\"><strong>Link para assistir novamente \u00e0 aula de 08\/07:<\/strong><br \/>\n<strong><a href=\"https:\/\/youtu.be\/pWi0AhAslck\">https:\/\/youtu.be\/pWi0AhAslck<\/a><\/strong><\/p>\n<p>&nbsp;<\/p>\n<hr \/>\n<p><strong><br \/>\nO certificado referente a este curso ser\u00e1 disponibilizado mediante resposta a um question\u00e1rio de conte\u00fado ao final do curso, no qual \u00e9 preciso ter 70 por cento de acerto.<\/strong><\/p>\n<p><strong><span style=\"color: #ff0000\">ATEN\u00c7\u00c3O:<\/span> devido ao feriado estadual de SP em 9\/7 o question\u00e1rio de avalia\u00e7\u00e3o de conte\u00fado ser\u00e1 enviado aos alunos inscritos somente a partir de segunda, dia 12\/7. Cheque o <em>email<\/em> com que voc\u00ea fez a sua inscri\u00e7\u00e3o!<\/strong><\/p>\n<p>&nbsp;<\/p>\n<hr \/>\n<p><strong>Bibliografia<\/strong><\/p>\n<p>PORTA, Mario Ariel Gonz\u00e1lez. <strong>A Filosofia a partir de seus problemas<\/strong>. S\u00e3o Paulo: Edi\u00e7\u00f5es Loyola. <strong>(Cap\u00edtulo: O problema da cr\u00edtica da raz\u00e3o pura)<\/strong><\/p>\n","protected":false},"excerpt":{"rendered":"<p>Junto a Plat\u00e3o, Arist\u00f3teles, Descartes e Hegel, Kant se consagra como um dos fil\u00f3sofos mais ic\u00f4nicos. Cada um destes pensadores \u00e9 respons\u00e1vel por uma virada decisiva que transforma o pr\u00f3prio conceito do que \u00e9 Filosofia. Por\u00e9m, eles n\u00e3o s\u00e3o apenas determinantes para a hist\u00f3ria da Filosofia, mas tamb\u00e9m se encontram na base da cultura que [&hellip;]<\/p>\n","protected":false},"author":522,"featured_media":0,"parent":25320,"menu_order":160,"comment_status":"closed","ping_status":"closed","template":"","meta":{"_acf_changed":false,"footnotes":""},"class_list":["post-26233","page","type-page","status-publish","hentry"],"acf":[],"_links":{"self":[{"href":"https:\/\/www.saopaulo.sp.leg.br\/escoladoparlamento\/wp-json\/wp\/v2\/pages\/26233","targetHints":{"allow":["GET"]}}],"collection":[{"href":"https:\/\/www.saopaulo.sp.leg.br\/escoladoparlamento\/wp-json\/wp\/v2\/pages"}],"about":[{"href":"https:\/\/www.saopaulo.sp.leg.br\/escoladoparlamento\/wp-json\/wp\/v2\/types\/page"}],"author":[{"embeddable":true,"href":"https:\/\/www.saopaulo.sp.leg.br\/escoladoparlamento\/wp-json\/wp\/v2\/users\/522"}],"replies":[{"embeddable":true,"href":"https:\/\/www.saopaulo.sp.leg.br\/escoladoparlamento\/wp-json\/wp\/v2\/comments?post=26233"}],"version-history":[{"count":0,"href":"https:\/\/www.saopaulo.sp.leg.br\/escoladoparlamento\/wp-json\/wp\/v2\/pages\/26233\/revisions"}],"up":[{"embeddable":true,"href":"https:\/\/www.saopaulo.sp.leg.br\/escoladoparlamento\/wp-json\/wp\/v2\/pages\/25320"}],"wp:attachment":[{"href":"https:\/\/www.saopaulo.sp.leg.br\/escoladoparlamento\/wp-json\/wp\/v2\/media?parent=26233"}],"curies":[{"name":"wp","href":"https:\/\/api.w.org\/{rel}","templated":true}]}}