{"id":26113,"date":"2021-05-20T14:34:47","date_gmt":"2021-05-20T17:34:47","guid":{"rendered":"https:\/\/www.saopaulo.sp.leg.br\/escoladoparlamento\/?page_id=26113"},"modified":"2021-08-19T16:18:07","modified_gmt":"2021-08-19T19:18:07","slug":"14-descobrir-sao-paulo-descobrir-se-reporter-projeto-reporter-do-futuro-2021","status":"publish","type":"page","link":"https:\/\/www.saopaulo.sp.leg.br\/escoladoparlamento\/cursos\/cursos-anteriores\/cursos-realizados-em-2021\/14-descobrir-sao-paulo-descobrir-se-reporter-projeto-reporter-do-futuro-2021\/","title":{"rendered":"14\u00b0 Descobrir S\u00e3o Paulo, Descobrir-se rep\u00f3rter &#8211; Projeto Rep\u00f3rter do Futuro 2021"},"content":{"rendered":"<div class=\"col-12 col-md-8 noticia-conteudo\">\n<p><a href=\"https:\/\/www.saopaulo.sp.leg.br\/escoladoparlamento\/wp-content\/uploads\/sites\/5\/2021\/05\/Logo_Obore.jpg\"><img loading=\"lazy\" decoding=\"async\" class=\"alignright wp-image-26125\" src=\"https:\/\/www.saopaulo.sp.leg.br\/escoladoparlamento\/wp-content\/uploads\/sites\/5\/2021\/05\/Logo_Obore.jpg\" alt=\"\" width=\"150\" height=\"72\" srcset=\"https:\/\/www.saopaulo.sp.leg.br\/escoladoparlamento\/wp-content\/uploads\/sites\/5\/2021\/05\/Logo_Obore.jpg 486w, https:\/\/www.saopaulo.sp.leg.br\/escoladoparlamento\/wp-content\/uploads\/sites\/5\/2021\/05\/Logo_Obore-300x144.jpg 300w\" sizes=\"auto, (max-width: 150px) 100vw, 150px\" \/><\/a>A 14\u00aa edi\u00e7\u00e3o do Descobrir S\u00e3o Paulo, Descobrir-se Rep\u00f3rter &#8211; um dos m\u00f3dulos mais tradicionais do Projeto Rep\u00f3rter do Futuro e que trata da cobertura jornal\u00edstica da cidade ter\u00e1 como eixo central do curso a revis\u00e3o do Plano Diretor Estrat\u00e9gico.<\/p>\n<p>Sob o tema <strong><em>S\u00e3o Paulo tem jeito? Em pauta, o plano diretor estrat\u00e9gico da cidade<\/em><\/strong>, a atividade gratuita\u00a0 voltada a estudantes de Jornalismo, receber\u00e1 Vereadores representantes da Comiss\u00e3o de Pol\u00edtica Urbana, Metropolitana e Meio Ambiente da C\u00e2mara Municipal e Aldo Quiroga, jornalista e editor-chefe da TV Cultura (SP).<\/p>\n<div>\n<p>O curso \u00e9 promovido pela OBOR\u00c9 em parceria com a <em>Escola do Parlamento da C\u00e2mara Municipal de S\u00e3o Paulo<\/em> e conta com o apoio do <em>Instituto de Pesquisa, Forma\u00e7\u00e3o e Difus\u00e3o em Pol\u00edticas P\u00fablicas e Sociais<\/em> (IPFD) e <em>Associa\u00e7\u00e3o Brasileira de Jornalismo Investigativo<\/em> (Abraji).<\/p>\n<\/div>\n<p><strong>Carga hor\u00e1ria:<\/strong> 90 horas, sendo 24h atividades presenciais + 24h de pesquisa e leituras + 42h de atividades pr\u00e1ticas<\/p>\n<div>\n<p><strong>Crit\u00e9rio de certifica\u00e7\u00e3o:<\/strong> Presen\u00e7a em ao menos 75% dos encontros e ao menos uma produ\u00e7\u00e3o jornal\u00edstica ao final do m\u00f3dulo<\/p>\n<\/div>\n<p>&nbsp;<\/p>\n<h3><span style=\"color: #ff0000\">Programa\u00e7\u00e3o:<\/span><\/h3>\n<p><strong>\u00bb Encontro de Sele\u00e7\u00e3o<\/strong><br \/>\n22 de maio de 2021, das 9h30 \u00e0s 12h30<br \/>\n<strong>transmiss\u00e3o no <a href=\"https:\/\/www.youtube.com\/c\/EscoladoParlamentoCMSP\">Canal da Escola do Parlamento no YouTube<\/a><br \/>\nConfira <a href=\"https:\/\/www.youtube.com\/watch?v=HtJgxhw_Kl0\">aqui<\/a>\u00a0<\/strong><\/p>\n<p><strong>\u00bb Palestras\/entrevistas coletivas<\/strong><br \/>\n<strong>29 de maio<\/strong> &#8211; <a href=\"https:\/\/youtu.be\/7UsUMyOnonk\">confira aqui<\/a><br \/>\nVer. Paulo Frange (PTB), presidente da Comiss\u00e3o de Pol\u00edtica Urbana, Metropolitana e Meio Ambiente<br \/>\nArq. Marcelo Fonseca Ignatios, diretor do IAB\/SP<\/p>\n<p><strong> 5 de junho &#8211;<\/strong> <a href=\"https:\/\/www.youtube.com\/watch?v=Cf0o_qsCKjw\">confira aqui<\/a><br \/>\nVer. Antonio Donato &#8211; PT<br \/>\nArq. Ciro Pirondi \u2013 Escola da Cidade<\/p>\n<p><strong> 12 de junho &#8211; <\/strong><a href=\"https:\/\/youtu.be\/D2IgFdXc4uo\">confira aqui<\/a><br \/>\nSoninha Francine, chefe de gabinete da Secretaria de Rela\u00e7\u00f5es Internacionais da Cidade de S\u00e3o Paulo<br \/>\nMarta Suplicy, Secret\u00e1ria de Rela\u00e7\u00f5es Internacionais da Cidade de S\u00e3o Paulo (participa\u00e7\u00e3o por v\u00eddeo)<\/p>\n<p><strong>19 de junho &#8211; <\/strong><a href=\"https:\/\/www.youtube.com\/watch?v=Q9LhprhXsDE&amp;t=76s\">confira aqui<\/a><br \/>\nProf. Marcos Buckeridge (Centro de S\u00edntese USP &#8211; Cidades Globais \/ IEA)<\/p>\n<p><strong>26 de junho &#8211; <\/strong><a href=\"https:\/\/www.youtube.com\/watch?v=oPqAOS46RUU\">confira aqui<\/a><br \/>\nVer. Silvia Ferraro -PSOL<br \/>\nEduardo Santos (diretor acad\u00eamico da Escola de Sociologia e Pol\u00edtica)<\/p>\n<p><strong>3 de julho &#8211; <\/strong><a href=\"https:\/\/www.youtube.com\/watch?v=amZC0C7r8Z0\">confira aqui<\/a><br \/>\nVer. Aur\u00e9lio Nomura \u2013 PSDB<br \/>\nNabil Bonduki (arquiteto e urbanista)<\/p>\n<p><strong>\u00bb 10 de julho &#8211; <\/strong><a href=\"https:\/\/youtu.be\/8GNYqCDtZU0\">confira aqui<\/a><br \/>\n<em>Opera\u00e7\u00e3o Ponto Final<\/em><br \/>\nEncerramento: Feira de amostras + Avalia\u00e7\u00e3o e diploma\u00e7\u00e3o<\/p>\n<p>&nbsp;<\/p>\n<p>Voc\u00ea tamb\u00e9m pode conferir os v\u00eddeos na <a href=\"https:\/\/www.youtube.com\/playlist?list=PL7WmlcfNQHf69gWt61v31JPcycctOtqGp\">playlist<\/a><br \/>\nPara informa\u00e7\u00f5es acesse: <a href=\"https:\/\/www.obore.com\">https:\/\/www.obore.com<\/a><\/p>\n<\/div>\n<div class=\"col-12 col-md-4 mais-noticias\">\n<div class=\"row\">\n<div class=\"col-12 noticia\"><\/div>\n<div class=\"col-12 noticia\">\n<div class=\"col-9 col-md-12 col-txt\"><\/div>\n<\/div>\n<div class=\"col-12 noticia\">\n<div class=\"col-9 col-md-12 col-txt\">\n<h2 class=\"title\"><\/h2>\n<\/div>\n<\/div>\n<\/div>\n<\/div>\n","protected":false},"excerpt":{"rendered":"<p>A 14\u00aa edi\u00e7\u00e3o do Descobrir S\u00e3o Paulo, Descobrir-se Rep\u00f3rter &#8211; um dos m\u00f3dulos mais tradicionais do Projeto Rep\u00f3rter do Futuro e que trata da cobertura jornal\u00edstica da cidade ter\u00e1 como eixo central do curso a revis\u00e3o do Plano Diretor Estrat\u00e9gico. Sob o tema S\u00e3o Paulo tem jeito? Em pauta, o plano diretor estrat\u00e9gico da cidade, [&hellip;]<\/p>\n","protected":false},"author":522,"featured_media":0,"parent":25320,"menu_order":161,"comment_status":"closed","ping_status":"closed","template":"","meta":{"_acf_changed":false,"footnotes":""},"class_list":["post-26113","page","type-page","status-publish","hentry"],"acf":[],"_links":{"self":[{"href":"https:\/\/www.saopaulo.sp.leg.br\/escoladoparlamento\/wp-json\/wp\/v2\/pages\/26113","targetHints":{"allow":["GET"]}}],"collection":[{"href":"https:\/\/www.saopaulo.sp.leg.br\/escoladoparlamento\/wp-json\/wp\/v2\/pages"}],"about":[{"href":"https:\/\/www.saopaulo.sp.leg.br\/escoladoparlamento\/wp-json\/wp\/v2\/types\/page"}],"author":[{"embeddable":true,"href":"https:\/\/www.saopaulo.sp.leg.br\/escoladoparlamento\/wp-json\/wp\/v2\/users\/522"}],"replies":[{"embeddable":true,"href":"https:\/\/www.saopaulo.sp.leg.br\/escoladoparlamento\/wp-json\/wp\/v2\/comments?post=26113"}],"version-history":[{"count":0,"href":"https:\/\/www.saopaulo.sp.leg.br\/escoladoparlamento\/wp-json\/wp\/v2\/pages\/26113\/revisions"}],"up":[{"embeddable":true,"href":"https:\/\/www.saopaulo.sp.leg.br\/escoladoparlamento\/wp-json\/wp\/v2\/pages\/25320"}],"wp:attachment":[{"href":"https:\/\/www.saopaulo.sp.leg.br\/escoladoparlamento\/wp-json\/wp\/v2\/media?parent=26113"}],"curies":[{"name":"wp","href":"https:\/\/api.w.org\/{rel}","templated":true}]}}