{"id":26027,"date":"2021-05-12T09:58:49","date_gmt":"2021-05-12T12:58:49","guid":{"rendered":"https:\/\/www.saopaulo.sp.leg.br\/escoladoparlamento\/?page_id=26027"},"modified":"2025-08-27T10:22:35","modified_gmt":"2025-08-27T13:22:35","slug":"curso-de-libras-lingua-brasileira-de-sinais-2","status":"publish","type":"page","link":"https:\/\/www.saopaulo.sp.leg.br\/escoladoparlamento\/credenciamento\/editais-anteriores\/curso-de-libras-lingua-brasileira-de-sinais-2\/","title":{"rendered":"CURSO DE LIBRAS &#8211; L\u00edngua Brasileira de Sinais"},"content":{"rendered":"<h2>Cronograma relativo a este Edital:<\/h2>\n<table width=\"573\" cellspacing=\"0\" cellpadding=\"7\">\n<tbody>\n<tr valign=\"top\">\n<td width=\"382\">\n<p class=\"western\" align=\"justify\"><span lang=\"pt-BR\">EVENTO <\/span><\/p>\n<\/td>\n<td width=\"161\">\n<p class=\"western\" align=\"justify\"><span lang=\"pt-BR\">DATA <\/span><\/p>\n<\/td>\n<\/tr>\n<tr valign=\"top\">\n<td width=\"382\" height=\"5\">\n<p class=\"western\" align=\"justify\"><span lang=\"pt-BR\">Publica\u00e7\u00e3o do Edital de Credenciamento no Di\u00e1rio Oficial do Munic\u00edpio <\/span><\/p>\n<\/td>\n<td width=\"161\">\n<p class=\"western\" align=\"justify\"><span lang=\"pt-BR\">12\/05\/2021<\/span><\/p>\n<\/td>\n<\/tr>\n<tr valign=\"top\">\n<td width=\"382\">\n<p class=\"western\" align=\"justify\"><span lang=\"pt-BR\">Per\u00edodo de Inscri\u00e7\u00e3o <\/span><\/p>\n<\/td>\n<td width=\"161\">\n<p class=\"western\" align=\"justify\"><span lang=\"pt-BR\">das 10h00 do dia 12\/05\/2021 at\u00e9 \u00e0s 23h59min do dia 18\/05\/2021<\/span><\/p>\n<\/td>\n<\/tr>\n<tr valign=\"top\">\n<td width=\"382\" height=\"5\">\n<p class=\"western\" align=\"justify\"><span lang=\"pt-BR\">Publica\u00e7\u00e3o da lista de inscri\u00e7\u00f5es deferidas <\/span><\/p>\n<\/td>\n<td width=\"161\">\n<p class=\"western\" align=\"justify\"><span lang=\"pt-BR\">21\/05\/2021<\/span><\/p>\n<\/td>\n<\/tr>\n<tr valign=\"top\">\n<td width=\"382\" height=\"5\">\n<p class=\"western\" align=\"justify\"><span lang=\"pt-BR\">Interposi\u00e7\u00e3o de recurso contra eventual indeferimento das inscri\u00e7\u00f5es <\/span><\/p>\n<\/td>\n<td width=\"161\">\n<p class=\"western\" align=\"justify\"><span lang=\"pt-BR\">do dia 21\/05\/2021 at\u00e9 \u00e0s 23h59min do dia 23\/05\/2021<\/span><\/p>\n<\/td>\n<\/tr>\n<tr valign=\"top\">\n<td width=\"382\" height=\"5\">\n<p class=\"western\" align=\"justify\"><span lang=\"pt-BR\">Publica\u00e7\u00e3o do resultado de recursos contra eventual indeferimento das inscri\u00e7\u00f5es<\/span><\/p>\n<\/td>\n<td width=\"161\">\n<p class=\"western\" align=\"justify\"><span lang=\"pt-BR\">27\/05\/2021<\/span><\/p>\n<\/td>\n<\/tr>\n<tr valign=\"top\">\n<td width=\"382\" height=\"16\">\n<p class=\"western\" align=\"justify\"><span lang=\"pt-BR\">Publica\u00e7\u00e3o do Resultado preliminar do processo de credenciamento<\/span><\/p>\n<\/td>\n<td width=\"161\">\n<p class=\"western\" align=\"justify\"><span lang=\"pt-BR\">11\/06\/2021<\/span><\/p>\n<\/td>\n<\/tr>\n<tr valign=\"top\">\n<td width=\"382\" height=\"16\">\n<p class=\"western\" align=\"justify\"><span lang=\"pt-BR\">Interposi\u00e7\u00e3o de recurso contra resultado preliminar<\/span><\/p>\n<\/td>\n<td width=\"161\">\n<p class=\"western\" align=\"justify\"><span lang=\"pt-BR\">do dia 11\/06\/2021 at\u00e9 \u00e0s 23h59min do dia 13\/06\/2021<\/span><\/p>\n<\/td>\n<\/tr>\n<tr valign=\"top\">\n<td width=\"382\" height=\"15\">\n<p class=\"western\" align=\"justify\"><span lang=\"pt-BR\">Publica\u00e7\u00e3o do Resultado final do processo de credenciamento<\/span><\/p>\n<\/td>\n<td width=\"161\">\n<p class=\"western\" align=\"justify\"><span lang=\"pt-BR\">18\/06\/2021<\/span><\/p>\n<\/td>\n<\/tr>\n<\/tbody>\n<\/table>\n<p><a href=\"https:\/\/docs.google.com\/forms\/d\/1odzo3AbQLKN7eW8RARYFLP2-2-kpMKUu04LqMsmDHz4\/edit?usp=sharing\">Formul\u00e1rio de inscri\u00e7\u00e3o<\/a><\/p>\n<p><a href=\"https:\/\/www.saopaulo.sp.leg.br\/escoladoparlamento\/wp-content\/uploads\/sites\/5\/2021\/05\/ED-04-21_EDITAL-LIBRAS.pdf\">Edital de cadastramento da atividade<\/a><\/p>\n<p><a href=\"https:\/\/youtu.be\/fv9pYI9zWeo\">Apresenta\u00e7\u00e3o em v\u00eddeo do Edital, com tradu\u00e7\u00e3o simult\u00e2nea para a Linguagem Brasileira de Sinais, no canal do YouTube da Escola do Parlamento<\/a><\/p>\n<p><a href=\"https:\/\/www.saopaulo.sp.leg.br\/escoladoparlamento\/wp-content\/uploads\/sites\/5\/2021\/05\/MODELO-EPLIB_01-Anexo-II.docx\">Anexo II &#8211; Declara\u00e7\u00e3o de experi\u00eancia profissional &#8211; Docente ou instrutor &#8211; N\u00edvel superior (Modelo EPLIB_01)<\/a><\/p>\n<p><a href=\"https:\/\/www.saopaulo.sp.leg.br\/escoladoparlamento\/wp-content\/uploads\/sites\/5\/2021\/05\/MODELO-EPLIB_02-Anexo-III.docx\">Anexo III &#8211; Declara\u00e7\u00e3o de experi\u00eancia profissional &#8211; Docente ou instrutor &#8211; Educa\u00e7\u00e3o b\u00e1sica &#8211; Escolas bil\u00edngues (Modelo EPLIB_02)<\/a><\/p>\n<p><a href=\"https:\/\/www.saopaulo.sp.leg.br\/escoladoparlamento\/wp-content\/uploads\/sites\/5\/2021\/05\/MODELO-EPLIB_03-Anexo-IV.docx\">Anexo IV &#8211; Declara\u00e7\u00e3o de experi\u00eancia profissional &#8211; Docente ou instrutor &#8211; Educa\u00e7\u00e3o b\u00e1sica &#8211; Escolas regulares (Modelo EPLIB_03)<\/a><\/p>\n<p><a href=\"https:\/\/www.saopaulo.sp.leg.br\/escoladoparlamento\/wp-content\/uploads\/sites\/5\/2021\/04\/Modelo-EPLIB_04-Anexo-V.docx\">Anexo V &#8211; Declara\u00e7\u00e3o de experi\u00eancia profissional como int\u00e9rprete de LIBRAS (para candidatos sem comprova\u00e7\u00e3o em carteira de trabalho (Modelo EPLIB_04)<\/a><\/p>\n<p><a href=\"https:\/\/www.saopaulo.sp.leg.br\/escoladoparlamento\/wp-content\/uploads\/sites\/5\/2021\/04\/Modelo-EPLIB_05-Anexo-VI.docx\">Anexo VI &#8211; Declara\u00e7\u00e3o de experi\u00eancia profissional como int\u00e9rprete de LIBRAS (para candidatos sem comprova\u00e7\u00e3o em carteira de trabalho (Modelo EPLIB_05)<\/a><\/p>\n<p><a href=\"https:\/\/www.saopaulo.sp.leg.br\/escoladoparlamento\/wp-content\/uploads\/sites\/5\/2021\/04\/Modelo-EPLIB_06-Anexo-VII.docx\">Anexo VII &#8211; Declara\u00e7\u00e3o de experi\u00eancia profissional &#8211; Cursos livres e\/ou de extens\u00e3o universit\u00e1ria (Modelo EPLIB_06)<\/a><\/p>\n<p><a href=\"https:\/\/www.saopaulo.sp.leg.br\/escoladoparlamento\/wp-content\/uploads\/sites\/5\/2021\/04\/Anexo-VIII-Declaracao-autenticidade.docx\">Anexo VIII &#8211; Declara\u00e7\u00e3o de autenticidade<\/a><\/p>\n<p>&nbsp;<\/p>\n<h1>Inscri\u00e7\u00f5es:<\/h1>\n<pre>Inscri\u00e7\u00f5es a partir das 10h00 do dia 12\/05\/2021 at\u00e9 23h59min do dia 18\/05\/2021<\/pre>\n","protected":false},"excerpt":{"rendered":"<p>Cronograma relativo a este Edital: EVENTO DATA Publica\u00e7\u00e3o do Edital de Credenciamento no Di\u00e1rio Oficial do Munic\u00edpio 12\/05\/2021 Per\u00edodo de Inscri\u00e7\u00e3o das 10h00 do dia 12\/05\/2021 at\u00e9 \u00e0s 23h59min do dia 18\/05\/2021 Publica\u00e7\u00e3o da lista de inscri\u00e7\u00f5es deferidas 21\/05\/2021 Interposi\u00e7\u00e3o de recurso contra eventual indeferimento das inscri\u00e7\u00f5es do dia 21\/05\/2021 at\u00e9 \u00e0s 23h59min do dia [&hellip;]<\/p>\n","protected":false},"author":745,"featured_media":0,"parent":2870,"menu_order":162,"comment_status":"closed","ping_status":"closed","template":"","meta":{"_acf_changed":false,"footnotes":""},"class_list":["post-26027","page","type-page","status-publish","hentry"],"acf":[],"_links":{"self":[{"href":"https:\/\/www.saopaulo.sp.leg.br\/escoladoparlamento\/wp-json\/wp\/v2\/pages\/26027","targetHints":{"allow":["GET"]}}],"collection":[{"href":"https:\/\/www.saopaulo.sp.leg.br\/escoladoparlamento\/wp-json\/wp\/v2\/pages"}],"about":[{"href":"https:\/\/www.saopaulo.sp.leg.br\/escoladoparlamento\/wp-json\/wp\/v2\/types\/page"}],"author":[{"embeddable":true,"href":"https:\/\/www.saopaulo.sp.leg.br\/escoladoparlamento\/wp-json\/wp\/v2\/users\/745"}],"replies":[{"embeddable":true,"href":"https:\/\/www.saopaulo.sp.leg.br\/escoladoparlamento\/wp-json\/wp\/v2\/comments?post=26027"}],"version-history":[{"count":1,"href":"https:\/\/www.saopaulo.sp.leg.br\/escoladoparlamento\/wp-json\/wp\/v2\/pages\/26027\/revisions"}],"predecessor-version":[{"id":29681,"href":"https:\/\/www.saopaulo.sp.leg.br\/escoladoparlamento\/wp-json\/wp\/v2\/pages\/26027\/revisions\/29681"}],"up":[{"embeddable":true,"href":"https:\/\/www.saopaulo.sp.leg.br\/escoladoparlamento\/wp-json\/wp\/v2\/pages\/2870"}],"wp:attachment":[{"href":"https:\/\/www.saopaulo.sp.leg.br\/escoladoparlamento\/wp-json\/wp\/v2\/media?parent=26027"}],"curies":[{"name":"wp","href":"https:\/\/api.w.org\/{rel}","templated":true}]}}