{"id":25585,"date":"2021-03-25T14:47:52","date_gmt":"2021-03-25T17:47:52","guid":{"rendered":"https:\/\/www.saopaulo.sp.leg.br\/escoladoparlamento\/?page_id=25585"},"modified":"2021-05-16T13:42:54","modified_gmt":"2021-05-16T16:42:54","slug":"curso-de-extensao-universitaria-observacao-e-registro-fotografico-na-educacao-infantil","status":"publish","type":"page","link":"https:\/\/www.saopaulo.sp.leg.br\/escoladoparlamento\/cursos\/cursos-anteriores\/cursos-realizados-em-2021\/curso-de-extensao-universitaria-observacao-e-registro-fotografico-na-educacao-infantil\/","title":{"rendered":"Curso de Extens\u00e3o Universit\u00e1ria \u201cObserva\u00e7\u00e3o e Registro Fotogr\u00e1fico na Educa\u00e7\u00e3o Infantil\u201d"},"content":{"rendered":"<p align=\"justify\"><span style=\"font-size: medium\"><b>DIRETOR RESPONS\u00c1VEL: <\/b><\/span><span style=\"font-size: medium\">Rubem Romancini<\/span><\/p>\n<p align=\"justify\"><span style=\"font-size: medium\"><b>COORDENADOR DO CURSO: <\/b><\/span><span style=\"font-size: medium\">Profa. Dra. B\u00e1rbara Popp e <\/span><span style=\"font-size: medium\">Profa. Esp. Marcela Chanan<\/span><\/p>\n<p align=\"justify\"><span style=\"font-size: medium\">A fotografia tem sido muito utilizada na Educa\u00e7\u00e3o Infantil como uma forma de documentar os processos de aprendizagem e desenvolvimento de beb\u00eas e crian\u00e7as para tornar vis\u00edvel a pot\u00eancia infantil. As ferramentas do educador s\u00e3o: a observa\u00e7\u00e3o, a escuta e o registro (escrito, fotografado, filmado, gravado e produ\u00e7\u00f5es das crian\u00e7as). Essa pr\u00e1tica contribui com a amplia\u00e7\u00e3o das habilidades e compet\u00eancias do(a) professor(a), valoriza os processos vividos no cotidiano escolar e promove reflex\u00f5es sobre a pr\u00e1tica pedag\u00f3gica e suas concep\u00e7\u00f5es.<\/span><\/p>\n<p align=\"justify\"><span style=\"font-size: medium\"><b>OBJETIVOS:<\/b><\/span><\/p>\n<ul>\n<li>\n<p align=\"justify\"><span style=\"font-size: medium\">Definir a concep\u00e7\u00e3o de crian\u00e7a segundo as DCNEI e BNCC;<\/span><\/p>\n<\/li>\n<li>\n<p align=\"justify\"><span style=\"font-size: medium\">Caracterizar a observa\u00e7\u00e3o, a escuta e a intencionalidade pedag\u00f3gica;<\/span><\/p>\n<\/li>\n<li>\n<p align=\"justify\"><span style=\"font-size: medium\">Descrever as especificidades da linguagem fotogr\u00e1fica na escola;<\/span><\/p>\n<\/li>\n<li>\n<p align=\"justify\"><span style=\"font-size: medium\">Compartilhar elementos da linguagem fotogr\u00e1fica; <\/span><\/p>\n<\/li>\n<li>\n<p align=\"justify\"><span style=\"font-size: medium\">Conversar sobre quest\u00f5es \u00e9ticas e autorais no contexto escolar;<\/span><\/p>\n<\/li>\n<li>\n<p align=\"justify\"><span style=\"font-size: medium\">Produzir registros fotogr\u00e1ficos;<\/span><\/p>\n<\/li>\n<li><span style=\"font-size: medium\">Envolver-se com as propostas, as reflex\u00f5es e as leituras.<\/span><\/li>\n<\/ul>\n<p><b>EMENTA:<\/b><\/p>\n<p><span style=\"font-size: medium\">Constru\u00e7\u00e3o de concep\u00e7\u00e3o de crian\u00e7a. Reflex\u00e3o sobre observa\u00e7\u00e3o, escuta e intencionalidade. Compreens\u00e3o da fotografia como linguagem, experimenta\u00e7\u00e3o de exerc\u00edcios com o olhar, produ\u00e7\u00e3o de registros fotogr\u00e1ficos. Fundamenta\u00e7\u00e3o de t\u00e9cnicas fotogr\u00e1ficas, desenvolvimento autoral de imagens, discuss\u00e3o sobre \u00e9tica no fazer docente.<\/span><\/p>\n<p><span style=\"font-size: medium\"><b>P\u00daBLICO ALVO<\/b><\/span><span style=\"font-size: medium\">: <\/span><span style=\"font-size: medium\">Professores e Gestores de Educa\u00e7\u00e3o Infantil da Rede P\u00fablica que atuam nos Centros de Educa\u00e7\u00e3o Infantil e Escolas Municipais de Educa\u00e7\u00e3o Infantil das redes direta e indireta.<br \/>\n<strong><span style=\"color: #ff0000\">Aten\u00e7\u00e3o:<\/span> O curso n\u00e3o \u00e9 homologado junto \u00e0 SME (n\u00e3o vale para pontua\u00e7\u00e3o) e \u00e9 aberto a profissionais de qualquer munic\u00edpio.<\/strong><\/span><\/p>\n<p><span style=\"font-size: medium\"><strong>VAGAS:<\/strong> 60 <\/span><\/p>\n<p align=\"justify\"><span style=\"font-size: medium\"><b>CARGA HOR\u00c1RIA TOTAL<\/b><\/span><span style=\"font-size: medium\">: 10 horas<\/span><\/p>\n<p align=\"justify\"><span style=\"font-size: medium\"><b>LOCAL: <\/b><\/span><span style=\"font-size: medium\">Espa\u00e7o virtual de aprendizagem da Escola do Parlamento (on line)<\/span><\/p>\n<p align=\"justify\"><span style=\"font-size: medium\"><b>DATAS E HOR\u00c1RIOS<\/b><\/span><\/p>\n<ul>\n<li style=\"list-style-type: none\">\n<ul>\n<li><span style=\"font-size: medium\">04 aulas, em regime s\u00edncrono, sempre as sextas-feiras, das 14h30 \u00e0s 16h30.<\/span><\/li>\n<li><span style=\"font-size: medium\">Datas: 09, 16, 23 e 30 de abril.<\/span><\/li>\n<\/ul>\n<\/li>\n<li><span style=\"font-size: medium\">Atividade Individual de Registro, com carga hor\u00e1ria equivalente a 2h<\/span><\/li>\n<\/ul>\n<h2 align=\"justify\"><span style=\"font-size: medium\"><strong>INSCRI\u00c7\u00d5ES<\/strong>\u00a0<strong>\u2013 <span style=\"color: #ff0000\">ENCERRADAS (VAGAS ESGOTADAS)<\/span><\/strong><\/span><span style=\"color: #ff0000\"><span style=\"font-size: medium\"><b><br \/>\n<\/b><\/span><\/span><\/h2>\n<p align=\"justify\"><span style=\"font-size: medium\"><strong>CRIT\u00c9RIO DE CERTIFICA\u00c7\u00c3O<\/strong> \u2013 Rendimento de 70% na avalia\u00e7\u00e3o de aprendizagem, que consistir\u00e1 numa a<\/span><span style=\"font-size: medium\">tividade de Produ\u00e7\u00e3o Escrita e de imagens, desenvolvida durante a programa\u00e7\u00e3o dos semin\u00e1rios e entregue no prazo de at\u00e9 3 dias \u00fateis ap\u00f3s a conclus\u00e3o das atividades.<\/span><\/p>\n<p><span style=\"font-size: medium\"><strong>CRONOGRAMA<\/strong> <\/span><\/p>\n<table width=\"657\" cellspacing=\"0\" cellpadding=\"7\">\n<tbody>\n<tr valign=\"top\">\n<td style=\"background: #eeece1\" bgcolor=\"#eeece1\" width=\"162\" height=\"7\">\n<p align=\"center\"><span style=\"font-size: medium\"><b>DATA E HOR\u00c1RIO<\/b><\/span><\/p>\n<\/td>\n<td style=\"background: #eeece1\" bgcolor=\"#eeece1\" width=\"241\">\n<p align=\"center\"><span style=\"font-size: medium\"><b>TEMA \/ AULA<\/b><\/span><\/p>\n<\/td>\n<td style=\"background: #eeece1\" bgcolor=\"#eeece1\" width=\"209\">\n<p align=\"center\"><span style=\"font-size: medium\"><b>PROFESSOR(ES)<\/b><\/span><\/p>\n<\/td>\n<\/tr>\n<tr valign=\"top\">\n<td width=\"162\" height=\"8\">\n<p align=\"justify\"><span style=\"font-size: medium\">9 abril (14h30-16h30)<\/span><\/p>\n<\/td>\n<td width=\"241\">\n<p align=\"justify\"><span style=\"font-size: medium\">Aula 1 &#8211; Observa\u00e7\u00e3o e Escuta<\/span><\/p>\n<\/td>\n<td width=\"209\">\n<p align=\"justify\"><span style=\"font-size: medium\">Marcela Chanan e B\u00e1rbara Popp<\/span><\/p>\n<\/td>\n<\/tr>\n<tr valign=\"top\">\n<td width=\"162\" height=\"9\">\n<p align=\"justify\"><span style=\"font-size: medium\">16 abril (14h30-16h30)<\/span><\/p>\n<\/td>\n<td width=\"241\">\n<p align=\"justify\"><span style=\"font-size: medium\">Aula 2 &#8211; A Fotografia como Registro<\/span><\/p>\n<\/td>\n<td width=\"209\">\n<p align=\"justify\"><span style=\"font-size: medium\">Marcela Chanan e B\u00e1rbara Popp<\/span><\/p>\n<\/td>\n<\/tr>\n<tr valign=\"top\">\n<td width=\"162\" height=\"8\">\n<p align=\"justify\"><span style=\"font-size: medium\">23 abril (14h30-16h30)<\/span><\/p>\n<\/td>\n<td width=\"241\">\n<p align=\"justify\"><span style=\"font-size: medium\">Aula 3 &#8211; T\u00e9cnicas Fotogr\u00e1ficas<\/span><\/p>\n<\/td>\n<td width=\"209\">\n<p align=\"justify\"><span style=\"font-size: medium\">Marcela Chanan e Barbara Popp<\/span><\/p>\n<\/td>\n<\/tr>\n<tr valign=\"top\">\n<td width=\"162\" height=\"7\">\n<p align=\"justify\"><span style=\"font-size: medium\">30 abril (14h30-16h30)<\/span><\/p>\n<\/td>\n<td width=\"241\">\n<p align=\"justify\"><span style=\"font-size: medium\">Aula 4 &#8211; Leitura de Imagens <\/span><\/p>\n<\/td>\n<td width=\"209\">\n<p align=\"justify\"><span style=\"font-size: medium\">Marcela Chanan e Barbara Popp<\/span><\/p>\n<\/td>\n<\/tr>\n<\/tbody>\n<\/table>\n<p>&nbsp;<\/p>\n","protected":false},"excerpt":{"rendered":"<p>DIRETOR RESPONS\u00c1VEL: Rubem Romancini COORDENADOR DO CURSO: Profa. Dra. B\u00e1rbara Popp e Profa. Esp. Marcela Chanan A fotografia tem sido muito utilizada na Educa\u00e7\u00e3o Infantil como uma forma de documentar os processos de aprendizagem e desenvolvimento de beb\u00eas e crian\u00e7as para tornar vis\u00edvel a pot\u00eancia infantil. As ferramentas do educador s\u00e3o: a observa\u00e7\u00e3o, a escuta [&hellip;]<\/p>\n","protected":false},"author":745,"featured_media":0,"parent":25320,"menu_order":171,"comment_status":"closed","ping_status":"closed","template":"","meta":{"_acf_changed":false,"footnotes":""},"class_list":["post-25585","page","type-page","status-publish","hentry"],"acf":[],"_links":{"self":[{"href":"https:\/\/www.saopaulo.sp.leg.br\/escoladoparlamento\/wp-json\/wp\/v2\/pages\/25585","targetHints":{"allow":["GET"]}}],"collection":[{"href":"https:\/\/www.saopaulo.sp.leg.br\/escoladoparlamento\/wp-json\/wp\/v2\/pages"}],"about":[{"href":"https:\/\/www.saopaulo.sp.leg.br\/escoladoparlamento\/wp-json\/wp\/v2\/types\/page"}],"author":[{"embeddable":true,"href":"https:\/\/www.saopaulo.sp.leg.br\/escoladoparlamento\/wp-json\/wp\/v2\/users\/745"}],"replies":[{"embeddable":true,"href":"https:\/\/www.saopaulo.sp.leg.br\/escoladoparlamento\/wp-json\/wp\/v2\/comments?post=25585"}],"version-history":[{"count":0,"href":"https:\/\/www.saopaulo.sp.leg.br\/escoladoparlamento\/wp-json\/wp\/v2\/pages\/25585\/revisions"}],"up":[{"embeddable":true,"href":"https:\/\/www.saopaulo.sp.leg.br\/escoladoparlamento\/wp-json\/wp\/v2\/pages\/25320"}],"wp:attachment":[{"href":"https:\/\/www.saopaulo.sp.leg.br\/escoladoparlamento\/wp-json\/wp\/v2\/media?parent=25585"}],"curies":[{"name":"wp","href":"https:\/\/api.w.org\/{rel}","templated":true}]}}