{"id":25441,"date":"2021-03-10T20:19:36","date_gmt":"2021-03-10T23:19:36","guid":{"rendered":"https:\/\/www.saopaulo.sp.leg.br\/escoladoparlamento\/?page_id=25441"},"modified":"2025-08-27T10:19:29","modified_gmt":"2025-08-27T13:19:29","slug":"coordenacao-descobrir-sao-paulo-descobrir-se-reporter-reporter-do-futuro","status":"publish","type":"page","link":"https:\/\/www.saopaulo.sp.leg.br\/escoladoparlamento\/credenciamento\/editais-anteriores\/coordenacao-descobrir-sao-paulo-descobrir-se-reporter-reporter-do-futuro\/","title":{"rendered":"Coordena\u00e7\u00e3o &#8220;Descobrir S\u00e3o Paulo, Descobrir-se Rep\u00f3rter&#8221; &#8211; Rep\u00f3rter do Futuro"},"content":{"rendered":"<h2>Cronograma relativo a este Edital:<\/h2>\n<table>\n<tbody>\n<tr>\n<td width=\"397\">EVENTO<\/td>\n<td width=\"176\">DATA<\/td>\n<\/tr>\n<tr>\n<td width=\"397\">Publica\u00e7\u00e3o do Edital de Credenciamento no Di\u00e1rio Oficial do Munic\u00edpio<\/td>\n<td width=\"176\">12\/03\/2021<\/td>\n<\/tr>\n<tr>\n<td width=\"397\">Per\u00edodo de Inscri\u00e7\u00e3o<\/td>\n<td width=\"176\">das 10h00 do dia 13\/03\/2021 at\u00e9 23h59min do dia 20\/03\/2021<\/td>\n<\/tr>\n<tr>\n<td width=\"397\">Publica\u00e7\u00e3o da lista de inscri\u00e7\u00f5es deferidas<\/td>\n<td width=\"176\">24\/03\/2021<\/td>\n<\/tr>\n<tr>\n<td width=\"397\">Interposi\u00e7\u00e3o de recurso contra eventual indeferimento das inscri\u00e7\u00f5es<\/td>\n<td width=\"176\">das 10h00 de 24\/3\/2021 at\u00e9 23h59 de 25\/03\/2021<\/p>\n<p>&nbsp;<\/td>\n<\/tr>\n<tr>\n<td width=\"397\">Publica\u00e7\u00e3o do resultado de recursos contra eventual indeferimento das inscri\u00e7\u00f5es<\/td>\n<td width=\"176\">27\/03\/2021<\/td>\n<\/tr>\n<tr>\n<td width=\"397\">Publica\u00e7\u00e3o do Resultado preliminar do processo de credenciamento<\/td>\n<td width=\"176\">31\/03\/2021<\/td>\n<\/tr>\n<tr>\n<td width=\"397\">Interposi\u00e7\u00e3o de recurso contra eventual indeferimento do Resultado preliminar<\/td>\n<td width=\"176\">10h00 de 31\/03\/2021 at\u00e9 23h59 de 01\/04\/2021<\/p>\n<p>&nbsp;<\/td>\n<\/tr>\n<tr>\n<td width=\"397\">Publica\u00e7\u00e3o do Resultado final do processo de credenciamento<\/td>\n<td width=\"176\">08\/04\/2021<\/td>\n<\/tr>\n<\/tbody>\n<\/table>\n<p><a href=\"https:\/\/forms.gle\/pa3G71VFYQqBoXfw7\">Formul\u00e1rio de inscri\u00e7\u00e3o<\/a><\/p>\n<p><a href=\"https:\/\/www.saopaulo.sp.leg.br\/escoladoparlamento\/wp-content\/uploads\/sites\/5\/2021\/03\/Edital-02.21-Reporter-do-Futuro.pdf\">Edital de Cadastramento da Atividade<\/a><\/p>\n<p><a href=\"https:\/\/www.saopaulo.sp.leg.br\/escoladoparlamento\/wp-content\/uploads\/sites\/5\/2021\/03\/Anexo-II_Edital-02.21.docx\">Anexo II &#8211; Listagem de comprovantes de experi\u00eancia profissional e produ\u00e7\u00e3o acad\u00eamica<\/a><\/p>\n<p><a href=\"https:\/\/www.saopaulo.sp.leg.br\/escoladoparlamento\/wp-content\/uploads\/sites\/5\/2021\/03\/Anexo-III_Edital-02.21.docx\">Anexo III &#8211; Declara\u00e7\u00e3o de autenticidade<\/a><\/p>\n<p><a href=\"https:\/\/www.saopaulo.sp.leg.br\/escoladoparlamento\/wp-content\/uploads\/sites\/5\/2021\/03\/Anexo-IV_Edital-02.21.docx\">Anexo IV &#8211; Declara\u00e7\u00e3o de experi\u00eancia profissional<\/a><\/p>\n<h1><\/h1>\n<h1>Inscri\u00e7\u00f5es:<\/h1>\n<pre>Inscri\u00e7\u00f5es a partir das 10h00 do dia 13\/03\/2021 at\u00e9 23h59min do dia 20\/03\/2021<\/pre>\n","protected":false},"excerpt":{"rendered":"<p>Cronograma relativo a este Edital: EVENTO DATA Publica\u00e7\u00e3o do Edital de Credenciamento no Di\u00e1rio Oficial do Munic\u00edpio 12\/03\/2021 Per\u00edodo de Inscri\u00e7\u00e3o das 10h00 do dia 13\/03\/2021 at\u00e9 23h59min do dia 20\/03\/2021 Publica\u00e7\u00e3o da lista de inscri\u00e7\u00f5es deferidas 24\/03\/2021 Interposi\u00e7\u00e3o de recurso contra eventual indeferimento das inscri\u00e7\u00f5es das 10h00 de 24\/3\/2021 at\u00e9 23h59 de 25\/03\/2021 &nbsp; [&hellip;]<\/p>\n","protected":false},"author":522,"featured_media":0,"parent":2870,"menu_order":175,"comment_status":"closed","ping_status":"closed","template":"","meta":{"_acf_changed":false,"footnotes":""},"class_list":["post-25441","page","type-page","status-publish","hentry"],"acf":[],"_links":{"self":[{"href":"https:\/\/www.saopaulo.sp.leg.br\/escoladoparlamento\/wp-json\/wp\/v2\/pages\/25441","targetHints":{"allow":["GET"]}}],"collection":[{"href":"https:\/\/www.saopaulo.sp.leg.br\/escoladoparlamento\/wp-json\/wp\/v2\/pages"}],"about":[{"href":"https:\/\/www.saopaulo.sp.leg.br\/escoladoparlamento\/wp-json\/wp\/v2\/types\/page"}],"author":[{"embeddable":true,"href":"https:\/\/www.saopaulo.sp.leg.br\/escoladoparlamento\/wp-json\/wp\/v2\/users\/522"}],"replies":[{"embeddable":true,"href":"https:\/\/www.saopaulo.sp.leg.br\/escoladoparlamento\/wp-json\/wp\/v2\/comments?post=25441"}],"version-history":[{"count":1,"href":"https:\/\/www.saopaulo.sp.leg.br\/escoladoparlamento\/wp-json\/wp\/v2\/pages\/25441\/revisions"}],"predecessor-version":[{"id":29672,"href":"https:\/\/www.saopaulo.sp.leg.br\/escoladoparlamento\/wp-json\/wp\/v2\/pages\/25441\/revisions\/29672"}],"up":[{"embeddable":true,"href":"https:\/\/www.saopaulo.sp.leg.br\/escoladoparlamento\/wp-json\/wp\/v2\/pages\/2870"}],"wp:attachment":[{"href":"https:\/\/www.saopaulo.sp.leg.br\/escoladoparlamento\/wp-json\/wp\/v2\/media?parent=25441"}],"curies":[{"name":"wp","href":"https:\/\/api.w.org\/{rel}","templated":true}]}}