{"id":25193,"date":"2021-02-09T16:42:40","date_gmt":"2021-02-09T19:42:40","guid":{"rendered":"https:\/\/www.saopaulo.sp.leg.br\/escoladoparlamento\/?page_id=25193"},"modified":"2025-08-27T10:23:11","modified_gmt":"2025-08-27T13:23:11","slug":"cursos-de-pos-graduacao","status":"publish","type":"page","link":"https:\/\/www.saopaulo.sp.leg.br\/escoladoparlamento\/credenciamento\/editais-anteriores\/cursos-de-pos-graduacao\/","title":{"rendered":"Credenciamento Geral &#8211; Cursos de p\u00f3s-gradua\u00e7\u00e3o"},"content":{"rendered":"<h3><strong>Edital de Credenciamento de Professores<\/strong><\/h3>\n<p>Em 10 de fevereiro de 2021, a Escola do Parlamento publicou o <strong>Edital EP 01\/2021<\/strong> de Credenciamento de Profissionais para Atividades Docentes no Programa de P\u00f3s-Gradua\u00e7\u00e3o da Escola do Parlamento.<\/p>\n<p>Nessa se\u00e7\u00e3o voc\u00ea encontra o cronograma, conjunto de links e materiais de refer\u00eancia importantes para a inscri\u00e7\u00e3o, preenchimento adequado de documentos e envio de recursos deste processo seletivo.<\/p>\n<h3><strong>Links importantes<\/strong><\/h3>\n<p><a href=\"https:\/\/www.saopaulo.sp.leg.br\/escoladoparlamento\/wp-content\/uploads\/sites\/5\/2021\/05\/DOC-15-05-21-pp-90-e-91.pdf\"><span style=\"color: #ff0000\"><mark><strong>Retifica\u00e7\u00e3o do Resultado Final do Processo de Credenciamento das \u00c1reas 1, 3, 5 e 7 (Publica\u00e7\u00e3o DOC 15.05.21 pp. 90 e 91)<\/strong><\/mark><\/span><\/a><\/p>\n<p><a href=\"https:\/\/www.saopaulo.sp.leg.br\/escoladoparlamento\/wp-content\/uploads\/sites\/5\/2021\/05\/DOC-12-05-pp76.pdf\"><span style=\"color: #ff0000\"><mark><strong>Resultado Final do Processo de Credenciamento (Publica\u00e7\u00e3o DOC 12.05.21 pp. 76)<\/strong><\/mark><\/span><\/a><\/p>\n<p><a href=\"https:\/\/www.saopaulo.sp.leg.br\/escoladoparlamento\/wp-content\/uploads\/sites\/5\/2021\/05\/DOC-12-05-pp74-75.pdf\"><span style=\"color: #ff0000\"><mark><strong>An\u00e1lise e Delibera\u00e7\u00e3o sobre os Recursos contra o Resultado Preliminar (Publica\u00e7\u00e3o DOC 12.05.21 pp. 74 &#8211; 75)<\/strong><\/mark><\/span><\/a><\/p>\n<p><a href=\"https:\/\/www.saopaulo.sp.leg.br\/escoladoparlamento\/wp-content\/uploads\/sites\/5\/2021\/05\/DOC-12-05-pp74.pdf\"><span style=\"color: #ff0000\"><mark><strong>Retifica\u00e7\u00e3o do Resultado Preliminar de Credenciamento &#8211; (Publica\u00e7\u00e3o DOC 12.05.21 pp. 74)<\/strong><\/mark><\/span><\/a><\/p>\n<p><a href=\"https:\/\/forms.gle\/a8d3HAAch1xKNh8cA\"><span style=\"color: #ff0000\"><mark><strong>Formul\u00e1rio de Apresenta\u00e7\u00e3o de Recurso contra o Resultado Preliminar &#8211; do dia 01\/05\/2021 at\u00e9 \u00e0s 23h59min do dia 04\/05\/2021<\/strong><\/mark><\/span><\/a><\/p>\n<p><a href=\"https:\/\/www.saopaulo.sp.leg.br\/escoladoparlamento\/wp-content\/uploads\/sites\/5\/2021\/05\/DOC-01-05-21-pg-111.pdf\"><span style=\"color: #ff0000\"><mark><strong>Retifica\u00e7\u00e3o do Resultado Preliminar de Credenciamento &#8211; (Publica\u00e7\u00e3o DOC 01.05.21 pp. 111)<\/strong><\/mark><\/span><\/a><\/p>\n<p><a href=\"https:\/\/www.saopaulo.sp.leg.br\/escoladoparlamento\/wp-content\/uploads\/sites\/5\/2021\/04\/DOC-30-04-21_Resultado-preliminar-do-processo-de-credenciamento.pdf\"><span style=\"color: #ff0000\"><mark><strong>Resultado Preliminar do Processo de Credenciamento (Publica\u00e7\u00e3o DOC 30.04.21 pp. 103 &#8211; 104)<\/strong><\/mark><\/span><\/a><\/p>\n<p><a href=\"https:\/\/www.saopaulo.sp.leg.br\/escoladoparlamento\/wp-content\/uploads\/sites\/5\/2021\/04\/pg_0103.pdf\"><span style=\"color: #ff0000\"><mark><strong>Retifica\u00e7\u00e3o de Lista de Candidatos Aprovados &#8211; Candidata Mariana Levy ( Publica\u00e7\u00e3o DOC 24.04.21 pp. 103)<\/strong><\/mark><\/span><\/a><\/p>\n<p><a href=\"https:\/\/www.saopaulo.sp.leg.br\/escoladoparlamento\/wp-content\/uploads\/sites\/5\/2021\/04\/DIARIO-OFICIAL-1.pdf\"><span style=\"color: #ff0000\"><mark><strong>Rela\u00e7\u00e3o definitiva de inscri\u00e7\u00f5es habilitadas (Publica\u00e7\u00e3o DOC 13.04.21 &#8211; pp. 72-73)<\/strong><\/mark><\/span><\/a><\/p>\n<p><a href=\"https:\/\/www.saopaulo.sp.leg.br\/escoladoparlamento\/wp-content\/uploads\/sites\/5\/2021\/04\/DIARIO-OFICIAL-3.pdf\"><span style=\"color: #ff0000\"><mark><strong>Resultado da analise de recurso contra o indeferimento de inscri\u00e7\u00f5es\u00a0 (Publica\u00e7\u00e3o DOC 13.04.21 &#8211; pp. 74)<\/strong><\/mark><\/span><\/a><\/p>\n<p><strong><mark><a href=\"https:\/\/forms.gle\/4MWXsZhu7NQKZ5667\"><span style=\"color: #ff0000\">Formul\u00e1rio de Apresenta\u00e7\u00e3o de Recurso \u00e0 Banca de A<\/span>valia\u00e7\u00e3o e Credenciamento &#8211; n\u00e3o-habilita\u00e7\u00e3o de inscri\u00e7\u00e3o<\/a><\/mark><\/strong><\/p>\n<p><mark><a href=\"https:\/\/www.saopaulo.sp.leg.br\/escoladoparlamento\/wp-content\/uploads\/sites\/5\/2021\/04\/Edital-Po\u0301s_de-candidatos-habilitados.pdf\"><strong>Edital de divulga\u00e7\u00e3o da lista de candidatos habilitados e n\u00e3o-habilitados (Publica\u00e7\u00e3o DOC 06.04.21 &#8211; pp. 164-167)<\/strong><\/a><\/mark><\/p>\n<p>=========================<\/p>\n<p><strong><a href=\"https:\/\/docs.google.com\/forms\/d\/e\/1FAIpQLSdP3wqv5sC3Q723P3zWzSy45af72wwt2zkqF5KOSUxBPpkYRA\/viewform\">Formul\u00e1rio de Inscri\u00e7\u00e3o<\/a><\/strong><\/p>\n<p><strong><a href=\"https:\/\/www.saopaulo.sp.leg.br\/escoladoparlamento\/wp-content\/uploads\/sites\/5\/2021\/02\/Edital-de-Credenciamento-de-Docentes-para-a-Po\u0301s-Graduac\u0327a\u0303o.pdf\">Edital de Credenciamento de Docentes para a Po\u0301s-Graduac\u0327a\u0303o (original)<\/a><\/strong><\/p>\n<p><strong><a href=\"https:\/\/www.saopaulo.sp.leg.br\/escoladoparlamento\/wp-content\/uploads\/sites\/5\/2021\/03\/EDITAL-DE-RETIFICAC\u0327A\u0303O-DO-EDITAL-EP-01.pdf\">Retifica\u00e7\u00e3o do Edital de Credenciamento de Docentes para a P\u00f3s-Gradua\u00e7\u00e3o &#8211; Publicada no Di\u00e1rio Oficial em 27\/02\/2021<\/a> <\/strong><\/p>\n<p><a href=\"https:\/\/www.saopaulo.sp.leg.br\/escoladoparlamento\/wp-content\/uploads\/sites\/5\/2021\/04\/Comunicado-aos-Inscritos-Edital-EP-01.2021.pdf\"><strong>Comunicado aos Inscritos &#8211; Edital EP 01.2021 &#8211; Retifica\u00e7\u00e3o do cronograma tendo em vista a antecipa\u00e7\u00e3o dos feriados<\/strong><\/a><\/p>\n<h4><strong><a href=\"https:\/\/www.saopaulo.sp.leg.br\/escoladoparlamento\/wp-content\/uploads\/sites\/5\/2021\/04\/Consolidac\u0327a\u0303o-Edital-de-Credenciamento-de-Docentes-para-a-Po\u0301s-Graduac\u0327a\u0303o.pdf\"><mark>Consolida\u00e7\u00e3o do Edital de Credenciamento de Docentes para a P\u00f3s-Gradua\u00e7\u00e3o, com retifica\u00e7\u00f5es publicadas no Di\u00e1rio Oficial da Cidade em 27\/02 e 23\/03\/2021<\/mark><\/a><\/strong><\/h4>\n<p><strong><a href=\"https:\/\/www.saopaulo.sp.leg.br\/escoladoparlamento\/wp-content\/uploads\/sites\/5\/2021\/03\/CONSOLIDAC\u0327A\u0303O-DA-ORIENTAC\u0327A\u0303O-TE\u0301CNICA-EP-No-012020-COM-RETIFICAC\u0327O\u0303ES-DE-30012021-E-10022021-E-27022021.pdf\"><span style=\"color: #ff0000\">NOVA<\/span> Consolidac\u0327a\u0303o da Orienta\u00e7\u00e3o T\u00e9cnica EP 01.2020<\/a>,<\/strong> com retifica\u00e7\u00f5es publicadas em 30\/01\/2021, 10\/02\/2021 e 27\/02\/2021<\/p>\n<h3><strong>Documentos importantes<\/strong><\/h3>\n<p><strong><a href=\"https:\/\/www.saopaulo.sp.leg.br\/escoladoparlamento\/wp-content\/uploads\/sites\/5\/2021\/02\/Anexo-III-Declarac\u0327a\u0303o-de-autenticidade.docx\">Anexo III &#8211; Declarac\u0327a\u0303o de autenticidade<\/a><\/strong><\/p>\n<p><span style=\"color: #ff0000\"><strong><a href=\"https:\/\/www.saopaulo.sp.leg.br\/escoladoparlamento\/wp-content\/uploads\/sites\/5\/2021\/02\/DECLARAC\u0327A\u0303O-PGEP_01.docx\">Declara\u00e7\u00e3o de experi\u00eancia profissional \u2013 Doc\u00eancia (PGEP_01)<\/a> <\/strong><\/span><\/p>\n<p><span style=\"color: #ff0000\"><strong><a href=\"https:\/\/www.saopaulo.sp.leg.br\/escoladoparlamento\/wp-content\/uploads\/sites\/5\/2021\/02\/DECLARAC\u0327A\u0303O-PGEP_02.docx\">Declara\u00e7\u00e3o de experi\u00eancia profissional \u2013 Orienta\u00e7\u00e3o de Trabalhos Acad\u00eamicos (PGEP_02)<\/a> <\/strong><\/span><\/p>\n<p><span style=\"color: #ff0000\"><strong><a href=\"https:\/\/www.saopaulo.sp.leg.br\/escoladoparlamento\/wp-content\/uploads\/sites\/5\/2021\/02\/DECLARAC\u0327A\u0303O-PGEP_03.docx\">Declara\u00e7\u00e3o de experi\u00eancia profissional \u2013 Administra\u00e7\u00e3o P\u00fablica (Direta, Indireta ou Fundacional) (PGEP_03)<\/a> <\/strong><\/span><\/p>\n<p><span style=\"color: #ff0000\"><strong><a href=\"https:\/\/www.saopaulo.sp.leg.br\/escoladoparlamento\/wp-content\/uploads\/sites\/5\/2021\/02\/DECLARAC\u0327A\u0303O-PGEP_03B.docx\">Declara\u00e7\u00e3o de experi\u00eancia profissional \u2013 Magist\u00e9rio da Educa\u00e7\u00e3o B\u00e1sica (PGEP_03B)\u00a0<\/a> <\/strong><\/span><\/p>\n<p><span style=\"color: #ff0000\"><strong><a href=\"https:\/\/www.saopaulo.sp.leg.br\/escoladoparlamento\/wp-content\/uploads\/sites\/5\/2021\/02\/DECLARAC\u0327A\u0303O-PGEP_04.docx\">Declara\u00e7\u00e3o de produ\u00e7\u00e3o acad\u00eamica (PGEP_04)<\/a><\/strong><\/span><\/p>\n<p>Caso tenha alguma dificuldade em utilizar os documentos nos formatos oferecidos, favor entrar em contato com a Secretaria da Escola do Parlamento, pelo e-mail <a href=\"mailto:escoladoparlamento@saopaulo.sp.leg.br\">escoladoparlamento@saopaulo.sp.leg.br<\/a><\/p>\n<h3>Cronograma relativo ao Edital (<span style=\"color: #ff0000\">PRAZO DE INSCRI\u00c7\u00d5ES ESTENDIDO<\/span>):<\/h3>\n<table>\n<tbody>\n<tr>\n<td width=\"397\">EVENTO<\/td>\n<td width=\"176\">DATA<\/td>\n<\/tr>\n<tr>\n<td width=\"397\">Publica\u00e7\u00e3o do Edital de Credenciamento no Di\u00e1rio Oficial do Munic\u00edpio<\/td>\n<td width=\"176\">10\/02\/2021<\/td>\n<\/tr>\n<tr>\n<td width=\"397\">Per\u00edodo de Inscri\u00e7\u00e3o<\/td>\n<td width=\"176\">das 10h00 do dia 11\/02\/2021 at\u00e9 \u00e0s 23h59min do dia <span style=\"color: #ff0000\"><strong>17<\/strong><\/span>\/03\/2021<\/td>\n<\/tr>\n<tr>\n<td width=\"397\">Publica\u00e7\u00e3o da lista de inscri\u00e7\u00f5es deferidas<\/td>\n<td width=\"176\"><strong><span style=\"color: #ff0000\">06<\/span><\/strong>\/<strong><span style=\"color: #ff0000\">04<\/span><\/strong>\/2021<\/td>\n<\/tr>\n<tr>\n<td width=\"397\">Interposi\u00e7\u00e3o de recurso contra eventual indeferimento das inscri\u00e7\u00f5es<\/td>\n<td width=\"176\"><strong><span style=\"color: #ff0000\">06<\/span><\/strong> at\u00e9 \u00e0s 23h59min do dia <strong><span style=\"color: #ff0000\">09<\/span><\/strong>\/<strong><span style=\"color: #ff0000\">04<\/span><\/strong>\/2021<\/p>\n<p>&nbsp;<\/td>\n<\/tr>\n<tr>\n<td width=\"397\">Publica\u00e7\u00e3o do resultado de recursos contra eventual indeferimento das inscri\u00e7\u00f5es<\/td>\n<td width=\"176\"><span style=\"color: #ff0000\"><strong>13<\/strong><\/span>\/<strong><span style=\"color: #ff0000\">04<\/span><\/strong>\/2021<\/td>\n<\/tr>\n<tr>\n<td width=\"397\">Publica\u00e7\u00e3o do Resultado preliminar do processo de credenciamento<\/td>\n<td width=\"176\"><span style=\"color: #ff0000\"><strong>30<\/strong><\/span>\/<strong><span style=\"color: #ff0000\">04<\/span><\/strong>\/2021<\/td>\n<\/tr>\n<tr>\n<td width=\"397\">Interposi\u00e7\u00e3o de recurso contra eventual indeferimento das inscri\u00e7\u00f5es<\/td>\n<td width=\"176\">das 10h00 do dia <strong><span style=\"color: #ff0000\">01<\/span><\/strong>\/<strong><span style=\"color: #ff0000\">05<\/span><\/strong>\/2021 at\u00e9 \u00e0s 23h59min do dia <strong><span style=\"color: #ff0000\">04<\/span><\/strong>\/05\/2021<\/td>\n<\/tr>\n<tr>\n<td width=\"397\">Publica\u00e7\u00e3o do Resultado final do processo de credenciamento<\/td>\n<td width=\"176\"><strong><span style=\"color: #ff0000\">12<\/span><\/strong>\/05\/2021<\/td>\n<\/tr>\n<\/tbody>\n<\/table>\n<h3>Inscri\u00e7\u00f5es:<\/h3>\n<pre>Inscri\u00e7\u00f5es a partir das 10h00 do dia 11\/02\/2021 at\u00e9 23h59min do dia 05\/03\/2021<\/pre>\n<h3><strong>Programa de P\u00f3s-Gradua\u00e7\u00e3o da Escola do Parlamento &#8211; Projetos Pol\u00edtico-Pedag\u00f3gicos<\/strong><\/h3>\n<p>O Programa de P\u00f3s-Gradua\u00e7\u00e3o da Escola do Parlamento oferece desde 2019 o Curso de Especializa\u00e7\u00e3o em Legislativo, Territ\u00f3rio e Gest\u00e3o Democr\u00e1tica da Cidade (LTGDC).\u00a0 Em 2021, A Escola comprometeu-se com a oferta dos seguintes cursos de especializa\u00e7\u00e3o:<\/p>\n<ol>\n<li>Curso de Especializa\u00e7\u00e3o em Legislativo, Territ\u00f3rio e Gest\u00e3o Democr\u00e1tica da Cidade<\/li>\n<li>Curso de Especializa\u00e7\u00e3o em Direito Administrativo Contempor\u00e2neo<\/li>\n<li>Curso de Especializa\u00e7\u00e3o em Legislativo, Assessoria Parlamentar e Representa\u00e7\u00e3o Pol\u00edtica<\/li>\n<li>Curso de Especializa\u00e7\u00e3o em Educa\u00e7\u00e3o para a Cidadania e Valores Democr\u00e1ticos na Escola<\/li>\n<\/ol>\n<h3><strong>\u00c1reas ou N\u00facleos Tem\u00e1ticos<\/strong><\/h3>\n<p>O Programa de P\u00f3s-gradua\u00e7\u00e3o <em>lato sensu<\/em> da Escola do Parlamento tem como objetivos a forma\u00e7\u00e3o de especialistas e o aperfei\u00e7oamento de profissionais com ocupa\u00e7\u00f5es vinculadas \u00e0s \u00e1reas de pol\u00edticas p\u00fablicas relacionadas \u00e0 participa\u00e7\u00e3o social, \u00e0 redu\u00e7\u00e3o das desigualdades e \u00e0 educa\u00e7\u00e3o para a cidadania. Este programa est\u00e1 organizado pedagogicamente em \u00e1reas ou n\u00facleos tem\u00e1ticos que abrigam disciplinas com afinidades em referenciais tem\u00e1ticos, te\u00f3ricos e\/ou metodol\u00f3gicos, nos quais docentes com perfis semelhantes s\u00e3o credenciados para desenvolver atividades de ensino e pesquisa. As \u00e1reas ou n\u00facleos tem\u00e1ticos abarcam de maneira transversal os cursos de p\u00f3s-gradua\u00e7\u00e3o, de maneira que os docentes sempre atuam em sua \u00e1rea de expertise nos diferentes cursos. As \u00e1reas ou n\u00facleos que estruturam a organiza\u00e7\u00e3o do conjunto de disciplinas e respectivos campos do conhecimento s\u00e3o em 9 (nove), e est\u00e3o destacados abaixo, com suas respectivas disciplinas.<\/p>\n<p>&nbsp;<\/p>\n<table>\n<tbody>\n<tr>\n<td width=\"160\">N\u00facleos Tem\u00e1ticos<\/td>\n<td width=\"406\">Disciplinas<\/td>\n<\/tr>\n<tr>\n<td rowspan=\"6\" width=\"160\">Direito Administrativo Contempor\u00e2neo<\/td>\n<td width=\"406\">Agentes p\u00fablicos e poderes da administra\u00e7\u00e3o p\u00fablica<\/td>\n<\/tr>\n<tr>\n<td width=\"406\">Controle da Administra\u00e7\u00e3o e Processo Administrativo<\/td>\n<\/tr>\n<tr>\n<td width=\"406\">Direito Legislativo e Leg\u00edstica<\/td>\n<\/tr>\n<tr>\n<td width=\"406\">Elementos fundamentais do Direito Administrativo contempor\u00e2neo e organiza\u00e7\u00e3o do Estado Administrativo<\/td>\n<\/tr>\n<tr>\n<td width=\"406\">Fun\u00e7\u00f5es Administrativas: Servi\u00e7os P\u00fablicos, Bens P\u00fablicos e Poder de Pol\u00edcia<\/td>\n<\/tr>\n<tr>\n<td width=\"406\">Quest\u00f5es de Direito Administrativo em \u00e2mbito municipal. Rumos do Direito Administrativo e quest\u00f5es atuais<\/td>\n<\/tr>\n<tr>\n<td rowspan=\"5\" width=\"160\">Estado, Territ\u00f3rio e Din\u00e2micas do Planejamento<\/td>\n<td width=\"406\">Estrutura e Funcionamento do Estado Brasileiro p\u00f3s 1988<\/td>\n<\/tr>\n<tr>\n<td width=\"406\">Fundamentos da Governan\u00e7a P\u00fablica e da Gest\u00e3o P\u00fablica<\/td>\n<\/tr>\n<tr>\n<td width=\"406\">O munic\u00edpio na federa\u00e7\u00e3o brasileira: Desafios e Perspectivas<\/td>\n<\/tr>\n<tr>\n<td width=\"406\">Planejamento Urbano, Meio Ambiente, Quest\u00f5es Metropolitanas e Territ\u00f3rio da Cidade<\/td>\n<\/tr>\n<tr>\n<td width=\"406\">Territ\u00f3rio, Cidade, Participa\u00e7\u00e3o Pol\u00edtica e Din\u00e2micas Sociais<\/td>\n<\/tr>\n<tr>\n<td rowspan=\"5\" width=\"160\">Pol\u00edticas P\u00fablicas e a Cidade: an\u00e1lises setoriais<\/td>\n<td width=\"406\">A Cidade Contempor\u00e2nea e as pol\u00edticas p\u00fablicas da \u00e1rea social: educa\u00e7\u00e3o, sa\u00fade e assist\u00eancia social<\/td>\n<\/tr>\n<tr>\n<td width=\"406\">A Cidade Contempor\u00e2nea: Pol\u00edticas P\u00fablicas de Cultura, Esporte, Lazer e Economia Criativa<\/td>\n<\/tr>\n<tr>\n<td width=\"406\">As inf\u00e2ncias no territ\u00f3rio paulistano: Indicadores e Contextos<\/td>\n<\/tr>\n<tr>\n<td width=\"406\">Estudos em Pol\u00edticas P\u00fablicas: da Agenda \u00e0 Avalia\u00e7\u00e3o<\/td>\n<\/tr>\n<tr>\n<td width=\"406\">Vulnerabilidades e Desigualdades na Cidade Contempor\u00e2nea: Pol\u00edticas para minorias e segmentos em risco<\/td>\n<\/tr>\n<tr>\n<td rowspan=\"5\" width=\"160\">Fundamentos e Pr\u00e1ticas da Educa\u00e7\u00e3o para a Cidadania e Valores Democr\u00e1ticos na Escola<\/td>\n<td width=\"406\">A BNCC e a Educa\u00e7\u00e3o Pol\u00edtica para a Democracia na Ed. B\u00e1sica<\/td>\n<\/tr>\n<tr>\n<td width=\"406\">Educa\u00e7\u00e3o Pol\u00edtica para a Cidadania e para a Democracia: Fundamentos Te\u00f3rico-Metodol\u00f3gicos<\/td>\n<\/tr>\n<tr>\n<td width=\"406\">Escola, Territ\u00f3rio, Cidade e Democracia: Perspectivas Cr\u00edticas<\/td>\n<\/tr>\n<tr>\n<td width=\"406\">Mobiliza\u00e7\u00e3o Social e Educa\u00e7\u00e3o Pol\u00edtica para a Democracia e para a Cidadania<\/td>\n<\/tr>\n<tr>\n<td width=\"406\">Pesquisa e Produ\u00e7\u00e3o de Conhecimento em Educa\u00e7\u00e3o Pol\u00edtica<\/td>\n<\/tr>\n<tr>\n<td rowspan=\"4\" width=\"160\">Metodologia de Pesquisa e Percursos de Investiga\u00e7\u00e3o e Interven\u00e7\u00e3o<\/td>\n<td width=\"406\">Metodologia de Ensino e Pesquisa<\/td>\n<\/tr>\n<tr>\n<td width=\"406\">Projeto Colaborativo de Interven\u00e7\u00e3o Educativa I<\/td>\n<\/tr>\n<tr>\n<td width=\"406\">Projeto Colaborativo de Interven\u00e7\u00e3o Educativa II<\/td>\n<\/tr>\n<tr>\n<td width=\"406\">Semin\u00e1rios de Did\u00e1tica e Metodologia da Educa\u00e7\u00e3o Pol\u00edtica para a Cidadania<\/td>\n<\/tr>\n<tr>\n<td rowspan=\"5\" width=\"160\">Democracia, Cidadania e Participa\u00e7\u00e3o<\/td>\n<td width=\"406\">Cidadania e Sociedade na Modernidade: Perspectivas Plurais<\/td>\n<\/tr>\n<tr>\n<td width=\"406\">Democracia e Participa\u00e7\u00e3o Pol\u00edtica Conectada: Tecnologia e Transpar\u00eancia no Parlamento<\/td>\n<\/tr>\n<tr>\n<td width=\"406\">Democratizar a Democracia: Experi\u00eancias de Democracia Direta e Participativa nas Cidades<\/td>\n<\/tr>\n<tr>\n<td width=\"406\">Direitos da Cidadania e Direitos da Democracia: Cen\u00e1rios Contempor\u00e2neos<\/td>\n<\/tr>\n<tr>\n<td width=\"406\">Teoria Pol\u00edtica, Teoria da Democracia e Democracias Contempor\u00e2neas<\/td>\n<\/tr>\n<tr>\n<td rowspan=\"6\" width=\"160\">Poder Legislativo e Pr\u00e1ticas da Representa\u00e7\u00e3o Pol\u00edtica<\/td>\n<td width=\"406\">Comunica\u00e7\u00e3o Pol\u00edtica no Poder Legislativo<\/td>\n<\/tr>\n<tr>\n<td width=\"406\">Movimentos Sociais, Din\u00e2micas de Representa\u00e7\u00e3o e Pol\u00edtica Local<\/td>\n<\/tr>\n<tr>\n<td width=\"406\">Poder Legislativo e Pol\u00edticas P\u00fablicas na Cidade<\/td>\n<\/tr>\n<tr>\n<td width=\"406\">Processo Legislativo Local e Participa\u00e7\u00e3o Popular na Cidade<\/td>\n<\/tr>\n<tr>\n<td width=\"406\">Processo Legislativo, Governo e Sociedade: Estudos de Caso<\/td>\n<\/tr>\n<tr>\n<td width=\"406\">Representa\u00e7\u00e3o Pol\u00edtica e Assessoria Parlamentar<\/td>\n<\/tr>\n<\/tbody>\n<\/table>\n","protected":false},"excerpt":{"rendered":"<p>Edital de Credenciamento de Professores Em 10 de fevereiro de 2021, a Escola do Parlamento publicou o Edital EP 01\/2021 de Credenciamento de Profissionais para Atividades Docentes no Programa de P\u00f3s-Gradua\u00e7\u00e3o da Escola do Parlamento. Nessa se\u00e7\u00e3o voc\u00ea encontra o cronograma, conjunto de links e materiais de refer\u00eancia importantes para a inscri\u00e7\u00e3o, preenchimento adequado de [&hellip;]<\/p>\n","protected":false},"author":661,"featured_media":0,"parent":2870,"menu_order":184,"comment_status":"closed","ping_status":"closed","template":"","meta":{"_acf_changed":false,"footnotes":""},"class_list":["post-25193","page","type-page","status-publish","hentry"],"acf":[],"_links":{"self":[{"href":"https:\/\/www.saopaulo.sp.leg.br\/escoladoparlamento\/wp-json\/wp\/v2\/pages\/25193","targetHints":{"allow":["GET"]}}],"collection":[{"href":"https:\/\/www.saopaulo.sp.leg.br\/escoladoparlamento\/wp-json\/wp\/v2\/pages"}],"about":[{"href":"https:\/\/www.saopaulo.sp.leg.br\/escoladoparlamento\/wp-json\/wp\/v2\/types\/page"}],"author":[{"embeddable":true,"href":"https:\/\/www.saopaulo.sp.leg.br\/escoladoparlamento\/wp-json\/wp\/v2\/users\/661"}],"replies":[{"embeddable":true,"href":"https:\/\/www.saopaulo.sp.leg.br\/escoladoparlamento\/wp-json\/wp\/v2\/comments?post=25193"}],"version-history":[{"count":1,"href":"https:\/\/www.saopaulo.sp.leg.br\/escoladoparlamento\/wp-json\/wp\/v2\/pages\/25193\/revisions"}],"predecessor-version":[{"id":29682,"href":"https:\/\/www.saopaulo.sp.leg.br\/escoladoparlamento\/wp-json\/wp\/v2\/pages\/25193\/revisions\/29682"}],"up":[{"embeddable":true,"href":"https:\/\/www.saopaulo.sp.leg.br\/escoladoparlamento\/wp-json\/wp\/v2\/pages\/2870"}],"wp:attachment":[{"href":"https:\/\/www.saopaulo.sp.leg.br\/escoladoparlamento\/wp-json\/wp\/v2\/media?parent=25193"}],"curies":[{"name":"wp","href":"https:\/\/api.w.org\/{rel}","templated":true}]}}