{"id":24972,"date":"2020-12-09T15:21:19","date_gmt":"2020-12-09T18:21:19","guid":{"rendered":"http:\/\/www.saopaulo.sp.leg.br\/escoladoparlamento\/?page_id=24972"},"modified":"2025-08-27T10:23:23","modified_gmt":"2025-08-27T13:23:23","slug":"curso-de-extensao-universitaria-poder-legislativo-e-politicas-publicas-da-agenda-a-avaliacao","status":"publish","type":"page","link":"https:\/\/www.saopaulo.sp.leg.br\/escoladoparlamento\/credenciamento\/editais-anteriores\/curso-de-extensao-universitaria-poder-legislativo-e-politicas-publicas-da-agenda-a-avaliacao\/","title":{"rendered":"CURSO DE EXTENS\u00c3O UNIVERSIT\u00c1RIA PODER LEGISLATIVO E POL\u00cdTICAS P\u00daBLICAS: DA AGENDA \u00c0 AVALIA\u00c7\u00c3O"},"content":{"rendered":"<h2>Cronograma relativo a este Edital:<\/h2>\n<table>\n<tbody>\n<tr>\n<td width=\"397\">EVENTO<\/td>\n<td width=\"176\">DATA<\/td>\n<\/tr>\n<tr>\n<td width=\"397\">Publica\u00e7\u00e3o do Edital de Credenciamento no Di\u00e1rio Oficial do Munic\u00edpio<\/td>\n<td width=\"176\">10\/12\/2020<\/td>\n<\/tr>\n<tr>\n<td width=\"397\">Per\u00edodo de Inscri\u00e7\u00e3o<\/td>\n<td width=\"176\">das 10h00 do dia 10\/12\/2020 at\u00e9 \u00e0s 23h59min do dia 10\/01\/2021<\/td>\n<\/tr>\n<tr>\n<td width=\"397\">Publica\u00e7\u00e3o da lista de inscri\u00e7\u00f5es deferidas<\/td>\n<td width=\"176\">15\/01\/2021<\/td>\n<\/tr>\n<tr>\n<td width=\"397\">Interposi\u00e7\u00e3o de recurso contra eventual indeferimento das inscri\u00e7\u00f5es<\/td>\n<td width=\"176\">15 a 17\/01\/2021<\/p>\n<p>&nbsp;<\/td>\n<\/tr>\n<tr>\n<td width=\"397\">Publica\u00e7\u00e3o do resultado de recursos contra eventual indeferimento das inscri\u00e7\u00f5es<\/td>\n<td width=\"176\">20\/01\/2021<\/td>\n<\/tr>\n<tr>\n<td width=\"397\">Publica\u00e7\u00e3o do Resultado preliminar do processo de credenciamento<\/td>\n<td width=\"176\">05\/02\/2021<\/td>\n<\/tr>\n<tr>\n<td width=\"397\">Interposi\u00e7\u00e3o de recurso contra eventual indeferimento das inscri\u00e7\u00f5es<\/td>\n<td width=\"176\">das 10h00 do dia 05\/02\/2021 at\u00e9 \u00e0s 23h59min do dia 07\/02\/2021<\/td>\n<\/tr>\n<tr>\n<td width=\"397\">Publica\u00e7\u00e3o do Resultado final do processo de credenciamento<\/td>\n<td width=\"176\">10\/02\/2021<\/td>\n<\/tr>\n<tr>\n<td width=\"397\">Publica\u00e7\u00e3o da convoca\u00e7\u00e3o para contrata\u00e7\u00e3o<\/td>\n<td width=\"176\">10\/02\/2021<\/td>\n<\/tr>\n<\/tbody>\n<\/table>\n<p><a href=\"https:\/\/www.saopaulo.sp.leg.br\/escoladoparlamento\/wp-content\/uploads\/sites\/5\/2021\/02\/DOC-10-02-21_recurso-e-lista-final-Ed-07_20.pdf\">Resultado do recurso e resultado final<\/a><\/p>\n<p><a href=\"https:\/\/www.saopaulo.sp.leg.br\/escoladoparlamento\/wp-content\/uploads\/sites\/5\/2021\/02\/DOC-05-05-21_Credenciados-Ed-07_20.pdf\">Resultado preliminar<\/a><\/p>\n<p><a href=\"https:\/\/www.saopaulo.sp.leg.br\/escoladoparlamento\/wp-content\/uploads\/sites\/5\/2021\/01\/DOC-20-01-21_recurso-Ed-07_20.pdf\">Recurso contra indeferimento das inscri\u00e7\u00f5es<\/a><\/p>\n<p><a href=\"https:\/\/www.saopaulo.sp.leg.br\/escoladoparlamento\/wp-content\/uploads\/sites\/5\/2021\/01\/DOC-15-01-21_inscricoes-deferidas-Ed-07_20.pdf\">Inscri\u00e7\u00f5es Deferidas<\/a><\/p>\n<p><a href=\"https:\/\/www.saopaulo.sp.leg.br\/escoladoparlamento\/wp-content\/uploads\/sites\/5\/2020\/12\/EDITAL-EP-007_Legislativo-e-politicas-publicas.pdf\">Edital de Cadastramento da Atividade<\/a><\/p>\n<p><a href=\"https:\/\/www.saopaulo.sp.leg.br\/escoladoparlamento\/wp-content\/uploads\/sites\/5\/2020\/12\/ED-7-ANEXO-II.docx\">Anexo II &#8211; Listagem de comprovantes de experi\u00eancia profissional<\/a><\/p>\n<p><a href=\"https:\/\/www.saopaulo.sp.leg.br\/escoladoparlamento\/wp-content\/uploads\/sites\/5\/2020\/12\/ED-7-ANEXO-III.docx\">Anexo III &#8211; Declara\u00e7\u00e3o de experi\u00eancia profissional &#8211; Institui\u00e7\u00f5es Privadas e\/ou do 3\u00ba setor<\/a><\/p>\n<p><a href=\"https:\/\/www.saopaulo.sp.leg.br\/escoladoparlamento\/wp-content\/uploads\/sites\/5\/2020\/12\/ED-7-ANEXO-IV.docx\">Anexo IV &#8211;\u00a0 Declara\u00e7\u00e3o de experi\u00eancia profissional &#8211; Orienta\u00e7\u00e3o de trabalhos acad\u00eamicos <\/a><\/p>\n<p><a href=\"https:\/\/www.saopaulo.sp.leg.br\/escoladoparlamento\/wp-content\/uploads\/sites\/5\/2020\/12\/ED-7-ANEXO-V.docx\">Anexo V &#8211; Declara\u00e7\u00e3o de Autenticidade <\/a><\/p>\n<h1>Inscri\u00e7\u00f5es:<\/h1>\n<pre>Inscri\u00e7\u00f5es a partir das 10h00 do dia 10\/12\/2020 at\u00e9 23h59min do dia 10\/01\/2021<\/pre>\n","protected":false},"excerpt":{"rendered":"<p>Cronograma relativo a este Edital: EVENTO DATA Publica\u00e7\u00e3o do Edital de Credenciamento no Di\u00e1rio Oficial do Munic\u00edpio 10\/12\/2020 Per\u00edodo de Inscri\u00e7\u00e3o das 10h00 do dia 10\/12\/2020 at\u00e9 \u00e0s 23h59min do dia 10\/01\/2021 Publica\u00e7\u00e3o da lista de inscri\u00e7\u00f5es deferidas 15\/01\/2021 Interposi\u00e7\u00e3o de recurso contra eventual indeferimento das inscri\u00e7\u00f5es 15 a 17\/01\/2021 &nbsp; Publica\u00e7\u00e3o do resultado de [&hellip;]<\/p>\n","protected":false},"author":661,"featured_media":0,"parent":2870,"menu_order":190,"comment_status":"closed","ping_status":"closed","template":"","meta":{"_acf_changed":false,"footnotes":""},"class_list":["post-24972","page","type-page","status-publish","hentry"],"acf":[],"_links":{"self":[{"href":"https:\/\/www.saopaulo.sp.leg.br\/escoladoparlamento\/wp-json\/wp\/v2\/pages\/24972","targetHints":{"allow":["GET"]}}],"collection":[{"href":"https:\/\/www.saopaulo.sp.leg.br\/escoladoparlamento\/wp-json\/wp\/v2\/pages"}],"about":[{"href":"https:\/\/www.saopaulo.sp.leg.br\/escoladoparlamento\/wp-json\/wp\/v2\/types\/page"}],"author":[{"embeddable":true,"href":"https:\/\/www.saopaulo.sp.leg.br\/escoladoparlamento\/wp-json\/wp\/v2\/users\/661"}],"replies":[{"embeddable":true,"href":"https:\/\/www.saopaulo.sp.leg.br\/escoladoparlamento\/wp-json\/wp\/v2\/comments?post=24972"}],"version-history":[{"count":1,"href":"https:\/\/www.saopaulo.sp.leg.br\/escoladoparlamento\/wp-json\/wp\/v2\/pages\/24972\/revisions"}],"predecessor-version":[{"id":29683,"href":"https:\/\/www.saopaulo.sp.leg.br\/escoladoparlamento\/wp-json\/wp\/v2\/pages\/24972\/revisions\/29683"}],"up":[{"embeddable":true,"href":"https:\/\/www.saopaulo.sp.leg.br\/escoladoparlamento\/wp-json\/wp\/v2\/pages\/2870"}],"wp:attachment":[{"href":"https:\/\/www.saopaulo.sp.leg.br\/escoladoparlamento\/wp-json\/wp\/v2\/media?parent=24972"}],"curies":[{"name":"wp","href":"https:\/\/api.w.org\/{rel}","templated":true}]}}