{"id":24912,"date":"2020-12-01T16:30:20","date_gmt":"2020-12-01T19:30:20","guid":{"rendered":"http:\/\/www.saopaulo.sp.leg.br\/escoladoparlamento\/?page_id=24912"},"modified":"2025-06-03T16:32:11","modified_gmt":"2025-06-03T19:32:11","slug":"30-anos-lei-organica","status":"publish","type":"page","link":"https:\/\/www.saopaulo.sp.leg.br\/escoladoparlamento\/cursos\/cursos-anteriores\/cursos-realizados-em-2020\/30-anos-lei-organica\/","title":{"rendered":"Os 30 anos da Lei Org\u00e2nica do Munic\u00edpio de S\u00e3o Paulo"},"content":{"rendered":"<header class=\"article-header\">\n<table>\n<tbody>\n<tr>\n<td width=\"189\"><img loading=\"lazy\" decoding=\"async\" class=\"wp-image-24915 aligncenter\" src=\"https:\/\/www.saopaulo.sp.leg.br\/escoladoparlamento\/wp-content\/uploads\/sites\/5\/2020\/12\/logo-novo-site-3-300x110.jpg\" alt=\"\" width=\"180\" height=\"66\" srcset=\"https:\/\/www.saopaulo.sp.leg.br\/escoladoparlamento\/wp-content\/uploads\/sites\/5\/2020\/12\/logo-novo-site-3-300x110.jpg 300w, https:\/\/www.saopaulo.sp.leg.br\/escoladoparlamento\/wp-content\/uploads\/sites\/5\/2020\/12\/logo-novo-site-3.jpg 350w\" sizes=\"auto, (max-width: 180px) 100vw, 180px\" \/><\/td>\n<td width=\"189\"><img loading=\"lazy\" decoding=\"async\" class=\"wp-image-23966 aligncenter\" src=\"https:\/\/www.saopaulo.sp.leg.br\/escoladoparlamento\/wp-content\/uploads\/sites\/5\/2020\/09\/Captura-de-Tela-2020-09-04-a\u0300s-18.18.58-300x168.png\" alt=\"\" width=\"134\" height=\"75\" srcset=\"https:\/\/www.saopaulo.sp.leg.br\/escoladoparlamento\/wp-content\/uploads\/sites\/5\/2020\/09\/Captura-de-Tela-2020-09-04-a\u0300s-18.18.58-300x168.png 300w, https:\/\/www.saopaulo.sp.leg.br\/escoladoparlamento\/wp-content\/uploads\/sites\/5\/2020\/09\/Captura-de-Tela-2020-09-04-a\u0300s-18.18.58.png 614w\" sizes=\"auto, (max-width: 134px) 100vw, 134px\" \/><\/td>\n<td width=\"189\"><img loading=\"lazy\" decoding=\"async\" class=\"wp-image-24921 aligncenter\" src=\"https:\/\/www.saopaulo.sp.leg.br\/escoladoparlamento\/wp-content\/uploads\/sites\/5\/2020\/12\/WhatsApp-Image-2020-12-01-at-17.31.59.jpeg\" alt=\"\" width=\"147\" height=\"69\" \/><\/td>\n<\/tr>\n<\/tbody>\n<\/table>\n<h4>Semin\u00e1rio em Parceria com o Centro de Estudos Legislativos da C\u00e2mara Municipal de S\u00e3o Paulo, a Escola de Gest\u00e3o e Contas do Tribunal de Contas do Munic\u00edpio de S\u00e3o Paulo (TCM-SP) e a Rede Nossa S\u00e3o Paulo<\/h4>\n<p><strong style=\"font-size: 16px\">Diretor Respons\u00e1vel:<\/strong><span style=\"font-size: 16px\"> Prof. Dr. Alexsandro Santos<\/span><\/p>\n<p><span style=\"font-size: 16px\">Por ocasi\u00e3o do anivers\u00e1rio de 30 anos da Lei Org\u00e2nica do Munic\u00edpio de S\u00e3o Paulo, somadas ao julgamento recente do Supremo Tribunal Federal sobre a constitucionalidade dos Conselhos de Representantes, sob a responsabilidade do Poder Legislativo, a Escola do Parlamento se junta ao Grupo de Trabalho Democracia Participativa (GTDP) da Rede Nossa S\u00e3o Paulo, ao Centro de Estudos Legislativos da Procuradoria da C\u00e2mara Municipal de S\u00e3o Paulo (CELEG) e \u00e0 Escola de Gest\u00e3o e Contas do Tribunal de Contas do Munic\u00edpio de S\u00e3o Paulo (TCM-SP) \u00a0para promover este Semin\u00e1rio, com o objetivo de debater os temas da participa\u00e7\u00e3o e do controle social do Executivo Municipal por meio da intera\u00e7\u00e3o entre Sociedade Civil, Legislativo e Tribunal de Contas.<br \/>\n<\/span><\/p>\n<\/header>\n<section><\/section>\n<section class=\"entry-content cf sem-topo\"><strong>P\u00fablico alvo: <\/strong>cidad\u00e3os(\u00e3s) e Servidores(as) P\u00fablicos(as) com interesse no tema, estudiosos(as) e especialistas no tema, conselheiros participativos das subprefeituras e vereadores<\/p>\n<h4><strong>Destaca-se que o evento gratuito ser\u00e1 transmitido pela plataforma do ZOOM pelo link: <a href=\"https:\/\/us02web.zoom.us\/j\/87117162065\">https:\/\/us02web.zoom.us\/j\/87117162065<\/a><\/strong><\/h4>\n<h4><strong>O evento tamb\u00e9m ser\u00e1 retransmitido no Facebook desta Escola pelo link: <a href=\"https:\/\/www.facebook.com\/eparlamento\/posts\/3607961155893312\">https:\/\/www.facebook.com\/eparlamento\/posts\/3607961155893312<\/a><\/strong><\/h4>\n<h4><strong>Os certificados ser\u00e3o emitidos <span style=\"color: #ff0000\">apenas<\/span> para os participantes inscritos em https:\/\/www.sympla.com.br\/os-30-anos-da-lei-organica-do-municipio__1072474 e que participarem do evento pela plataforma do ZOOM.<\/strong><\/h4>\n<h3><strong>Inscri\u00e7\u00f5es: <\/strong>encerradas<\/h3>\n<p><a href=\"https:\/\/youtu.be\/Tx_sY4cgTqQ\">Reveja o semin\u00e1rio\u00a0<\/a><\/p>\n<hr \/>\n<h3><strong>Data:<br \/>\n08 de dezembro &#8211; das 10h \u00e0s 11h30<br \/>\n<\/strong><\/h3>\n<p><strong>Palestrantes<\/strong><\/p>\n<p><strong>\u2234 Eduardo Tuma \u2022 <\/strong><em>Presidente da C\u00e2mara Municipal de S\u00e3o Paulo<\/em><\/p>\n<p><strong>\u2234 Maur\u00edcio Faria \u2022 <\/strong><em>Conselheiro do Tribunal de Contas do Munic\u00edpio de S\u00e3o Paulo, ex-vereador, constituinte da Lei Org\u00e2nica do Munic\u00edpio<\/em><\/p>\n<p><strong>\u2234 Jorge Abrah\u00e3o<\/strong><strong> \u2022 <\/strong><em>Coordenador-Geral da Rede Nossa S\u00e3o Paulo<\/em><\/p>\n<p><strong>\u2234 Alexsandro Santos<\/strong><strong>\u00a0\u2022\u00a0<\/strong><em>Doutor em Educa\u00e7\u00e3o pela Universidade de S\u00e3o Paulo, \u00e9 Diretor-Presidente da Escola do Parlamento da C\u00e2mara Municipal de S\u00e3o Paulo<\/em><\/p>\n<p><strong>\u2234 Maria Nazar\u00e9 Lins Barbosa<\/strong><strong> \u2022 <\/strong><em>Doutora em Administra\u00e7\u00e3o P\u00fablica pela Funda\u00e7\u00e3o Getulio Vargas, \u00e9 Procuradora-Chefe da C\u00e2mara Municipal de S\u00e3o Paulo<\/em><\/p>\n<p><strong>\u2234 Pedro\u00a0Dallari<\/strong> \u2022\u00a0<em>Professor da Universidade de S\u00e3o Paulo, \u00e9 Presidente da Comiss\u00e3o Nacional da Verdade e ex-vereador constituinte da Lei Org\u00e2nica do Munic\u00edpio.<\/em><\/p>\n<hr \/>\n<h3 style=\"text-align: center\"><span style=\"color: #ff0000\"><strong>ATEN\u00c7\u00c3O<\/strong><\/span><\/h3>\n<h4 style=\"text-align: center\"><span style=\"color: #0000ff\"><strong>Os certificados ser\u00e3o emitidos apenas para os participantes inscritos via plataforma SYMPLA e que participarem pela plataforma ZOOM.<\/strong><\/span><\/h4>\n<\/section>\n","protected":false},"excerpt":{"rendered":"<p>Semin\u00e1rio em Parceria com o Centro de Estudos Legislativos da C\u00e2mara Municipal de S\u00e3o Paulo, a Escola de Gest\u00e3o e Contas do Tribunal de Contas do Munic\u00edpio de S\u00e3o Paulo (TCM-SP) e a Rede Nossa S\u00e3o Paulo Diretor Respons\u00e1vel: Prof. Dr. Alexsandro Santos Por ocasi\u00e3o do anivers\u00e1rio de 30 anos da Lei Org\u00e2nica do Munic\u00edpio [&hellip;]<\/p>\n","protected":false},"author":297,"featured_media":0,"parent":17641,"menu_order":193,"comment_status":"closed","ping_status":"closed","template":"","meta":{"_acf_changed":false,"footnotes":""},"class_list":["post-24912","page","type-page","status-publish","hentry"],"acf":[],"_links":{"self":[{"href":"https:\/\/www.saopaulo.sp.leg.br\/escoladoparlamento\/wp-json\/wp\/v2\/pages\/24912","targetHints":{"allow":["GET"]}}],"collection":[{"href":"https:\/\/www.saopaulo.sp.leg.br\/escoladoparlamento\/wp-json\/wp\/v2\/pages"}],"about":[{"href":"https:\/\/www.saopaulo.sp.leg.br\/escoladoparlamento\/wp-json\/wp\/v2\/types\/page"}],"author":[{"embeddable":true,"href":"https:\/\/www.saopaulo.sp.leg.br\/escoladoparlamento\/wp-json\/wp\/v2\/users\/297"}],"replies":[{"embeddable":true,"href":"https:\/\/www.saopaulo.sp.leg.br\/escoladoparlamento\/wp-json\/wp\/v2\/comments?post=24912"}],"version-history":[{"count":2,"href":"https:\/\/www.saopaulo.sp.leg.br\/escoladoparlamento\/wp-json\/wp\/v2\/pages\/24912\/revisions"}],"predecessor-version":[{"id":29535,"href":"https:\/\/www.saopaulo.sp.leg.br\/escoladoparlamento\/wp-json\/wp\/v2\/pages\/24912\/revisions\/29535"}],"up":[{"embeddable":true,"href":"https:\/\/www.saopaulo.sp.leg.br\/escoladoparlamento\/wp-json\/wp\/v2\/pages\/17641"}],"wp:attachment":[{"href":"https:\/\/www.saopaulo.sp.leg.br\/escoladoparlamento\/wp-json\/wp\/v2\/media?parent=24912"}],"curies":[{"name":"wp","href":"https:\/\/api.w.org\/{rel}","templated":true}]}}