{"id":24774,"date":"2020-11-16T16:59:43","date_gmt":"2020-11-16T19:59:43","guid":{"rendered":"http:\/\/www.saopaulo.sp.leg.br\/escoladoparlamento\/?page_id=24774"},"modified":"2025-06-03T16:25:32","modified_gmt":"2025-06-03T19:25:32","slug":"lei-complementar-173-lgpd-e-desafios-atuais-no-poder-legislativo","status":"publish","type":"page","link":"https:\/\/www.saopaulo.sp.leg.br\/escoladoparlamento\/cursos\/cursos-anteriores\/cursos-realizados-em-2020\/lei-complementar-173-lgpd-e-desafios-atuais-no-poder-legislativo\/","title":{"rendered":"Lei Complementar 173, LGPD e Desafios Atuais no Poder Legislativo"},"content":{"rendered":"<h3><a href=\"https:\/\/www.saopaulo.sp.leg.br\/escoladoparlamento\/wp-content\/uploads\/sites\/5\/2020\/11\/LOGO_CELEG_VERSAO_ALTERNATIVA_HORIZONTAL_POSITIVA.png\"><img loading=\"lazy\" decoding=\"async\" class=\"wp-image-24776 alignright\" src=\"https:\/\/www.saopaulo.sp.leg.br\/escoladoparlamento\/wp-content\/uploads\/sites\/5\/2020\/11\/LOGO_CELEG_VERSAO_ALTERNATIVA_HORIZONTAL_POSITIVA-e1605555927406.png\" alt=\"\" width=\"132\" height=\"186\" \/><\/a><\/h3>\n<h3><\/h3>\n<h3>Semin\u00e1rio online em parceria com o CELEG e lan\u00e7amento<br \/>\nda Revista da Procuradoria da C\u00e2mara Municipal de S\u00e3o Paulo, edi\u00e7\u00e3o virtual, v.8, 2020<\/h3>\n<p>O Semin\u00e1rio\u00a0discutir\u00e1 alguns dos desafios que o ano de 2020 imp\u00f4s ao Poder Legislativo, entre eles a aplica\u00e7\u00e3o da Lei Complementar n\u00ba 173, editada no contexto da pandemia, e da Lei Geral de Prote\u00e7\u00e3o de Dados, que impacta fortemente a gest\u00e3o administrativa das Casas Legislativas.<\/p>\n<p>Ser\u00e3o abordados tamb\u00e9m casos pr\u00e1ticos e \u00eaxitos em ju\u00edzo da C\u00e2mara, no per\u00edodo em que se reconheceu a legitimidade do trabalho legislativo \u2013 audi\u00eancias p\u00fablicas e delibera\u00e7\u00f5es &#8211; em ambiente virtual, e a iniciativa parlamentar em mat\u00e9rias ambientais.<\/p>\n<p>A <em>Revista da Procuradoria da C\u00e2mara Municipal de S\u00e3o Paulo<\/em>, em edi\u00e7\u00e3o virtual que contempla os temas citados, ser\u00e1 lan\u00e7ada durante o Semin\u00e1rio, com a apresenta\u00e7\u00e3o de alguns dos temas pelos Procuradores Legislativos que assinam pe\u00e7as, artigos e pareceres publicados.<\/p>\n<p><strong>Objetivos:<\/strong><\/p>\n<ul>\n<li>fomentar o debate acad\u00eamico qualificado em temas afetos ao Poder Legislativo;<\/li>\n<li>favorecer a troca de conhecimento e de experi\u00eancias em torno da assessoria, consultoria e defesa em ju\u00edzo das prerrogativas do Poder Legislativo;<\/li>\n<li>divulgar a Revista da Procuradoria da C\u00e2mara Municipal de S\u00e3o Paulo<\/li>\n<\/ul>\n<p><strong>P\u00fablico alvo:<br \/>\n<\/strong>Procuradores, Advogados P\u00fablicos, Profissionais da \u00e1rea jur\u00eddica, Assessores Parlamentares, Estudantes de Direito e interessados nos temas<\/p>\n<h2><span style=\"color: #0000ff\">sexta-feira, 04 de dezembro, a partir das 10h<\/span><\/h2>\n<p><strong>Destaca-se que o evento gratuito ser\u00e1 transmitido pela plataforma ZOOM no link abaixo:<br \/>\n<a href=\"https:\/\/us02web.zoom.us\/j\/89970125186\">https:\/\/us02web.zoom.us\/j\/89970125186<\/a> e retransmitido no Facebook desta Escola no seguinte endere\u00e7o <a href=\"https:\/\/www.facebook.com\/eparlamento\/posts\/3602352236454204\">https:\/\/www.facebook.com\/eparlamento\/posts\/3602352236454204<\/a>. <\/strong><\/p>\n<p><strong>Os certificados ser\u00e3o emitidos apenas para os participantes inscritos no link abaixo e que participarem pela plataforma ZOOM.<\/strong><\/p>\n<h3><strong>Inscri\u00e7\u00f5es: encerradas<\/strong><\/h3>\n<p><a href=\"https:\/\/www.saopaulo.sp.leg.br\/wp-content\/uploads\/2020\/11\/revista_da_procuradoria_2020_1126-arquivo-revisado.pdf\">Revista da Procuradoria da C\u00e2mara Municipal de S\u00e3o Paulo v.8, 2020<\/a><\/p>\n<p><a href=\"https:\/\/youtu.be\/FHNS9jkXMZM\">Reveja o semin\u00e1rio<\/a><\/p>\n<p><span style=\"color: #ff0000\">Programa\u00e7\u00e3o:<\/span><\/p>\n<h3>1\u00ba Painel<br \/>\n<strong>LC 173\/2020 e Servidores P\u00fablicos<\/strong><\/h3>\n<p><span style=\"text-decoration: underline\">Expositor:<\/span><br \/>\n<strong>Floriano de Azevedo Marques Neto<\/strong>\u00a0&#8211; <em>Diretor da Faculdade de Direito da USP &#8211; Lgo S. Francisco<\/em><br \/>\n<span style=\"text-decoration: underline\">Debatedora:<\/span><br \/>\n<strong>Maria Nazar\u00e9 Lins Barbosa<\/strong> &#8211; <em>Procuradora-chefe da C\u00e2mara Municipal de S\u00e3o Paulo<\/em><br \/>\n<span style=\"text-decoration: underline\">Media\u00e7\u00e3o:<\/span><br \/>\n<strong>Ieda Maria Ferreira Pires<\/strong> &#8211; <em>Procuradora da C\u00e2mara Municipal de S\u00e3o Paulo<\/em><\/p>\n<hr \/>\n<h3>2\u00ba Painel<br \/>\n<strong>Prote\u00e7\u00e3o de Dados e Poder Legislativo<\/strong><\/h3>\n<p><span style=\"text-decoration: underline\">Expositora:<\/span><br \/>\n<strong>C\u00edntia Rosa Pereira de Lima<\/strong> &#8211; <em>Professora da Faculdade de Direito da USP &#8211; Ribeir\u00e3o Preto<\/em><br \/>\n<span style=\"text-decoration: underline\">Debatedores:<\/span><br \/>\n<strong>Andr\u00e9a Rascovski Ickowicz<\/strong> e <strong>Renato Takashi Igarashi<\/strong> &#8211; <em>Procuradores da C\u00e2mara Municipal de S\u00e3o Paulo<br \/>\n<\/em><span style=\"text-decoration: underline\">Media\u00e7\u00e3o:<\/span><br \/>\n<strong>Camila Morais Cajaiba Garcez Marins<\/strong> &#8211; <em>Procuradora da C\u00e2mara Municipal de S\u00e3o Paulo<\/em><\/p>\n<hr \/>\n<h3>3\u00ba Painel<br \/>\n<strong>Atualidades: Poder Legislativo em Ju\u00edzo; Dispensa de Licita\u00e7\u00e3o na Pandemia; EC 103\/19<\/strong><\/h3>\n<p><span style=\"text-decoration: underline\">Expositores:<\/span><br \/>\n<strong>Ana Paula Sabadin dos Santos Talaveira Medina<\/strong>, <strong>Danielle Piacentini Stivanin<\/strong>, <strong>Fernanda de Pieri Mielli Franco Lima<\/strong> e <strong>Raimundo Batista<\/strong> &#8211; <em>procuradores da C\u00e2mara Municipal de S\u00e3o Paulo<br \/>\n<\/em><span style=\"text-decoration: underline\">Media\u00e7\u00e3o:<\/span><br \/>\n<strong>Luciana de Fatima da Silva<\/strong> &#8211; <em>Procuradora da C\u00e2mara Municipal de S\u00e3o Paulo<br \/>\n<\/em><span style=\"text-decoration: underline\">Encaminhamentos finais:<\/span><em><br \/>\n<\/em><strong>Maria Nazar\u00e9 Lins Barbosa<\/strong><em> &#8211; Procuradora Chefe da C\u00e2mara Municipal de S\u00e3o Paulo<br \/>\n<\/em><\/p>\n","protected":false},"excerpt":{"rendered":"<p>Semin\u00e1rio online em parceria com o CELEG e lan\u00e7amento da Revista da Procuradoria da C\u00e2mara Municipal de S\u00e3o Paulo, edi\u00e7\u00e3o virtual, v.8, 2020 O Semin\u00e1rio\u00a0discutir\u00e1 alguns dos desafios que o ano de 2020 imp\u00f4s ao Poder Legislativo, entre eles a aplica\u00e7\u00e3o da Lei Complementar n\u00ba 173, editada no contexto da pandemia, e da Lei Geral [&hellip;]<\/p>\n","protected":false},"author":522,"featured_media":0,"parent":17641,"menu_order":196,"comment_status":"closed","ping_status":"closed","template":"","meta":{"_acf_changed":false,"footnotes":""},"class_list":["post-24774","page","type-page","status-publish","hentry"],"acf":[],"_links":{"self":[{"href":"https:\/\/www.saopaulo.sp.leg.br\/escoladoparlamento\/wp-json\/wp\/v2\/pages\/24774","targetHints":{"allow":["GET"]}}],"collection":[{"href":"https:\/\/www.saopaulo.sp.leg.br\/escoladoparlamento\/wp-json\/wp\/v2\/pages"}],"about":[{"href":"https:\/\/www.saopaulo.sp.leg.br\/escoladoparlamento\/wp-json\/wp\/v2\/types\/page"}],"author":[{"embeddable":true,"href":"https:\/\/www.saopaulo.sp.leg.br\/escoladoparlamento\/wp-json\/wp\/v2\/users\/522"}],"replies":[{"embeddable":true,"href":"https:\/\/www.saopaulo.sp.leg.br\/escoladoparlamento\/wp-json\/wp\/v2\/comments?post=24774"}],"version-history":[{"count":2,"href":"https:\/\/www.saopaulo.sp.leg.br\/escoladoparlamento\/wp-json\/wp\/v2\/pages\/24774\/revisions"}],"predecessor-version":[{"id":29533,"href":"https:\/\/www.saopaulo.sp.leg.br\/escoladoparlamento\/wp-json\/wp\/v2\/pages\/24774\/revisions\/29533"}],"up":[{"embeddable":true,"href":"https:\/\/www.saopaulo.sp.leg.br\/escoladoparlamento\/wp-json\/wp\/v2\/pages\/17641"}],"wp:attachment":[{"href":"https:\/\/www.saopaulo.sp.leg.br\/escoladoparlamento\/wp-json\/wp\/v2\/media?parent=24774"}],"curies":[{"name":"wp","href":"https:\/\/api.w.org\/{rel}","templated":true}]}}