{"id":24483,"date":"2020-10-14T18:43:31","date_gmt":"2020-10-14T21:43:31","guid":{"rendered":"http:\/\/www.saopaulo.sp.leg.br\/escoladoparlamento\/?page_id=24483"},"modified":"2021-01-18T13:31:52","modified_gmt":"2021-01-18T16:31:52","slug":"8o-curso-iniciacao-politica","status":"publish","type":"page","link":"https:\/\/www.saopaulo.sp.leg.br\/escoladoparlamento\/cursos\/cursos-anteriores\/cursos-realizados-em-2020\/8o-curso-iniciacao-politica\/","title":{"rendered":"8\u00ba Curso Inicia\u00e7\u00e3o Pol\u00edtica"},"content":{"rendered":"<p><strong>Coordena\u00e7\u00e3o<\/strong>: Humberto Dantas (Konrad Adenauer Stiftung)<\/p>\n<p><strong>Objetivos:<\/strong>\u00a0Este curso \u00e9 fruto de uma experi\u00eancia realizada junto a jovens nas periferias de S\u00e3o Paulo desde 2009, em parceria com a Funda\u00e7\u00e3o Konrad Adenauer. Realizado a partir de 2017 tamb\u00e9m pela Escola do Parlamento na C\u00e2mara Municipal, o curso tem como objetivo discutir os conceitos de democracia, cidadania e a organiza\u00e7\u00e3o do Estado no Brasil com \u00eanfase em exemplos e discuss\u00f5es que sejam aplicados \u00e0 nossa realidade municipal.<\/p>\n<p><strong>P\u00fablico Alvo:<\/strong>\u00a0jovens estudantes do Ensino M\u00e9dio, universit\u00e1rios, cidad\u00e3os em geral, servidores p\u00fablicos, membros de conselhos de pol\u00edticas p\u00fablicas e da sociedade civil organizada.<\/p>\n<p><strong>Vagas:<\/strong> 120<\/p>\n<p><strong>Carga Hor\u00e1ria:<\/strong> 270 minutos ou 4,5 horas de atividades<\/p>\n<p><strong>DATAS:\u00a0<\/strong>26, 27 e 28 de outubro de 2020<\/p>\n<p><strong>HOR\u00c1RIO<\/strong>: das 10h \u00e0s 11h30<\/p>\n<h3><span style=\"color: #ff0000\">INSCRI\u00c7\u00d5ES: encerradas<\/span><\/h3>\n<p><strong>Programa\u00e7\u00e3o:<\/strong><\/p>\n<table>\n<tbody>\n<tr>\n<td><strong>Data\/Hora<\/strong><\/td>\n<td><strong>Palestrante<\/strong><\/td>\n<td><strong>Tema<\/strong><\/td>\n<\/tr>\n<tr>\n<td style=\"text-align: center\"><strong>26\/10<\/strong><\/p>\n<p>10-11h30<\/td>\n<td style=\"text-align: center\">Gilberto Pamplona (P\u00f3s-graduado em Educa\u00e7\u00e3o e \u00c9tica)<\/td>\n<td style=\"text-align: center\"><em>Democracia<\/em><\/td>\n<\/tr>\n<tr>\n<td style=\"text-align: center\"><strong>27\/10<\/strong><\/p>\n<p style=\"text-align: center\">10-11h30<\/p>\n<\/td>\n<td style=\"text-align: center\">Isabel Soares (Mestre em Direitos Humanos)<\/td>\n<td style=\"text-align: center\"><em>Cidadania<\/em><\/td>\n<\/tr>\n<tr>\n<td style=\"text-align: center\"><strong>28\/10<\/strong><\/p>\n<p>10- 11h30<\/td>\n<td style=\"text-align: center\">Leandro Torelli (Mestre em Hist\u00f3ria)<\/td>\n<td style=\"text-align: center\"><em>Organiza\u00e7\u00e3o do Estado<\/em><\/td>\n<\/tr>\n<\/tbody>\n<\/table>\n<p>&nbsp;<\/p>\n<p><strong>Bibliografia:<\/strong><\/p>\n<ul>\n<li>DANTAS, H. O jovem e a educa\u00e7\u00e3o pol\u00edtica \u2013 ampliando an\u00e1lises e a\u00e7\u00f5es. Rio de Janeiro: Funda\u00e7\u00e3o Konrad Adenauer, Brasil em Foco, janeiro de 2016a.<\/li>\n<li>DANTAS, H. O jovem e a educa\u00e7\u00e3o pol\u00edtica \u2013 aperfei\u00e7oando an\u00e1lises. Rio de Janeiro: Funda\u00e7\u00e3o Konrad Adenauer, Brasil em Foco, dezembro de 2016b.<\/li>\n<li>DANTAS, H. O jovem e a educa\u00e7\u00e3o pol\u00edtica \u2013 nova rodada de an\u00e1lises. Rio de Janeiro: Funda\u00e7\u00e3o Konrad Adenauer, Brasil em Foco, dezembro de 2014.<\/li>\n<li>DANTAS, H. O jovem e a educa\u00e7\u00e3o pol\u00edtica \u2013 percep\u00e7\u00f5es com base em experi\u00eancia. Rio de Janeiro: Funda\u00e7\u00e3o Konrad Adenauer, Brasil em Foco, dezembro de 2013.<\/li>\n<li>DANTAS, H. SCHIAVI, I. \u201cILP e a educa\u00e7\u00e3o pol\u00edtica \u2013 percep\u00e7\u00f5es com base em atividades de forma\u00e7\u00e3o\u201d. S\u00e3o Paulo: Assembleia Legislativa do Estadod e S\u00e3o Paulo. Revista do ILP, a. I, v. 1, 2015.<\/li>\n<li>DANTAS, H.; CARUSO, V. \u201cPolitiza\u00e7\u00e3o nas escolas: o quanto os jovens compreendem essa demanda\u201d. Bras\u00edlia: E-legis, n. 7, p. 22-33, 2011.<\/li>\n<li>DANTAS, H.; ESTRAMANHO, R. \u201cEducaci\u00f3n pol\u00edtica como pilar de La democracia y La realidad brasile\u00f1a\u201d. In 7\u00ba Congresso Latinoamericano de Ciencia Pol\u00edtica. Bogot\u00e1, Col\u00f4mbia, 2013.<\/li>\n<li>DANTAS, H.; ESTRAMANHO, R. Como a juventude se relaciona com a democracia: compreens\u00f5es com base em pesquisas. Rio de Janeiro: Funda\u00e7\u00e3o Konrad Adenauer. Cadernos Adenauer, a. XVI, v. 1, 2015.<\/li>\n<li>DANTAS, H.; NASCIMENTO, A.; SILVA, B. Mapeando o que os jovens pensam sobre a pol\u00edtica: as experi\u00eancias formativas de Araraquara-SP e Suzano-SP. Belo Horizonte: Assembleia Legislativa do Estado de Minas Gerais, Cadernos Legislativos, n. 29, 2016.<\/li>\n<li>DANTAS, H.; SOARES, A.; SOARES, M. I. L. C.; LAMARI, R E.. \u201cEduca\u00e7\u00e3o pol\u00edtica em parceria: quando princ\u00edpios se tornam a\u00e7\u00f5es\u201d. Rio de Janeiro: Funda\u00e7\u00e3o Konrad Adenauer. Cadernos Adenauer, a. XI, v. 3, 2010.<\/li>\n<li>DANTAS, Humberto. Educa\u00e7\u00e3o pol\u00edtica nas periferias da Grande S\u00e3o Paulo: percep\u00e7\u00f5es com base na posi\u00e7\u00e3o de jovens de 15 a 18 anos em 2015 em a\u00e7\u00f5es da Funda\u00e7\u00e3o Konrad Adenauer. Cadernos Adenauer, Rio de Janeiro, ano XVII, n.1, mar\u00e7o de 2016.<\/li>\n<\/ul>\n","protected":false},"excerpt":{"rendered":"<p>Coordena\u00e7\u00e3o: Humberto Dantas (Konrad Adenauer Stiftung) Objetivos:\u00a0Este curso \u00e9 fruto de uma experi\u00eancia realizada junto a jovens nas periferias de S\u00e3o Paulo desde 2009, em parceria com a Funda\u00e7\u00e3o Konrad Adenauer. Realizado a partir de 2017 tamb\u00e9m pela Escola do Parlamento na C\u00e2mara Municipal, o curso tem como objetivo discutir os conceitos de democracia, cidadania [&hellip;]<\/p>\n","protected":false},"author":297,"featured_media":0,"parent":17641,"menu_order":202,"comment_status":"closed","ping_status":"closed","template":"","meta":{"_acf_changed":false,"footnotes":""},"class_list":["post-24483","page","type-page","status-publish","hentry"],"acf":[],"_links":{"self":[{"href":"https:\/\/www.saopaulo.sp.leg.br\/escoladoparlamento\/wp-json\/wp\/v2\/pages\/24483","targetHints":{"allow":["GET"]}}],"collection":[{"href":"https:\/\/www.saopaulo.sp.leg.br\/escoladoparlamento\/wp-json\/wp\/v2\/pages"}],"about":[{"href":"https:\/\/www.saopaulo.sp.leg.br\/escoladoparlamento\/wp-json\/wp\/v2\/types\/page"}],"author":[{"embeddable":true,"href":"https:\/\/www.saopaulo.sp.leg.br\/escoladoparlamento\/wp-json\/wp\/v2\/users\/297"}],"replies":[{"embeddable":true,"href":"https:\/\/www.saopaulo.sp.leg.br\/escoladoparlamento\/wp-json\/wp\/v2\/comments?post=24483"}],"version-history":[{"count":0,"href":"https:\/\/www.saopaulo.sp.leg.br\/escoladoparlamento\/wp-json\/wp\/v2\/pages\/24483\/revisions"}],"up":[{"embeddable":true,"href":"https:\/\/www.saopaulo.sp.leg.br\/escoladoparlamento\/wp-json\/wp\/v2\/pages\/17641"}],"wp:attachment":[{"href":"https:\/\/www.saopaulo.sp.leg.br\/escoladoparlamento\/wp-json\/wp\/v2\/media?parent=24483"}],"curies":[{"name":"wp","href":"https:\/\/api.w.org\/{rel}","templated":true}]}}