{"id":24423,"date":"2020-10-13T19:22:51","date_gmt":"2020-10-13T22:22:51","guid":{"rendered":"http:\/\/www.saopaulo.sp.leg.br\/escoladoparlamento\/?page_id=24423"},"modified":"2025-06-02T16:32:22","modified_gmt":"2025-06-02T19:32:22","slug":"educacao-politica-juventudes-e-democracia","status":"publish","type":"page","link":"https:\/\/www.saopaulo.sp.leg.br\/escoladoparlamento\/cursos\/cursos-anteriores\/cursos-realizados-em-2020\/educacao-politica-juventudes-e-democracia\/","title":{"rendered":"Educa\u00e7\u00e3o Pol\u00edtica, Juventudes e Democracia"},"content":{"rendered":"<h3>Semin\u00e1rio de Lan\u00e7amento da 11\u00aa edi\u00e7\u00e3o da revista Parlamento e Sociedade<a href=\"https:\/\/www.saopaulo.sp.leg.br\/escoladoparlamento\/wp-content\/uploads\/sites\/5\/2020\/10\/APELILP-1-e1602627614396.png\"><img loading=\"lazy\" decoding=\"async\" class=\"alignright wp-image-24451 size-medium\" src=\"https:\/\/www.saopaulo.sp.leg.br\/escoladoparlamento\/wp-content\/uploads\/sites\/5\/2020\/10\/APELILP-1-233x300.png\" alt=\"\" width=\"233\" height=\"300\" \/><\/a><\/h3>\n<p>Diferentes estudos realizados nos \u00faltimos anos sinalizam que a democracia liberal, em seu formato mais frequente nas sociedades contempor\u00e2neas, est\u00e1 tensionada por desafios bastante densos. Um dos principais elementos explicativos desta crise est\u00e1 relacionado ao n\u00edvel de ades\u00e3o dos cidad\u00e3os aos valores democr\u00e1ticos e ao n\u00edvel de compreens\u00e3o das pessoas sobre as regras institucionais e os procedimentos de materializa\u00e7\u00e3o da democracia. Em outras palavras, podemos dizer que a crise da democracia tem como vari\u00e1vel importante a dificuldade de ampliar e aprofundar o grau de letramento pol\u00edtico dos indiv\u00edduos que comp\u00f5em o tecido social.<\/p>\n<p>Partindo dessa perspectiva, em 2018, a Escola do Parlamento mobilizou uma pesquisa com jovens estudantes da rede municipal de S\u00e3o Paulo, matriculados no ensino m\u00e9dio, com vistas a compreender seu grau de ades\u00e3o a princ\u00edpios e valores democr\u00e1ticos e seu conhecimento sobre a democracia, suas institui\u00e7\u00f5es e seus regimes de constru\u00e7\u00e3o dos destinos sociais. Com os resultados dessa pesquisa, convidamos estudiosos e ativistas que trabalham no campo da educa\u00e7\u00e3o pol\u00edtica para analisar e problematizar os achados da investiga\u00e7\u00e3o, comparar e cotejar com outros investimentos de pesquisa semelhantes e propor reflex\u00f5es em torno da rela\u00e7\u00e3o entre juventudes, democracia e educa\u00e7\u00e3o pol\u00edtica.<\/p>\n<p>A Edi\u00e7\u00e3o n\u00b0 11 da <em>Revista Parlamento e Sociedade<\/em> traz os frutos desse processo de reflex\u00e3o. Num momento t\u00e3o importante, em que nos aproximamos das elei\u00e7\u00f5es municipais, a <strong>Escola do Parlamento da C\u00e2mara Municipal de S\u00e3o Paulo<\/strong>, em parceria com a <strong>APEL<\/strong> e com o <strong>Instituto Legislativo Paulista<\/strong> prop\u00f5em a realiza\u00e7\u00e3o deste semin\u00e1rio.<\/p>\n<p><strong>Coordenadores:<\/strong> Alexsandro Santos (Escola do Parlamento); Humberto Dantas (CLP); Roberto Lamari (APEL \/ Escola do Parlamento de Itapevi); Vinicius Schurgelies (Instituto Legislativo Paulista &#8211; ILP)<\/p>\n<p><strong>Objetivos:<\/strong><\/p>\n<ul>\n<li>Apresentar e discutir os resultados da pesquisa sobre ades\u00e3o dos jovens aos valores democr\u00e1ticos e sobre a compreens\u00e3o dos jovens a respeito das institui\u00e7\u00f5es e procedimentos pr\u00f3prios da democracia brasileira.<\/li>\n<li>Dialogar sobre o conceito de educa\u00e7\u00e3o pol\u00edtica para a cidadania como categoria explicativa e como proposta para o aprimoramento da qualidade da democracia e de sua responsividade.<\/li>\n<li>Incentivar a cria\u00e7\u00e3o e amplia\u00e7\u00e3o de iniciativas de Educa\u00e7\u00e3o Pol\u00edtica no poder legislativo e tamb\u00e9m nas escolas de educa\u00e7\u00e3o b\u00e1sica.<\/li>\n<\/ul>\n<p><strong>P\u00fablico alvo:<\/strong><br \/>\nEstudantes, professores e outros profissionais da educa\u00e7\u00e3o b\u00e1sica e superior, ativistas e militantes do campo da educa\u00e7\u00e3o pol\u00edtica para a democracia, pesquisadores do campo da educa\u00e7\u00e3o, da ci\u00eancia pol\u00edtica e de \u00e1reas correlatas, p\u00fablico em geral.<\/p>\n<p><strong>Vagas:<\/strong> 300<\/p>\n<p><strong>Carga Hor\u00e1ria:<\/strong> 1h30<\/p>\n<h3><a href=\"https:\/\/www.saopaulo.sp.leg.br\/escoladoparlamento\/wp-content\/uploads\/sites\/5\/2020\/09\/revista_parlamento_e_sociedade_v6_n11.pdf\">Baixe AQUI o seu exemplar<\/a><\/h3>\n<h3>Inscri\u00e7\u00f5es: <a href=\"https:\/\/www.al.sp.gov.br\/ilp\/cursos-eventos\/detalheAtividade.jsp?id=6325\"><span style=\"color: #ff0000\">CLIQUE AQUI<\/span><\/a><\/h3>\n<h2><span style=\"color: #0000ff\"><strong>19 de outubro, segunda-feira \u00e0s 17h<br \/>\n<\/strong><\/span><\/h2>\n<p><a href=\"https:\/\/youtu.be\/TCOkjklEqZ8\"><strong>Clique AQUI para rever o semin\u00e1rio<\/strong><\/a><\/p>\n<table>\n<tbody>\n<tr>\n<td colspan=\"2\" width=\"576\">\n<p style=\"text-align: center\"><strong>PROGRAMA\u00c7\u00c3O<\/strong><\/p>\n<\/td>\n<\/tr>\n<tr>\n<td width=\"288\"><strong>17h &#8211; Abertura<\/strong><\/td>\n<td width=\"288\"><em>Vinicius Schurgelies<\/em><\/td>\n<\/tr>\n<tr>\n<td width=\"288\"><strong>17h10 &#8211; Painel com autores<\/strong><\/p>\n<p>O Campo da Educa\u00e7\u00e3o Pol\u00edtica: Defini\u00e7\u00f5es e Pr\u00e1ticas<\/td>\n<td width=\"288\"><em>Alexsandro Santos<\/em><\/p>\n<p><em>Luiza Jardim<\/em><\/p>\n<p><em>Myla Freire<\/em><\/td>\n<\/tr>\n<tr>\n<td width=\"288\"><strong>17h40 &#8211; Painel com autores<\/strong><\/p>\n<p>Juventudes, Educa\u00e7\u00e3o Pol\u00edtica e Democracia: Achados de Pesquisas<\/td>\n<td width=\"288\"><em>Camila Alencar e Rafael P<\/em><em style=\"font-family: inherit;font-size: inherit\">araiso<\/em><\/p>\n<p><em>F\u00e1tima Timotheo e Roberto Lamari<\/em><\/p>\n<p><em>Humberto Dantas<\/em><\/td>\n<\/tr>\n<tr>\n<td width=\"288\"><strong>18h10 &#8211; Interven\u00e7\u00e3o anal\u00edtica<\/strong><\/td>\n<td width=\"288\"><em>Diego Calegari <\/em>(Politize!)<\/td>\n<\/tr>\n<tr>\n<td width=\"288\"><strong>18h30 &#8211; Coment\u00e1rios e articula\u00e7\u00f5es<\/strong><\/td>\n<td width=\"288\"><em>Vinicius Schurgelies<\/em><\/td>\n<\/tr>\n<tr>\n<td colspan=\"2\" width=\"576\"><strong>18h40 &#8211; Sauda\u00e7\u00e3o final dos participantes<\/strong><\/td>\n<\/tr>\n<\/tbody>\n<\/table>\n<p>&nbsp;<\/p>\n","protected":false},"excerpt":{"rendered":"<p>Semin\u00e1rio de Lan\u00e7amento da 11\u00aa edi\u00e7\u00e3o da revista Parlamento e Sociedade Diferentes estudos realizados nos \u00faltimos anos sinalizam que a democracia liberal, em seu formato mais frequente nas sociedades contempor\u00e2neas, est\u00e1 tensionada por desafios bastante densos. Um dos principais elementos explicativos desta crise est\u00e1 relacionado ao n\u00edvel de ades\u00e3o dos cidad\u00e3os aos valores democr\u00e1ticos e [&hellip;]<\/p>\n","protected":false},"author":522,"featured_media":0,"parent":17641,"menu_order":203,"comment_status":"closed","ping_status":"closed","template":"","meta":{"_acf_changed":false,"footnotes":""},"class_list":["post-24423","page","type-page","status-publish","hentry"],"acf":[],"_links":{"self":[{"href":"https:\/\/www.saopaulo.sp.leg.br\/escoladoparlamento\/wp-json\/wp\/v2\/pages\/24423","targetHints":{"allow":["GET"]}}],"collection":[{"href":"https:\/\/www.saopaulo.sp.leg.br\/escoladoparlamento\/wp-json\/wp\/v2\/pages"}],"about":[{"href":"https:\/\/www.saopaulo.sp.leg.br\/escoladoparlamento\/wp-json\/wp\/v2\/types\/page"}],"author":[{"embeddable":true,"href":"https:\/\/www.saopaulo.sp.leg.br\/escoladoparlamento\/wp-json\/wp\/v2\/users\/522"}],"replies":[{"embeddable":true,"href":"https:\/\/www.saopaulo.sp.leg.br\/escoladoparlamento\/wp-json\/wp\/v2\/comments?post=24423"}],"version-history":[{"count":2,"href":"https:\/\/www.saopaulo.sp.leg.br\/escoladoparlamento\/wp-json\/wp\/v2\/pages\/24423\/revisions"}],"predecessor-version":[{"id":29516,"href":"https:\/\/www.saopaulo.sp.leg.br\/escoladoparlamento\/wp-json\/wp\/v2\/pages\/24423\/revisions\/29516"}],"up":[{"embeddable":true,"href":"https:\/\/www.saopaulo.sp.leg.br\/escoladoparlamento\/wp-json\/wp\/v2\/pages\/17641"}],"wp:attachment":[{"href":"https:\/\/www.saopaulo.sp.leg.br\/escoladoparlamento\/wp-json\/wp\/v2\/media?parent=24423"}],"curies":[{"name":"wp","href":"https:\/\/api.w.org\/{rel}","templated":true}]}}