{"id":24342,"date":"2020-10-08T13:30:09","date_gmt":"2020-10-08T16:30:09","guid":{"rendered":"http:\/\/www.saopaulo.sp.leg.br\/escoladoparlamento\/?page_id=24342"},"modified":"2025-06-02T16:30:39","modified_gmt":"2025-06-02T19:30:39","slug":"ciclo-de-debates-contribuicoes-da-advocacia-na-consolidacao-do-estado-democratico-de-direito","status":"publish","type":"page","link":"https:\/\/www.saopaulo.sp.leg.br\/escoladoparlamento\/cursos\/cursos-anteriores\/cursos-realizados-em-2020\/ciclo-de-debates-contribuicoes-da-advocacia-na-consolidacao-do-estado-democratico-de-direito\/","title":{"rendered":"Ciclo de Debates: Contribui\u00e7\u00f5es da advocacia na consolida\u00e7\u00e3o do Estado Democr\u00e1tico de Direito"},"content":{"rendered":"<p>&nbsp;<\/p>\n<h3><strong>Ciclo de Debates (10h) realizado em parceria com a OAB &#8211; S\u00e3o Paulo<a href=\"https:\/\/www.saopaulo.sp.leg.br\/escoladoparlamento\/wp-content\/uploads\/sites\/5\/2020\/09\/Captura-de-Tela-2020-09-04-a\u0300s-18.18.58.png\"><img loading=\"lazy\" decoding=\"async\" class=\"alignnone size-medium wp-image-23966 alignright\" src=\"https:\/\/www.saopaulo.sp.leg.br\/escoladoparlamento\/wp-content\/uploads\/sites\/5\/2020\/09\/Captura-de-Tela-2020-09-04-a\u0300s-18.18.58-300x168.png\" alt=\"\" width=\"300\" height=\"168\" srcset=\"https:\/\/www.saopaulo.sp.leg.br\/escoladoparlamento\/wp-content\/uploads\/sites\/5\/2020\/09\/Captura-de-Tela-2020-09-04-a\u0300s-18.18.58-300x168.png 300w, https:\/\/www.saopaulo.sp.leg.br\/escoladoparlamento\/wp-content\/uploads\/sites\/5\/2020\/09\/Captura-de-Tela-2020-09-04-a\u0300s-18.18.58.png 614w\" sizes=\"auto, (max-width: 300px) 100vw, 300px\" \/><\/a><a href=\"https:\/\/www.saopaulo.sp.leg.br\/escoladoparlamento\/wp-content\/uploads\/sites\/5\/2020\/10\/OAB-logo-2.jpg\"><img loading=\"lazy\" decoding=\"async\" class=\"size-medium wp-image-24348 alignright\" src=\"https:\/\/www.saopaulo.sp.leg.br\/escoladoparlamento\/wp-content\/uploads\/sites\/5\/2020\/10\/OAB-logo-2-300x175.jpg\" alt=\"\" width=\"300\" height=\"175\" srcset=\"https:\/\/www.saopaulo.sp.leg.br\/escoladoparlamento\/wp-content\/uploads\/sites\/5\/2020\/10\/OAB-logo-2-300x175.jpg 300w, https:\/\/www.saopaulo.sp.leg.br\/escoladoparlamento\/wp-content\/uploads\/sites\/5\/2020\/10\/OAB-logo-2-1024x597.jpg 1024w, https:\/\/www.saopaulo.sp.leg.br\/escoladoparlamento\/wp-content\/uploads\/sites\/5\/2020\/10\/OAB-logo-2-768x447.jpg 768w, https:\/\/www.saopaulo.sp.leg.br\/escoladoparlamento\/wp-content\/uploads\/sites\/5\/2020\/10\/OAB-logo-2.jpg 1411w\" sizes=\"auto, (max-width: 300px) 100vw, 300px\" \/><\/a><\/strong><\/h3>\n<p>&nbsp;<\/p>\n<p>&nbsp;<\/p>\n<p>A qualidade da democracia est\u00e1 intimamente relacionada com a prote\u00e7\u00e3o e consolida\u00e7\u00e3o das institui\u00e7\u00f5es que organizam e fazem funcionar o Estado Democr\u00e1tico de Direito. A constru\u00e7\u00e3o e modelagem dos mecanismos estruturantes da justi\u00e7a de modo que respondam \u00e0s necessidades individuais e coletivas dos cidad\u00e3os \u00e9 um elemento chave nessa arquitetura.<\/p>\n<p>A consist\u00eancia na administra\u00e7\u00e3o da justi\u00e7a permite que os regimes democr\u00e1ticos aumentem sua responsividade e sua capacidade de mediar e consensuar objetivos comuns das sociedades e de proteger e assegurar o bem estar dos indiv\u00edduos. Para que isso aconte\u00e7a, a advocacia \u00e9 essencial, como ali\u00e1s prev\u00ea o artigo 133 da Constitui\u00e7\u00e3o Federal.<\/p>\n<p>O eixo estruturante deste Ciclo de Debates \u00e9 o di\u00e1logo a respeito dos diferentes campos do exerc\u00edcio do of\u00edcio de advogada\/o e os horizontes de sua contribui\u00e7\u00e3o para a sociedade contempor\u00e2nea.<\/p>\n<p>&nbsp;<\/p>\n<p><strong>OBJETIVOS:<\/strong><\/p>\n<p>&#8211; Apresentar e discutir a diversidade e a multiplicidade das contribui\u00e7\u00f5es da advocacia para a administra\u00e7\u00e3o da justi\u00e7a e para a consolida\u00e7\u00e3o do Estado Democr\u00e1tico de Direito no Brasil.<\/p>\n<p>&#8211; Dialogar sobre os desafios e perspectivas da atua\u00e7\u00e3o dos advogados e advogadas nos m\u00faltiplos campos da vida social.<\/p>\n<p>&#8211; Explicitar o trabalho da Ordem dos Advogados do Brasil &#8211; Se\u00e7\u00e3o S\u00e3o Paulo no fortalecimento da pr\u00e1tica da advocacia e na defesa da relev\u00e2ncia desse of\u00edcio para a sociedade brasileira.<\/p>\n<p><strong>P\u00daBLICO ALVO:\u00a0<\/strong><\/p>\n<p>Cidad\u00e3os(\u00e3s) e Servidores(as) P\u00fablicos(as) com interesse no tema, estudiosos(as) e especialistas no tema.<\/p>\n<p>&nbsp;<\/p>\n<p><span style=\"color: #ff0000\"><strong>DATAS: <\/strong>\u00e0s quintas-feiras, de 15\/10 \u00e0 12\/11<\/span><\/p>\n<p>Hor\u00e1rio: das 14h \u00e0s 16h<\/p>\n<p>&nbsp;<\/p>\n<p><strong>PROGRAMA\u00c7\u00c3O:<\/strong><\/p>\n<p>&nbsp;<\/p>\n<table style=\"height: 1914px\" width=\"915\">\n<tbody>\n<tr>\n<td width=\"50\"><strong>Data<\/strong><\/td>\n<td width=\"109\"><strong>Hora<\/strong><\/td>\n<td width=\"512\"><strong>Palestrante(s)<\/strong><\/td>\n<td width=\"246\"><strong>Tema<\/strong><\/td>\n<\/tr>\n<tr>\n<td width=\"50\">15\/10<\/td>\n<td width=\"109\">14 \u00e0s 16<\/td>\n<td width=\"512\"><strong>Dr. Amilton Augusto\u00a0<\/strong><\/p>\n<p>Professor e Vice Presidente da Comiss\u00e3o OAB\/SP e Assembl\u00e9ia Legislativa de S\u00e3o Paulo<\/p>\n<p><strong>Dr. Alexandre Volpiani Carnel\u00f3s,<\/strong><\/p>\n<p>Vice-Presidente da OAB Osasco\/SP<\/p>\n<p><strong>Dr. Eduardo Ferrari Geraldes<\/strong><\/p>\n<p>Presidente da 57\u00aa Subse\u00e7\u00e3o do Conselho Seccional da OAB Guarulhos<\/p>\n<p><strong>Dr. Danilo Atalla<\/strong><\/p>\n<p>Procurador do Munic\u00edpio de Embu Gua\u00e7u<\/p>\n<p><strong>Dr. Orlando Correa da Paix\u00e3o (MEDIADOR)<\/strong><\/p>\n<p>Presidente da Comiss\u00e3o de Rela\u00e7\u00f5es com o Poder Legislativo do Estado Do S\u00e3o Paulo<\/p>\n<p><a href=\"https:\/\/youtu.be\/PNZdOu-nXCc\"><strong>REVEJA O DEBATE<\/strong><\/a><\/td>\n<td width=\"246\"><strong>Os 32 anos da Promulga\u00e7\u00e3o da Constitui\u00e7\u00e3o Federal do Brasil, o Processo Eleitoral e os reflexos penais.<\/strong><\/td>\n<\/tr>\n<tr>\n<td width=\"50\">22\/10<\/td>\n<td width=\"109\">14 \u00e0s 16<\/td>\n<td width=\"512\"><strong>Vereador Eduardo Tuma<\/strong><\/p>\n<p>Professor universit\u00e1rio e Presidente da C\u00e2mara Municipal de S\u00e3o Paulo<\/p>\n<p><strong>Dr. Fernando Fabiani Capano <\/strong><\/p>\n<p>Conselheiro seccional da OAB\/SP, Professor universit\u00e1rio e Presidente\u00a0da Comiss\u00e3o de Direito Militar<\/p>\n<p><strong>Cel PM Alexandre Cesar Prates<\/strong><\/p>\n<p>Comandante do Policiamento de \u00c1rea Um da Pol\u00edcia Militar, respons\u00e1vel pela Seguran\u00e7a e Ordem P\u00fablica na regi\u00e3o Central da Cidade de S\u00e3o Paulo<\/p>\n<p><strong>Dra. Larissa Torquetto Teixeira<\/strong><\/p>\n<p>Presidente da Comiss\u00e3o de Seguran\u00e7a P\u00fablica e Dir. Penal Militar da OAB\/SCS, Secret\u00e1ria Geral da Comiss\u00e3o de Dir. Militar OAB\/SP e\u00a0 Conselheira de Seguran\u00e7a de SCS<\/p>\n<p><strong>Dr. Orlando Correa da Paix\u00e3o (MEDIADOR)<\/strong><\/p>\n<p>Presidente da Comiss\u00e3o de Rela\u00e7\u00f5es com o Poder Legislativo do Estado Do S\u00e3o Paulo<\/p>\n<p><a href=\"https:\/\/youtu.be\/XGWCmendeD0\"><strong>REVEJA O DEBATE<\/strong><\/a><\/td>\n<td width=\"246\"><strong>A pol\u00edtica de seguran\u00e7a urbana em SP: a atividade delegada e a Pol\u00edcia Militar<\/strong><\/td>\n<\/tr>\n<tr>\n<td width=\"50\">29\/10<\/td>\n<td width=\"109\">14 \u00e0s 16<\/td>\n<td width=\"512\"><strong>Dra. Fabiana Junqueira Quezada<\/strong><\/p>\n<p>Professora universit\u00e1ria<\/p>\n<p><strong>Dr. Leonardo Romero<\/strong><\/p>\n<p>Vice Presidente da Comiss\u00e3o de Direito Sist\u00eamico<\/p>\n<p><strong>Dra. Claudia Luna<\/strong><\/p>\n<p>Presidente da Comiss\u00e3o da Mulher Advogada<\/p>\n<p><strong>Dr. Orlando Correa da Paix\u00e3o (MEDIADOR)<\/strong><\/p>\n<p>Presidente da Comiss\u00e3o de Rela\u00e7\u00f5es com o Poder Legislativo do Estado Do S\u00e3o Paulo<\/p>\n<p><a href=\"https:\/\/youtu.be\/weihp4jBlqg\"><strong>REVEJA O DEBATE<\/strong><\/a><\/td>\n<td width=\"246\"><strong>\u00a0<\/strong><\/p>\n<p><strong>\u00a0E<\/strong><strong>duca\u00e7\u00e3o, Direito e Sa\u00fade da Mulher e fam\u00edlia.<\/strong><\/td>\n<\/tr>\n<tr>\n<td width=\"50\">12\/11<\/td>\n<td width=\"109\">14 \u00e0s 16<\/td>\n<td width=\"512\"><strong>Dr. Ac\u00e1cio Miranda da Silva Filho<\/strong><\/p>\n<p>Professor universit\u00e1rio e Mestre em Direito Penal<\/p>\n<p><strong>Dra. Danyelle Galv\u00e3o\u00a0<\/strong><\/p>\n<p>Doutora em Processo Penal pela USP, Conselheira Seccional da OAB-SP<\/p>\n<p><strong>Dr. H\u00e9lio Narvaez<\/strong><\/p>\n<p>Professor universit\u00e1rio e Ju\u00edz de Direito da 8\u00aa Vara Criminal de SP<\/p>\n<p><strong>Dr. Rog\u00e9rio Cury<\/strong><\/p>\n<p>Professor universit\u00e1rio e Vice Presidente da\u00a0 Comiss\u00e3o de Processo Penal<\/p>\n<p><strong>Dr. Orlando Correa da Paix\u00e3o (MEDIADOR)<\/strong><\/p>\n<p>Presidente da Comiss\u00e3o de Rela\u00e7\u00f5es com o Poder Legislativo do Estado Do S\u00e3o Paulo<\/p>\n<p><a href=\"https:\/\/youtu.be\/QHQy0vboWkA\"><strong>REVEJA O DEBATE<\/strong><\/a><\/td>\n<td width=\"246\"><strong>Lavagem de Dinheiro\/Crimes de Responsabilidade\/Crimes Eleitorais<\/strong><\/td>\n<\/tr>\n<\/tbody>\n<\/table>\n<p>&nbsp;<\/p>\n<p>&nbsp;<\/p>\n<h3><\/h3>\n<h3 style=\"text-align: center\"><span style=\"color: #ff0000\"><strong>ATEN\u00c7\u00c3O &#8211; CERTIFICA\u00c7\u00c3O<\/strong><\/span><\/h3>\n<p>A gera\u00e7\u00e3o do certificado de participa\u00e7\u00e3o ser\u00e1 feita\u00a0<b>ap\u00f3s resposta de question\u00e1rio online de rea\u00e7\u00e3o<\/b>\u00a0que ser\u00e1 disponibilizado ap\u00f3s a \u00faltima aula\u00a0<span style=\"color: #ff0000\"><strong>SOMENTE \u00c0QUELES QUE FIZERAM A INSCRI\u00c7\u00c3O VIA PLATAFORMA SYMPLA,<\/strong> <span style=\"color: #000000\">e que dever\u00e1 ser respondido no <strong>prazo de 72h<\/strong>, sem possibilidade de prorroga\u00e7\u00e3o de prazo.<\/span><\/span><\/p>\n<p>&nbsp;<\/p>\n","protected":false},"excerpt":{"rendered":"<p>&nbsp; Ciclo de Debates (10h) realizado em parceria com a OAB &#8211; S\u00e3o Paulo &nbsp; &nbsp; A qualidade da democracia est\u00e1 intimamente relacionada com a prote\u00e7\u00e3o e consolida\u00e7\u00e3o das institui\u00e7\u00f5es que organizam e fazem funcionar o Estado Democr\u00e1tico de Direito. A constru\u00e7\u00e3o e modelagem dos mecanismos estruturantes da justi\u00e7a de modo que respondam \u00e0s necessidades [&hellip;]<\/p>\n","protected":false},"author":731,"featured_media":0,"parent":17641,"menu_order":205,"comment_status":"closed","ping_status":"closed","template":"","meta":{"_acf_changed":false,"footnotes":""},"class_list":["post-24342","page","type-page","status-publish","hentry"],"acf":[],"_links":{"self":[{"href":"https:\/\/www.saopaulo.sp.leg.br\/escoladoparlamento\/wp-json\/wp\/v2\/pages\/24342","targetHints":{"allow":["GET"]}}],"collection":[{"href":"https:\/\/www.saopaulo.sp.leg.br\/escoladoparlamento\/wp-json\/wp\/v2\/pages"}],"about":[{"href":"https:\/\/www.saopaulo.sp.leg.br\/escoladoparlamento\/wp-json\/wp\/v2\/types\/page"}],"author":[{"embeddable":true,"href":"https:\/\/www.saopaulo.sp.leg.br\/escoladoparlamento\/wp-json\/wp\/v2\/users\/731"}],"replies":[{"embeddable":true,"href":"https:\/\/www.saopaulo.sp.leg.br\/escoladoparlamento\/wp-json\/wp\/v2\/comments?post=24342"}],"version-history":[{"count":2,"href":"https:\/\/www.saopaulo.sp.leg.br\/escoladoparlamento\/wp-json\/wp\/v2\/pages\/24342\/revisions"}],"predecessor-version":[{"id":29513,"href":"https:\/\/www.saopaulo.sp.leg.br\/escoladoparlamento\/wp-json\/wp\/v2\/pages\/24342\/revisions\/29513"}],"up":[{"embeddable":true,"href":"https:\/\/www.saopaulo.sp.leg.br\/escoladoparlamento\/wp-json\/wp\/v2\/pages\/17641"}],"wp:attachment":[{"href":"https:\/\/www.saopaulo.sp.leg.br\/escoladoparlamento\/wp-json\/wp\/v2\/media?parent=24342"}],"curies":[{"name":"wp","href":"https:\/\/api.w.org\/{rel}","templated":true}]}}