{"id":24108,"date":"2020-09-18T17:22:27","date_gmt":"2020-09-18T20:22:27","guid":{"rendered":"http:\/\/www.saopaulo.sp.leg.br\/escoladoparlamento\/?page_id=24108"},"modified":"2025-06-03T16:19:17","modified_gmt":"2025-06-03T19:19:17","slug":"desafios-do-desenvolvimento-brasileiro-pos-covid19","status":"publish","type":"page","link":"https:\/\/www.saopaulo.sp.leg.br\/escoladoparlamento\/cursos\/cursos-anteriores\/cursos-realizados-em-2020\/desafios-do-desenvolvimento-brasileiro-pos-covid19\/","title":{"rendered":"Desafios do desenvolvimento brasileiro p\u00f3s-COVID19"},"content":{"rendered":"<h2>Curso de Extens\u00e3o Universit\u00e1ria (40h) em parceria com o NEEDDS (N\u00facleo de Estudos Estrat\u00e9gicos em Democracia, Desenvolvimento e Sustentabilidade)<a href=\"https:\/\/www.saopaulo.sp.leg.br\/escoladoparlamento\/wp-content\/uploads\/sites\/5\/2020\/09\/NEEDDS.jpg\"><img loading=\"lazy\" decoding=\"async\" class=\"size-full wp-image-24109 alignright\" src=\"https:\/\/www.saopaulo.sp.leg.br\/escoladoparlamento\/wp-content\/uploads\/sites\/5\/2020\/09\/NEEDDS.jpg\" alt=\"\" width=\"202\" height=\"250\" \/><\/a><\/h2>\n<h3>Coordena\u00e7\u00e3o<\/h3>\n<p>Profa. Dra. Fernanda Graziella Cardoso (NEEDDS &#8211; UFABC)<br \/>\nProf. Dr. Gabriel Almeida Antunes Rossini (NEEDDS &#8211; UFABC)<br \/>\nProfa. Dra. Tatiana Berringer (NEEDDS &#8211; UFABC)<br \/>\nProf. Dr. Alexsandro Santos (Escola do Parlamento)<\/p>\n<p>O contexto de r\u00e1pidas transforma\u00e7\u00f5es tecnol\u00f3gicas, socioecon\u00f4micas e ambientais que temos enfrentado no s\u00e9culo XXI imp\u00f5e um conjunto importante de desafios ao desenvolvimento. Isso \u00e9 especialmente marcante ao contexto de pa\u00edses em desenvolvimento, como \u00e9 o caso do Brasil. A esse conjunto de desafios estruturais, vem a se somar o advento da COVID19, crise de propor\u00e7\u00f5es mundiais, impondo um conjunto de problemas particulares alguns dos principais desafios: a garantia da sustentabilidade ambiental, a defesa da institucionalidade democr\u00e1tica e o combate a crescentes desigualdades.<\/p>\n<h3>Objetivos<\/h3>\n<ol>\n<li>Apresentar as principais quest\u00f5es associadas aos desafios do desenvolvimento;<\/li>\n<li>Identificar, em cada um destes temas e suas escalas, experi\u00eancias representativas de enfrentamento ou equacionameto destas quest\u00f5es propostas pela literatura e pela realidade emp\u00edrica;<\/li>\n<li>Contribuir com o desenvolvimento de uma vis\u00e3o cr\u00edtico-humanista da realidade.<\/li>\n<\/ol>\n<h2><span style=\"color: #ff0000\"><strong>Inscri\u00e7\u00f5es: encerradas<\/strong><\/span><\/h2>\n<h3><span style=\"color: #0000ff\">\u00e0s quintas-feiras, das 19h \u00e0s 21h, de 24\/09 a 10\/12<\/span><\/h3>\n<h3><strong>Programa\u00e7\u00e3o (sujeita a altera\u00e7\u00f5es)<\/strong><\/h3>\n<p><strong>24\/09 &#8211; O que \u00e9 desenvolvimento? Desafios para o Brasil<\/strong><br \/>\nProfa. Dra. Fernanda Cardoso (UFABC)<br \/>\nMedia\u00e7\u00e3o: Profa. Dra. Patr\u00edcia Cunha (UFABC)<br \/>\n<span style=\"color: #3366ff\"><a style=\"color: #3366ff\" href=\"https:\/\/youtu.be\/dpLMeYUm-Sc\"><strong>Clique aqui para assistir<\/strong><\/a><\/span><\/p>\n<p><strong>01\/10 &#8211; A burguesia brasileira e o desenvolvimento<\/strong><br \/>\nProfa.\u00a0Dra. Tatiana Berringer (UFABC)<br \/>\nMedia\u00e7\u00e3o: Dra. Fernanda Cardoso (UFABC)<br \/>\n<a href=\"https:\/\/youtu.be\/WZaG3l9VOMQ\"><span style=\"color: #3366ff\"><strong>C<\/strong><strong>lique aqui para assistir<\/strong><\/span><\/a><\/p>\n<p><strong>08\/10 &#8211; As transforma\u00e7\u00f5es na pol\u00edtica internacional e o Brasil<\/strong><br \/>\nProf. Dr. Giorgio Romano Schutte (UFABC)<br \/>\nMedia\u00e7\u00e3o: Profa. Dra. Fernanda Cardoso (UFABC)<br \/>\n<a href=\"https:\/\/youtu.be\/5ajZAAdG2eg\"><span style=\"color: #3366ff\"><strong>C<\/strong><strong>lique aqui para assistir<\/strong><\/span><\/a><\/p>\n<p><strong>15\/10 &#8211; Financeiriza\u00e7\u00e3o e desenvolvimento<\/strong><br \/>\nProf. Dr. Gabriel A. A. Rossini (UFABC)<br \/>\nMedia\u00e7\u00e3o: Prof. Dr. Ricardo Amorim (UFABC)<br \/>\n<a href=\"https:\/\/youtu.be\/imw1rdO5CFY\"><span style=\"color: #3366ff\"><strong>C<\/strong><strong>lique aqui para assistir<\/strong><\/span><\/a><\/p>\n<p><strong>22\/10 &#8211; Pol\u00edtica econ\u00f4mica e desenvolvimento no Brasil<\/strong><br \/>\nProfa. Dra. Patr\u00edcia Cunha (UFABC)<br \/>\nMedia\u00e7\u00e3o: Prof. Dr. Ramatis Jacino (UFABC)<br \/>\n<a href=\"https:\/\/youtu.be\/8xr4RM0q-Rg\"><span style=\"color: #3366ff\"><strong>C<\/strong><strong>lique aqui para assistir<\/strong><\/span><\/a><\/p>\n<p><strong>29\/10 &#8211; As cadeias globais de valor e o Brasil<\/strong><br \/>\nProfa. Dra. Cristina Reis (UFABC)<br \/>\nMedia\u00e7\u00e3o: Prof. Dr. Ricardo Amorim (UFABC)<br \/>\n<a href=\"https:\/\/youtu.be\/3YaMaDeUiVs\"><span style=\"color: #3366ff\"><strong>C<\/strong><strong>lique aqui para assistir<\/strong><\/span><\/a><\/p>\n<p><strong>05\/11 &#8211; Industrializa\u00e7\u00e3o e desenvolvimento<\/strong><br \/>\nProf. Dr. Ricardo Amorim (UFABC)<br \/>\nMedia\u00e7\u00e3o: Profa. Dra. Patr\u00edcia Cunha (UFABC)<br \/>\n<a href=\"https:\/\/youtu.be\/RIV5E_DXESQ\"><span style=\"color: #3366ff\"><strong>C<\/strong><strong>lique aqui para assistir<\/strong><\/span><\/a><\/p>\n<p><strong>12\/11 &#8211; Meio ambiente, sustentabilidade e desenvolvimento<\/strong><br \/>\nProfa. Dra. Luciana Travassos (UFABC)<br \/>\nMedia\u00e7\u00e3o: Prof. Dr. Lu\u00eds Roberto de Paula (UFABC)<br \/>\n<a href=\"https:\/\/youtu.be\/92nbJbggCoY\"><span style=\"color: #3366ff\"><strong>C<\/strong><strong>lique aqui para assistir<\/strong><\/span><\/a><\/p>\n<p><strong>19\/11 &#8211; Territ\u00f3rio, agricultura e desenvolvimento<\/strong><br \/>\nProf. Dr. Arilson Favaretto (UFABC)<br \/>\nMedia\u00e7\u00e3o: Profa. Dra. Luciana Travassos (UFABC)<br \/>\n<a href=\"https:\/\/youtu.be\/GzUzKAsXIN8\"><span style=\"color: #3366ff\"><strong>C<\/strong><strong>lique aqui para assistir<\/strong><\/span><\/a><\/p>\n<p><strong>26\/11 &#8211; Rela\u00e7\u00f5es raciais e trabalho no Brasil<br \/>\n<\/strong><\/p>\n<p>Prof. Dr. Ramatis Jacino (UFABC)<br \/>\nMedia\u00e7\u00e3o: Profa. Dra. Tatiana Berringer (UFABC)<br \/>\n<strong><span style=\"color: #3366ff\"><a style=\"color: #3366ff\" href=\"https:\/\/youtu.be\/LC8r4UleE_A\">Clique aqui para assistir<\/a><\/span><\/strong><\/p>\n<p><strong>03\/12 &#8211; Povos ind\u00edgenas e o desenvolvimento brasileiro<\/strong><br \/>\nProf. Dr. Lu\u00eds Roberto de Paula (UFABC)<br \/>\nMedia\u00e7\u00e3o: Profa. Dra. Fernanda Cardoso (UFABC)<br \/>\n<a href=\"https:\/\/youtu.be\/5GUETz4JVR0\"><strong><span style=\"color: #3366ff\">Clique aqui para assistir<\/span><\/strong><\/a><\/p>\n<p><strong>10\/12 &#8211; Recupera\u00e7\u00e3o transformadora com igualdade e sustentabilidade<\/strong><br \/>\nCamila Gramkow (Oficial de Assuntos Econ\u00f4micos da CEPAL)<br \/>\nMedia\u00e7\u00e3o: Profa. Dra. Fernanda Cardoso (UFABC)<br \/>\n<a href=\"https:\/\/youtu.be\/OFtTfXlRaOM\"><strong><span style=\"color: #3366ff\">Clique aqui para assistir<\/span><\/strong><\/a><\/p>\n<h1>Avalia\u00e7\u00e3o para certifica\u00e7\u00e3o<\/h1>\n<p>Foram enviados os e-mails, no dia 11\/12,\u00a0 com o link para o question\u00e1rio. Caso n\u00e3o tenham recebido os link est\u00e3o abaixo:<\/p>\n<p><strong>P\u00daBLICO EM GERAL<\/strong>:<strong> <a href=\"https:\/\/forms.gle\/WPWjvkhzNy5MHyYS7\">CLIQUE AQUI<\/a><\/strong><\/p>\n<p><strong>ALUNOS DA P\u00d3S-GRADUA\u00c7\u00c3O DA ESCOLA DO PARLAMENTO: <a href=\"https:\/\/forms.gle\/ZzcXQgMgxNvzLMhw5\">CLIQUE AQUI<\/a><\/strong><\/p>\n<h3><span style=\"color: #ff0000\">IMPORTANTE: <\/span><\/h3>\n<ul>\n<li><strong>leiam as instru\u00e7\u00f5es antes de responderem;<\/strong><\/li>\n<li><strong>somente os inscritos poder\u00e3o receber o certificado;<\/strong><\/li>\n<li><strong>o question\u00e1rio ficar\u00e1 dispon\u00edvel at\u00e9 \u00e0s 23:59 do dia 15 de dezembro.<\/strong><\/li>\n<\/ul>\n<h3><\/h3>\n<h3>Distribui\u00e7\u00e3o da Carga Hor\u00e1ria<\/h3>\n<p>24 horas aula destinadas a nove encontros virtuais de forma\u00e7\u00e3o<br \/>\n06 horas destinadas a atividade de avalia\u00e7\u00e3o individual, realizada por meio digital<br \/>\n10 horas destinadas a carga de leituras<\/p>\n<h3>Certifica\u00e7\u00e3o<\/h3>\n<p>Ser\u00e3o certificados por 40h de curso de extens\u00e3o universit\u00e1ria, aqueles que se inscreverem, assistirem ao curso, tiverem desempenho estabelecido pela Pol\u00edtica de Certifica\u00e7\u00e3o na avalia\u00e7\u00e3o individual (question\u00e1rio de m\u00faltipla escolha).<\/p>\n<h3>Publico Alvo<\/h3>\n<p>P\u00fablico em geral, estudantes, pesquisadores, profissionais que atuam com pol\u00edticas p\u00fablicas.<\/p>\n<h3>Bibliografia Preliminar:<\/h3>\n<p>AMORIM, Ricardo L. C. Acordos comerciais, economia fechada e Brasil: algumas observa\u00e7\u00f5es. REVISTA DO N\u00daCLEO DE ESTUDOS DE ECONOMIA CATARINENSE, v. 4, p. 6-27, 2015.\u00a0<strong>\u00a0<\/strong><\/p>\n<p>AMORIM, Ricardo L. C. A constru\u00e7\u00e3o de novas pol\u00edticas sociais: o caso de Mato Grosso do Sul. Revista Brasileira de Pol\u00edticas P\u00fablicas, v. 4, p. 114-136, 2014.<\/p>\n<p>BERRINGER, T. Os movimentos populares e o sindicalismo brasileiros face aos processos de integra\u00e7\u00e3o regional na Am\u00e9rica do Sul. REVISTA MURAL INTERNACIONAL, v. 8, p. 165-182, 2018.<\/p>\n<p>BERRINGER, T. Forlini, L. Crise pol\u00edtica e mudan\u00e7a na pol\u00edtica externa no governo Temer: contradi\u00e7\u00f5es no seio da burguesia interna brasileira. Conjuntura Austral. Revista do N\u00facleo Brasileiro de Estrat\u00e9gia e Rela\u00e7\u00f5es Internacionais da UFRGS, v. 48, p. 5-19, 2018.<\/p>\n<p>BERRINGER, T. KOWALCZYC, A. As burguesias brasileira e chilena e os dilemas da integra\u00e7\u00e3o regional. ESTUDOS INTERNACIONAIS, v. 1, p. 47-62, 2017.<\/p>\n<p>CARDOSO, Fernanda Graziella. Nove Cl\u00e1ssicos do Desenvolvimento Econ\u00f4mico. Jundia\u00ed: Paco Editorial, 2018.<\/p>\n<p>CHILIATTO LEITE, Marcos Vinicius (org). Alternativas para o desenvolvimento brasileiro \u2013 novos horizontes para a mudan\u00e7a estrutural com igualdade. Santiago: Na\u00e7\u00f5es Unidas \u2013 CEPAL, 2019. Dispon\u00edvel em: <a href=\"https:\/\/repositorio.cepal.org\/bitstream\/handle\/11362\/44616\/1\/S1900253_pt.pdf\">https:\/\/repositorio.cepal.org\/bitstream\/handle\/11362\/44616\/1\/S1900253_pt.pdf<\/a>.<br \/>\nCARDOSO, F. G.\u00a0;\u00a0REIS, C. F. B.\u00a0. Retaking Structuralism to interpret the unequal Latin America in the XXI century. BRAZILIAN KEYNESIAN REVIEW, v. 5, p. 324-341, 2020.<br \/>\nFAVARETO, Arilson. Transi\u00e7\u00e3o para a sustentabilidade no Brasil e o desenvolvimento territorial nos marcos da Agenda 2030 e dos Objetivos de Desenvolvimento Sustent\u00e1vel. PARCERIAS ESTRAT\u00c9GICAS, v. 24, p. 51-74, 2019.<\/p>\n<p>JACINO, Ramatis. Desigualdade Racial no Brasil: causas e consequ\u00eancias. S\u00e3o Paulo: Im\u00f3, 2019.<\/p>\n<p>IANONI, M. ;\u00a0CUNHA, Patr\u00edcia\u00a0. Coaliz\u00f5es e pol\u00edtica macroecon\u00f4mica nos governos Dilma: do trip\u00e9 flexibilizado \u00e0 volta do trip\u00e9 r\u00edgido. PONTO DE VISTA (RIO DE JANEIRO), v. -, p. 1-62, 2018.<\/p>\n<p>ONU \u2013 Organiza\u00e7\u00e3o das Na\u00e7\u00f5es Unidas. Objetivos de Desenvolvimento Sustent\u00e1vel \u2013 <em>Transformando nosso mundo: a Agenda 2030 para o Desenvolvimento Sustent\u00e1vel<\/em>, 2015. Dispon\u00edvel em: <a href=\"https:\/\/nacoesunidas.org\/wp-content\/uploads\/2015\/10\/agenda2030-pt-br.pdf\">https:\/\/nacoesunidas.org\/wp-content\/uploads\/2015\/10\/agenda2030-pt-br.pdf<\/a>.<\/p>\n<p>PAULA, LU\u00cdS ROBERTO DE. -DIVIDIR PARA IMPERAR?-: UMA ETNOGRAFIA DA PRODU\u00c7\u00c3O DE TERRIT\u00d3RIOS IND\u00cdGENAS NO LESTE MATO-GROSSENSE. VIV\u00caNCIA: REVISTA DE ANTROPOLOGIA, v. 1, p. 130-156, 2020.<\/p>\n<p>PAULA, LU\u00cdS ROBERTO DE. L. R.. Afirma\u00e7\u00e3o de direitos ind\u00edgenas em contextos ampliados de intera\u00e7\u00e3o social: refer\u00eancias bibliogr\u00e1ficas e alguns problemas de investiga\u00e7\u00e3o. ARAC\u00ca DIREITOS HUMANOS EM REVISTA, v. 4, p. 295-322, 2017.<\/p>\n<p>REIS, C. F. B.; ARAUJO, E. C. ; GONZALEZ, E. O. . Public Investment Boosted Private Investment in Brazil between 1982 and 2013. JOURNAL OF ECONOMIC ISSUES , v. 53, p. 813-840, 2019.<\/p>\n<p>ROSSINI, G. A. A.; At. al. Caminhos e descaminhos da macrometr\u00f3pole paulista: din\u00e2mica econ\u00f4mica, condicionantes externos e perspectivas. CADERNOS METR\u00d3POLE (PUCSP), v. 21, p. 145-168, 2019.<\/p>\n<p>ROSSINI, G. A. A At,. al. Din\u00e2mica econ\u00f4mica da Macrometr\u00f3pole Paulista. In: LUCIA B\u00d3GUS; SUZANA PASTERNAK; LU\u00cdS FELIPE AIRES MAGALH\u00c3ES. (Org.). METROPOLIZA\u00c7\u00c3O, GOVERNAN\u00c7A E DIREITO \u00c0 CIDADE: DIN\u00c2MICAS, ESCALAS E ESTRAT\u00c9GIAS. 1ed.S\u00e3o Paulo: Editora da PUC-SP \/ EDUC, 2020, v. , p. 51-78.<strong><br \/>\n<\/strong>SCHUTTE<strong>, <\/strong>GIORGIO; SANT&#8217;ANNA DEBONE, VICTOR . Parceria China e R\u00fassia. Carta Internacional, v. 15, p. 28-51, 2020.<\/p>\n<p>SCHUTTE, G. R.; INTERESTATAL, R. . A BUSCA DA HEGEMONIA AMERICANA 3.0 E A ASCENS\u00c3O CHINESA: ENTRE A TRANSNACIONALIZA\u00c7\u00c3O DO CAPITAL E A VOLTA DO CONFLITO INTERESTATAL. Mundo e Desenvolvimento, v. 1, p. 10-35, 2019.<\/p>\n<p>TRAVASSOS, L. R. F. C.; ZIONI, Silvana ; Torres, P H C ; FERNANDES, B S ; ARAUJO, G M . Heterogeneity ans spatial fragmentation in the Sao Paulo Macrometropolis: the production of borders and holes. AMBIENTE &amp; SOCIEDADE (ONLINE), v. 23, p. 1-22, 2020.<\/p>\n<p>TRAVASSOS, L. R. F. C.; FERNANDES, B. S. . Coronav\u00edrus e o territ\u00f3rio &#8211; dissemina\u00e7\u00e3o regional e desigualdades. Di\u00e1logos Socioambientais na Macrometr\u00f3pole Paulista, v. 5, p. 10, 2020.<\/p>\n<p>TRAVASSOS, L.; TORRES, P. H. C. ; GIULIO, G. M. ;\u00a0JACOBI, P. R.\u00a0; FREITAS, E. D. ; SIQUEIRA, I. ; AMBRIZZI, T. . Why do extreme events still kill in the S\u00e3o Paulo Macrometropolis? Chronicle of a Death Foretold in the Global South. International Journal of Urban Sustainable Development, v. online, p. 1, 2020.<\/p>\n<p>VIANA, A. G. ;\u00a0CUNHA, Patr\u00edcia\u00a0. The Swedish Model: an alternative to macroeconomic policy. Revista de Economia Pol\u00edtica (Impresso), v. 36, p. 266-285, 2016.<\/p>\n","protected":false},"excerpt":{"rendered":"<p>Curso de Extens\u00e3o Universit\u00e1ria (40h) em parceria com o NEEDDS (N\u00facleo de Estudos Estrat\u00e9gicos em Democracia, Desenvolvimento e Sustentabilidade) Coordena\u00e7\u00e3o Profa. Dra. Fernanda Graziella Cardoso (NEEDDS &#8211; UFABC) Prof. Dr. Gabriel Almeida Antunes Rossini (NEEDDS &#8211; UFABC) Profa. Dra. Tatiana Berringer (NEEDDS &#8211; UFABC) Prof. Dr. Alexsandro Santos (Escola do Parlamento) O contexto de r\u00e1pidas [&hellip;]<\/p>\n","protected":false},"author":297,"featured_media":0,"parent":17641,"menu_order":210,"comment_status":"closed","ping_status":"closed","template":"","meta":{"_acf_changed":false,"footnotes":""},"class_list":["post-24108","page","type-page","status-publish","hentry"],"acf":[],"_links":{"self":[{"href":"https:\/\/www.saopaulo.sp.leg.br\/escoladoparlamento\/wp-json\/wp\/v2\/pages\/24108","targetHints":{"allow":["GET"]}}],"collection":[{"href":"https:\/\/www.saopaulo.sp.leg.br\/escoladoparlamento\/wp-json\/wp\/v2\/pages"}],"about":[{"href":"https:\/\/www.saopaulo.sp.leg.br\/escoladoparlamento\/wp-json\/wp\/v2\/types\/page"}],"author":[{"embeddable":true,"href":"https:\/\/www.saopaulo.sp.leg.br\/escoladoparlamento\/wp-json\/wp\/v2\/users\/297"}],"replies":[{"embeddable":true,"href":"https:\/\/www.saopaulo.sp.leg.br\/escoladoparlamento\/wp-json\/wp\/v2\/comments?post=24108"}],"version-history":[{"count":5,"href":"https:\/\/www.saopaulo.sp.leg.br\/escoladoparlamento\/wp-json\/wp\/v2\/pages\/24108\/revisions"}],"predecessor-version":[{"id":29531,"href":"https:\/\/www.saopaulo.sp.leg.br\/escoladoparlamento\/wp-json\/wp\/v2\/pages\/24108\/revisions\/29531"}],"up":[{"embeddable":true,"href":"https:\/\/www.saopaulo.sp.leg.br\/escoladoparlamento\/wp-json\/wp\/v2\/pages\/17641"}],"wp:attachment":[{"href":"https:\/\/www.saopaulo.sp.leg.br\/escoladoparlamento\/wp-json\/wp\/v2\/media?parent=24108"}],"curies":[{"name":"wp","href":"https:\/\/api.w.org\/{rel}","templated":true}]}}