{"id":23938,"date":"2020-09-02T19:49:51","date_gmt":"2020-09-02T22:49:51","guid":{"rendered":"http:\/\/www.saopaulo.sp.leg.br\/escoladoparlamento\/?page_id=23938"},"modified":"2025-05-29T15:57:05","modified_gmt":"2025-05-29T18:57:05","slug":"codigo-de-defesa-do-consumidor-e-a-prevencao-ao-superendividamento-perspectivas-sobre-o-pl-3-515-2015","status":"publish","type":"page","link":"https:\/\/www.saopaulo.sp.leg.br\/escoladoparlamento\/cursos\/cursos-anteriores\/cursos-realizados-em-2020\/codigo-de-defesa-do-consumidor-e-a-prevencao-ao-superendividamento-perspectivas-sobre-o-pl-3-515-2015\/","title":{"rendered":"O C\u00f3digo de Defesa do Consumidor e a Preven\u00e7\u00e3o ao Superendividamento:  perspectivas sobre o PL 3.515\/2015"},"content":{"rendered":"<h2><a href=\"https:\/\/www.saopaulo.sp.leg.br\/escoladoparlamento\/wp-content\/uploads\/sites\/5\/2020\/09\/Captura-de-Tela-2020-09-04-a\u0300s-18.18.58.png\"><img loading=\"lazy\" decoding=\"async\" class=\"wp-image-23966 alignright\" src=\"https:\/\/www.saopaulo.sp.leg.br\/escoladoparlamento\/wp-content\/uploads\/sites\/5\/2020\/09\/Captura-de-Tela-2020-09-04-a\u0300s-18.18.58-300x168.png\" alt=\"\" width=\"164\" height=\"92\" srcset=\"https:\/\/www.saopaulo.sp.leg.br\/escoladoparlamento\/wp-content\/uploads\/sites\/5\/2020\/09\/Captura-de-Tela-2020-09-04-a\u0300s-18.18.58-300x168.png 300w, https:\/\/www.saopaulo.sp.leg.br\/escoladoparlamento\/wp-content\/uploads\/sites\/5\/2020\/09\/Captura-de-Tela-2020-09-04-a\u0300s-18.18.58.png 614w\" sizes=\"auto, (max-width: 164px) 100vw, 164px\" \/><\/a><img loading=\"lazy\" decoding=\"async\" class=\"wp-image-23802 alignright\" src=\"https:\/\/www.saopaulo.sp.leg.br\/escoladoparlamento\/wp-content\/uploads\/sites\/5\/2020\/09\/thumbnail_pastedImagebase640.png\" alt=\"\" width=\"150\" height=\"78\" \/><\/h2>\n<h3>Webin\u00e1rio em parceria com a Escola Superior do Minist\u00e9rio P\u00fablico de S\u00e3o Paulo (ESMP) e o Centro de Estudos Legislativos da Procuradoria da C\u00e2mara Municipal de S\u00e3o Paulo (CELEG)<\/h3>\n<p><strong>Diretor Respons\u00e1vel:<\/strong> Gustavo Dias<\/p>\n<h3><span style=\"color: #0000ff\">\u00a010\/09 &#8211; das 19h \u00e0s 20h30<\/span><\/h3>\n<p>Neste m\u00eas de setembro de 2020 o C\u00f3digo de Defesa do Consumidor (CDC) completa trinta anos de sua promulga\u00e7\u00e3o, um importante conjunto de normas que disciplina as rela\u00e7\u00f5es e responsabilidades dos fornecedores com consumidores finais para a prote\u00e7\u00e3o dos Direitos do Consumidor.<\/p>\n<p>A C\u00e2mara dos Deputados segue em an\u00e1lise a projeto de lei, o PL 3.515\/15, que cria novas regras para concess\u00e3o de cr\u00e9dito ao consumidor por meio de mecanismos de preven\u00e7\u00e3o ao <strong>superendividamento<\/strong>. A proposta, cujo texto \u00e9 resultado do trabalho de uma comiss\u00e3o especial de juristas, tamb\u00e9m respons\u00e1veis pela moderniza\u00e7\u00e3o do CDC, atualiza do C\u00f3digo do Consumidor incentivando pr\u00e1ticas de cr\u00e9dito respons\u00e1vel, educa\u00e7\u00e3o financeira e promovendo seguran\u00e7a jur\u00eddica nas rela\u00e7\u00f5es de consumo.<\/p>\n<p>O superendividamento ocorre quando um consumidor, de boa-f\u00e9, \u00e9 incapaz de pagar d\u00edvidas em um per\u00edodo razo\u00e1vel e de maneira compat\u00edvel com sua renda e seu patrim\u00f4nio. Podem acontecer tanto por uma avalia\u00e7\u00e3o inadequada da capacidade de um indiv\u00edduo de seu or\u00e7amento familiar, em decorr\u00eancia de situa\u00e7\u00f5es imprevistas, como desemprego, doen\u00e7a, falecimento de provedores, e afeta a pessoa, mas toda sua fam\u00edlia.<\/p>\n<p>Neste debate, vamos abordar o problema do superendividamento, seu impacto na sociedade, discutir quais s\u00e3o as mudan\u00e7as propostas pelo PL 3515\/15 e como elas v\u00e3o impactar as rela\u00e7\u00f5es de cr\u00e9dito e consumo na sociedade brasileira.<\/p>\n<p><strong>OBJETIVOS:<\/strong><\/p>\n<ul>\n<li>Ressaltar os 30 anos do C\u00f3digo de Defesa do Consumidor, importante instrumento de prote\u00e7\u00e3o dos interesses da sociedade.<\/li>\n<li>Apresentar o conceito de superendividamento e explicitar suas implica\u00e7\u00f5es para a vida individual e familiar e para as rela\u00e7\u00f5es sociais e de consumo.<\/li>\n<li>Discutir os preceitos estabelecidos no PL 35\/15, traduzindo suas principais inova\u00e7\u00f5es e os efeitos que poder\u00e1 surtir na preven\u00e7\u00e3o ao superendividamento e na melhoria da qualidade das rela\u00e7\u00f5es de cr\u00e9dito e consumo.<\/li>\n<li>Permitir \u00e0 sociedade o acompanhamento desta pauta legislativa mediante a oferta de informa\u00e7\u00e3o qualificada sobre seu andamento no Congresso Nacional.<\/li>\n<\/ul>\n<p><strong>P\u00daBLICO ALVO:\u00a0<\/strong><\/p>\n<p>Cidad\u00e3os(\u00e3s) e Servidores(as) P\u00fablicos(as) com interesse no tema, estudiosos(as) e especialistas no tema.<\/p>\n<p><strong>CARGA HOR\u00c1RIA:<\/strong><\/p>\n<p>1h30<\/p>\n<p>&nbsp;<\/p>\n<p><strong>Palestrantes:<\/strong><\/p>\n<p><b><strong>Senador Rodrigo Cunha<br \/>\n<\/strong><\/b><\/p>\n<p><strong>Dra. Clarissa Costa De Lim<\/strong><strong>a<br \/>\n<\/strong>Ju\u00edza do Tribunal de Justi\u00e7a do Estado do Rio Grande do Sul<\/p>\n<p><b><strong>Prof. Roberto Augusto Castellanos Pfeiffer<br \/>\n<\/strong><\/b>Professor Doutor da Faculdade de Direito da Universidade de S\u00e3o Paulo (USP)<\/p>\n<p><b data-stringify-type=\"bold\">Dr. Denilson de Souza Freitas<\/b><br \/>\nPromotor de Justi\u00e7a, Coordenador do Centro de Apoio Operacional do Consumidor e C\u00edvel do Minist\u00e9rio P\u00fablico do Estado de S\u00e3o Paulo<\/p>\n<p><strong><b data-stringify-type=\"bold\"><\/b>Dra. Maria Nazar\u00e9 Lins Barbosa<\/strong> (<strong><b data-stringify-type=\"bold\">MEDIADORA)<\/b><\/strong><br \/>\nProcuradora-Chefe da C\u00e2mara Municipal de S\u00e3o Paulo,<\/p>\n<h3><span style=\"color: #0000ff\">Quinta-feira, 10 de setembro, das 19h \u00e0s 20h30<\/span><\/h3>\n<p>REVEJA <a href=\"https:\/\/youtu.be\/2hQnpHKhgn0\"><strong>AQUI<\/strong><\/a><\/p>\n","protected":false},"excerpt":{"rendered":"<p>Webin\u00e1rio em parceria com a Escola Superior do Minist\u00e9rio P\u00fablico de S\u00e3o Paulo (ESMP) e o Centro de Estudos Legislativos da Procuradoria da C\u00e2mara Municipal de S\u00e3o Paulo (CELEG) Diretor Respons\u00e1vel: Gustavo Dias \u00a010\/09 &#8211; das 19h \u00e0s 20h30 Neste m\u00eas de setembro de 2020 o C\u00f3digo de Defesa do Consumidor (CDC) completa trinta anos [&hellip;]<\/p>\n","protected":false},"author":297,"featured_media":0,"parent":17641,"menu_order":214,"comment_status":"closed","ping_status":"closed","template":"","meta":{"_acf_changed":false,"footnotes":""},"class_list":["post-23938","page","type-page","status-publish","hentry"],"acf":[],"_links":{"self":[{"href":"https:\/\/www.saopaulo.sp.leg.br\/escoladoparlamento\/wp-json\/wp\/v2\/pages\/23938","targetHints":{"allow":["GET"]}}],"collection":[{"href":"https:\/\/www.saopaulo.sp.leg.br\/escoladoparlamento\/wp-json\/wp\/v2\/pages"}],"about":[{"href":"https:\/\/www.saopaulo.sp.leg.br\/escoladoparlamento\/wp-json\/wp\/v2\/types\/page"}],"author":[{"embeddable":true,"href":"https:\/\/www.saopaulo.sp.leg.br\/escoladoparlamento\/wp-json\/wp\/v2\/users\/297"}],"replies":[{"embeddable":true,"href":"https:\/\/www.saopaulo.sp.leg.br\/escoladoparlamento\/wp-json\/wp\/v2\/comments?post=23938"}],"version-history":[{"count":2,"href":"https:\/\/www.saopaulo.sp.leg.br\/escoladoparlamento\/wp-json\/wp\/v2\/pages\/23938\/revisions"}],"predecessor-version":[{"id":29489,"href":"https:\/\/www.saopaulo.sp.leg.br\/escoladoparlamento\/wp-json\/wp\/v2\/pages\/23938\/revisions\/29489"}],"up":[{"embeddable":true,"href":"https:\/\/www.saopaulo.sp.leg.br\/escoladoparlamento\/wp-json\/wp\/v2\/pages\/17641"}],"wp:attachment":[{"href":"https:\/\/www.saopaulo.sp.leg.br\/escoladoparlamento\/wp-json\/wp\/v2\/media?parent=23938"}],"curies":[{"name":"wp","href":"https:\/\/api.w.org\/{rel}","templated":true}]}}