{"id":23793,"date":"2020-08-24T18:25:21","date_gmt":"2020-08-24T21:25:21","guid":{"rendered":"http:\/\/www.saopaulo.sp.leg.br\/escoladoparlamento\/?page_id=23793"},"modified":"2025-05-29T14:31:47","modified_gmt":"2025-05-29T17:31:47","slug":"o-livro-tributado-o-que-esta-em-jogo","status":"publish","type":"page","link":"https:\/\/www.saopaulo.sp.leg.br\/escoladoparlamento\/cursos\/cursos-anteriores\/cursos-realizados-em-2020\/o-livro-tributado-o-que-esta-em-jogo\/","title":{"rendered":"O livro tributado: o que est\u00e1 em jogo?"},"content":{"rendered":"<h2><a href=\"https:\/\/www.saopaulo.sp.leg.br\/escoladoparlamento\/wp-content\/uploads\/sites\/5\/2020\/08\/biblioo-ok.jpg\"><img loading=\"lazy\" decoding=\"async\" class=\"wp-image-23802 alignright\" src=\"https:\/\/www.saopaulo.sp.leg.br\/escoladoparlamento\/wp-content\/uploads\/sites\/5\/2020\/08\/biblioo-ok-300x300.jpg\" alt=\"\" width=\"182\" height=\"182\" srcset=\"https:\/\/www.saopaulo.sp.leg.br\/escoladoparlamento\/wp-content\/uploads\/sites\/5\/2020\/08\/biblioo-ok-300x300.jpg 300w, https:\/\/www.saopaulo.sp.leg.br\/escoladoparlamento\/wp-content\/uploads\/sites\/5\/2020\/08\/biblioo-ok-150x150.jpg 150w, https:\/\/www.saopaulo.sp.leg.br\/escoladoparlamento\/wp-content\/uploads\/sites\/5\/2020\/08\/biblioo-ok.jpg 500w\" sizes=\"auto, (max-width: 182px) 100vw, 182px\" \/><\/a>Curso de Extens\u00e3o Universit\u00e1ria (10h) em parceria com a Revista Biblioo<\/h2>\n<p>&nbsp;<\/p>\n<p style=\"padding-left: 40px\"><strong>Coordena\u00e7\u00e3o: <\/strong><\/p>\n<p style=\"padding-left: 40px\">Prof. Dr. Alexsandro Santos \u2013 Escola do Parlamento<br \/>\nProf. Dr. Francisco (Chico) de Paula Araujo \u2013 Editor-Chefe da Revista Biblioo<br \/>\nProf. Dr. Jos\u00e9 Castilho Marques Neto &#8211; Ex-Secret\u00e1rio Nacional do Livro e da Leitura<br \/>\nProf. Ms. Ricardo Queiroz \u2013 Pesquisador e Editor do Biblioteco Podcast<\/p>\n<p>O Brasil demorou bastante tempo para estruturar pol\u00edticas p\u00fablicas vocacionadas para o fortalecimento e consolida\u00e7\u00e3o das a\u00e7\u00f5es culturais e ainda mais tempo para localizar, dentro desse conjunto de pol\u00edticas, incentivos e mecanismos de estrutura\u00e7\u00e3o para o subsistema do livro, da leitura e das bibliotecas.<\/p>\n<p>Um eixo relevante dessas pol\u00edticas s\u00e3o os mecanismos de indu\u00e7\u00e3o \u00e0 produ\u00e7\u00e3o e circula\u00e7\u00e3o de livros mediante incentivos fiscais na cadeia produtiva e na cadeia de comercializa\u00e7\u00e3o do livro. Todavia, esses mecanismos est\u00e3o sendo rediscutidos no Congresso Nacional, na arena de disputas que tem se estabelecido em torno das propostas de reforma tribut\u00e1ria.<\/p>\n<p><strong>Objetivos:<\/strong><\/p>\n<ul>\n<li>Localizar a reforma tribut\u00e1ria, em tramita\u00e7\u00e3o no Congresso Nacional, como parte do conjunto de estrat\u00e9gias de (re)ordena\u00e7\u00e3o da economia brasileira identificando seus principais vetores e suas consequ\u00eancias para as pol\u00edticas socais de modo geral e, particularmente, para as pol\u00edticas p\u00fablicas de cultura, com foco no subsistema livro\/leitura.<\/li>\n<li>Conhecer, no conjunto de projetos em discuss\u00e3o sobre a reforma tribut\u00e1ria brasileira, os elementos sens\u00edveis que podem incidir sobre as pol\u00edticas do livro, da leitura e das bibliotecas<\/li>\n<li>Analisar, compreender e interpretar os principais mecanismos atuais de incentivo fiscal pare o subsistema do livro e da leitura e avaliar os riscos de sua substitui\u00e7\u00e3o ou elimina\u00e7\u00e3o.<\/li>\n<li>Compreender e posicionar-se a respeito das contradi\u00e7\u00f5es, limites e possibilidades para a garantia do direito humano \u00e0 leitura a partir dos diferentes cen\u00e1rios que visualizamos com a poss\u00edvel aprova\u00e7\u00e3o da reforma tribut\u00e1ria<\/li>\n<\/ul>\n<p><strong>P\u00fablico alvo: <\/strong>Estudantes, ativistas, militantes, pesquisadores, profissionais que atuam com politicas sociais e programas voltados \u00e0 \u00e1rea do livro e da leitura, lideran\u00e7as de organiza\u00e7\u00f5es sociais e p\u00fablico em geral.<\/p>\n<p><strong>Carga hor\u00e1ria:<\/strong>\u00a010hs (8hs de semin\u00e1rios + 2h de atividade de avalia\u00e7\u00e3o)<\/p>\n<p>&nbsp;<\/p>\n<p><strong>Programa\u00e7\u00e3o:<\/strong><\/p>\n<p><span style=\"color: #000000\">\u00a031\/08, 01\/09, 02\/09 e 03\/09 &#8211; das 17h \u00e0s 19h<\/span><\/p>\n<hr \/>\n<p><a href=\"https:\/\/www.facebook.com\/novabiblioo\/videos\/324588685554286\">31\/08 &#8211;\u00a0SEMIN\u00c1RIO I: O LUGAR DO LIVRO NA ECONOMIA DA CULTURA<\/a><\/p>\n<p>Mariana Silveira Bueno<br \/>\nRicardo Ramos<br \/>\nMarco Acco<br \/>\nMedia\u00e7\u00e3o: Alexsandro Santos<\/p>\n<hr \/>\n<p><a href=\"https:\/\/www.facebook.com\/novabiblioo\/videos\/778275906253655\">01\/09 &#8211; SEMIN\u00c1RIO II: REPERCUSS\u00d5ES DA REFORMA TRIBUT\u00c1RIA PARA O SISTEMA DO LIVRO E DA LEITURA<\/a><\/p>\n<p>Bernardo Gurbanov<br \/>\nFrederico Indiani<br \/>\nAllan da Rocha<br \/>\nMedia\u00e7\u00e3o: Antonio Freitas<\/p>\n<hr \/>\n<p><a href=\"https:\/\/www.facebook.com\/novabiblioo\/videos\/1172790623102351\">02\/09 &#8211; SEMIN\u00c1RIO III: IMPACTOS DA TRIBUTA\u00c7\u00c3O NA DEMOCRATIZA\u00c7\u00c3O DO LIVRO E DA LEITURA<\/a><\/p>\n<p>Bel dos Santos Mayer<br \/>\nAdriana Ferrari<br \/>\nRita Virginia Argollo<br \/>\nCristiane Tavares<br \/>\nMedia\u00e7\u00e3o: Ricardo Queiroz<\/p>\n<hr \/>\n<p><a href=\"https:\/\/youtu.be\/GhcAjsbEtEU\">03\/09 &#8211; SEMIN\u00c1RIO IV: POL\u00cdTICAS DO LIVRO E LEITURA E DESCONSTRU\u00c7\u00c3O DO ESTADO SOCIAL<\/a><\/p>\n<p>Jos\u00e9 Castilho Marques Neto<br \/>\nHaroldo Ceravolo<br \/>\nDep. Fernanda Melchiona<br \/>\nDep. Waldeck Carneiro<br \/>\nMedia\u00e7\u00e3o: Chico de Paula<\/p>\n<hr \/>\n<p>&nbsp;<\/p>\n","protected":false},"excerpt":{"rendered":"<p>Curso de Extens\u00e3o Universit\u00e1ria (10h) em parceria com a Revista Biblioo &nbsp; Coordena\u00e7\u00e3o: Prof. Dr. Alexsandro Santos \u2013 Escola do Parlamento Prof. Dr. Francisco (Chico) de Paula Araujo \u2013 Editor-Chefe da Revista Biblioo Prof. Dr. Jos\u00e9 Castilho Marques Neto &#8211; Ex-Secret\u00e1rio Nacional do Livro e da Leitura Prof. Ms. Ricardo Queiroz \u2013 Pesquisador e Editor [&hellip;]<\/p>\n","protected":false},"author":731,"featured_media":0,"parent":17641,"menu_order":218,"comment_status":"closed","ping_status":"closed","template":"","meta":{"_acf_changed":false,"footnotes":""},"class_list":["post-23793","page","type-page","status-publish","hentry"],"acf":[],"_links":{"self":[{"href":"https:\/\/www.saopaulo.sp.leg.br\/escoladoparlamento\/wp-json\/wp\/v2\/pages\/23793","targetHints":{"allow":["GET"]}}],"collection":[{"href":"https:\/\/www.saopaulo.sp.leg.br\/escoladoparlamento\/wp-json\/wp\/v2\/pages"}],"about":[{"href":"https:\/\/www.saopaulo.sp.leg.br\/escoladoparlamento\/wp-json\/wp\/v2\/types\/page"}],"author":[{"embeddable":true,"href":"https:\/\/www.saopaulo.sp.leg.br\/escoladoparlamento\/wp-json\/wp\/v2\/users\/731"}],"replies":[{"embeddable":true,"href":"https:\/\/www.saopaulo.sp.leg.br\/escoladoparlamento\/wp-json\/wp\/v2\/comments?post=23793"}],"version-history":[{"count":2,"href":"https:\/\/www.saopaulo.sp.leg.br\/escoladoparlamento\/wp-json\/wp\/v2\/pages\/23793\/revisions"}],"predecessor-version":[{"id":29481,"href":"https:\/\/www.saopaulo.sp.leg.br\/escoladoparlamento\/wp-json\/wp\/v2\/pages\/23793\/revisions\/29481"}],"up":[{"embeddable":true,"href":"https:\/\/www.saopaulo.sp.leg.br\/escoladoparlamento\/wp-json\/wp\/v2\/pages\/17641"}],"wp:attachment":[{"href":"https:\/\/www.saopaulo.sp.leg.br\/escoladoparlamento\/wp-json\/wp\/v2\/media?parent=23793"}],"curies":[{"name":"wp","href":"https:\/\/api.w.org\/{rel}","templated":true}]}}