{"id":23592,"date":"2020-08-10T17:11:54","date_gmt":"2020-08-10T20:11:54","guid":{"rendered":"http:\/\/www.saopaulo.sp.leg.br\/escoladoparlamento\/?page_id=23592"},"modified":"2025-08-27T10:24:15","modified_gmt":"2025-08-27T13:24:15","slug":"curso-de-extensao-universitaria-politicas-publicas-para-populacao-em-situacao-de-rua","status":"publish","type":"page","link":"https:\/\/www.saopaulo.sp.leg.br\/escoladoparlamento\/credenciamento\/editais-anteriores\/curso-de-extensao-universitaria-politicas-publicas-para-populacao-em-situacao-de-rua\/","title":{"rendered":"Curso de Extens\u00e3o Universit\u00e1ria Pol\u00edticas P\u00fablicas para Popula\u00e7\u00e3o em Situa\u00e7\u00e3o de Rua"},"content":{"rendered":"<h2>Cronograma relativo a este Edital:<\/h2>\n<p>&nbsp;<\/p>\n<table width=\"573\">\n<tbody>\n<tr>\n<td width=\"397\"><strong>EVENTO <\/strong><\/td>\n<td width=\"176\"><strong>DATA <\/strong><\/td>\n<\/tr>\n<tr>\n<td width=\"397\">Publica\u00e7\u00e3o do Edital de Credenciamento no Di\u00e1rio Oficial do Munic\u00edpio<\/td>\n<td width=\"176\">11\/08\/2020<\/td>\n<\/tr>\n<tr>\n<td width=\"397\">Per\u00edodo de Inscri\u00e7\u00e3o<\/td>\n<td width=\"176\">das 10h00 do dia 11\/08\/2020 at\u00e9 \u00e0s 23h59min do dia 16\/08\/2020<\/td>\n<\/tr>\n<tr>\n<td width=\"397\">Publica\u00e7\u00e3o da lista de inscri\u00e7\u00f5es deferidas<\/td>\n<td width=\"176\">18\/08\/2020<\/td>\n<\/tr>\n<tr>\n<td width=\"397\">Prorroga\u00e7\u00e3o do Prazo de Inscri\u00e7\u00f5es<\/td>\n<td width=\"176\">Das 10h00 do dia 19\/08\/2020 \u00e0s 23h59 do dia 21\/08\/2020<\/td>\n<\/tr>\n<tr>\n<td width=\"397\">Publica\u00e7\u00e3o da lista de inscri\u00e7\u00f5es recebidas ap\u00f3s prorroga\u00e7\u00e3o do prazo que foram deferidas<\/td>\n<td width=\"176\">26\/08\/2020<\/td>\n<\/tr>\n<tr>\n<td width=\"397\">Interposi\u00e7\u00e3o de recurso contra eventual indeferimento das inscri\u00e7\u00f5es<\/td>\n<td width=\"176\">do dia 26\/08\/2020 at\u00e9 \u00e0s 23h59min do dia\u00a0 27\/08\/2020<\/td>\n<\/tr>\n<tr>\n<td width=\"397\">Publica\u00e7\u00e3o do resultado de recursos contra eventual indeferimento das inscri\u00e7\u00f5es<\/td>\n<td width=\"176\">29\/08\/2020<\/td>\n<\/tr>\n<tr>\n<td width=\"397\">Publica\u00e7\u00e3o do Resultado preliminar do processo de credenciamento<\/td>\n<td width=\"176\">02\/09\/2020<\/td>\n<\/tr>\n<tr>\n<td width=\"397\">Interposi\u00e7\u00e3o de recurso contra eventual indeferimento das inscri\u00e7\u00f5es<\/p>\n<p>(ser\u00e1 admitido um \u00fanico recurso para cada candidato)<\/td>\n<td width=\"176\">do dia 02\/09\/2020 at\u00e9 \u00e0s 23h59min do dia\u00a0 03\/09\/2020<\/td>\n<\/tr>\n<tr>\n<td width=\"397\">Publica\u00e7\u00e3o do Resultado final do processo de credenciamento<\/td>\n<td width=\"176\">05\/09\/2020<\/td>\n<\/tr>\n<tr>\n<td width=\"397\">Publica\u00e7\u00e3o da convoca\u00e7\u00e3o para contrata\u00e7\u00e3o<\/td>\n<td width=\"176\">05\/09\/2020<\/td>\n<\/tr>\n<tr>\n<td width=\"397\">Previs\u00e3o de in\u00edcio do curso<\/td>\n<td width=\"176\">23\/09\/2020<\/td>\n<\/tr>\n<\/tbody>\n<\/table>\n<p><a href=\"https:\/\/www.saopaulo.sp.leg.br\/escoladoparlamento\/wp-content\/uploads\/sites\/5\/2020\/09\/Retifica\u00e7\u00e3o-do-resultado-preliminar_-DOC-03-09-2020_pag_99.pdf\">Retifica\u00e7\u00e3o do Resultado Preliminar<\/a><\/p>\n<p><a href=\"https:\/\/www.saopaulo.sp.leg.br\/escoladoparlamento\/wp-content\/uploads\/sites\/5\/2020\/08\/Inscrica\u00e7\u00f5es-deferidas_DO_26-08-20-p-94.pdf\">Inscri\u00e7\u00f5es Deferidas ap\u00f3s Prorroga\u00e7\u00e3o de Prazo<\/a><\/p>\n<p><a href=\"https:\/\/www.saopaulo.sp.leg.br\/escoladoparlamento\/wp-content\/uploads\/sites\/5\/2020\/08\/Publica\u00e7\u00e3o-do-Edital-005_Prorroga\u00e7\u00e3o-de-inscri\u00e7\u00e3o-pag-97.pdf\">Prorroga\u00e7\u00e3o de Inscri\u00e7\u00e3o<\/a><\/p>\n<p><a href=\"https:\/\/www.saopaulo.sp.leg.br\/escoladoparlamento\/wp-content\/uploads\/sites\/5\/2020\/08\/Inscrica\u00e7\u00f5es-deferidas_DO_18-08-20.pdf\">Inscri\u00e7\u00f5es Deferidas<\/a><\/p>\n<p><a href=\"https:\/\/www.saopaulo.sp.leg.br\/escoladoparlamento\/wp-content\/uploads\/sites\/5\/2020\/08\/Retifica\u00e7\u00e3o-do-Edital-005_DO_14-08-20_pag_137.pdf\">Retifica\u00e7\u00e3o do Edital<\/a><\/p>\n<p><a href=\"https:\/\/www.saopaulo.sp.leg.br\/escoladoparlamento\/wp-content\/uploads\/sites\/5\/2020\/08\/Edital-EP-005-2020-EDITAL-POP-RUA.pdf\">Edital de Cadastramento da Atividade<\/a><\/p>\n<p><a href=\"https:\/\/www.saopaulo.sp.leg.br\/escoladoparlamento\/wp-content\/uploads\/sites\/5\/2020\/08\/Anexo-II.docx\">Anexo II &#8211; Rela\u00e7\u00e3o de Experi\u00eancia Profissional<\/a><\/p>\n<p><a href=\"https:\/\/www.saopaulo.sp.leg.br\/escoladoparlamento\/wp-content\/uploads\/sites\/5\/2020\/08\/Anexo-III.docx\">Anexo III &#8211; Declara\u00e7\u00e3o de Experi\u00eancia Profissional &#8211; Doc\u00eancia<\/a><\/p>\n<p><a href=\"https:\/\/www.saopaulo.sp.leg.br\/escoladoparlamento\/wp-content\/uploads\/sites\/5\/2020\/08\/Anexo-IV.docx\">Anexo IV- Declara\u00e7\u00e3o de Experi\u00eancia Profissional &#8211; Orienta\u00e7\u00e3o de Trabalhos Acad\u00eamicos<\/a><\/p>\n<p><a href=\"https:\/\/www.saopaulo.sp.leg.br\/escoladoparlamento\/wp-content\/uploads\/sites\/5\/2020\/08\/Anexo-V.docx\">Anexo V &#8211; Declara\u00e7\u00e3o de Experi\u00eancia Profissional &#8211; Organiza\u00e7\u00f5es Privadas ou do Terceiro Setor<\/a><\/p>\n<p><a href=\"https:\/\/www.saopaulo.sp.leg.br\/escoladoparlamento\/wp-content\/uploads\/sites\/5\/2020\/08\/Anexo-VI.docx\">Anexo VI -Declara\u00e7\u00e3o de Autenticidade<\/a><\/p>\n<p>&nbsp;<\/p>\n<h1><span style=\"color: #ff0000\">Inscri\u00e7\u00f5es: <\/span><\/h1>\n<pre>Inscri\u00e7\u00f5es a partir das 10h00 do dia 19\/08\/2020 at\u00e9 23h59min do dia 21\/08\/2020<\/pre>\n","protected":false},"excerpt":{"rendered":"<p>Cronograma relativo a este Edital: &nbsp; EVENTO DATA Publica\u00e7\u00e3o do Edital de Credenciamento no Di\u00e1rio Oficial do Munic\u00edpio 11\/08\/2020 Per\u00edodo de Inscri\u00e7\u00e3o das 10h00 do dia 11\/08\/2020 at\u00e9 \u00e0s 23h59min do dia 16\/08\/2020 Publica\u00e7\u00e3o da lista de inscri\u00e7\u00f5es deferidas 18\/08\/2020 Prorroga\u00e7\u00e3o do Prazo de Inscri\u00e7\u00f5es Das 10h00 do dia 19\/08\/2020 \u00e0s 23h59 do dia 21\/08\/2020 [&hellip;]<\/p>\n","protected":false},"author":661,"featured_media":0,"parent":2870,"menu_order":224,"comment_status":"closed","ping_status":"closed","template":"","meta":{"_acf_changed":false,"footnotes":""},"class_list":["post-23592","page","type-page","status-publish","hentry"],"acf":[],"_links":{"self":[{"href":"https:\/\/www.saopaulo.sp.leg.br\/escoladoparlamento\/wp-json\/wp\/v2\/pages\/23592","targetHints":{"allow":["GET"]}}],"collection":[{"href":"https:\/\/www.saopaulo.sp.leg.br\/escoladoparlamento\/wp-json\/wp\/v2\/pages"}],"about":[{"href":"https:\/\/www.saopaulo.sp.leg.br\/escoladoparlamento\/wp-json\/wp\/v2\/types\/page"}],"author":[{"embeddable":true,"href":"https:\/\/www.saopaulo.sp.leg.br\/escoladoparlamento\/wp-json\/wp\/v2\/users\/661"}],"replies":[{"embeddable":true,"href":"https:\/\/www.saopaulo.sp.leg.br\/escoladoparlamento\/wp-json\/wp\/v2\/comments?post=23592"}],"version-history":[{"count":1,"href":"https:\/\/www.saopaulo.sp.leg.br\/escoladoparlamento\/wp-json\/wp\/v2\/pages\/23592\/revisions"}],"predecessor-version":[{"id":29687,"href":"https:\/\/www.saopaulo.sp.leg.br\/escoladoparlamento\/wp-json\/wp\/v2\/pages\/23592\/revisions\/29687"}],"up":[{"embeddable":true,"href":"https:\/\/www.saopaulo.sp.leg.br\/escoladoparlamento\/wp-json\/wp\/v2\/pages\/2870"}],"wp:attachment":[{"href":"https:\/\/www.saopaulo.sp.leg.br\/escoladoparlamento\/wp-json\/wp\/v2\/media?parent=23592"}],"curies":[{"name":"wp","href":"https:\/\/api.w.org\/{rel}","templated":true}]}}