{"id":193,"date":"2015-05-20T22:04:37","date_gmt":"2015-05-20T22:04:37","guid":{"rendered":"http:\/\/www.saopaulo.sp.leg.br\/escoladoparlamento\/?page_id=193"},"modified":"2022-12-19T14:10:39","modified_gmt":"2022-12-19T17:10:39","slug":"cadernos-e-relatorios","status":"publish","type":"page","link":"https:\/\/www.saopaulo.sp.leg.br\/escoladoparlamento\/publicacoes\/cadernos-e-relatorios\/","title":{"rendered":"CADERNOS E RELAT\u00d3RIOS"},"content":{"rendered":"<h3>Relat\u00f3rios de Atividades<\/h3>\n<table style=\"border-collapse: collapse;width: 324px;height: 265px\" border=\"0\" width=\"512\" cellspacing=\"0\" cellpadding=\"0\">\n<colgroup>\n<col style=\"width: 120pt\" span=\"4\" width=\"32\" \/> <\/colgroup>\n<tbody>\n<tr style=\"height: 15.0pt\">\n<td style=\"height: 15pt;width: 48pt\" width=\"64\" height=\"20\"><a href=\"http:\/\/www.saopaulo.sp.leg.br\/escoladoparlamento\/wp-content\/uploads\/sites\/5\/2015\/05\/Relatorio_EP_2015-2016.pdf\"><img loading=\"lazy\" decoding=\"async\" class=\"alignnone wp-image-6262 size-medium\" src=\"http:\/\/www.saopaulo.sp.leg.br\/escoladoparlamento\/wp-content\/uploads\/sites\/5\/2015\/05\/capa_relatorio_2015_2016-249x300.png\" width=\"249\" height=\"300\" srcset=\"https:\/\/www.saopaulo.sp.leg.br\/escoladoparlamento\/wp-content\/uploads\/sites\/5\/2015\/05\/capa_relatorio_2015_2016-249x300.png 249w, https:\/\/www.saopaulo.sp.leg.br\/escoladoparlamento\/wp-content\/uploads\/sites\/5\/2015\/05\/capa_relatorio_2015_2016.png 302w\" sizes=\"auto, (max-width: 249px) 100vw, 249px\" \/><\/a><\/td>\n<td style=\"height: 15pt;width: 48pt\" width=\"64\" height=\"20\"><a href=\"http:\/\/www.saopaulo.sp.leg.br\/wp-content\/uploads\/dce\/escola_do_parlamento\/publicacoes\/EP_CMSP_Relatorio_Atividades_2013.pdf\" target=\"_blank\" rel=\"noopener\"><img loading=\"lazy\" decoding=\"async\" class=\" aligncenter\" src=\"http:\/\/www.saopaulo.sp.leg.br\/wp-content\/uploads\/dce\/escola_do_parlamento\/publicacoes\/EP_CMSP_Relatorio_Atividades_2013.png\" alt=\"\" width=\"150\" height=\"215\" \/><\/a><\/td>\n<\/tr>\n<tr style=\"height: 15.0pt\">\n<td style=\"height: 15pt;text-align: center\" height=\"20\">2015-16<\/td>\n<td style=\"height: 15pt;text-align: center\" height=\"20\">2013<\/td>\n<\/tr>\n<\/tbody>\n<\/table>\n<h3><\/h3>\n<h3>Cadernos da Escola do Parlamento<\/h3>\n<table style=\"border-collapse: collapse;width: 980px;height: 265px\" border=\"0\" width=\"512\" cellspacing=\"0\" cellpadding=\"0\">\n<colgroup>\n<col style=\"width: 120pt\" span=\"4\" width=\"32\" \/> <\/colgroup>\n<tbody>\n<tr style=\"height: 15.0pt\">\n<td style=\"height: 15.0pt;width: 48pt\" width=\"64\" height=\"20\"><a href=\"http:\/\/www.saopaulo.sp.leg.br\/wp-content\/uploads\/dce\/escola_do_parlamento\/publicacoes\/CEP_I_Democracia_e_Parlamento.pdf\" target=\"_blank\" rel=\"noopener\"><img loading=\"lazy\" decoding=\"async\" class=\" aligncenter\" src=\"http:\/\/www.saopaulo.sp.leg.br\/wp-content\/uploads\/dce\/escola_do_parlamento\/publicacoes\/CEP_I_Democracia_e_Parlamento.jpg\" alt=\"\" width=\"150\" height=\"215\" \/><\/a><\/td>\n<td style=\"width: 48pt\" width=\"64\"><a href=\"http:\/\/www.saopaulo.sp.leg.br\/wp-content\/uploads\/dce\/escola_do_parlamento\/publicacoes\/CEP_II_Literatura_Paulistana.pdf\" target=\"_blank\" rel=\"noopener\"><img loading=\"lazy\" decoding=\"async\" class=\" aligncenter\" src=\"http:\/\/www.saopaulo.sp.leg.br\/wp-content\/uploads\/dce\/escola_do_parlamento\/publicacoes\/CEP_II_Literatura_Paulistana.jpg\" alt=\"\" width=\"150\" height=\"215\" \/><\/a><\/td>\n<td style=\"width: 48pt\" width=\"64\"><a href=\"http:\/\/www.saopaulo.sp.leg.br\/wp-content\/uploads\/dce\/escola_do_parlamento\/publicacoes\/CEP_III_Gestao_Publica_aplicada.pdf\" target=\"_blank\" rel=\"noopener\"><img loading=\"lazy\" decoding=\"async\" class=\" aligncenter\" src=\"http:\/\/www.saopaulo.sp.leg.br\/wp-content\/uploads\/dce\/escola_do_parlamento\/publicacoes\/CEP_III_Gestao_Publica_aplicada.jpg\" alt=\"\" width=\"150\" height=\"215\" \/><\/a><\/td>\n<\/tr>\n<tr style=\"height: 15.0pt\">\n<td style=\"height: 15pt;text-align: center\" height=\"20\">I<br \/>\nDemocracia e Parlamento<\/td>\n<td style=\"text-align: center\">II<br \/>\nLiteratura Paulistana<\/td>\n<td style=\"text-align: center\">III<br \/>\nGest\u00e3o P\u00fablica aplicada ao Legislativo<\/td>\n<\/tr>\n<\/tbody>\n<tbody>\n<tr style=\"height: 15.0pt\">\n<td style=\"height: 15.0pt;width: 48pt\" width=\"64\" height=\"20\"><a href=\"http:\/\/www.saopaulo.sp.leg.br\/wp-content\/uploads\/dce\/escola_do_parlamento\/publicacoes\/CEP_IV_Igualdade_de_Genero_I.pdf\" target=\"_blank\" rel=\"noopener\"><img loading=\"lazy\" decoding=\"async\" class=\" aligncenter\" src=\"http:\/\/www.saopaulo.sp.leg.br\/wp-content\/uploads\/dce\/escola_do_parlamento\/publicacoes\/CEP_IV_Igualdade_de_Genero_I.jpg\" alt=\"\" width=\"150\" height=\"215\" \/><\/a><\/td>\n<td style=\"width: 48pt;text-align: justify\" width=\"64\"><a href=\"http:\/\/www.saopaulo.sp.leg.br\/wp-content\/uploads\/dce\/escola_do_parlamento\/publicacoes\/CEP_V_Igualdade_de_Genero_II.pdf\" target=\"_blank\" rel=\"noopener\"><img loading=\"lazy\" decoding=\"async\" class=\" aligncenter\" src=\"http:\/\/www.saopaulo.sp.leg.br\/wp-content\/uploads\/dce\/escola_do_parlamento\/publicacoes\/CEP_V_Igualdade_de_Genero_II.jpg\" alt=\"\" width=\"150\" height=\"215\" \/><\/a><\/td>\n<td style=\"width: 48pt\" width=\"64\"><a href=\"http:\/\/www.saopaulo.sp.leg.br\/wp-content\/uploads\/dce\/escola_do_parlamento\/publicacoes\/CEP_VI_Literatura_Politica.pdf\" target=\"_blank\" rel=\"noopener\"><img loading=\"lazy\" decoding=\"async\" class=\" aligncenter\" src=\"http:\/\/www.saopaulo.sp.leg.br\/wp-content\/uploads\/dce\/escola_do_parlamento\/publicacoes\/CEP_VI_Literatura_Politica.jpg\" alt=\"\" width=\"150\" height=\"215\" \/><\/a><\/td>\n<\/tr>\n<tr style=\"height: 15.0pt\">\n<td style=\"height: 15pt;text-align: center\" height=\"20\">IV<br \/>\nIgualdade de G\u00eanero I<\/td>\n<td style=\"text-align: center\">V<br \/>\nIgualdade de G\u00eanero II<\/td>\n<td style=\"text-align: center\">VI<br \/>\nLiteratura Pol\u00edtica<\/td>\n<\/tr>\n<\/tbody>\n<tbody>\n<tr style=\"height: 15.0pt\">\n<td style=\"height: 15.0pt;width: 48pt\" width=\"64\" height=\"20\"><a href=\"https:\/\/www.saopaulo.sp.leg.br\/escoladoparlamento\/wp-content\/uploads\/sites\/5\/2022\/10\/Cadernos_EP_Educacao-e-Cidadania.pdf\"><img loading=\"lazy\" decoding=\"async\" class=\"aligncenter wp-image-28095\" src=\"https:\/\/www.saopaulo.sp.leg.br\/escoladoparlamento\/wp-content\/uploads\/sites\/5\/2022\/10\/Cadernos_EP_Educacao-e-Cidadania-1-1_page-0001.jpg\" alt=\"\" width=\"128\" height=\"181\" srcset=\"https:\/\/www.saopaulo.sp.leg.br\/escoladoparlamento\/wp-content\/uploads\/sites\/5\/2022\/10\/Cadernos_EP_Educacao-e-Cidadania-1-1_page-0001.jpg 1241w, https:\/\/www.saopaulo.sp.leg.br\/escoladoparlamento\/wp-content\/uploads\/sites\/5\/2022\/10\/Cadernos_EP_Educacao-e-Cidadania-1-1_page-0001-212x300.jpg 212w, https:\/\/www.saopaulo.sp.leg.br\/escoladoparlamento\/wp-content\/uploads\/sites\/5\/2022\/10\/Cadernos_EP_Educacao-e-Cidadania-1-1_page-0001-725x1024.jpg 725w, https:\/\/www.saopaulo.sp.leg.br\/escoladoparlamento\/wp-content\/uploads\/sites\/5\/2022\/10\/Cadernos_EP_Educacao-e-Cidadania-1-1_page-0001-768x1085.jpg 768w, https:\/\/www.saopaulo.sp.leg.br\/escoladoparlamento\/wp-content\/uploads\/sites\/5\/2022\/10\/Cadernos_EP_Educacao-e-Cidadania-1-1_page-0001-1087x1536.jpg 1087w\" sizes=\"auto, (max-width: 128px) 100vw, 128px\" \/><\/a><\/td>\n<td style=\"width: 48pt;text-align: justify\" width=\"64\"><a href=\"https:\/\/www.saopaulo.sp.leg.br\/escoladoparlamento\/wp-content\/uploads\/sites\/5\/2022\/12\/CADERNOS-EP_2022.pdf\"><img loading=\"lazy\" decoding=\"async\" class=\"wp-image-28141 aligncenter\" src=\"https:\/\/www.saopaulo.sp.leg.br\/escoladoparlamento\/wp-content\/uploads\/sites\/5\/2022\/11\/Boneco-Cadernos-EP-atualizado-1_page-0001-212x300.jpg\" alt=\"\" width=\"128\" height=\"181\" srcset=\"https:\/\/www.saopaulo.sp.leg.br\/escoladoparlamento\/wp-content\/uploads\/sites\/5\/2022\/11\/Boneco-Cadernos-EP-atualizado-1_page-0001-212x300.jpg 212w, https:\/\/www.saopaulo.sp.leg.br\/escoladoparlamento\/wp-content\/uploads\/sites\/5\/2022\/11\/Boneco-Cadernos-EP-atualizado-1_page-0001-724x1024.jpg 724w, https:\/\/www.saopaulo.sp.leg.br\/escoladoparlamento\/wp-content\/uploads\/sites\/5\/2022\/11\/Boneco-Cadernos-EP-atualizado-1_page-0001-768x1087.jpg 768w, https:\/\/www.saopaulo.sp.leg.br\/escoladoparlamento\/wp-content\/uploads\/sites\/5\/2022\/11\/Boneco-Cadernos-EP-atualizado-1_page-0001-1085x1536.jpg 1085w, https:\/\/www.saopaulo.sp.leg.br\/escoladoparlamento\/wp-content\/uploads\/sites\/5\/2022\/11\/Boneco-Cadernos-EP-atualizado-1_page-0001.jpg 1240w\" sizes=\"auto, (max-width: 128px) 100vw, 128px\" \/><\/a><\/td>\n<td style=\"width: 48pt\" width=\"64\"><\/td>\n<\/tr>\n<tr style=\"height: 15.0pt\">\n<td style=\"height: 15pt;text-align: center\" height=\"20\">Educa\u00e7\u00e3o e Cidadania<\/td>\n<td style=\"text-align: center\">Limites da Democracia e da Participa\u00e7\u00e3o Pol\u00edtica no Brasil \u2013 Ra\u00e7a e G\u00eanero<\/td>\n<td style=\"text-align: center\"><\/td>\n<\/tr>\n<\/tbody>\n<\/table>\n","protected":false},"excerpt":{"rendered":"<p>Relat\u00f3rios de Atividades 2015-16 2013 Cadernos da Escola do Parlamento I Democracia e Parlamento II Literatura Paulistana III Gest\u00e3o P\u00fablica aplicada ao Legislativo IV Igualdade de G\u00eanero I V Igualdade de G\u00eanero II VI Literatura Pol\u00edtica Educa\u00e7\u00e3o e Cidadania Limites da Democracia e da Participa\u00e7\u00e3o Pol\u00edtica no Brasil \u2013 Ra\u00e7a e G\u00eanero<\/p>\n","protected":false},"author":19,"featured_media":0,"parent":43,"menu_order":729,"comment_status":"open","ping_status":"open","template":"page-larga.php","meta":{"_acf_changed":false,"footnotes":""},"class_list":["post-193","page","type-page","status-publish","hentry"],"acf":[],"_links":{"self":[{"href":"https:\/\/www.saopaulo.sp.leg.br\/escoladoparlamento\/wp-json\/wp\/v2\/pages\/193","targetHints":{"allow":["GET"]}}],"collection":[{"href":"https:\/\/www.saopaulo.sp.leg.br\/escoladoparlamento\/wp-json\/wp\/v2\/pages"}],"about":[{"href":"https:\/\/www.saopaulo.sp.leg.br\/escoladoparlamento\/wp-json\/wp\/v2\/types\/page"}],"author":[{"embeddable":true,"href":"https:\/\/www.saopaulo.sp.leg.br\/escoladoparlamento\/wp-json\/wp\/v2\/users\/19"}],"replies":[{"embeddable":true,"href":"https:\/\/www.saopaulo.sp.leg.br\/escoladoparlamento\/wp-json\/wp\/v2\/comments?post=193"}],"version-history":[{"count":0,"href":"https:\/\/www.saopaulo.sp.leg.br\/escoladoparlamento\/wp-json\/wp\/v2\/pages\/193\/revisions"}],"up":[{"embeddable":true,"href":"https:\/\/www.saopaulo.sp.leg.br\/escoladoparlamento\/wp-json\/wp\/v2\/pages\/43"}],"wp:attachment":[{"href":"https:\/\/www.saopaulo.sp.leg.br\/escoladoparlamento\/wp-json\/wp\/v2\/media?parent=193"}],"curies":[{"name":"wp","href":"https:\/\/api.w.org\/{rel}","templated":true}]}}