{"id":17978,"date":"2020-06-09T16:33:03","date_gmt":"2020-06-09T19:33:03","guid":{"rendered":"http:\/\/www.saopaulo.sp.leg.br\/escoladoparlamento\/?page_id=17978"},"modified":"2020-07-16T14:56:57","modified_gmt":"2020-07-16T17:56:57","slug":"projeto-reporter-do-futuro-13a-edicao-2020","status":"publish","type":"page","link":"https:\/\/www.saopaulo.sp.leg.br\/escoladoparlamento\/cursos\/cursos-anteriores\/cursos-realizados-em-2020\/projeto-reporter-do-futuro-13a-edicao-2020\/","title":{"rendered":"Projeto Rep\u00f3rter do Futuro \u2013 13\u00aa Edi\u00e7\u00e3o &#8211; 2020"},"content":{"rendered":"<div>\n<div>\n<p><a href=\"https:\/\/www.saopaulo.sp.leg.br\/escoladoparlamento\/wp-content\/uploads\/sites\/5\/2020\/06\/Logo_Obore-30.png\"><img loading=\"lazy\" decoding=\"async\" class=\"alignright size-full wp-image-17980\" src=\"https:\/\/www.saopaulo.sp.leg.br\/escoladoparlamento\/wp-content\/uploads\/sites\/5\/2020\/06\/Logo_Obore-30.png\" alt=\"\" width=\"146\" height=\"71\" \/><\/a><\/p>\n<p><strong>Descobrir S\u00e3o Paulo, Descobrir-se Rep\u00f3rter<\/strong>, m\u00f3dulo do <strong>Projeto Rep\u00f3rter do Futuro, <\/strong>parceria entre a OBOR\u00c9 e a Escola do Parlamento, tem como foco, em sua 13\u00aa Edi\u00e7\u00e3o, <em>A vida da cidade no contexto da pandemia do coronav\u00edrus<\/em>. Entender os principais temas que desafiam a cidade nesse novo cen\u00e1rio \u00e9 vital para quem pretende ser rep\u00f3rter.<\/p>\n<p>Os encontros &#8211; em plataforma online para obedecer ao distanciamento social que estamos tendo que vivenciar devido \u00e0 Covid-19 &#8211; acontecem sempre aos s\u00e1bados, pela manh\u00e3. Ao longo do curso, os 25 estudantes selecionados participam de coletiva de imprensa com jornalistas consagrados j\u00e1 na aula inaugural, interagem com convidados nos dois encontros seguintes e, a partir da\u00ed, entrevistam, a cada aula, os vereadores convidados, que falar\u00e3o sobre as a\u00e7\u00f5es em curso nos respectivos mandatos parlamentares que buscam responder aos desafios atuais da gest\u00e3o de uma megal\u00f3pole como S\u00e3o Paulo.<\/p>\n<p>O m\u00f3dulo tem o apoio da Associa\u00e7\u00e3o Brasileira de Jornalismo Investigativo (Abraji), do Instituto de Pesquisa, Forma\u00e7\u00e3o e Difus\u00e3o de Pol\u00edticas P\u00fablicas e Sociais (IPFD), do Instituto de Estudos Avan\u00e7ados (IEA-USP), Instituto dos Arquitetos do Brasil (IAB) e TV C\u00e2mara.<\/p>\n<\/div>\n<\/div>\n<div>\n<p><strong>Objetivos<\/strong>: Entender os principais temas que desafiam a gest\u00e3o da cidade de S\u00e3o Paulo<\/p>\n<p><strong>P\u00fablico Alvo:<\/strong> Estudantes universit\u00e1rios de gradua\u00e7\u00e3o em Jornalismo.<\/p>\n<p><strong>Vagas:<\/strong> 25<\/p>\n<h3><span style=\"color: #ff0000\"><strong>Programa\u00e7\u00e3o:\u00a0<\/strong><\/span><\/h3>\n<p><strong>9 de maio<\/strong> &#8211; 9h-12h<br \/>\nAbertura &#8211; Aula Inaugural<br \/>\nConvidados: <strong>Aldo Quiroga<\/strong> (TV Cultura), <strong>Cristiane Pai\u00e3o<\/strong> (GloboNews), <strong>Giulia Afiune<\/strong> (P\u00fablica), <strong>Jo\u00e3o Paulo Charleaux<\/strong> (Nexo), <strong>Patr\u00edcia Campos Mello<\/strong> (Folha de S. Paulo) e <strong>Victor Ferreira<\/strong> (GloboNews)<br \/>\nTema: <strong>Novos protocolos para entrevistas jornal\u00edsticas em tempos de emerg\u00eancia sanit\u00e1ria<\/strong><br \/>\nclique <a href=\"https:\/\/bit.ly\/Rep\u00f3rterFuturo_AulaInaugural\">AQUI<\/a> para assitir \u00e0 aula<\/p>\n<p><strong>16 maio<\/strong> &#8211; 9h-12h<br \/>\nAula Magna<br \/>\nConvidado: <strong>Marcos Silveira Buckeridge<\/strong> (IEA ISP)<br \/>\nTema: <strong>Cidades Globais<\/strong><br \/>\nClique <a href=\"https:\/\/bit.ly\/ReporterFuturo_CidadesGlobais\">AQUI<\/a> para assistir \u00e0 aula<\/p>\n<p><strong>23 maio<\/strong> &#8211; 9h-12h<br \/>\nPalestra \/ Entrevista coletiva<br \/>\nConvidado: <strong>Gonzalo Vecina Neto<\/strong> (FSP USP)<br \/>\nTema:<strong> SUS em SP<\/strong><br \/>\nClique <a href=\"https:\/\/bit.ly\/ReporterFuturo_SUSemSP\">AQUI<\/a>\u00a0para assistir \u00e0 aula<\/p>\n<\/div>\n<p><strong>30 maio<\/strong> &#8211; 9h-12h<br \/>\nPalestra \/ Entrevista coletiva<br \/>\nConvidado: <strong>vereador Eliseu Gabriel (PSB)<\/strong><br \/>\nTema: <strong>Educa\u00e7\u00e3o<\/strong><br \/>\nClique <a href=\"https:\/\/bit.ly\/ReporterFuturo_Educa\u00e7\u00e3o\">AQUI<\/a>\u00a0para assistir \u00e0 aula<\/p>\n<p><strong>6 junho<\/strong> &#8211; 9h-12h<br \/>\nPalestra \/ Entrevista coletiva<br \/>\nConvidada: <strong>vereadora Soninha (Cidadania)<\/strong><br \/>\nTema: <strong>Ocupa\u00e7\u00e3o urbana<\/strong><br \/>\nClique <a href=\"https:\/\/bit.ly\/Rep\u00f3rterFuturo_Ocupa\u00e7\u00e3oUrbana\">AQUI<\/a>\u00a0para assistir \u00e0 aula<\/p>\n<p><strong>13 junho<\/strong> &#8211; 9h-12h<br \/>\nPalestra \/ Entrevista coletiva<br \/>\nConvidado: <strong>vereador Antonio Donato (PT)<\/strong><br \/>\nTema: <strong>Emprego e renda<\/strong><br \/>\nClique <a href=\"https:\/\/www.facebook.com\/camarasaopaulo\/videos\/548282942530285\/\">AQUI<\/a> para assistir \u00e0 aula<\/p>\n<p><strong>20 junho<\/strong> &#8211; 9h-12h<br \/>\nPalestra \/ Entrevista coletiva<br \/>\nConvidado: <strong>vereador Gilberto Natalini (PV)<\/strong><br \/>\nTema: <strong>Sustentabilidade<\/strong><br \/>\nClique <a href=\"https:\/\/www.facebook.com\/watch\/live\/?v=568412207154577\">AQUI<\/a> para assistir \u00e0 aula<\/p>\n<p><strong>27 junho<\/strong>\u00a0 &#8211; 9h-12h<br \/>\nPalestra \/ Entrevista coletiva<br \/>\nConvidada: <strong>vereadora Jana\u00edna Lima (NOVO)<\/strong><br \/>\nTema: <strong>Pol\u00edticas da Primeira Inf\u00e2ncia<\/strong><br \/>\nClique <a href=\"https:\/\/www.facebook.com\/watch\/live\/?v=588575142082793\">AQUI<\/a> para assistir \u00e0 aula<\/p>\n<p><strong>4 julho<\/strong> &#8211; 9h-12h<br \/>\nPalestra \/ Entrevista coletiva<br \/>\nConvidado: <strong>vereador Police Neto (PSD)<\/strong><br \/>\nTema: <strong>Mobilidade urbana<\/strong><br \/>\nClique <a href=\"https:\/\/www.facebook.com\/camarasaopaulo\/videos\/696127274555300\/\">AQUI<\/a> para assistir \u00e0 aula<\/p>\n<p><strong>9 julho<\/strong> &#8211; 9h-12h<br \/>\nEncerramento com Equipe, parceiros e alunos &#8211; <strong>Avalia\u00e7\u00e3o<\/strong><\/p>\n<p style=\"text-align: center\"><span style=\"color: #ff0000\"><strong>ATEN\u00c7\u00c3O<\/strong><\/span><\/p>\n<p style=\"text-align: center\">Todos os encontros est\u00e3o sendo transmitidos ao vivo pela TV C\u00e2mara (canal digital aberto 61.4) e pelas m\u00eddias sociais da <a href=\"http:\/\/www.facebook.com\/eparlamento\">Escola do Parlamento<\/a> e da <a href=\"http:\/\/www.facebook.com\/camarasaopaulo\">C\u00e2mara Municipal de S\u00e3o Paulo<\/a><\/p>\n","protected":false},"excerpt":{"rendered":"<p>Descobrir S\u00e3o Paulo, Descobrir-se Rep\u00f3rter, m\u00f3dulo do Projeto Rep\u00f3rter do Futuro, parceria entre a OBOR\u00c9 e a Escola do Parlamento, tem como foco, em sua 13\u00aa Edi\u00e7\u00e3o, A vida da cidade no contexto da pandemia do coronav\u00edrus. Entender os principais temas que desafiam a cidade nesse novo cen\u00e1rio \u00e9 vital para quem pretende ser rep\u00f3rter. [&hellip;]<\/p>\n","protected":false},"author":522,"featured_media":0,"parent":17641,"menu_order":236,"comment_status":"closed","ping_status":"closed","template":"","meta":{"_acf_changed":false,"footnotes":""},"class_list":["post-17978","page","type-page","status-publish","hentry"],"acf":[],"_links":{"self":[{"href":"https:\/\/www.saopaulo.sp.leg.br\/escoladoparlamento\/wp-json\/wp\/v2\/pages\/17978","targetHints":{"allow":["GET"]}}],"collection":[{"href":"https:\/\/www.saopaulo.sp.leg.br\/escoladoparlamento\/wp-json\/wp\/v2\/pages"}],"about":[{"href":"https:\/\/www.saopaulo.sp.leg.br\/escoladoparlamento\/wp-json\/wp\/v2\/types\/page"}],"author":[{"embeddable":true,"href":"https:\/\/www.saopaulo.sp.leg.br\/escoladoparlamento\/wp-json\/wp\/v2\/users\/522"}],"replies":[{"embeddable":true,"href":"https:\/\/www.saopaulo.sp.leg.br\/escoladoparlamento\/wp-json\/wp\/v2\/comments?post=17978"}],"version-history":[{"count":0,"href":"https:\/\/www.saopaulo.sp.leg.br\/escoladoparlamento\/wp-json\/wp\/v2\/pages\/17978\/revisions"}],"up":[{"embeddable":true,"href":"https:\/\/www.saopaulo.sp.leg.br\/escoladoparlamento\/wp-json\/wp\/v2\/pages\/17641"}],"wp:attachment":[{"href":"https:\/\/www.saopaulo.sp.leg.br\/escoladoparlamento\/wp-json\/wp\/v2\/media?parent=17978"}],"curies":[{"name":"wp","href":"https:\/\/api.w.org\/{rel}","templated":true}]}}