{"id":16925,"date":"2019-10-11T18:54:00","date_gmt":"2019-10-11T21:54:00","guid":{"rendered":"http:\/\/www.saopaulo.sp.leg.br\/escoladoparlamento\/?page_id=16925"},"modified":"2019-10-25T14:44:01","modified_gmt":"2019-10-25T17:44:01","slug":"o-poder-legislativo-na-promocao-da-resiliencia-financeira-municipal","status":"publish","type":"page","link":"https:\/\/www.saopaulo.sp.leg.br\/escoladoparlamento\/cursos\/cursos-anteriores\/cursos-realizados-em-2019\/o-poder-legislativo-na-promocao-da-resiliencia-financeira-municipal\/","title":{"rendered":"O Poder Legislativo na Promo\u00e7\u00e3o da Resili\u00eancia Financeira Municipal"},"content":{"rendered":"<p><strong>Diretor Respons\u00e1vel:<\/strong> Alexsandro Santos<\/p>\n<p><strong>Coordena\u00e7\u00e3o e Realiza\u00e7\u00e3o:<\/strong> Grupo de Pesquisa <em>Resili\u00eancia Financeira em Cidades Contempor\u00e2neas<\/em> do Instituto de Estudos Avan\u00e7ados da USP<\/p>\n<p>Os governos municipais precisam ir al\u00e9m da efici\u00eancia, desenvolvendo formas de enfrentar crises e press\u00f5es, sem reduzir o n\u00edvel de entrega dos servi\u00e7os p\u00fablicos. Para que isso aconte\u00e7a, \u00e9 fundamental que o Poder Legislativo colabore com a promo\u00e7\u00e3o da resili\u00eancia or\u00e7ament\u00e1ria e financeira dos munic\u00edpios.<\/p>\n<p>Este semin\u00e1rio \u00e9 fruto do ac\u00famulo de investiga\u00e7\u00e3o do Grupo de Pesquisa <em>Resili\u00eancia Financeira em Cidades Contempor\u00e2neas<\/em>, do Instituto de Estudos Avan\u00e7ados da USP, que tem se debru\u00e7ado sobre o problema\u00a0na administra\u00e7\u00e3o p\u00fablica municipal.<\/p>\n<p><strong>Objetivo:<\/strong> Discutir e construir alternativas para uma agenda de resili\u00eancia financeira que envolva o Poder Legislativo.<\/p>\n<p><strong>P\u00fablico Alvo:<\/strong> Cidad\u00e3os interessados no tema, estudiosos e especialistas da Gest\u00e3o P\u00fablica, do Direito Administrativo e da Contabilidade P\u00fablica.<\/p>\n<p><strong>Vagas:<\/strong> 90<\/p>\n<p><strong>Carga Hor\u00e1ria:<\/strong> 3 horas<\/p>\n<h2><strong>Inscri\u00e7\u00f5es encerradas.<\/strong><\/h2>\n<p><strong>Programa\u00e7\u00e3o:<\/strong><\/p>\n<table>\n<tbody>\n<tr>\n<td><strong>Data\/Hora<\/strong><\/td>\n<td><strong>Sala<\/strong><\/td>\n<td><strong>Palestrante<\/strong><\/td>\n<td><strong>Tema<\/strong><\/td>\n<\/tr>\n<tr>\n<td><strong>17\/10<\/strong><\/p>\n<p>9h30<\/td>\n<td><a href=\"http:\/\/www.saopaulo.sp.leg.br\/transparencia\/auditorios-online\/plenario-1o-de-maio\/\">Plen\u00e1rio 1\u00ba de Maio<\/a><\/td>\n<td><strong>Vereador Eduardo Tuma <\/strong>(Presidente da C\u00e2mara Municipal de S\u00e3o Paulo)<\/td>\n<td><em>Confer\u00eancia de Abertura:<\/em><\/p>\n<p>A a\u00e7\u00e3o legislativa na quest\u00e3o or\u00e7ament\u00e1ria: como reduzir vulnerabilidade dos governos<\/td>\n<\/tr>\n<tr>\n<td>10h30<\/td>\n<td><a href=\"http:\/\/www.saopaulo.sp.leg.br\/transparencia\/auditorios-online\/plenario-1o-de-maio\/\">Plen\u00e1rio 1\u00ba de Maio<\/a><\/td>\n<td><strong>Prof. Andr\u00e9 Carlos Busanelli de Aquino<\/strong> (USP\/FEARP e IEA)<\/td>\n<td><em>Palestra: <\/em><em>Resili\u00eancia em Governos <\/em><\/td>\n<\/tr>\n<tr>\n<td>11h15<\/td>\n<td><a href=\"http:\/\/www.saopaulo.sp.leg.br\/transparencia\/auditorios-online\/plenario-1o-de-maio\/\">Plen\u00e1rio 1\u00ba de Maio<\/a><\/td>\n<td><strong>Prof. Andr\u00e9 Carlos Busanelli de Aquino\u00a0<\/strong> (USP\/FEARP e IEA)<\/p>\n<p><strong>Profa. Ana Carla Bliacheriene\u00a0<\/strong> (USP\/EACH e IEA)<\/p>\n<p><strong>Prof. Andr\u00e9 Feliciano Lino\u00a0<\/strong> (UFPA e IEA)<\/p>\n<p>&nbsp;<\/td>\n<td><em>Painel Tem\u00e1tico:<\/em><\/p>\n<p><em>Como aumentar a resili\u00eancia com a\u00e7\u00f5es propositivas?<\/em><\/p>\n<p><em>\u00a0<\/em><\/td>\n<\/tr>\n<\/tbody>\n<\/table>\n","protected":false},"excerpt":{"rendered":"<p>Diretor Respons\u00e1vel: Alexsandro Santos Coordena\u00e7\u00e3o e Realiza\u00e7\u00e3o: Grupo de Pesquisa Resili\u00eancia Financeira em Cidades Contempor\u00e2neas do Instituto de Estudos Avan\u00e7ados da USP Os governos municipais precisam ir al\u00e9m da efici\u00eancia, desenvolvendo formas de enfrentar crises e press\u00f5es, sem reduzir o n\u00edvel de entrega dos servi\u00e7os p\u00fablicos. Para que isso aconte\u00e7a, \u00e9 fundamental que o Poder [&hellip;]<\/p>\n","protected":false},"author":522,"featured_media":0,"parent":15928,"menu_order":269,"comment_status":"closed","ping_status":"closed","template":"","meta":{"_acf_changed":false,"footnotes":""},"class_list":["post-16925","page","type-page","status-publish","hentry"],"acf":[],"_links":{"self":[{"href":"https:\/\/www.saopaulo.sp.leg.br\/escoladoparlamento\/wp-json\/wp\/v2\/pages\/16925","targetHints":{"allow":["GET"]}}],"collection":[{"href":"https:\/\/www.saopaulo.sp.leg.br\/escoladoparlamento\/wp-json\/wp\/v2\/pages"}],"about":[{"href":"https:\/\/www.saopaulo.sp.leg.br\/escoladoparlamento\/wp-json\/wp\/v2\/types\/page"}],"author":[{"embeddable":true,"href":"https:\/\/www.saopaulo.sp.leg.br\/escoladoparlamento\/wp-json\/wp\/v2\/users\/522"}],"replies":[{"embeddable":true,"href":"https:\/\/www.saopaulo.sp.leg.br\/escoladoparlamento\/wp-json\/wp\/v2\/comments?post=16925"}],"version-history":[{"count":0,"href":"https:\/\/www.saopaulo.sp.leg.br\/escoladoparlamento\/wp-json\/wp\/v2\/pages\/16925\/revisions"}],"up":[{"embeddable":true,"href":"https:\/\/www.saopaulo.sp.leg.br\/escoladoparlamento\/wp-json\/wp\/v2\/pages\/15928"}],"wp:attachment":[{"href":"https:\/\/www.saopaulo.sp.leg.br\/escoladoparlamento\/wp-json\/wp\/v2\/media?parent=16925"}],"curies":[{"name":"wp","href":"https:\/\/api.w.org\/{rel}","templated":true}]}}