{"id":16922,"date":"2019-10-14T17:13:34","date_gmt":"2019-10-14T20:13:34","guid":{"rendered":"http:\/\/www.saopaulo.sp.leg.br\/escoladoparlamento\/?page_id=16922"},"modified":"2019-11-05T18:10:22","modified_gmt":"2019-11-05T21:10:22","slug":"oficinas-governo-aberto","status":"publish","type":"page","link":"https:\/\/www.saopaulo.sp.leg.br\/escoladoparlamento\/cursos\/cursos-anteriores\/cursos-realizados-em-2019\/oficinas-governo-aberto\/","title":{"rendered":"Oficinas: Governo Aberto"},"content":{"rendered":"<figure id=\"attachment_16923\" aria-describedby=\"caption-attachment-16923\" style=\"width: 640px\" class=\"wp-caption aligncenter\"><a href=\"https:\/\/www.prefeitura.sp.gov.br\/cidade\/secretarias\/governo\/governo_aberto_na_cidade_de_sao_paulo\/index.php?p=274100\"><img loading=\"lazy\" decoding=\"async\" class=\"wp-image-16923 size-large\" src=\"https:\/\/www.saopaulo.sp.leg.br\/escoladoparlamento\/wp-content\/uploads\/sites\/5\/2019\/10\/reguadelogos_agentesgoverno-aberto_cidadedesp_sgmcgm-07-1024x179.png\" alt=\"Logomarcas dos parceiros\" width=\"640\" height=\"112\" srcset=\"https:\/\/www.saopaulo.sp.leg.br\/escoladoparlamento\/wp-content\/uploads\/sites\/5\/2019\/10\/reguadelogos_agentesgoverno-aberto_cidadedesp_sgmcgm-07-1024x179.png 1024w, https:\/\/www.saopaulo.sp.leg.br\/escoladoparlamento\/wp-content\/uploads\/sites\/5\/2019\/10\/reguadelogos_agentesgoverno-aberto_cidadedesp_sgmcgm-07-300x52.png 300w, https:\/\/www.saopaulo.sp.leg.br\/escoladoparlamento\/wp-content\/uploads\/sites\/5\/2019\/10\/reguadelogos_agentesgoverno-aberto_cidadedesp_sgmcgm-07-768x134.png 768w\" sizes=\"auto, (max-width: 640px) 100vw, 640px\" \/><\/a><figcaption id=\"caption-attachment-16923\" class=\"wp-caption-text\">Esta \u00e9 uma parceria com o Programa Agentes de Governo Aberto &#8211; 2019<\/figcaption><\/figure>\n<p>&nbsp;<\/p>\n<p><strong>Diretor Respons\u00e1vel:<\/strong> Rubem Romancini<\/p>\n<h2>23\/10\/2019 (10h-12h30)<\/h2>\n<h3>Sala S\u00e9rgio Vieira de Melo<\/h3>\n<h3>IPTU em S\u00e3o Paulo: como entender e acompanhar? &#8211; <em>Guilherme Nascimento Minarelli<\/em><\/h3>\n<p>O objetivo \u00e9 ampliar o entendimento de cidad\u00e3os e conselheiros municipais com diferentes n\u00edveis de compreens\u00e3o da administra\u00e7\u00e3o p\u00fablica de quais s\u00e3o os elementos determinantes da pol\u00edtica fiscal do IPTU, de modo a capacit\u00e1-los a realizar um acompanhamento mais qualificado do tema, a partir de dados e informa\u00e7\u00f5es j\u00e1 dispon\u00edveis, fortalecendo a transpar\u00eancia e o controle social.<\/p>\n<p><span style=\"color: #a10e0e\"><strong>INSCRI\u00c7\u00d5ES ENCERRADAS<\/strong><\/span><\/p>\n<h2>23\/10\/2019 (16h30-19h)<\/h2>\n<h3>Sala Oscar Pedroso Horta<\/h3>\n<h3>Cidad\u00e3o no Poder: o Executivo e o Legislativo\u00a0 &#8211; <em>Priscila Tavares Viviani<\/em><\/h3>\n<p>Aplicar a metodologia do <a href=\"http:\/\/jogodapolitica.org.br\">Jogo da Pol\u00edtica<\/a>:\u00a0<strong>Jogo do Executivo:<\/strong> Simula a constru\u00e7\u00e3o de um or\u00e7amento p\u00fablico: do que \u00e9 composto, quanto custa e como \u00e9 feito, colocando o participante no papel de prefeito.\u00a0<strong>Jogo do Legislativo:<\/strong> Simula a tramita\u00e7\u00e3o e aprova\u00e7\u00e3o de um projeto de lei a partir da viv\u00eancia de diferentes pap\u00e9is: vereadores que integram comiss\u00f5es da C\u00e2mara e passam por todo o processo de vota\u00e7\u00e3o de leis.<\/p>\n<p><span style=\"color: #a10e0e\"><strong>INSCRI\u00c7\u00d5ES ENCERRADAS<\/strong><\/span><\/p>\n<h2>05\/11\/2019 (14h-17h20)<\/h2>\n<h3>Sala Oscar Pedroso Horta<\/h3>\n<h3>A brincadeira como ferramenta para desvendar a C\u00e2mara Municipal &#8211; <em>Lays Harumi Morimoto<\/em><\/h3>\n<p><strong>Objetivos:<\/strong> Facilitar a compreens\u00e3o do funcionamento das esferas da federa\u00e7\u00e3o e de seus representantes por meio de jogos; Analisar o regimento interno da C\u00e2mara Municipal de S\u00e3o Paulo, para que os participantes entendam o que \u00e9 esse instrumento, qual a sua import\u00e2ncia e como utiliz\u00e1-lo para potencializar a participa\u00e7\u00e3o de cidad\u00e3os nesse espa\u00e7o.<\/p>\n<p><span style=\"color: #a10e0e\"><strong>INSCRI\u00c7\u00d5ES ENCERRADAS<\/strong><\/span><\/p>\n","protected":false},"excerpt":{"rendered":"<p>&nbsp; Diretor Respons\u00e1vel: Rubem Romancini 23\/10\/2019 (10h-12h30) Sala S\u00e9rgio Vieira de Melo IPTU em S\u00e3o Paulo: como entender e acompanhar? &#8211; Guilherme Nascimento Minarelli O objetivo \u00e9 ampliar o entendimento de cidad\u00e3os e conselheiros municipais com diferentes n\u00edveis de compreens\u00e3o da administra\u00e7\u00e3o p\u00fablica de quais s\u00e3o os elementos determinantes da pol\u00edtica fiscal do IPTU, de [&hellip;]<\/p>\n","protected":false},"author":127,"featured_media":0,"parent":15928,"menu_order":267,"comment_status":"closed","ping_status":"closed","template":"","meta":{"_acf_changed":false,"footnotes":""},"class_list":["post-16922","page","type-page","status-publish","hentry"],"acf":[],"_links":{"self":[{"href":"https:\/\/www.saopaulo.sp.leg.br\/escoladoparlamento\/wp-json\/wp\/v2\/pages\/16922","targetHints":{"allow":["GET"]}}],"collection":[{"href":"https:\/\/www.saopaulo.sp.leg.br\/escoladoparlamento\/wp-json\/wp\/v2\/pages"}],"about":[{"href":"https:\/\/www.saopaulo.sp.leg.br\/escoladoparlamento\/wp-json\/wp\/v2\/types\/page"}],"author":[{"embeddable":true,"href":"https:\/\/www.saopaulo.sp.leg.br\/escoladoparlamento\/wp-json\/wp\/v2\/users\/127"}],"replies":[{"embeddable":true,"href":"https:\/\/www.saopaulo.sp.leg.br\/escoladoparlamento\/wp-json\/wp\/v2\/comments?post=16922"}],"version-history":[{"count":0,"href":"https:\/\/www.saopaulo.sp.leg.br\/escoladoparlamento\/wp-json\/wp\/v2\/pages\/16922\/revisions"}],"up":[{"embeddable":true,"href":"https:\/\/www.saopaulo.sp.leg.br\/escoladoparlamento\/wp-json\/wp\/v2\/pages\/15928"}],"wp:attachment":[{"href":"https:\/\/www.saopaulo.sp.leg.br\/escoladoparlamento\/wp-json\/wp\/v2\/media?parent=16922"}],"curies":[{"name":"wp","href":"https:\/\/api.w.org\/{rel}","templated":true}]}}