{"id":16763,"date":"2019-09-24T17:48:04","date_gmt":"2019-09-24T20:48:04","guid":{"rendered":"http:\/\/www.saopaulo.sp.leg.br\/escoladoparlamento\/?page_id=16763"},"modified":"2021-04-20T10:57:49","modified_gmt":"2021-04-20T13:57:49","slug":"instrucoes-especificas-e-regulamentos","status":"publish","type":"page","link":"https:\/\/www.saopaulo.sp.leg.br\/escoladoparlamento\/pos-graduacao\/curso-de-especializacao-legislativo-territorio-e-gestao-democratica-da-cidade-ltgdc\/instrucoes-especificas-e-regulamentos\/","title":{"rendered":"Instru\u00e7\u00f5es Espec\u00edficas e Regulamentos"},"content":{"rendered":"<p>Clique no link abaixo para conhecer o <strong>Regimento Interno<\/strong> do Curso de Especializa\u00e7\u00e3o <em>Legislativo, Territ\u00f3rio e Gest\u00e3o Democr\u00e1tica da Cidade.<\/em><\/p>\n<p><a href=\"https:\/\/www.saopaulo.sp.leg.br\/escoladoparlamento\/wp-content\/uploads\/sites\/5\/2021\/04\/Regimento-Interno-LTGDC.EP_.pdf\">REGIMENTO INTERNO_Legislativo, Territ\u00f3rio e Gest\u00e3o Democr\u00e1tica da Cidade<\/a><\/p>\n<p>Autoriza\u00e7\u00e3o do curso pelo Conselho Estadual de Educa\u00e7\u00e3o: <a href=\"https:\/\/www.saopaulo.sp.leg.br\/escoladoparlamento\/wp-content\/uploads\/sites\/5\/2019\/03\/APROVA\u00c7\u00c3O-CEESP_CURSO-LEGISLATIVO-TERRITORIO-E-GESTAO-DEMOCRATICA-DA-CIDADE.pdf\">Parecer CEE-CES 41\/2019<\/a>.<\/p>\n<p>Credenciamento da Escola junto ao CEE: <a href=\"https:\/\/www.saopaulo.sp.leg.br\/escoladoparlamento\/wp-content\/uploads\/sites\/5\/2020\/04\/Credenciamento-EP-Portaria-CEE-GP-450-DOE_20-11-15.pdf\">Portaria CEE-GP 450\/2015<\/a>.<\/p>\n","protected":false},"excerpt":{"rendered":"<p>Clique no link abaixo para conhecer o Regimento Interno do Curso de Especializa\u00e7\u00e3o Legislativo, Territ\u00f3rio e Gest\u00e3o Democr\u00e1tica da Cidade. REGIMENTO INTERNO_Legislativo, Territ\u00f3rio e Gest\u00e3o Democr\u00e1tica da Cidade Autoriza\u00e7\u00e3o do curso pelo Conselho Estadual de Educa\u00e7\u00e3o: Parecer CEE-CES 41\/2019. Credenciamento da Escola junto ao CEE: Portaria CEE-GP 450\/2015.<\/p>\n","protected":false},"author":544,"featured_media":0,"parent":16751,"menu_order":289,"comment_status":"closed","ping_status":"closed","template":"","meta":{"_acf_changed":false,"footnotes":""},"class_list":["post-16763","page","type-page","status-publish","hentry"],"acf":[],"_links":{"self":[{"href":"https:\/\/www.saopaulo.sp.leg.br\/escoladoparlamento\/wp-json\/wp\/v2\/pages\/16763","targetHints":{"allow":["GET"]}}],"collection":[{"href":"https:\/\/www.saopaulo.sp.leg.br\/escoladoparlamento\/wp-json\/wp\/v2\/pages"}],"about":[{"href":"https:\/\/www.saopaulo.sp.leg.br\/escoladoparlamento\/wp-json\/wp\/v2\/types\/page"}],"author":[{"embeddable":true,"href":"https:\/\/www.saopaulo.sp.leg.br\/escoladoparlamento\/wp-json\/wp\/v2\/users\/544"}],"replies":[{"embeddable":true,"href":"https:\/\/www.saopaulo.sp.leg.br\/escoladoparlamento\/wp-json\/wp\/v2\/comments?post=16763"}],"version-history":[{"count":0,"href":"https:\/\/www.saopaulo.sp.leg.br\/escoladoparlamento\/wp-json\/wp\/v2\/pages\/16763\/revisions"}],"up":[{"embeddable":true,"href":"https:\/\/www.saopaulo.sp.leg.br\/escoladoparlamento\/wp-json\/wp\/v2\/pages\/16751"}],"wp:attachment":[{"href":"https:\/\/www.saopaulo.sp.leg.br\/escoladoparlamento\/wp-json\/wp\/v2\/media?parent=16763"}],"curies":[{"name":"wp","href":"https:\/\/api.w.org\/{rel}","templated":true}]}}