{"id":16759,"date":"2019-09-24T17:44:08","date_gmt":"2019-09-24T20:44:08","guid":{"rendered":"http:\/\/www.saopaulo.sp.leg.br\/escoladoparlamento\/?page_id=16759"},"modified":"2019-10-11T19:43:17","modified_gmt":"2019-10-11T22:43:17","slug":"processo-seletivo-de-professores-turma-2020","status":"publish","type":"page","link":"https:\/\/www.saopaulo.sp.leg.br\/escoladoparlamento\/pos-graduacao\/curso-de-especializacao-legislativo-territorio-e-gestao-democratica-da-cidade-ltgdc\/processo-seletivo-de-professores-turma-2020\/","title":{"rendered":"Processo Seletivo de Professores &#8211; Turma 2020"},"content":{"rendered":"<p>O corpo docente do Ciclo B\u00e1sico de Forma\u00e7\u00e3o do LTGD ser\u00e1 composto por professores vinculados \u00e0 Escola do Parlamento e \u00e0 Escola Superior de Gest\u00e3o e Contas P\u00fablicas do TCM-SP. O processo seletivo para os professores do Ciclo de Aprofundamento est\u00e1 previsto para o segundo semestre de 2020.<\/p>\n","protected":false},"excerpt":{"rendered":"<p>O corpo docente do Ciclo B\u00e1sico de Forma\u00e7\u00e3o do LTGD ser\u00e1 composto por professores vinculados \u00e0 Escola do Parlamento e \u00e0 Escola Superior de Gest\u00e3o e Contas P\u00fablicas do TCM-SP. O processo seletivo para os professores do Ciclo de Aprofundamento est\u00e1 previsto para o segundo semestre de 2020.<\/p>\n","protected":false},"author":544,"featured_media":0,"parent":16751,"menu_order":287,"comment_status":"closed","ping_status":"closed","template":"","meta":{"_acf_changed":false,"footnotes":""},"class_list":["post-16759","page","type-page","status-publish","hentry"],"acf":[],"_links":{"self":[{"href":"https:\/\/www.saopaulo.sp.leg.br\/escoladoparlamento\/wp-json\/wp\/v2\/pages\/16759","targetHints":{"allow":["GET"]}}],"collection":[{"href":"https:\/\/www.saopaulo.sp.leg.br\/escoladoparlamento\/wp-json\/wp\/v2\/pages"}],"about":[{"href":"https:\/\/www.saopaulo.sp.leg.br\/escoladoparlamento\/wp-json\/wp\/v2\/types\/page"}],"author":[{"embeddable":true,"href":"https:\/\/www.saopaulo.sp.leg.br\/escoladoparlamento\/wp-json\/wp\/v2\/users\/544"}],"replies":[{"embeddable":true,"href":"https:\/\/www.saopaulo.sp.leg.br\/escoladoparlamento\/wp-json\/wp\/v2\/comments?post=16759"}],"version-history":[{"count":0,"href":"https:\/\/www.saopaulo.sp.leg.br\/escoladoparlamento\/wp-json\/wp\/v2\/pages\/16759\/revisions"}],"up":[{"embeddable":true,"href":"https:\/\/www.saopaulo.sp.leg.br\/escoladoparlamento\/wp-json\/wp\/v2\/pages\/16751"}],"wp:attachment":[{"href":"https:\/\/www.saopaulo.sp.leg.br\/escoladoparlamento\/wp-json\/wp\/v2\/media?parent=16759"}],"curies":[{"name":"wp","href":"https:\/\/api.w.org\/{rel}","templated":true}]}}