{"id":16751,"date":"2019-09-24T17:30:15","date_gmt":"2019-09-24T20:30:15","guid":{"rendered":"http:\/\/www.saopaulo.sp.leg.br\/escoladoparlamento\/?page_id=16751"},"modified":"2019-10-08T15:13:54","modified_gmt":"2019-10-08T18:13:54","slug":"curso-de-especializacao-legislativo-territorio-e-gestao-democratica-da-cidade-ltgdc","status":"publish","type":"page","link":"https:\/\/www.saopaulo.sp.leg.br\/escoladoparlamento\/pos-graduacao\/curso-de-especializacao-legislativo-territorio-e-gestao-democratica-da-cidade-ltgdc\/","title":{"rendered":"Curso de Especializa\u00e7\u00e3o \u201cLegislativo, Territ\u00f3rio e Gest\u00e3o Democr\u00e1tica da Cidade\u201d \u2013 LTGDC"},"content":{"rendered":"<p>&nbsp;<\/p>\n<p>O Curso de Especializa\u00e7\u00e3o em <strong>Legislativo, Territ\u00f3rio e Gest\u00e3o Democr\u00e1tica da Cidade<\/strong>, parceria entre a\u00a0<em>Escola do Parlamento da C\u00e2mara Municipal de S\u00e3o Paulo <\/em>e a <em>Escola Superior de Gest\u00e3o e Contas P\u00fablicas Conselheiro Eur\u00edpedes Sales<\/em>, vinculada ao <em>Tribunal de Contas do Munic\u00edpio de S\u00e3o Paulo<\/em>, tem por objetivo formar especialistas com vis\u00e3o interdisciplinar e pluralista, engajados no estudo, pesquisa e proposi\u00e7\u00e3o de solu\u00e7\u00f5es para: a) o aprimoramento da democracia contempor\u00e2nea e das condi\u00e7\u00f5es de amplia\u00e7\u00e3o da participa\u00e7\u00e3o social e pol\u00edtica dos cidad\u00e3os, b) a melhoria e amplia\u00e7\u00e3o da efici\u00eancia, efic\u00e1cia e efetividade do poder legislativo local e c) a qualifica\u00e7\u00e3o e responsividade democr\u00e1tica da gest\u00e3o das pol\u00edticas p\u00fablicas e do territ\u00f3rio da Cidade.<\/p>\n<p>Com carga hor\u00e1ria total de 450 horas, distribu\u00eddas em seis trimestres letivos (18 meses), o curso conta com um Ciclo B\u00e1sico Comum (CBC) e um Ciclo de Aprofundamento.<\/p>\n<p>No Ciclo B\u00e1sico Comum, os estudantes cursam 6 disciplinas obrigat\u00f3rias:<\/p>\n<table>\n<tbody>\n<tr>\n<td colspan=\"2\"><strong>Disciplinas do Ciclo B\u00e1sico Comum <\/strong><\/td>\n<\/tr>\n<tr>\n<td>Teoria Pol\u00edtica, Teoria da Democracia e Democracias Contempor\u00e2neas<\/td>\n<td>Estrutura e Funcionamento do Estado Brasileiro p\u00f3s-1988<\/td>\n<\/tr>\n<tr>\n<td>Sistema Pol\u00edtico, Partid\u00e1rio e Eleitoral no Brasil<\/td>\n<td>Territ\u00f3rio, Cidade, Participa\u00e7\u00e3o Pol\u00edtica e Din\u00e2micas Sociais<\/td>\n<\/tr>\n<tr>\n<td>Estudos em Pol\u00edticas P\u00fablicas: da Agenda \u00e0 Avalia\u00e7\u00e3o<\/td>\n<td>Metodologia de Ensino e Pesquisa<\/td>\n<\/tr>\n<\/tbody>\n<\/table>\n<p>No Ciclo de Aprofundamento, s\u00e3o oferecidas duas trilhas de estudo: a primeira, vocacionada aos estudos sobre Legislativo, Democracia e Participa\u00e7\u00e3o Pol\u00edtica e a segunda, vocacionada aos estudos sobre Gest\u00e3o e Pol\u00edticas P\u00fablicas.<\/p>\n<p>Ap\u00f3s a conclus\u00e3o do Ciclo B\u00e1sico Comum, os estudantes poder\u00e3o eleger uma das duas trilhas para completar seu percurso formativo.<\/p>\n<table>\n<tbody>\n<tr>\n<td colspan=\"2\"><strong>Disciplinas do Ciclo de Aprofundamento<\/strong><strong>Trilha: \u201cLegislativo, Democracia e Participa\u00e7\u00e3o Pol\u00edtica na Cidade Contempor\u00e2nea\u201d<\/strong><\/td>\n<\/tr>\n<tr>\n<td>Democratizar a Democracia: Experi\u00eancias de Democracia Participativa e Direta nas cidades<\/td>\n<td>Processo Legislativo Local e Participa\u00e7\u00e3o Popular na Cidade<\/td>\n<\/tr>\n<tr>\n<td>Movimentos Sociais, Din\u00e2micas de Representa\u00e7\u00e3o e Pol\u00edtica Local<\/td>\n<td>Democracia e Participa\u00e7\u00e3o Pol\u00edtica Conectada: Tecnologia e Transpar\u00eancia no Parlamento<\/td>\n<\/tr>\n<tr>\n<td>Mobiliza\u00e7\u00e3o Social e Educa\u00e7\u00e3o Pol\u00edtica para a Democracia e para a Cidadania<\/td>\n<td>Poder Legislativo e Pol\u00edticas P\u00fablicas na Cidade<\/td>\n<\/tr>\n<\/tbody>\n<\/table>\n<p>&nbsp;<\/p>\n<table>\n<tbody>\n<tr>\n<td colspan=\"2\"><strong>Disciplinas do Ciclo de Aprofundamento<\/strong><strong>Trilha: \u201cTerrit\u00f3rio, Gest\u00e3o e Administra\u00e7\u00e3o da Cidade Contempor\u00e2nea\u201d (180 horas)<\/strong><\/td>\n<\/tr>\n<tr>\n<td>O munic\u00edpio na federa\u00e7\u00e3o brasileira: Desafios e Perspectivas<\/td>\n<td>Poder Legislativo e Pol\u00edticas P\u00fablicas na Cidade<\/td>\n<\/tr>\n<tr>\n<td>Planejamento Urbano, Meio Ambiente, Quest\u00f5es Metropolitanas e Territ\u00f3rio da Cidade<\/td>\n<td>A Cidade Contempor\u00e2nea: Politicas P\u00fablicas de Cultura, Esporte, Lazer e Economia Criativa<\/td>\n<\/tr>\n<tr>\n<td>A Cidade Contempor\u00e2nea e as pol\u00edticas p\u00fablicas da \u00e1rea social: educa\u00e7\u00e3o, sa\u00fade e assist\u00eancia social<\/td>\n<td>Vulnerabilidades e Desigualdades na Cidade Contempor\u00e2nea: Pol\u00edticas para minorias e segmentos em risco<\/td>\n<\/tr>\n<\/tbody>\n<\/table>\n","protected":false},"excerpt":{"rendered":"<p>&nbsp; O Curso de Especializa\u00e7\u00e3o em Legislativo, Territ\u00f3rio e Gest\u00e3o Democr\u00e1tica da Cidade, parceria entre a\u00a0Escola do Parlamento da C\u00e2mara Municipal de S\u00e3o Paulo e a Escola Superior de Gest\u00e3o e Contas P\u00fablicas Conselheiro Eur\u00edpedes Sales, vinculada ao Tribunal de Contas do Munic\u00edpio de S\u00e3o Paulo, tem por objetivo formar especialistas com vis\u00e3o interdisciplinar e [&hellip;]<\/p>\n","protected":false},"author":544,"featured_media":0,"parent":45,"menu_order":290,"comment_status":"closed","ping_status":"closed","template":"","meta":{"_acf_changed":false,"footnotes":""},"class_list":["post-16751","page","type-page","status-publish","hentry"],"acf":[],"_links":{"self":[{"href":"https:\/\/www.saopaulo.sp.leg.br\/escoladoparlamento\/wp-json\/wp\/v2\/pages\/16751","targetHints":{"allow":["GET"]}}],"collection":[{"href":"https:\/\/www.saopaulo.sp.leg.br\/escoladoparlamento\/wp-json\/wp\/v2\/pages"}],"about":[{"href":"https:\/\/www.saopaulo.sp.leg.br\/escoladoparlamento\/wp-json\/wp\/v2\/types\/page"}],"author":[{"embeddable":true,"href":"https:\/\/www.saopaulo.sp.leg.br\/escoladoparlamento\/wp-json\/wp\/v2\/users\/544"}],"replies":[{"embeddable":true,"href":"https:\/\/www.saopaulo.sp.leg.br\/escoladoparlamento\/wp-json\/wp\/v2\/comments?post=16751"}],"version-history":[{"count":0,"href":"https:\/\/www.saopaulo.sp.leg.br\/escoladoparlamento\/wp-json\/wp\/v2\/pages\/16751\/revisions"}],"up":[{"embeddable":true,"href":"https:\/\/www.saopaulo.sp.leg.br\/escoladoparlamento\/wp-json\/wp\/v2\/pages\/45"}],"wp:attachment":[{"href":"https:\/\/www.saopaulo.sp.leg.br\/escoladoparlamento\/wp-json\/wp\/v2\/media?parent=16751"}],"curies":[{"name":"wp","href":"https:\/\/api.w.org\/{rel}","templated":true}]}}