{"id":16178,"date":"2019-04-02T15:17:21","date_gmt":"2019-04-02T18:17:21","guid":{"rendered":"http:\/\/www.saopaulo.sp.leg.br\/escoladoparlamento\/?page_id=16178"},"modified":"2019-06-04T15:42:41","modified_gmt":"2019-06-04T18:42:41","slug":"garantia-de-renda-no-brasil-historia-e-futuro-das-politicas-sociais","status":"publish","type":"page","link":"https:\/\/www.saopaulo.sp.leg.br\/escoladoparlamento\/cursos\/cursos-anteriores\/cursos-realizados-em-2019\/garantia-de-renda-no-brasil-historia-e-futuro-das-politicas-sociais\/","title":{"rendered":"Garantia de renda no Brasil: hist\u00f3ria e futuro das pol\u00edticas sociais"},"content":{"rendered":"<p><strong>Diretor Respons\u00e1vel:<\/strong> Mateus Novaes<\/p>\n<p><strong>Coordenador:<\/strong> Leandro Teodoro Ferreira \/ Mar\u00edlia Gabriela<\/p>\n<p><strong>Tipo de Evento:<\/strong>\u00a0Curso<\/p>\n<p>Os programas de transfer\u00eancia de renda alcan\u00e7aram enorme import\u00e2ncia nas pol\u00edticas de combate \u00e0 pobreza no Brasil. Desde as primeiras experi\u00eancias locais de garantia de renda vinculadas \u00e0s oportunidades de educa\u00e7\u00e3o, a difus\u00e3o de pol\u00edticas deste tipo avan\u00e7ou sobre s\u00f3lidas bases conceituais e com capacidade de demonstrar resultados concretos de impacto. A cidade de S\u00e3o Paulo desempenhou papel fundamental nesta hist\u00f3ria ao implementar o maior <strong>Programa Municipal de Garantia de Renda M\u00ednima<\/strong> at\u00e9 ent\u00e3o. Seu desenho foi fundamental para o\u00a0<em>Bolsa Fam\u00edlia<\/em>, pol\u00edtica de enorme repercuss\u00e3o nacional e internacional. O debate sobre o futuro deste tipo de pol\u00edtica ocorre de forma permanente e este curso demonstrar\u00e1 como\u00a0a Seguridade Social, a Seguran\u00e7a de Renda e a Renda B\u00e1sica Universal e Incondicional se articulam como possibilidade de pol\u00edticas sociais do futuro, especialmente levando em conta as mudan\u00e7as econ\u00f4micas baseadas em automa\u00e7\u00e3o e inova\u00e7\u00e3o que ter\u00e3o impacto no mundo do trabalho. O Brasil foi o primeiro pa\u00eds a aprovar uma lei nacional de <strong>Renda B\u00e1sica de Cidadania<\/strong>. No atual cen\u00e1rio de mudan\u00e7as significativas em mat\u00e9rias que impactam diretamente na seguridade social e nos direitos historicamente adquiridos, a sua efetiva implementa\u00e7\u00e3o apresenta-se n\u00e3o somente como um caminho poss\u00edvel, mas necess\u00e1rio.<\/p>\n<p><strong>Objetivos: <\/strong>Difundir conhecimentos sobre a evolu\u00e7\u00e3o dos programas de garantia de renda no Brasil e aprofundar o debate sobre o futuro que tais pol\u00edticas podem ter, inclusive de se tornar uma renda b\u00e1sica universal e incondicional tal como se discute ao redor do mundo.<\/p>\n<p><strong>P\u00fablico alvo<\/strong>: Servidores p\u00fablicos municipais, estaduais e federais; acad\u00eamicos e pesquisadores universit\u00e1rios; militantes e ativistas sociais, interessados em geral.<\/p>\n<p><strong>Vagas:<\/strong> 90<\/p>\n<p><strong>Carga hor\u00e1ria:<\/strong> 21h<\/p>\n<h2><strong>Inscri\u00e7\u00f5es: <span style=\"color: #ff0000\">encerradas<\/span><\/strong><\/h2>\n<h3><strong>Programa\u00e7\u00e3o:<\/strong> 19h-22h<\/h3>\n<table border=\"0\" width=\"192\" cellspacing=\"0\" cellpadding=\"0\">\n<colgroup>\n<col span=\"3\" width=\"64\" \/><\/colgroup>\n<tbody>\n<tr>\n<td width=\"64\" height=\"20\">\n<p style=\"text-align: left\"><strong>Data e local<\/strong><\/p>\n<\/td>\n<td style=\"text-align: center\" width=\"64\"><strong>Palestrantes<\/strong><\/td>\n<td style=\"text-align: center\" width=\"64\">\n<p style=\"text-align: right\"><strong>Tema<\/strong><\/p>\n<\/td>\n<\/tr>\n<tr>\n<td height=\"20\"><strong>06 maio <\/strong><\/p>\n<p><a href=\"http:\/\/www.saopaulo.sp.leg.br\/transparencia\/auditorios-online\/auditorio-prestes-maia\/\">Audit\u00f3rio Prestes Maia<\/a><\/td>\n<td>\n<p style=\"text-align: center\"><em><strong>Alda\u00edza Sposati<\/strong> (Professora Titular na PUC-SP)<\/em><\/p>\n<\/td>\n<td>\n<p style=\"text-align: right\">Pol\u00edtica Social e garantia de direitos<\/p>\n<\/td>\n<\/tr>\n<tr>\n<td height=\"20\"><strong>08 maio<\/strong><\/p>\n<p><a href=\"http:\/\/www.saopaulo.sp.leg.br\/transparencia\/auditorios-online\/sala-sergio-vieira-de-mello-sala\/\">Sala S\u00e9rgio Vieira de Mello<\/a><\/td>\n<td>\n<p style=\"text-align: center\"><em><strong>Clemente Ganz<\/strong> (Diretor T\u00e9cnico do DIEESE)<\/em><\/p>\n<\/td>\n<td>\n<p style=\"text-align: right\">A atualidade da Securidade Social<\/p>\n<\/td>\n<\/tr>\n<tr>\n<td height=\"20\"><strong>13 maio<\/strong><\/p>\n<p><a href=\"http:\/\/www.saopaulo.sp.leg.br\/transparencia\/auditorios-online\/sala-sergio-vieira-de-mello-sala\/\">Sala S\u00e9rgio Vieira de Mello<\/a><\/td>\n<td>\n<p style=\"text-align: center\"><em><strong>Bruna Carnelossi<\/strong> (Doutora em Servi\u00e7o Social pela PUC-SP)<\/em><\/p>\n<\/td>\n<td>\n<p style=\"text-align: right\">Seguran\u00e7a de Renda como direito<\/p>\n<\/td>\n<\/tr>\n<tr>\n<td height=\"20\"><strong>15 maio<\/strong><\/p>\n<p><a href=\"http:\/\/www.saopaulo.sp.leg.br\/transparencia\/auditorios-online\/sala-sergio-vieira-de-mello-sala\/\">Sala S\u00e9rgio Vieira de Mello<\/a><\/td>\n<td>\n<p style=\"text-align: center\"><em><strong>Leandro Ferreira<\/strong> (Mestre em Pol\u00edticas P\u00fablicas pela UFABC)<\/em><\/p>\n<\/td>\n<td>\n<p style=\"text-align: right\">Transfer\u00eancias de Renda: cen\u00e1rios socioecon\u00f4micos e o futuro das pol\u00edticas sociais<\/p>\n<\/td>\n<\/tr>\n<tr>\n<td height=\"20\"><strong>20 maio<\/strong><\/p>\n<p><a href=\"http:\/\/www.saopaulo.sp.leg.br\/transparencia\/auditorios-online\/sala-sergio-vieira-de-mello-sala\/\">Sala S\u00e9rgio Vieira de Mello<\/a><\/td>\n<td>\n<p style=\"text-align: center\"><em><strong>Andr\u00e9 Mountian<\/strong> (Professor na Escola de Artes, Ci\u00eancias e Humanidades da USP)<\/em><\/p>\n<\/td>\n<td>\n<p style=\"text-align: right\">Economia pol\u00edtica das transfer\u00eancias de renda<\/p>\n<\/td>\n<\/tr>\n<tr>\n<td height=\"20\"><strong>22 maio<\/strong><\/p>\n<p><a href=\"http:\/\/www.saopaulo.sp.leg.br\/transparencia\/auditorios-online\/sala-sergio-vieira-de-mello-sala\/\">Sala S\u00e9rgio Vieira de Mello<\/a><\/td>\n<td>\n<p style=\"text-align: center\"><em>Exibi\u00e7\u00e3o de filme<\/em><\/p>\n<\/td>\n<td>\n<p style=\"text-align: right\"><em>Eu, Daniel Blake<\/em><\/p>\n<\/td>\n<\/tr>\n<tr>\n<td style=\"text-align: center\" height=\"20\">\n<p style=\"text-align: left\"><strong>27 maio<\/strong><\/p>\n<p style=\"text-align: left\"><a href=\"http:\/\/www.saopaulo.sp.leg.br\/transparencia\/auditorios-online\/sala-sergio-vieira-de-mello-sala\/\">Sala S\u00e9rgio Vieira de Mello<\/a><\/p>\n<\/td>\n<td style=\"text-align: center\"><em><strong>Leandro Ferreira<\/strong> (Mestre em Pol\u00edticas P\u00fablicas pela UFABC)<\/em><\/td>\n<td>\n<p style=\"text-align: right\">Exibi\u00e7\u00e3o do document\u00e1rio \u201cNuestro Derecho de Vivir\u201d<\/p>\n<\/td>\n<\/tr>\n<tr>\n<td height=\"20\"><strong>29 maio<\/strong><\/p>\n<p><a href=\"http:\/\/www.saopaulo.sp.leg.br\/transparencia\/auditorios-online\/sala-oscar-pedroso-horta-sala-b\/\">Sala Oscar Pedroso Horta<\/a><\/td>\n<td>\n<p style=\"text-align: center\"><em><strong>Eduardo\u00a0Suplicy\u00a0\u00a0\u00a0\u00a0<\/strong>(PhD em Economia pela Michigan State University)<\/em><\/p>\n<\/td>\n<td>\n<p style=\"text-align: right\"><em>Instrumentos de Pol\u00edtica Econ\u00f4mica e Social para a constru\u00e7\u00e3o de uma sociedade livre e justa<\/em><\/p>\n<\/td>\n<\/tr>\n<\/tbody>\n<\/table>\n<p><strong>Textos de Apoio<\/strong><\/p>\n<p>CARNELOSSI, Bruna Cristina Neves. Seguran\u00e7a de renda: direito de prote\u00e7\u00e3o social do cidad\u00e3o brasileiro. 2017.<\/p>\n<p>ESPING-ANDERSEN, Gosta. O futuro do welfare state na nova ordem mundial.\u00a0Lua Nova,\u00a0S\u00e3o Paulo ,\u00a0 n. 35,\u00a0p. 73-111,\u00a0 \u00a0 1995 .<\/p>\n<p>FAGNANI, Eduardo \u2013 Seguridade Social: a experi\u00eancia brasileira e o debate internacional. An\u00e1lise e Propostas. Funda\u00e7\u00e3o Friedrich Ebert Stiftung, 2012.<\/p>\n<p>FERREIRA, Leandro Teodoro. O federalismo e a integra\u00e7\u00e3o de pol\u00edticas de transfer\u00eancia de renda em n\u00edvel local e o Bolsa Fam\u00edlia O federalismo e a integra\u00e7\u00e3o de pol\u00edticas de transfer\u00eancia de renda em n\u00edvel local e o Bolsa Fam\u00edlia. In: II Encontro Nacional de Ensino e Pesquisa do Campo de P\u00fablicas \u2013 ANEPCP, 2017, Bras\u00edlia, DF. Anais.<\/p>\n<p>I, Daniel Blake. Produ\u00e7\u00e3o de Ken Loach e Paul Laverty. Filme. 2016.<\/p>\n<p>LEITE, C. K. S.; PERES, U. D. Paradigmas de desenvolvimento e dissemina\u00e7\u00e3o de pol\u00edticas: ra\u00edzes locais da cria\u00e7\u00e3o do PBF. Revista Organiza\u00e7\u00e3o &amp; Sociedade, v. 22 \u2013 n. 75, p. 621-638, Salvador, 2015.<\/p>\n<p>KERSTENETZKY, C. L. Redistribui\u00e7\u00e3o e desenvolvimento? A economia pol\u00edtica do PBF. Dados, Revista de Ci\u00eancias Sociais, vol. 52, n. 1, p. 53-83, 2009.<\/p>\n<p>SPOSATI A. Bolsa Fam\u00edlia: Um programa com futuro(s) In: CASTRO, J. A.; MODESTO, L. Bolsa Fam\u00edlia 2003-2010: avan\u00e7os e desafios. Bras\u00edlia, DF: IPEA, 2010. V. 2.<\/p>\n<p>SUPLICY, Eduardo Matarazzo. Renda de Cidadania \u2013 A sa\u00edda \u00e9 pela porta, S\u00e3o Paulo, Cortez Editora, 2013.<\/p>\n<p>VAN PARIJS, Philippe, VANDERBORGHT, Yannick. Renda B\u00e1sica \u2013 Uma proposta radical para uma sociedade livre e economia s\u00e3. S\u00e3o Paulo: Cortez Editora, 2018.<\/p>\n<p>COTTA, Tereza Cristina &amp; PAIVA, Luis Henrique. O Programa Bolsa Fam\u00edlia e a Prote\u00e7\u00e3o Social no Brasil. p.57-101. In: Bolsa Fam\u00edlia 2003 \u2013 2010: Avan\u00e7os e Desafios. Vol1. Bras\u00edlia 2010. (se n\u00e3o inteiro, do ponto 4 ao 6)<\/p>\n<p>SOARES, Sergei. Volatividade de Renda e a Cobertura do Programa Bolsa Fam\u00edlia. Bolsa Fam\u00edlia 2003- 2010: avan\u00e7os e desafios. Bras\u00edlia: Ipea, 2010. v. 1, p. 301-314<\/p>\n<p>RIZZOTTI, Maria Lucia Amaral; ALMEIDA, Aid\u00ea Can\u00e7ado; ALBUQUERQUE, Simone Aparecida. Sistema \u00danico de Assist\u00eancia Social: sua contribui\u00e7\u00e3o na prote\u00e7\u00e3o social brasileira. In: CASTRO, Jorge Abrah\u00e3o; MODESTO, Lucia (Orgs.). Bolsa Fam\u00edlia 2003-2010: avan\u00e7os e desafios. Bras\u00edlia: IPEA, 2010.<\/p>\n<p>LEICHSENRING, Alexandre R. Precariedade laboral e o Programa Bolsa Fam\u00edlia. In: De CASTRO, Jorge A.; MODESTO, L\u00facia. Bolsa Fam\u00edlia 2003- 2010: avan\u00e7os e desafios. Bras\u00edlia: Ipea, 2010. v. 1, p. 271-300<\/p>\n<p>SANTOS, Danilo Braun; LEICHSENRING, Alexandre Ribeiro; MENEZES FILHO, Naercio Aquino; SILVA, Wesley Mendes Da. Os efeitos do programa bolsa fam\u00edlia sobre a dura\u00e7\u00e3o do emprego formal dos indiv\u00edduos de baixa renda. Revista de Administracao P\u00fablica, Rio de Janeiro, v. 51, n. 5, p. 708-733, 2017. Dispon\u00edvel em: &lt; http:\/\/www.scielo.br\/pdf\/rap\/v51n5\/1982-3134-rap-51-05-708.pdf &gt; DOI: 10.1590\/0034-7612171851.<\/p>\n<p>SOARES, Fabio Veras; SOARES, Sergei, MEDEIROS, Marcelo; OS\u00d3RIO, Rafael Guerreiro. Programas de Transfer\u00eancia de Renda no Brasil: Impactos sobre a Desigualdade e a Pobreza. Bolsa Fam\u00edlia 2003- 2010: avan\u00e7os e desafios. Bras\u00edlia: Ipea, 2010. v. 2, p. 25-52<\/p>\n<p>SILVA, Jos\u00e9 Graziano Da; TAVARES, Lucas. Sobre o Futuro do Bolsa Fam\u00edlia. Bolsa Fam\u00edlia 2003- 2010: avan\u00e7os e desafios. Bras\u00edlia: Ipea, 2010. v. 2, p. 241-271<\/p>\n<p>JACCOUD, Luciana de Barros; MESQUITA, Ana Cleusa Serra; SANTOS. Perspectivas para o Programa Bolsa Fam\u00edlia e o Sistema de Garantia de Renda Brasileiro. Bolsa Fam\u00edlia 2003- 2010: avan\u00e7os e desafios. Bras\u00edlia: Ipea, 2010. v. 2, p. 307-354<\/p>\n<p>ZIMMERMANN, Cl\u00f3vis Roberto; SILVA, Marina da Cruz. O princ\u00edpio da desmercantiliza\u00e7\u00e3o nas pol\u00edticas sociais. Cad. CRH, Salvador , v. 22, n. 56, p. 345-358, Aug. 2009 .<\/p>\n<p>SILVA, M. O. da S. e. As condicionalidades no Bolsa Fam\u00edlia: sua Face Conservadora e Limites para Implementa\u00e7\u00e3o da Renda B\u00e1sica de Cidadania no Brasil. Pol\u00edtica de Assist\u00eancia Social e temas correlatos. Campinas: Papel Social, 2016.<\/p>\n<p>Van Parijs, Philippe (2000), &#8220;Renda b\u00e1sica: renda m\u00ednima garantida para o s\u00e1culo XXI?&#8221; Estudos Avan\u00e7ados, 14 (40), pp. 179\u2013210.<\/p>\n","protected":false},"excerpt":{"rendered":"<p>Diretor Respons\u00e1vel: Mateus Novaes Coordenador: Leandro Teodoro Ferreira \/ Mar\u00edlia Gabriela Tipo de Evento:\u00a0Curso Os programas de transfer\u00eancia de renda alcan\u00e7aram enorme import\u00e2ncia nas pol\u00edticas de combate \u00e0 pobreza no Brasil. Desde as primeiras experi\u00eancias locais de garantia de renda vinculadas \u00e0s oportunidades de educa\u00e7\u00e3o, a difus\u00e3o de pol\u00edticas deste tipo avan\u00e7ou sobre s\u00f3lidas bases [&hellip;]<\/p>\n","protected":false},"author":522,"featured_media":0,"parent":15928,"menu_order":306,"comment_status":"closed","ping_status":"closed","template":"","meta":{"_acf_changed":false,"footnotes":""},"class_list":["post-16178","page","type-page","status-publish","hentry"],"acf":[],"_links":{"self":[{"href":"https:\/\/www.saopaulo.sp.leg.br\/escoladoparlamento\/wp-json\/wp\/v2\/pages\/16178","targetHints":{"allow":["GET"]}}],"collection":[{"href":"https:\/\/www.saopaulo.sp.leg.br\/escoladoparlamento\/wp-json\/wp\/v2\/pages"}],"about":[{"href":"https:\/\/www.saopaulo.sp.leg.br\/escoladoparlamento\/wp-json\/wp\/v2\/types\/page"}],"author":[{"embeddable":true,"href":"https:\/\/www.saopaulo.sp.leg.br\/escoladoparlamento\/wp-json\/wp\/v2\/users\/522"}],"replies":[{"embeddable":true,"href":"https:\/\/www.saopaulo.sp.leg.br\/escoladoparlamento\/wp-json\/wp\/v2\/comments?post=16178"}],"version-history":[{"count":0,"href":"https:\/\/www.saopaulo.sp.leg.br\/escoladoparlamento\/wp-json\/wp\/v2\/pages\/16178\/revisions"}],"up":[{"embeddable":true,"href":"https:\/\/www.saopaulo.sp.leg.br\/escoladoparlamento\/wp-json\/wp\/v2\/pages\/15928"}],"wp:attachment":[{"href":"https:\/\/www.saopaulo.sp.leg.br\/escoladoparlamento\/wp-json\/wp\/v2\/media?parent=16178"}],"curies":[{"name":"wp","href":"https:\/\/api.w.org\/{rel}","templated":true}]}}