{"id":11202,"date":"2019-03-08T12:12:16","date_gmt":"2019-03-08T15:12:16","guid":{"rendered":"http:\/\/www.saopaulo.sp.leg.br\/escoladoparlamento\/?page_id=11202"},"modified":"2019-12-12T11:28:34","modified_gmt":"2019-12-12T14:28:34","slug":"monografias-da-3a-turma-cldb","status":"publish","type":"page","link":"https:\/\/www.saopaulo.sp.leg.br\/escoladoparlamento\/pos-graduacao\/curso-de-especializacao-legislativo-e-democracia-no-brasil-cldb\/repositorio-digital\/monografias-da-3a-turma-cldb\/","title":{"rendered":"Monografias da 3\u00aa Turma CLDB"},"content":{"rendered":"<p>Concentramos aqui a produ\u00e7\u00e3o acad\u00eamica da Escola em um \u00fanico local. O acesso a todos os documentos aqui disponibilizados \u00e9 livre.<\/p>\n<table style=\"height: 1148px\" width=\"807\">\n<tbody>\n<tr>\n<td width=\"274\">Alves, Thays Cabette Barbosa<\/td>\n<td width=\"335\">Museus e a trajet\u00f3ria do investimento: Emendas parlamentares e a cadeia de ag\u00eancia nas pol\u00edticas culturais brasileiras<\/td>\n<td width=\"209\"><a href=\"https:\/\/www.saopaulo.sp.leg.br\/escoladoparlamento\/wp-content\/uploads\/sites\/5\/2019\/03\/Alves-Thays-Cabette-Barbosa.pdf\">Alves, Thays Cabette Barbosa &#8211; Museus e a trajet\u00f3ria do investimento: <span style=\"font-family: inherit;font-size: inherit\">Emendas parlamentares e a cadeia de ag\u00eancia nas pol\u00edticas culturais brasileiras<\/span><\/a><\/td>\n<\/tr>\n<tr>\n<td>Barnab\u00e9, Miramar Martins<\/td>\n<td width=\"335\">Controle de constitucionalidade<\/p>\n<p>Estudo de caso: O PL 024\/2013<\/td>\n<td width=\"209\"><a href=\"https:\/\/www.saopaulo.sp.leg.br\/escoladoparlamento\/wp-content\/uploads\/sites\/5\/2019\/03\/Barnab\u00e9-Miramar-Martins.pdf\">Barnab\u00e9, Miramar Martins &#8211;\u00a0 Controle de constitucionalidade\u00a0 \u00a0 <\/a><a href=\"https:\/\/www.saopaulo.sp.leg.br\/escoladoparlamento\/wp-content\/uploads\/sites\/5\/2019\/03\/Barnab\u00e9-Miramar-Martins.pdf\"><span style=\"font-family: inherit;font-size: inherit\">Estudo de caso: O PL 024\/2013<\/span><\/a><\/td>\n<\/tr>\n<tr>\n<td>Borges, Juliana da Concei\u00e7\u00e3o<\/td>\n<td width=\"335\">Os movimentos culturais das periferias paulistanas como instrumento de exerc\u00edcio democr\u00e1tico<\/td>\n<td width=\"209\"><a href=\"https:\/\/www.saopaulo.sp.leg.br\/escoladoparlamento\/wp-content\/uploads\/sites\/5\/2019\/03\/Borges-Juliana-da-Concei\u00e7\u00e3o.pdf\">Borges, Juliana da Concei\u00e7\u00e3o &#8211;\u00a0 Os movimentos culturais das periferias paulistanas como instrumento de exerc\u00edcio democr\u00e1tico<\/a><\/td>\n<\/tr>\n<tr>\n<td>Campos, Sidin\u00e9ia Maria da Silva<\/td>\n<td width=\"335\">\u00a0A atua\u00e7\u00e3o do poder legislativo municipal de Itapevi frente as demandas populares de 2012<\/td>\n<td width=\"209\"><a href=\"https:\/\/www.saopaulo.sp.leg.br\/escoladoparlamento\/wp-content\/uploads\/sites\/5\/2019\/03\/Campos-Sidin\u00e9ia-Maria-da-Silva.pdf\">Campos, Sidin\u00e9ia Maria da Silva &#8211;\u00a0 A atua\u00e7\u00e3o do poder legislativo municipal de Itapevi frente as demandas populares de 2012<\/a><\/td>\n<\/tr>\n<tr>\n<td>da Silva, Thais Roberto<\/td>\n<td width=\"335\">Dados Abertos Governamentais<\/p>\n<p>Uma an\u00e1lise do site da C\u00e2mara Municipal de S\u00e3o Paulo sob o prisma da acessibilidade digital<\/td>\n<td width=\"209\"><a href=\"https:\/\/www.saopaulo.sp.leg.br\/escoladoparlamento\/wp-content\/uploads\/sites\/5\/2019\/03\/da-Silva-Thais-Roberto.pdf\">da Silva, Thais Roberto -Dados Abertos Governamentais\u00a0\u00a0\u00a0\u00a0\u00a0\u00a0\u00a0\u00a0\u00a0\u00a0\u00a0\u00a0\u00a0\u00a0\u00a0\u00a0\u00a0\u00a0\u00a0<\/a> <a href=\"https:\/\/www.saopaulo.sp.leg.br\/escoladoparlamento\/wp-content\/uploads\/sites\/5\/2019\/03\/da-Silva-Thais-Roberto.pdf\">Uma an\u00e1lise do <em style=\"font-family: inherit;font-size: inherit\">site <\/em><span style=\"font-family: inherit;font-size: inherit\">da C\u00e2mara Municipal de S\u00e3o Paulo sob o prisma da acessibilidade digital<\/span><\/a><\/td>\n<\/tr>\n<tr>\n<td>de Souza, Mayara Silva<\/td>\n<td width=\"335\">\u00a0Ato infracional e m\u00eddia: Como o tema tem ocupado os dois principais jornais do estado de S\u00e3o Saulo (agosto de 2017 a setembro de 2018)<\/td>\n<td width=\"209\"><a href=\"https:\/\/www.saopaulo.sp.leg.br\/escoladoparlamento\/wp-content\/uploads\/sites\/5\/2019\/03\/de-Souza-Mayara-Silva.pdf\">de Souza, Mayara Silva &#8211;\u00a0 Ato infracional e m\u00eddia: Como o tema tem ocupado os dois principais jornais do estado de S\u00e3o Saulo (agosto de 2017 a setembro de 2018)<\/a><\/td>\n<\/tr>\n<tr>\n<td>Ducret Junior, Henry Charles<\/td>\n<td width=\"335\">Domin\u00e2ncia e sucesso na produ\u00e7\u00e3o legislativa do munic\u00edpio de campinas, de 2009 a 2016 S\u00e3o Paulo<\/td>\n<td width=\"209\"><a href=\"https:\/\/www.saopaulo.sp.leg.br\/escoladoparlamento\/wp-content\/uploads\/sites\/5\/2019\/03\/Ducret-Junior-Henry-Charles.pdf\">Ducret Junior, Henry Charles &#8211; Domin\u00e2ncia e sucesso na produ\u00e7\u00e3o legislativa do munic\u00edpio de campinas, de 2009 a 2016 S\u00e3o Paulo<\/a><\/td>\n<\/tr>\n<tr>\n<td>Galv\u00e3o, Ana Paula Ramos<\/td>\n<td width=\"335\">\u00a0A rela\u00e7\u00e3o entre a distribui\u00e7\u00e3o dos votos nas elei\u00e7\u00f5es de 2012 e a produ\u00e7\u00e3o legislativa de 2013-2016 dos Vereadores do munic\u00edpio de Itapevi<\/td>\n<td width=\"209\"><a href=\"https:\/\/www.saopaulo.sp.leg.br\/escoladoparlamento\/wp-content\/uploads\/sites\/5\/2019\/03\/Galv\u00e3o-Ana-Paula-Ramos.pdf\">Galv\u00e3o, Ana Paula Ramos &#8211; A rela\u00e7\u00e3o entre a distribui\u00e7\u00e3o dos votos nas elei\u00e7\u00f5es de 2012 e a produ\u00e7\u00e3o legislativa de 2013-2016 dos Vereadores do munic\u00edpio de Itapevi<\/a><\/td>\n<\/tr>\n<tr>\n<td>Garcia, Ana Caroline<\/td>\n<td width=\"335\">Empreender no governo \u00e9 poss\u00edvel: Pol\u00edticas para estimular a inova\u00e7\u00e3o no setor p\u00fablico e apoiar o desenvolvimento de neg\u00f3cios sustent\u00e1veis<\/td>\n<td width=\"209\"><a href=\"https:\/\/www.saopaulo.sp.leg.br\/escoladoparlamento\/wp-content\/uploads\/sites\/5\/2019\/12\/TCC-C\u00c2MARA-MUNICIPAL-DE-S\u00c3O-PAULO-janeiro-2019-Final_Ana-Caroline.pdf\">Garcia, Ana Caroline &#8211; Empreender no governo \u00e9 poss\u00edvel: Pol\u00edticas para estimular a inova\u00e7\u00e3o no setor p\u00fablico e apoiar o desenvolvimento de neg\u00f3cios sustent\u00e1veis<\/a><\/td>\n<\/tr>\n<tr>\n<td>Goncalves, Nathalia Augusta<\/td>\n<td width=\"335\">\n<p class=\"Default\"><span style=\"font-size: 11.5pt\">Estudo explorat\u00f3rio sobre as rela\u00e7\u00f5es entre movimento e partido na esfera pol\u00edtica municipal: o caso do MBL e democratas<\/span><\/p>\n<\/td>\n<td width=\"209\"><a href=\"https:\/\/www.saopaulo.sp.leg.br\/escoladoparlamento\/wp-content\/uploads\/sites\/5\/2019\/03\/Goncalves-Nathalia-Augusta.pdf\">Goncalves, Nathalia Augusta &#8211; Estudo explorat\u00f3rio sobre as rela\u00e7\u00f5es entre movimento e partido na esfera pol\u00edtica municipal: o caso do MBL e democratas<\/a><\/td>\n<\/tr>\n<tr>\n<td>Gottardi, Lorenzo<\/td>\n<td width=\"335\">Limites da participa\u00e7\u00e3o como ferramenta de aprofundamento democr\u00e1tico no processo or\u00e7ament\u00e1rio<\/td>\n<td width=\"209\"><a href=\"https:\/\/www.saopaulo.sp.leg.br\/escoladoparlamento\/wp-content\/uploads\/sites\/5\/2019\/03\/Gottardi-Lorenzo.pdf\">Gottardi, Lorenzo &#8211; Limites da participa\u00e7\u00e3o como ferramenta de aprofundamento democr\u00e1tico no processo or\u00e7ament\u00e1rio<\/a><\/td>\n<\/tr>\n<tr>\n<td>Lucio, Max Nicola Gon\u00e7alves<\/td>\n<td width=\"335\">\u00a0O tensionamento entre o poder p\u00fablico e a sociedade civil no oitavo mandato do conselho municipal de assist\u00eancia social de S\u00e3o Paulo \u2013 Comas\/SP: uma abordagem a partir das mat\u00e9rias or\u00e7ament\u00e1rias enviadas pelo poder executivo das tr\u00eas esferas de governo<\/td>\n<td width=\"209\"><a href=\"https:\/\/www.saopaulo.sp.leg.br\/escoladoparlamento\/wp-content\/uploads\/sites\/5\/2019\/03\/Lucio-Max-Nicola-Gon\u00e7alves.pdf\">Lucio, Max Nicola Gon\u00e7alves &#8211; O tensionamento entre o poder p\u00fablico e a sociedade civil no oitavo mandato do conselho municipal de assist\u00eancia social de S\u00e3o Paulo \u2013 Comas\/SP: uma abordagem a partir das mat\u00e9rias or\u00e7ament\u00e1rias enviadas pelo poder executivo das tr\u00eas esferas de governo<\/a><\/td>\n<\/tr>\n<tr>\n<td>Marra, Ana Cristina Grein<\/td>\n<td width=\"335\">\u00a0A sub-representatividade feminina no poder legislativo municipal: An\u00e1lise do cumprimento da lei de cotas para candidaturas femininas na c\u00e2mara de vereadores de S\u00e3o Paulo em 2016<\/td>\n<td width=\"209\"><a href=\"https:\/\/www.saopaulo.sp.leg.br\/escoladoparlamento\/wp-content\/uploads\/sites\/5\/2019\/03\/Marra-Ana-Cristina-Grein.pdf\">Marra, Ana Cristina Grein &#8211;\u00a0A sub-representatividade feminina no poder legislativo municipal: An\u00e1lise do cumprimento da lei de cotas para candidaturas femininas na c\u00e2mara de vereadores de S\u00e3o Paulo em 2016<\/a><\/td>\n<\/tr>\n<tr>\n<td>Medeiros, Akira Pinto<\/td>\n<td width=\"335\">Aspectos da intera\u00e7\u00e3o entre executivo e legislativo no munic\u00edpio de S\u00e3o paulo atrav\u00e9s da produ\u00e7\u00e3o legal entre 1991 e 2016<\/td>\n<td width=\"209\"><a href=\"https:\/\/www.saopaulo.sp.leg.br\/escoladoparlamento\/wp-content\/uploads\/sites\/5\/2019\/03\/Medeiros-Akira-Pinto.pdf\">Medeiros, Akira Pinto &#8211;\u00a0 Aspectos da intera\u00e7\u00e3o entre executivo e legislativo no munic\u00edpio de S\u00e3o paulo atrav\u00e9s da produ\u00e7\u00e3o legal entre 1991 e 2016<\/a><\/td>\n<\/tr>\n<tr>\n<td>Miyahira, Hilton<\/td>\n<td width=\"335\">\u00a0Estudo sobre a atua\u00e7\u00e3o do movimento de sa\u00fade da zona leste de S\u00e3o Paulo no parlamento paulistano na 16\u00aa legislatura (2013 a 2016)<\/td>\n<td width=\"209\"><a href=\"https:\/\/www.saopaulo.sp.leg.br\/escoladoparlamento\/wp-content\/uploads\/sites\/5\/2019\/03\/Miyahira-Hilton.pdf\">Miyahira, Hilton &#8211; Estudo sobre a atua\u00e7\u00e3o do movimento de sa\u00fade da zona leste de S\u00e3o Paulo no parlamento paulistano na 16\u00aa legislatura (2013 a 2016)<\/a><\/td>\n<\/tr>\n<tr>\n<td>Nakano, Bruno Massayuki<\/td>\n<td width=\"335\">\u00a0Controle interno do poder legislativo: Uma avalia\u00e7\u00e3o da capacidade institucional<\/td>\n<td width=\"209\"><a href=\"https:\/\/www.saopaulo.sp.leg.br\/escoladoparlamento\/wp-content\/uploads\/sites\/5\/2019\/03\/Nakano-Bruno-Massayuki.pdf\">Nakano, Bruno Massayuki &#8211;\u00a0 Controle interno do poder legislativo: Uma avalia\u00e7\u00e3o da capacidade institucional<\/a><\/td>\n<\/tr>\n<tr>\n<td>Peressin, Samuel<\/td>\n<td width=\"335\">\u00a0Governo eletr\u00f4nico e acessibilidade web: uma an\u00e1lise sobre a adequa\u00e7\u00e3o do site da c\u00e2mara de S\u00e3o Paulo para navega\u00e7\u00e3o de pessoas com defici\u00eancia<\/td>\n<td width=\"209\"><a href=\"https:\/\/www.saopaulo.sp.leg.br\/escoladoparlamento\/wp-content\/uploads\/sites\/5\/2019\/03\/Peressin-Samuel.pdf\">Peressin, Samuel &#8211; Governo eletr\u00f4nico e acessibilidade web: uma an\u00e1lise sobre a adequa\u00e7\u00e3o do site da c\u00e2mara de S\u00e3o Paulo para navega\u00e7\u00e3o de pessoas com defici\u00eancia<\/a><\/td>\n<\/tr>\n<tr>\n<td>Petrone, Renatha Robertha da Costa e Silva Baptista<\/td>\n<td width=\"335\">Reflex\u00e3o sucinta sobre atua\u00e7\u00e3o da C\u00e2mara Municipal de S\u00e3o Paulo na crise h\u00eddrica<\/td>\n<td width=\"209\"><a href=\"https:\/\/www.saopaulo.sp.leg.br\/escoladoparlamento\/wp-content\/uploads\/sites\/5\/2019\/03\/Petrone-Renatha-Robertha-da-Costa-e-Silva-Baptista.pdf\">Petrone, Renatha Robertha da Costa e Silva Baptista -Reflex\u00e3o sucinta sobre atua\u00e7\u00e3o da C\u00e2mara Municipal de S\u00e3o Paulo na crise h\u00eddrica<\/a><\/td>\n<\/tr>\n<tr>\n<td>Queda,Adriana Silva Reis<\/td>\n<td width=\"335\">\u00a0Governan\u00e7a metropolitana e governo aberto &#8211; An\u00e1lise das propostas realizadas por meio digital na elabora\u00e7\u00e3o do plano de desenvolvimento integrado da regi\u00e3o metropolitana de S\u00e3o Paulo (PDUI)<\/td>\n<td width=\"209\"><a href=\"https:\/\/www.saopaulo.sp.leg.br\/escoladoparlamento\/wp-content\/uploads\/sites\/5\/2019\/03\/QuedaAdriana-Silva-Reis.pdf\">Queda,Adriana Silva Reis &#8211;\u00a0Governan\u00e7a metropolitana e governo aberto &#8211; An\u00e1lise das propostas realizadas por meio digital na elabora\u00e7\u00e3o do plano de desenvolvimento integrado da regi\u00e3o metropolitana de S\u00e3o Paulo (PDUI)<\/a><\/td>\n<\/tr>\n<tr>\n<td>Rebechi, Andr\u00e9 Thiago<\/td>\n<td width=\"335\">\u00a0Breve estudo do perfil dos foli\u00f5es dos blocos e do crescimento do Carnaval de Rua de S\u00e3o Paulo (2014-2018)<\/td>\n<td width=\"209\"><a href=\"https:\/\/www.saopaulo.sp.leg.br\/escoladoparlamento\/wp-content\/uploads\/sites\/5\/2019\/03\/Rebechi-Andr\u00e9-Thiago.pdf\">Rebechi, Andr\u00e9 Thiago &#8211; Breve estudo do perfil dos foli\u00f5es dos blocos e do crescimento do Carnaval de Rua de S\u00e3o Paulo (2014-2018)<\/a><\/td>\n<\/tr>\n<tr>\n<td>Rosa, Vivian<\/td>\n<td width=\"335\">Pol\u00edticas p\u00fablicas para o menor infrator S\u00e3o Paulo 2018<\/td>\n<td width=\"209\"><a href=\"https:\/\/www.saopaulo.sp.leg.br\/escoladoparlamento\/wp-content\/uploads\/sites\/5\/2019\/03\/Rosa-Vivian.pdf\">Rosa, Vivian &#8211; Pol\u00edticas p\u00fablicas para o menor infrator S\u00e3o Paulo 2018<\/a><\/td>\n<\/tr>\n<tr>\n<td>Silverio, Carlos Eduardo<\/td>\n<td width=\"335\">A participa\u00e7\u00e3o popular por meios eletr\u00f4nicos na elabora\u00e7\u00e3o de leis pela c\u00e2mara municipal de S\u00e3o Paulo: a incid\u00eancia na pol\u00edtica urbana<\/td>\n<td width=\"209\"><a href=\"https:\/\/www.saopaulo.sp.leg.br\/escoladoparlamento\/wp-content\/uploads\/sites\/5\/2019\/03\/Silverio-Carlos-Eduardo.pdf\">Silverio, Carlos Eduardo &#8211; A participa\u00e7\u00e3o popular por meios eletr\u00f4nicos na elabora\u00e7\u00e3o de leis pela c\u00e2mara municipal de S\u00e3o Paulo: a incid\u00eancia na pol\u00edtica urbana<\/a><\/td>\n<\/tr>\n<tr>\n<td>Silvestre, Val\u00e9ria<\/td>\n<td width=\"335\">Que democracia foi esta?<\/p>\n<p>O plano de gest\u00e3o integrada de res\u00edduos s\u00f3lidos em s\u00e3o paulo e a participa\u00e7\u00e3o de catadores de materiais recicl\u00e1veis<\/td>\n<td width=\"209\"><a href=\"https:\/\/www.saopaulo.sp.leg.br\/escoladoparlamento\/wp-content\/uploads\/sites\/5\/2019\/03\/Silvestre-Val\u00e9ria.pdf\">Silvestre, Val\u00e9ria &#8211; Que democracia foi esta?O plano de gest\u00e3o integrada de res\u00edduos s\u00f3lidos em s\u00e3o paulo e a participa\u00e7\u00e3o de catadores de materiais recicl\u00e1veis<\/a><\/td>\n<\/tr>\n<tr>\n<td>Sugimoto, Fernanda Portugal<\/td>\n<td width=\"335\">A Pol\u00edtica Nacional de Mobilidade Urbana e a produ\u00e7\u00e3o legislativa sobre mobilidade por bicicleta na C\u00e2mara Municipal de S\u00e3o Paulo<\/td>\n<td width=\"209\"><a href=\"https:\/\/www.saopaulo.sp.leg.br\/escoladoparlamento\/wp-content\/uploads\/sites\/5\/2019\/03\/Sugimoto-Fernanda-Portugal.pdf\">Sugimoto, Fernanda Portugal &#8211; A Pol\u00edtica Nacional de Mobilidade Urbana e a produ\u00e7\u00e3o legislativa sobre mobilidade por bicicleta na C\u00e2mara Municipal de S\u00e3o Paulo<\/a><\/td>\n<\/tr>\n<tr>\n<td>Travasso, Nery Nice Osmondes<\/td>\n<td width=\"335\">\u00a0A participa\u00e7\u00e3o da sociedade civil no legislativo municipal: uma an\u00e1lise das audi\u00eancias p\u00fablicas da lei de diretrizes or\u00e7ament\u00e1rias de Guarulhos<\/td>\n<td width=\"209\"><a href=\"https:\/\/www.saopaulo.sp.leg.br\/escoladoparlamento\/wp-content\/uploads\/sites\/5\/2019\/03\/Travasso-Nery-Nice-Osmondes.pdf\">Travasso, Nery Nice Osmondes &#8211; A participa\u00e7\u00e3o da sociedade civil no legislativo municipal: uma an\u00e1lise das audi\u00eancias p\u00fablicas da lei de diretrizes or\u00e7ament\u00e1rias de Guarulhos<\/a><\/td>\n<\/tr>\n<\/tbody>\n<\/table>\n<p>&nbsp;<\/p>\n<p>&nbsp;<\/p>\n","protected":false},"excerpt":{"rendered":"<p>Concentramos aqui a produ\u00e7\u00e3o acad\u00eamica da Escola em um \u00fanico local. O acesso a todos os documentos aqui disponibilizados \u00e9 livre. Alves, Thays Cabette Barbosa Museus e a trajet\u00f3ria do investimento: Emendas parlamentares e a cadeia de ag\u00eancia nas pol\u00edticas culturais brasileiras Alves, Thays Cabette Barbosa &#8211; Museus e a trajet\u00f3ria do investimento: Emendas parlamentares [&hellip;]<\/p>\n","protected":false},"author":127,"featured_media":0,"parent":7816,"menu_order":317,"comment_status":"closed","ping_status":"closed","template":"","meta":{"_acf_changed":false,"footnotes":""},"class_list":["post-11202","page","type-page","status-publish","hentry"],"acf":[],"_links":{"self":[{"href":"https:\/\/www.saopaulo.sp.leg.br\/escoladoparlamento\/wp-json\/wp\/v2\/pages\/11202","targetHints":{"allow":["GET"]}}],"collection":[{"href":"https:\/\/www.saopaulo.sp.leg.br\/escoladoparlamento\/wp-json\/wp\/v2\/pages"}],"about":[{"href":"https:\/\/www.saopaulo.sp.leg.br\/escoladoparlamento\/wp-json\/wp\/v2\/types\/page"}],"author":[{"embeddable":true,"href":"https:\/\/www.saopaulo.sp.leg.br\/escoladoparlamento\/wp-json\/wp\/v2\/users\/127"}],"replies":[{"embeddable":true,"href":"https:\/\/www.saopaulo.sp.leg.br\/escoladoparlamento\/wp-json\/wp\/v2\/comments?post=11202"}],"version-history":[{"count":0,"href":"https:\/\/www.saopaulo.sp.leg.br\/escoladoparlamento\/wp-json\/wp\/v2\/pages\/11202\/revisions"}],"up":[{"embeddable":true,"href":"https:\/\/www.saopaulo.sp.leg.br\/escoladoparlamento\/wp-json\/wp\/v2\/pages\/7816"}],"wp:attachment":[{"href":"https:\/\/www.saopaulo.sp.leg.br\/escoladoparlamento\/wp-json\/wp\/v2\/media?parent=11202"}],"curies":[{"name":"wp","href":"https:\/\/api.w.org\/{rel}","templated":true}]}}