{"id":11050,"date":"2018-12-04T15:30:01","date_gmt":"2018-12-04T17:30:01","guid":{"rendered":"http:\/\/www.saopaulo.sp.leg.br\/escoladoparlamento\/?page_id=11050"},"modified":"2018-12-13T14:23:15","modified_gmt":"2018-12-13T16:23:15","slug":"transparencia-e-protecao-de-dados-pessoais-na-administracao-publica-agentes-formadores-de-governo-aberto-2018","status":"publish","type":"page","link":"https:\/\/www.saopaulo.sp.leg.br\/escoladoparlamento\/cursos\/cursos-anteriores\/cursos-realizados-2018\/transparencia-e-protecao-de-dados-pessoais-na-administracao-publica-agentes-formadores-de-governo-aberto-2018\/","title":{"rendered":"Transpar\u00eancia e Prote\u00e7\u00e3o de Dados Pessoais na Administra\u00e7\u00e3o P\u00fablica &#8211; Agentes Formadores de Governo Aberto 2018"},"content":{"rendered":"<p><strong>Diretor Respons\u00e1vel:<\/strong> Mateus Novaes Dias<\/p>\n<p><strong>Coordenadora:<\/strong> Ilza Jorge<\/p>\n<p>Capacita\u00e7\u00e3o de servidores municipais nos temas de prote\u00e7\u00e3o de dados pessoais e transpar\u00eancia, abordando seus pontos centrais, conflitos e poss\u00edveis abordagens para solucion\u00e1-los,&nbsp;atrav\u00e9s de discuss\u00f5es sobre legisla\u00e7\u00f5es e casos do cotidiano da administra\u00e7\u00e3o p\u00fablica.<\/p>\n<p><strong>P\u00fablico alvo<\/strong>: Servidores p\u00fablicos, estudantes e cidad\u00e3os com interesse no tema.<\/p>\n<p><strong>Vagas:<\/strong> 90<\/p>\n<p><strong>Programa\u00e7\u00e3o:<\/strong><\/p>\n<h3>12 de dezembro &#8211; 18h30 \u00e0s 22h<\/h3>\n<h3><a href=\"http:\/\/www.saopaulo.sp.leg.br\/transparencia\/auditorios-online\/sala-sergio-vieira-de-mello-sala\/\">Sala S\u00e9rgio Vieira de Mello<\/a><\/h3>\n<p><em>Transpar\u00eancia e Dados Abertos<\/em><\/p>\n<p><strong>Camille Moura<\/strong> &#8211; <em>Mestranda em Ci\u00eancia da Informa\u00e7\u00e3o (USP) na linha de Gest\u00e3o de Dispositivos de Informa\u00e7\u00e3o. Bacharel em Ci\u00eancias e Humanidades (2015) e em Pol\u00edticas P\u00fablicas (2017) pela Universidade Federal do ABC. Trabalhou na Coordenadoria de Promo\u00e7\u00e3o da Integridade da Controladoria Geral do Munic\u00edpio entre 2014 e 2016, tendo exercido os cargos de Coordenadora de Fortalecimento da Gest\u00e3o e de Coordenadora de Promo\u00e7\u00e3o da \u00c9tica.<\/em><\/p>\n<h2><strong>Inscri\u00e7\u00f5es encerradas<\/strong><\/h2>\n","protected":false},"excerpt":{"rendered":"<p>Diretor Respons\u00e1vel: Mateus Novaes Dias Coordenadora: Ilza Jorge Capacita\u00e7\u00e3o de servidores municipais nos temas de prote\u00e7\u00e3o de dados pessoais e transpar\u00eancia, abordando seus pontos centrais, conflitos e poss\u00edveis abordagens para solucion\u00e1-los,&nbsp;atrav\u00e9s de discuss\u00f5es sobre legisla\u00e7\u00f5es e casos do cotidiano da administra\u00e7\u00e3o p\u00fablica. P\u00fablico alvo: Servidores p\u00fablicos, estudantes e cidad\u00e3os com interesse no tema. Vagas: 90 [&hellip;]<\/p>\n","protected":false},"author":522,"featured_media":0,"parent":8438,"menu_order":321,"comment_status":"closed","ping_status":"closed","template":"","meta":{"_acf_changed":false,"footnotes":""},"class_list":["post-11050","page","type-page","status-publish","hentry"],"acf":[],"_links":{"self":[{"href":"https:\/\/www.saopaulo.sp.leg.br\/escoladoparlamento\/wp-json\/wp\/v2\/pages\/11050","targetHints":{"allow":["GET"]}}],"collection":[{"href":"https:\/\/www.saopaulo.sp.leg.br\/escoladoparlamento\/wp-json\/wp\/v2\/pages"}],"about":[{"href":"https:\/\/www.saopaulo.sp.leg.br\/escoladoparlamento\/wp-json\/wp\/v2\/types\/page"}],"author":[{"embeddable":true,"href":"https:\/\/www.saopaulo.sp.leg.br\/escoladoparlamento\/wp-json\/wp\/v2\/users\/522"}],"replies":[{"embeddable":true,"href":"https:\/\/www.saopaulo.sp.leg.br\/escoladoparlamento\/wp-json\/wp\/v2\/comments?post=11050"}],"version-history":[{"count":0,"href":"https:\/\/www.saopaulo.sp.leg.br\/escoladoparlamento\/wp-json\/wp\/v2\/pages\/11050\/revisions"}],"up":[{"embeddable":true,"href":"https:\/\/www.saopaulo.sp.leg.br\/escoladoparlamento\/wp-json\/wp\/v2\/pages\/8438"}],"wp:attachment":[{"href":"https:\/\/www.saopaulo.sp.leg.br\/escoladoparlamento\/wp-json\/wp\/v2\/media?parent=11050"}],"curies":[{"name":"wp","href":"https:\/\/api.w.org\/{rel}","templated":true}]}}