{"id":11040,"date":"2018-12-04T13:50:57","date_gmt":"2018-12-04T15:50:57","guid":{"rendered":"http:\/\/www.saopaulo.sp.leg.br\/escoladoparlamento\/?page_id=11040"},"modified":"2018-12-17T14:43:03","modified_gmt":"2018-12-17T16:43:03","slug":"lancamento-do-livro-poder-legislativo-municipal-entender-de-politica-comeca-por-aqui","status":"publish","type":"page","link":"https:\/\/www.saopaulo.sp.leg.br\/escoladoparlamento\/cursos\/cursos-anteriores\/cursos-realizados-2018\/lancamento-do-livro-poder-legislativo-municipal-entender-de-politica-comeca-por-aqui\/","title":{"rendered":"Lan\u00e7amento do Livro &#8211; Poder Legislativo Municipal, entender de pol\u00edtica come\u00e7a por aqui"},"content":{"rendered":"<p>A <em>Escola do Parlamento<\/em>, em parceria com a <em>Funda\u00e7\u00e3o Konrad Adenauer Brasil<\/em> e <em>Movimento Voto Consciente<\/em>, realiza o lan\u00e7amento do livro\u00a0<em>Poder Legislativo Municipal &#8211; Entender de Pol\u00edtica Come\u00e7a por Aqui<\/em>. Al\u00e9m de debate com os autores sobre os assuntos abordados na publica\u00e7\u00e3o, haver\u00e1 distribui\u00e7\u00e3o de exemplares para o p\u00fablico presente.<\/p>\n<p><strong>P\u00fablico alvo: <\/strong>Servidores, estudantes e demais interessados no tema.<\/p>\n<p><strong>Programa\u00e7\u00e3o:<\/strong><\/p>\n<h3><strong>12 de dezembro, 19h30 \u00e0s 22h<\/strong><\/h3>\n<h3><a href=\"http:\/\/www.saopaulo.sp.leg.br\/transparencia\/auditorios-online\/auditorio-prestes-maia\/\"><strong>Audit\u00f3rio Prestes Maia<\/strong><\/a><\/h3>\n<p><strong>Palestrantes:<\/strong><\/p>\n<p><strong>Humberto Dantas<\/strong> &#8211;\u00a0<em>Doutor\u00a0e Mestre\u00a0em Ci\u00eancia Pol\u00edtica pela Universidade de S\u00e3o Paulo (USP),\u00a0P\u00f3s-doutorando em Administra\u00e7\u00e3o P\u00fablica pela FGV-SP, ex-diretor-presidente da Escola do Parlamento da C\u00e2mara Municipal de S\u00e3o Paulo, professor permanente do Programa de P\u00f3s-gradua\u00e7\u00e3o em Cidades Inteligentes e Sustent\u00e1veis na Universidade Nove de Julho.<\/em><\/p>\n<p><strong>Bruno Souza da Silva<\/strong> &#8211; <em>Doutorando em Ci\u00eancia Pol\u00edtica na UNICAMP,\u00a0Mestre em Ci\u00eancias Sociais pela Universidade Estadual Paulista &#8220;J\u00falio de Mesquita Filho&#8221; (UNESP), professor de cursos de Educa\u00e7\u00e3o Pol\u00edtica em projeto da Funda\u00e7\u00e3o Konrad Adenauer &#8211; Brasil nas periferias de S\u00e3o Paulo, colunista pol\u00edtico no blog &#8220;Legis-Ativo&#8221; do Jornal O Estado de S\u00e3o Paulo.<\/em><\/p>\n<h3><strong>Inscri\u00e7\u00f5es:<\/strong> <span style=\"color: #ff0000\"><strong>encerradas<\/strong><\/span><\/h3>\n<hr \/>\n<h2><span style=\"color: #ff0000\"><strong>ATEN\u00c7\u00c3O:<\/strong> <\/span><\/h2>\n<p><strong>O livro est\u00e1\u00a0dispon\u00edvel para download atrav\u00e9s do link:<\/strong><\/p>\n<p>http:\/\/www.votoconsciente.org.br\/wp-content\/uploads\/2018\/12\/livro-PoderLegislativoMunicipal-WEB.pdf<\/p>\n<p>&nbsp;<\/p>\n","protected":false},"excerpt":{"rendered":"<p>A Escola do Parlamento, em parceria com a Funda\u00e7\u00e3o Konrad Adenauer Brasil e Movimento Voto Consciente, realiza o lan\u00e7amento do livro\u00a0Poder Legislativo Municipal &#8211; Entender de Pol\u00edtica Come\u00e7a por Aqui. Al\u00e9m de debate com os autores sobre os assuntos abordados na publica\u00e7\u00e3o, haver\u00e1 distribui\u00e7\u00e3o de exemplares para o p\u00fablico presente. P\u00fablico alvo: Servidores, estudantes e [&hellip;]<\/p>\n","protected":false},"author":522,"featured_media":0,"parent":8438,"menu_order":322,"comment_status":"closed","ping_status":"closed","template":"","meta":{"_acf_changed":false,"footnotes":""},"class_list":["post-11040","page","type-page","status-publish","hentry"],"acf":[],"_links":{"self":[{"href":"https:\/\/www.saopaulo.sp.leg.br\/escoladoparlamento\/wp-json\/wp\/v2\/pages\/11040","targetHints":{"allow":["GET"]}}],"collection":[{"href":"https:\/\/www.saopaulo.sp.leg.br\/escoladoparlamento\/wp-json\/wp\/v2\/pages"}],"about":[{"href":"https:\/\/www.saopaulo.sp.leg.br\/escoladoparlamento\/wp-json\/wp\/v2\/types\/page"}],"author":[{"embeddable":true,"href":"https:\/\/www.saopaulo.sp.leg.br\/escoladoparlamento\/wp-json\/wp\/v2\/users\/522"}],"replies":[{"embeddable":true,"href":"https:\/\/www.saopaulo.sp.leg.br\/escoladoparlamento\/wp-json\/wp\/v2\/comments?post=11040"}],"version-history":[{"count":0,"href":"https:\/\/www.saopaulo.sp.leg.br\/escoladoparlamento\/wp-json\/wp\/v2\/pages\/11040\/revisions"}],"up":[{"embeddable":true,"href":"https:\/\/www.saopaulo.sp.leg.br\/escoladoparlamento\/wp-json\/wp\/v2\/pages\/8438"}],"wp:attachment":[{"href":"https:\/\/www.saopaulo.sp.leg.br\/escoladoparlamento\/wp-json\/wp\/v2\/media?parent=11040"}],"curies":[{"name":"wp","href":"https:\/\/api.w.org\/{rel}","templated":true}]}}