{"id":10966,"date":"2018-11-09T14:19:10","date_gmt":"2018-11-09T16:19:10","guid":{"rendered":"http:\/\/www.saopaulo.sp.leg.br\/escoladoparlamento\/?page_id=10966"},"modified":"2018-12-01T19:22:00","modified_gmt":"2018-12-01T21:22:00","slug":"a-educacao-integral-na-voz-dos-estudantes-e-da-sociedade-civil-organizada","status":"publish","type":"page","link":"https:\/\/www.saopaulo.sp.leg.br\/escoladoparlamento\/cursos\/cursos-anteriores\/cursos-realizados-2018\/a-educacao-integral-na-voz-dos-estudantes-e-da-sociedade-civil-organizada\/","title":{"rendered":"A Educa\u00e7\u00e3o Integral na Voz dos Estudantes e da Sociedade Civil Organizada"},"content":{"rendered":"<p><strong>Objetivos: <\/strong><\/p>\n<p>Fortalecer o debate acerca da Educa\u00e7\u00e3o Integral e de cidades educadoras em S\u00e3o Paulo \u00e0 luz das pr\u00e1ticas dos educadores da rede municipal de ensino e dos demais agentes educativos da cidade, articulada \u00e0s pol\u00edticas p\u00fablicas implementadas na cidade.<\/p>\n<p>Contribuir para alcan\u00e7ar os resultados esperados do projeto 25: S\u00e3o Paulo Educadora, do Plano de Metas da Cidade de S\u00e3o Paulo 2017-2020.<\/p>\n<h2><strong>1\u00ba de dezembro &#8211; 8h \u00e0s 17h<\/strong><\/h2>\n<h3><strong>Local:<\/strong>\u00a0EMEI Gabriel Prestes &#8211; Rua da Consola\u00e7\u00e3o, 1012 (Pr\u00f3ximo ao metr\u00f4 Higienopolis- Mackenzie)<\/h3>\n<h2>Inscri\u00e7\u00f5es:<strong><span style=\"color: #ff0000\"> encerradas<\/span><\/strong><\/h2>\n<hr \/>\n<h2><strong>Programa\u00e7\u00e3o:<\/strong><\/h2>\n<h3><strong>Manh\u00e3:<\/strong><\/h3>\n<p><strong>Apresenta\u00e7\u00e3o cultural de estudantes da rede municipal:<\/strong><\/p>\n<ul>\n<li>Grupo V. O. P. O &#8211; Vozes Po\u00e9ticas (EMEF Paulo Carneiro)<\/li>\n<\/ul>\n<p style=\"text-align: left\"><strong>Abertura<\/strong><\/p>\n<p>&nbsp;<\/p>\n<p style=\"text-align: left\"><strong>Mesa 1 \u2013\u00a0 \u201cA Educa\u00e7\u00e3o Integral na voz da sociedade civil organizada\u201d<\/strong><\/p>\n<p style=\"text-align: left\"><strong>L\u00edgia Monteiro<\/strong> &#8211; F\u00f3rum de Educa\u00e7\u00e3o Integral para cidades que educam (Santos)<\/p>\n<p><strong>Raiana Ribeiro<\/strong> &#8211; Associa\u00e7\u00e3o Cidade Escola Aprendiz<\/p>\n<p><strong>Em\u00edlia Cipriano<\/strong> &#8211; Grupo de Estudos de Educa\u00e7\u00e3o Integral PUC SP &#8211; GPEI<\/p>\n<p><strong>L\u00edgia Corr\u00eaa e Iarlei Sena<\/strong> &#8211; Grupo Esparrama de Teatro<\/p>\n<p><strong>Silvia Aparecida Santos de Carvalho<\/strong> \u2013 Escola do Parlamento<\/p>\n<p style=\"text-align: left\"><strong>Intervalo almo\u00e7o<\/strong><\/p>\n<p>&nbsp;<\/p>\n<h2><strong>Tarde:<\/strong><\/h2>\n<p><strong>Apresenta\u00e7\u00e3o cultural de estudantes da rede municipal:<\/strong><\/p>\n<ul>\n<li>Grupo L\u00edngua Solta (EMEF Marechal Rondon)<\/li>\n<li>Grupo Meninas Mulheres (EMEF Cel. Ary Gomes)<\/li>\n<\/ul>\n<p><strong>Mesa 2 \u2013 \u201cA Educa\u00e7\u00e3o Integral na voz dos estudantes\u201d:<\/strong><\/p>\n<p>Estudantes das escolas:<\/p>\n<ul>\n<li>EMEF Cel. Ary Gomes<\/li>\n<li>CEU EMEF Casa Blanca<\/li>\n<li>EMEF Paulo Carneiro<\/li>\n<li>EMEF Marechal Rondon<\/li>\n<li>FOCA Butant\u00e3<\/li>\n<\/ul>\n<p style=\"text-align: left\"><strong>Encaminhamentos e encerramento<\/strong><\/p>\n","protected":false},"excerpt":{"rendered":"<p>Objetivos: Fortalecer o debate acerca da Educa\u00e7\u00e3o Integral e de cidades educadoras em S\u00e3o Paulo \u00e0 luz das pr\u00e1ticas dos educadores da rede municipal de ensino e dos demais agentes educativos da cidade, articulada \u00e0s pol\u00edticas p\u00fablicas implementadas na cidade. Contribuir para alcan\u00e7ar os resultados esperados do projeto 25: S\u00e3o Paulo Educadora, do Plano de [&hellip;]<\/p>\n","protected":false},"author":522,"featured_media":0,"parent":8438,"menu_order":322,"comment_status":"closed","ping_status":"closed","template":"","meta":{"_acf_changed":false,"footnotes":""},"class_list":["post-10966","page","type-page","status-publish","hentry"],"acf":[],"_links":{"self":[{"href":"https:\/\/www.saopaulo.sp.leg.br\/escoladoparlamento\/wp-json\/wp\/v2\/pages\/10966","targetHints":{"allow":["GET"]}}],"collection":[{"href":"https:\/\/www.saopaulo.sp.leg.br\/escoladoparlamento\/wp-json\/wp\/v2\/pages"}],"about":[{"href":"https:\/\/www.saopaulo.sp.leg.br\/escoladoparlamento\/wp-json\/wp\/v2\/types\/page"}],"author":[{"embeddable":true,"href":"https:\/\/www.saopaulo.sp.leg.br\/escoladoparlamento\/wp-json\/wp\/v2\/users\/522"}],"replies":[{"embeddable":true,"href":"https:\/\/www.saopaulo.sp.leg.br\/escoladoparlamento\/wp-json\/wp\/v2\/comments?post=10966"}],"version-history":[{"count":0,"href":"https:\/\/www.saopaulo.sp.leg.br\/escoladoparlamento\/wp-json\/wp\/v2\/pages\/10966\/revisions"}],"up":[{"embeddable":true,"href":"https:\/\/www.saopaulo.sp.leg.br\/escoladoparlamento\/wp-json\/wp\/v2\/pages\/8438"}],"wp:attachment":[{"href":"https:\/\/www.saopaulo.sp.leg.br\/escoladoparlamento\/wp-json\/wp\/v2\/media?parent=10966"}],"curies":[{"name":"wp","href":"https:\/\/api.w.org\/{rel}","templated":true}]}}