{"id":10960,"date":"2018-11-09T14:05:19","date_gmt":"2018-11-09T16:05:19","guid":{"rendered":"http:\/\/www.saopaulo.sp.leg.br\/escoladoparlamento\/?page_id=10960"},"modified":"2018-11-28T14:47:55","modified_gmt":"2018-11-28T16:47:55","slug":"50-anos-da-orquestra-sinfonica-jovem-municipal","status":"publish","type":"page","link":"https:\/\/www.saopaulo.sp.leg.br\/escoladoparlamento\/cursos\/cursos-anteriores\/cursos-realizados-2018\/50-anos-da-orquestra-sinfonica-jovem-municipal\/","title":{"rendered":"50 Anos da Orquestra Sinf\u00f4nica Jovem Municipal"},"content":{"rendered":"<p><strong>Diretora Respons\u00e1vel:<\/strong> Ilza Jorge<\/p>\n<p><strong>Coordenadora:<\/strong> Rosana Caramaschi<\/p>\n<p>Desde 1968, a <em>Orquestra Sinf\u00f4nica Jovem Municipal<\/em> apresenta novas perspectivas de atua\u00e7\u00e3o musical para jovens instrumentistas e, ao mesmo tempo, promove o aprimoramento art\u00edstico a partir do desenvolvimento de uma pr\u00e1tica orquestral intensa e regular. Inicialmente com uma atua\u00e7\u00e3o aut\u00f4noma, em 1990 se tornou o grupo orquestral da <em>Escola Municipal de M\u00fasica de S\u00e3o Paulo<\/em> que, desde sua cria\u00e7\u00e3o, oferece ensino de excel\u00eancia sem custo \u00e0 popula\u00e7\u00e3o.<\/p>\n<p>Para destacar a import\u00e2ncia da OSJM no cen\u00e1rio cultural e comemorar seus 50 anos de atividade, a <em>Funda\u00e7\u00e3o Theatro Municipal de S\u00e3o Paulo<\/em> &#8211; respons\u00e1vel por sua gest\u00e3o \u2013 e a <em>Escola do Parlamento da C\u00e2mara Municipal<\/em> promovem um f\u00f3rum de 2 dias com mesas de debates no primeiro e, no encerramento das atividades, um encontro de regentes seguido de um Concerto com a Orquestra Sinf\u00f4nica Jovem Municipal, na bel\u00edssima Sala do Conservat\u00f3rio, espa\u00e7o onde normalmente se apresentam os alunos, na Pra\u00e7a das Artes.<\/p>\n<p><strong>Objetivo: <\/strong>conhecer a hist\u00f3ria, a atua\u00e7\u00e3o e as perspectivas da <em>Orquestra Sinf\u00f4nica Jovem Municipal<\/em>, al\u00e9m de comemorar seus 50 anos de intensa atividade.<\/p>\n<p><strong>P\u00fablico Alvo: <\/strong>cidad\u00e3os em geral<\/p>\n<p><strong>Vagas: <\/strong>150<\/p>\n<h2><strong>Inscri\u00e7\u00f5es: <span style=\"color: #ff0000\">encerradas<\/span><\/strong><\/h2>\n<p>&nbsp;<\/p>\n<h3><strong>Programa\u00e7\u00e3o:<\/strong><\/h3>\n<h3><strong>26 de novembro<\/strong> &#8211; C\u00e2mara Municipal de S\u00e3o Paulo &#8211; <a href=\"http:\/\/www.saopaulo.sp.leg.br\/transparencia\/auditorios-online\/auditorio-prestes-maia\/\">Audit\u00f3rio Prestes Maia<\/a><\/h3>\n<p>11h \u2013 <strong>Abertura<\/strong><\/p>\n<p>Andr\u00e9 Sturm \u2013 <em>Secret\u00e1rio Municipal de Cultura \/ <\/em>Prof. Dr. Jos\u00e9 Pastore \/ Mateus Novaes Dias &#8211; <em>Diretor Acad\u00eamico da Escola do Parlamento \/\u00a0<\/em>Rosana Caramaschi &#8211; <em>Diretora de Forma\u00e7\u00e3o da Funda\u00e7\u00e3o Theatro Municipal de S\u00e3o Paulo<\/em><\/p>\n<p>12h \u2013 <strong>Almo\u00e7o<\/strong><\/p>\n<p>13h30 \u2013 <strong>Papel das Orquestras de Forma\u00e7\u00e3o e Conex\u00f5es Acad\u00eamicas<\/strong><\/p>\n<p>Maestro Gil jardim \/ Prof. Dr. Di\u00f3snio Machado Neto \/ Maestrina Cinthia Alireti<\/p>\n<p>moderador: Antonio Ribeiro<\/p>\n<p>15h \u2013 <strong>Orquestra Jovem: um Passo para a Profissionaliza\u00e7\u00e3o<\/strong><\/p>\n<p>Maestro Emiliano Patarra \/ Maestro Edilson Ventureli \/ Maestro Daniel Cornejo<\/p>\n<p>moderador: Tiago Gati<\/p>\n<p>16h30 \u2013 <strong>Sustentabilidade e Futuro <\/strong><strong>das Orquestras Jovens<\/strong><\/p>\n<p>Ronaldo Bianchi &#8211; <em>Ex-Secret\u00e1rio Estadual Adjunto de Cultura \/ <\/em>Maestro Abel Rocha \/ Prof. Dr. Paulo Zuben<\/p>\n<p>moderador: Antonio Ribeiro<\/p>\n<hr \/>\n<h3><strong>27 de novembro<\/strong> &#8211; Pra\u00e7a das Artes \u2013 Sala do Conservat\u00f3rio &#8211; <a href=\"https:\/\/www.google.com.br\/maps\/place\/Av.+S%C3%A3o+Jo%C3%A3o,+281+-+Centro,+S%C3%A3o+Paulo+-+SP,+01035-970\/@-23.5443535,-46.6392414,17z\/data=!3m1!4b1!4m5!3m4!1s0x94ce5851581a49c1:0xc446e6512b281f60!8m2!3d-23.5443584!4d-46.6370527?hl=pt-BR\">Avenida S\u00e3o Jo\u00e3o, 281<\/a><\/h3>\n<p>17h \u2013 <strong>Mesa dos Regentes<\/strong><\/p>\n<p>Samuel Kerr \/ Jamil Maluf \/ Henrique M\u00fcller \/ Ricardo Bologna\/ \u00c9rica Hindrikson<\/p>\n<p>moderador:\u00a0Antonio Ribeiro<\/p>\n<p>18h &#8211; <strong>Caf\u00e9<\/strong><\/p>\n<p>19h \u2013 <strong>Concerto com Orquestra Sinf\u00f4nica Jovem Municipal<\/strong><\/p>\n<h3><strong>ATEN\u00c7\u00c3O: <span style=\"color: #ff0000\">o evento do dia 27\/11 n\u00e3o ser\u00e1 gravado e n\u00e3o ter\u00e1 transmiss\u00e3o online<\/span><\/strong><\/h3>\n","protected":false},"excerpt":{"rendered":"<p>Diretora Respons\u00e1vel: Ilza Jorge Coordenadora: Rosana Caramaschi Desde 1968, a Orquestra Sinf\u00f4nica Jovem Municipal apresenta novas perspectivas de atua\u00e7\u00e3o musical para jovens instrumentistas e, ao mesmo tempo, promove o aprimoramento art\u00edstico a partir do desenvolvimento de uma pr\u00e1tica orquestral intensa e regular. Inicialmente com uma atua\u00e7\u00e3o aut\u00f4noma, em 1990 se tornou o grupo orquestral da [&hellip;]<\/p>\n","protected":false},"author":522,"featured_media":0,"parent":8438,"menu_order":324,"comment_status":"closed","ping_status":"closed","template":"","meta":{"_acf_changed":false,"footnotes":""},"class_list":["post-10960","page","type-page","status-publish","hentry"],"acf":[],"_links":{"self":[{"href":"https:\/\/www.saopaulo.sp.leg.br\/escoladoparlamento\/wp-json\/wp\/v2\/pages\/10960","targetHints":{"allow":["GET"]}}],"collection":[{"href":"https:\/\/www.saopaulo.sp.leg.br\/escoladoparlamento\/wp-json\/wp\/v2\/pages"}],"about":[{"href":"https:\/\/www.saopaulo.sp.leg.br\/escoladoparlamento\/wp-json\/wp\/v2\/types\/page"}],"author":[{"embeddable":true,"href":"https:\/\/www.saopaulo.sp.leg.br\/escoladoparlamento\/wp-json\/wp\/v2\/users\/522"}],"replies":[{"embeddable":true,"href":"https:\/\/www.saopaulo.sp.leg.br\/escoladoparlamento\/wp-json\/wp\/v2\/comments?post=10960"}],"version-history":[{"count":0,"href":"https:\/\/www.saopaulo.sp.leg.br\/escoladoparlamento\/wp-json\/wp\/v2\/pages\/10960\/revisions"}],"up":[{"embeddable":true,"href":"https:\/\/www.saopaulo.sp.leg.br\/escoladoparlamento\/wp-json\/wp\/v2\/pages\/8438"}],"wp:attachment":[{"href":"https:\/\/www.saopaulo.sp.leg.br\/escoladoparlamento\/wp-json\/wp\/v2\/media?parent=10960"}],"curies":[{"name":"wp","href":"https:\/\/api.w.org\/{rel}","templated":true}]}}