{"id":10711,"date":"2018-10-15T18:08:07","date_gmt":"2018-10-15T21:08:07","guid":{"rendered":"http:\/\/www.saopaulo.sp.leg.br\/escoladoparlamento\/?page_id=10711"},"modified":"2018-10-25T13:32:14","modified_gmt":"2018-10-25T16:32:14","slug":"aplicativos-eleitorais-um-balanco-de-2018","status":"publish","type":"page","link":"https:\/\/www.saopaulo.sp.leg.br\/escoladoparlamento\/cursos\/cursos-anteriores\/cursos-realizados-2018\/aplicativos-eleitorais-um-balanco-de-2018\/","title":{"rendered":"Aplicativos Eleitorais &#8211; um balan\u00e7o de 2018"},"content":{"rendered":"<p><strong>Diretor Respons\u00e1vel:<\/strong> Humberto Dantas<\/p>\n<p><strong>Coordenador:<\/strong> Humberto Dantas<\/p>\n<p>A elei\u00e7\u00e3o de 2018 foi marcada pela iniciativa de ONG\u2019s, grupos empresariais e cidad\u00e3os que buscaram viabilizar a possibilidade de eleitores encontrarem seus candidatos ao poder legislativo, principalmente, com base em aplicativos que promoviam cruzamentos de valores e interesses comuns entre tais p\u00fablicos (representantes e representados). O que exatamente esses aplicativos conseguiram? Quem foi atendido? Quantos acessos tiveram? Quem recorreu a essas ferramentas? Debater tais aspectos \u00e9 fundamental.<\/p>\n<p><strong>Objetivo:<\/strong> debater os formatos, o impacto e os objetivos dos aplicativos de procura de candidatos ao Legislativo na democracia brasileira em 2018<\/p>\n<p><strong>P\u00fablico alvo:<\/strong> cidad\u00e3os em geral<\/p>\n<p><strong>Vagas:<\/strong> 100<\/p>\n<p><strong>Carga Hor\u00e1ria:<\/strong> 3 horas<\/p>\n<h2><strong>Programa\u00e7\u00e3o:<\/strong><\/h2>\n<h3>24 de outubro &#8211; 19h-22h &#8211; <a href=\"http:\/\/www.saopaulo.sp.leg.br\/transparencia\/auditorios-online\/sala-sergio-vieira-de-mello-sala\/\">Sala S\u00e9rgio Vieira de Mello<\/a><\/h3>\n<p><strong>Mauricio Mussi<\/strong> &#8211; <em>Guia do Voto<\/em><\/p>\n<p><strong>Leandro Machado<\/strong> &#8211; <em>#TemMeuVoto<\/em><\/p>\n<p><strong>Luis Kimaid<\/strong> &#8211; <em>B\u00fassola Eleitoral<\/em><\/p>\n<p><strong>Gui Mohallem<\/strong> &#8211; <em>#MeRepresenta<\/em><\/p>\n<p><strong>media\u00e7\u00e3o:<\/strong> Maisa Diniz &#8211; <em>Virada Pol\u00edtica<\/em><\/p>\n<p>&nbsp;<\/p>\n<h2><strong>Inscri\u00e7\u00f5es: <span style=\"color: #ff0000\">encerradas<\/span><\/strong><\/h2>\n","protected":false},"excerpt":{"rendered":"<p>Diretor Respons\u00e1vel: Humberto Dantas Coordenador: Humberto Dantas A elei\u00e7\u00e3o de 2018 foi marcada pela iniciativa de ONG\u2019s, grupos empresariais e cidad\u00e3os que buscaram viabilizar a possibilidade de eleitores encontrarem seus candidatos ao poder legislativo, principalmente, com base em aplicativos que promoviam cruzamentos de valores e interesses comuns entre tais p\u00fablicos (representantes e representados). O que [&hellip;]<\/p>\n","protected":false},"author":522,"featured_media":0,"parent":8438,"menu_order":327,"comment_status":"closed","ping_status":"closed","template":"","meta":{"_acf_changed":false,"footnotes":""},"class_list":["post-10711","page","type-page","status-publish","hentry"],"acf":[],"_links":{"self":[{"href":"https:\/\/www.saopaulo.sp.leg.br\/escoladoparlamento\/wp-json\/wp\/v2\/pages\/10711","targetHints":{"allow":["GET"]}}],"collection":[{"href":"https:\/\/www.saopaulo.sp.leg.br\/escoladoparlamento\/wp-json\/wp\/v2\/pages"}],"about":[{"href":"https:\/\/www.saopaulo.sp.leg.br\/escoladoparlamento\/wp-json\/wp\/v2\/types\/page"}],"author":[{"embeddable":true,"href":"https:\/\/www.saopaulo.sp.leg.br\/escoladoparlamento\/wp-json\/wp\/v2\/users\/522"}],"replies":[{"embeddable":true,"href":"https:\/\/www.saopaulo.sp.leg.br\/escoladoparlamento\/wp-json\/wp\/v2\/comments?post=10711"}],"version-history":[{"count":0,"href":"https:\/\/www.saopaulo.sp.leg.br\/escoladoparlamento\/wp-json\/wp\/v2\/pages\/10711\/revisions"}],"up":[{"embeddable":true,"href":"https:\/\/www.saopaulo.sp.leg.br\/escoladoparlamento\/wp-json\/wp\/v2\/pages\/8438"}],"wp:attachment":[{"href":"https:\/\/www.saopaulo.sp.leg.br\/escoladoparlamento\/wp-json\/wp\/v2\/media?parent=10711"}],"curies":[{"name":"wp","href":"https:\/\/api.w.org\/{rel}","templated":true}]}}