{"id":10641,"date":"2018-10-05T14:34:36","date_gmt":"2018-10-05T17:34:36","guid":{"rendered":"http:\/\/www.saopaulo.sp.leg.br\/escoladoparlamento\/?page_id=10641"},"modified":"2018-10-23T18:54:12","modified_gmt":"2018-10-23T21:54:12","slug":"muito-alem-do-pastel-da-feira-politica-na-periferia","status":"publish","type":"page","link":"https:\/\/www.saopaulo.sp.leg.br\/escoladoparlamento\/cursos\/cursos-anteriores\/cursos-realizados-2018\/muito-alem-do-pastel-da-feira-politica-na-periferia\/","title":{"rendered":"Muito al\u00e9m do pastel da feira: pol\u00edtica na periferia"},"content":{"rendered":"<p><strong>Diretor Respons\u00e1vel:<\/strong> Humberto Dantas<\/p>\n<p><strong>Coordenadores:<\/strong> Karol Coelho e Anderson Meneses (<em>Ag\u00eancia Mural<\/em>)<\/p>\n<p><strong>Objetivos:<\/strong> Apresentar envolvimento e desenvolvimento pol\u00edtico nas periferias a partir da cobertura das elei\u00e7\u00f5es 2018 feita pela <em>Ag\u00eancia Mural de Jornalismo das Periferias<\/em>, da cobertura dos servi\u00e7os p\u00fablicos da cidade de S\u00e3o Paulo feita pelo <em>32xSP<\/em>, com um panorama da pesquisa Emerg\u00eancia Pol\u00edtica Periferias, do <em>Instituto Update<\/em>, que foi realizado em periferias de 5 grandes cidades brasileiras e mostra iniciativas de inova\u00e7\u00e3o pol\u00edtica locais.<\/p>\n<p><strong>P\u00fablico alvo:<\/strong> estudantes e cidad\u00e3os em geral.<\/p>\n<h2><strong>Inscri\u00e7\u00f5es: <span style=\"color: #ff0000\">encerradas<\/span><\/strong><\/h2>\n<h3><strong>Programa\u00e7\u00e3o:<\/strong><\/h3>\n<h3>22 de outubro \u2013 19h \u00e0s 21h &#8211; <a href=\"http:\/\/www.saopaulo.sp.leg.br\/transparencia\/auditorios-online\/sala-oscar-pedroso-horta-sala-b\/\">Sala Oscar Pedroso Horta<\/a><\/h3>\n<p>Paulo Talarico &#8211;\u00a0<em>editor da Ag\u00eancia Mural<\/em><\/p>\n<p>Vagner de Alencar &#8211;\u00a0<em>editor do 32xSP<\/em><\/p>\n<p>J\u00e9ssica Cerqueira &#8211;\u00a0<em>Emerg\u00eancia Pol\u00edtica Periferias<\/em><\/p>\n<p><strong>Media\u00e7\u00e3o:<\/strong> Julia Reis &#8211;\u00a0<em>correspondente da Ag\u00eancia Mural<\/em><\/p>\n","protected":false},"excerpt":{"rendered":"<p>Diretor Respons\u00e1vel: Humberto Dantas Coordenadores: Karol Coelho e Anderson Meneses (Ag\u00eancia Mural) Objetivos: Apresentar envolvimento e desenvolvimento pol\u00edtico nas periferias a partir da cobertura das elei\u00e7\u00f5es 2018 feita pela Ag\u00eancia Mural de Jornalismo das Periferias, da cobertura dos servi\u00e7os p\u00fablicos da cidade de S\u00e3o Paulo feita pelo 32xSP, com um panorama da pesquisa Emerg\u00eancia Pol\u00edtica [&hellip;]<\/p>\n","protected":false},"author":522,"featured_media":0,"parent":8438,"menu_order":332,"comment_status":"closed","ping_status":"closed","template":"","meta":{"_acf_changed":false,"footnotes":""},"class_list":["post-10641","page","type-page","status-publish","hentry"],"acf":[],"_links":{"self":[{"href":"https:\/\/www.saopaulo.sp.leg.br\/escoladoparlamento\/wp-json\/wp\/v2\/pages\/10641","targetHints":{"allow":["GET"]}}],"collection":[{"href":"https:\/\/www.saopaulo.sp.leg.br\/escoladoparlamento\/wp-json\/wp\/v2\/pages"}],"about":[{"href":"https:\/\/www.saopaulo.sp.leg.br\/escoladoparlamento\/wp-json\/wp\/v2\/types\/page"}],"author":[{"embeddable":true,"href":"https:\/\/www.saopaulo.sp.leg.br\/escoladoparlamento\/wp-json\/wp\/v2\/users\/522"}],"replies":[{"embeddable":true,"href":"https:\/\/www.saopaulo.sp.leg.br\/escoladoparlamento\/wp-json\/wp\/v2\/comments?post=10641"}],"version-history":[{"count":0,"href":"https:\/\/www.saopaulo.sp.leg.br\/escoladoparlamento\/wp-json\/wp\/v2\/pages\/10641\/revisions"}],"up":[{"embeddable":true,"href":"https:\/\/www.saopaulo.sp.leg.br\/escoladoparlamento\/wp-json\/wp\/v2\/pages\/8438"}],"wp:attachment":[{"href":"https:\/\/www.saopaulo.sp.leg.br\/escoladoparlamento\/wp-json\/wp\/v2\/media?parent=10641"}],"curies":[{"name":"wp","href":"https:\/\/api.w.org\/{rel}","templated":true}]}}