{"id":10519,"date":"2018-09-10T14:53:21","date_gmt":"2018-09-10T17:53:21","guid":{"rendered":"http:\/\/www.saopaulo.sp.leg.br\/escoladoparlamento\/?page_id=10519"},"modified":"2018-09-28T15:40:41","modified_gmt":"2018-09-28T18:40:41","slug":"controle-social-na-administracao-publica","status":"publish","type":"page","link":"https:\/\/www.saopaulo.sp.leg.br\/escoladoparlamento\/cursos\/cursos-anteriores\/cursos-realizados-2018\/controle-social-na-administracao-publica\/","title":{"rendered":"Controle Social na Administra\u00e7\u00e3o P\u00fablica"},"content":{"rendered":"<p>Diretor Respons\u00e1vel: Mateus Novaes<\/p>\n<p>Coordenador: Ilza Jorge<\/p>\n<p>Para que uma gest\u00e3o atinja as metas do plano de governo previstas no Plano Plurianual (PPA), e para que concretize pol\u00edticas p\u00fablicas e atenda \u00e0s demandas da sociedade, \u00e9 importante que suas a\u00e7\u00f5es sejam, ao mesmo tempo, eficientes, efetivas e eficazes. A governan\u00e7a destas a\u00e7\u00f5es, portanto, \u00e9 fundamental para o fortalecimento da gest\u00e3o e para a seguran\u00e7a do gestor.<\/p>\n<p>Diante disto, t\u00e3o importantes quanto os \u00f3rg\u00e3os que planejam e executam as pol\u00edticas p\u00fablicas, s\u00e3o os que exercem a fiscaliza\u00e7\u00e3o e o\u00a0controle destas pol\u00edticas. Para isso existem na cidade de S\u00e3o Paulo \u00f3rg\u00e3os como a Controladoria Geral do Munic\u00edpio, o Tribunal de Contas do Munic\u00edpio, a C\u00e2mara Municipal, al\u00e9m da sociedade civil organizada.<\/p>\n<p>A fun\u00e7\u00e3o de cada \u00f3rg\u00e3o e do cidad\u00e3o no controle social das pol\u00edticas p\u00fablicas, como e porque fiscalizar, al\u00e9m de outras quest\u00f5es sobre controle social, ser\u00e3o temas deste curso realizado pela Escola do Parlamento.<\/p>\n<p><strong>Objetivos:<\/strong> Compreender o papel dos \u00f3rg\u00e3os governamentais\u00a0no controle social na administra\u00e7\u00e3o p\u00fablica, e a maneira pela qual os cidad\u00e3os podem interagir com eles para acompanhar e fiscalizar a execu\u00e7\u00e3o de pol\u00edticas p\u00fablicas.<\/p>\n<p><strong>P\u00fablico alvo:<\/strong> Servidores, assessores parlamentares, membros de organiza\u00e7\u00f5es da sociedade civil, estudantes e demais interessados no tema.<\/p>\n<p><strong>Vagas:<\/strong> 50<\/p>\n<p><strong>Carga Hor\u00e1ria:<\/strong> 15 horas<\/p>\n<p><strong>Programa\u00e7\u00e3o:<\/strong><\/p>\n<table>\n<tbody>\n<tr>\n<td width=\"144\"><strong>Data\/hor\u00e1rio<\/strong><\/td>\n<td width=\"144\"><strong>Palestrante<\/strong><\/td>\n<td width=\"144\"><strong>Tema<\/strong><\/td>\n<td width=\"144\"><strong>Local<\/strong><\/td>\n<\/tr>\n<tr>\n<td width=\"144\"><strong>19 setembro<\/strong><\/p>\n<p><strong>19h\/22h<\/strong><\/td>\n<td width=\"144\">Todos os palestrantes<\/td>\n<td width=\"144\"><em>Encontro: exercendo o controle social<\/em><\/td>\n<td width=\"144\"><a href=\"http:\/\/www.saopaulo.sp.leg.br\/transparencia\/auditorios-online\/auditorio-prestes-maia\/\">Audit\u00f3rio Prestes Maia<\/a><\/td>\n<\/tr>\n<tr>\n<td width=\"144\"><strong>20 setembro<\/strong><\/p>\n<p><strong>19h\/22h<\/strong><\/td>\n<td width=\"144\">Police Neto \u2013 <em>vereador CMSP<\/em><\/td>\n<td width=\"144\"><em>O controle exercido pela C\u00e2mara Municipal<\/em><\/td>\n<td width=\"144\"><a href=\"http:\/\/www.saopaulo.sp.leg.br\/transparencia\/auditorios-online\/sala-sergio-vieira-de-mello-sala\/\">Sala S\u00e9rgio Vieira de Mello<\/a><\/td>\n<\/tr>\n<tr>\n<td width=\"144\"><strong>24 setembro<\/strong><\/p>\n<p><strong>19h\/22h<\/strong><\/td>\n<td width=\"144\">Am\u00e9rico Sampaio \u2013 <em>Rede Nossa S\u00e3o Paulo<\/em><\/td>\n<td width=\"144\"><em>O controle exercido pela Sociedade Civil<\/em><\/td>\n<td width=\"144\"><a href=\"http:\/\/www.saopaulo.sp.leg.br\/transparencia\/auditorios-online\/sala-sergio-vieira-de-mello-sala\/\">Sala S\u00e9rgio Vieira de Mello<\/a><\/td>\n<\/tr>\n<tr>\n<td width=\"144\"><strong>26 setembro<\/strong><\/p>\n<p><strong>19h\/22h<\/strong><\/td>\n<td width=\"144\">Paulo Eduardo Galv\u00e3o &#8211; <em>Controladoria Geral do Munic\u00edpio<\/em><\/td>\n<td width=\"144\"><em>O controle exercido pela CGM<\/em><\/td>\n<td width=\"144\"><a href=\"http:\/\/www.saopaulo.sp.leg.br\/transparencia\/auditorios-online\/sala-sergio-vieira-de-mello-sala\/\">Sala S\u00e9rgio Vieira de Mello<\/a><\/td>\n<\/tr>\n<tr>\n<td width=\"144\"><strong>27 setembro<\/strong><\/p>\n<p><strong>19h\/22h<\/strong><\/td>\n<td width=\"144\">Prof. Valmir Le\u00f4ncio da Silva &#8211; <em>TCM-SP<\/em><\/td>\n<td width=\"144\"><em>O controle exercido pelo TCM<\/em><\/td>\n<td width=\"144\"><a href=\"http:\/\/www.saopaulo.sp.leg.br\/transparencia\/auditorios-online\/sala-sergio-vieira-de-mello-sala\/\">Sala S\u00e9rgio Vieira de Mello<\/a><\/td>\n<\/tr>\n<\/tbody>\n<\/table>\n<h2><strong>Inscri\u00e7\u00f5es: <span style=\"color: #ff0000\">encerradas<\/span><\/strong><\/h2>\n","protected":false},"excerpt":{"rendered":"<p>Diretor Respons\u00e1vel: Mateus Novaes Coordenador: Ilza Jorge Para que uma gest\u00e3o atinja as metas do plano de governo previstas no Plano Plurianual (PPA), e para que concretize pol\u00edticas p\u00fablicas e atenda \u00e0s demandas da sociedade, \u00e9 importante que suas a\u00e7\u00f5es sejam, ao mesmo tempo, eficientes, efetivas e eficazes. A governan\u00e7a destas a\u00e7\u00f5es, portanto, \u00e9 fundamental [&hellip;]<\/p>\n","protected":false},"author":522,"featured_media":0,"parent":8438,"menu_order":334,"comment_status":"closed","ping_status":"closed","template":"","meta":{"_acf_changed":false,"footnotes":""},"class_list":["post-10519","page","type-page","status-publish","hentry"],"acf":[],"_links":{"self":[{"href":"https:\/\/www.saopaulo.sp.leg.br\/escoladoparlamento\/wp-json\/wp\/v2\/pages\/10519","targetHints":{"allow":["GET"]}}],"collection":[{"href":"https:\/\/www.saopaulo.sp.leg.br\/escoladoparlamento\/wp-json\/wp\/v2\/pages"}],"about":[{"href":"https:\/\/www.saopaulo.sp.leg.br\/escoladoparlamento\/wp-json\/wp\/v2\/types\/page"}],"author":[{"embeddable":true,"href":"https:\/\/www.saopaulo.sp.leg.br\/escoladoparlamento\/wp-json\/wp\/v2\/users\/522"}],"replies":[{"embeddable":true,"href":"https:\/\/www.saopaulo.sp.leg.br\/escoladoparlamento\/wp-json\/wp\/v2\/comments?post=10519"}],"version-history":[{"count":0,"href":"https:\/\/www.saopaulo.sp.leg.br\/escoladoparlamento\/wp-json\/wp\/v2\/pages\/10519\/revisions"}],"up":[{"embeddable":true,"href":"https:\/\/www.saopaulo.sp.leg.br\/escoladoparlamento\/wp-json\/wp\/v2\/pages\/8438"}],"wp:attachment":[{"href":"https:\/\/www.saopaulo.sp.leg.br\/escoladoparlamento\/wp-json\/wp\/v2\/media?parent=10519"}],"curies":[{"name":"wp","href":"https:\/\/api.w.org\/{rel}","templated":true}]}}