{"id":10516,"date":"2018-09-10T14:27:31","date_gmt":"2018-09-10T17:27:31","guid":{"rendered":"http:\/\/www.saopaulo.sp.leg.br\/escoladoparlamento\/?page_id=10516"},"modified":"2018-09-18T18:18:13","modified_gmt":"2018-09-18T21:18:13","slug":"lancamento-da-plataforma-igualdadetemvoto","status":"publish","type":"page","link":"https:\/\/www.saopaulo.sp.leg.br\/escoladoparlamento\/cursos\/cursos-anteriores\/cursos-realizados-2018\/lancamento-da-plataforma-igualdadetemvoto\/","title":{"rendered":"Lan\u00e7amento da Plataforma #igualdadetemvoto"},"content":{"rendered":"<p><strong>Diretora Respons\u00e1vel:<\/strong> Ilza Jorge<\/p>\n<p><strong>Coordenador:<\/strong> Mateus Novaes<\/p>\n<p>Nas \u00faltimas d\u00e9cadas, os indicadores socioecon\u00f4micos do pa\u00eds t\u00eam revelado decrescimento da pobreza, com maior acesso da popula\u00e7\u00e3o mais pobre a servi\u00e7os p\u00fablicos como educa\u00e7\u00e3o e sa\u00fade e com o \u00eaxito de programas de distribui\u00e7\u00e3o de renda. Entretanto, as m\u00faltiplas desigualdades da nossa sociedade ainda persistem em patamares muito altos.<\/p>\n<p>A campanha <strong><em>Igualdade Tem Voto<\/em><\/strong> tem como objetivo pautar de forma qualificada o debate e dar senso de urg\u00eancia para o tema nas elei\u00e7\u00f5es de 2018, assim como servir de plataforma para dar visibilidade a propostas de pol\u00edticas p\u00fablicas que efetivamente combatam a desigualdade, em todas as suas dimens\u00f5es. Essas propostas, elaboradas por 33 colaboradores com base em evid\u00eancias, debates e escuta de especialistas, est\u00e3o organizadas em cinco eixos tem\u00e1ticos: <em>Educa\u00e7\u00e3o; Sa\u00fade; Seguran\u00e7a P\u00fablica; Fortalecimento da Democracia; e Sistema Tribut\u00e1rio, Trabalho e Renda<\/em>. O trabalho foi coordenado pela equipe do <em>Faz Diferen\u00e7a? &#8211; Discuss\u00f5es sobre desigualdades\u00a0<\/em>e vai servir como um canal para manifesta\u00e7\u00e3o e participa\u00e7\u00e3o da sociedade na vida pol\u00edtica.<\/p>\n<p><strong>Objetivos:\u00a0<\/strong>oferecer aos eleitores e aos candidatos uma plataforma para defender o combate \u00e0s desigualdades; contribuir para o debate eleitoral e para a formula\u00e7\u00e3o de pol\u00edticas p\u00fablicas, garantindo que este\u00a0seja uma prioridade na hora do voto.<\/p>\n<p><strong>P\u00fablico\u00a0alvo: <\/strong>candidatos, parlamentares e eleitores.<\/p>\n<p><strong>Carga Hor\u00e1ria:<\/strong> 4 horas<\/p>\n<h2><strong>Programa\u00e7\u00e3o: <\/strong><\/h2>\n<h3>18 de setembro &#8211; 14h \u00e0s 18h<\/h3>\n<h3><a href=\"http:\/\/www.saopaulo.sp.leg.br\/transparencia\/auditorios-online\/sala-sergio-vieira-de-mello-sala\/\">Sala S\u00e9rgio Vieira de Mello<\/a><\/h3>\n<p>&nbsp;<\/p>\n<h2><strong>Inscri\u00e7\u00f5es: <span style=\"color: #ff0000\">encerradas<\/span><\/strong><\/h2>\n<p>&nbsp;<\/p>\n<p>&nbsp;<\/p>\n","protected":false},"excerpt":{"rendered":"<p>Diretora Respons\u00e1vel: Ilza Jorge Coordenador: Mateus Novaes Nas \u00faltimas d\u00e9cadas, os indicadores socioecon\u00f4micos do pa\u00eds t\u00eam revelado decrescimento da pobreza, com maior acesso da popula\u00e7\u00e3o mais pobre a servi\u00e7os p\u00fablicos como educa\u00e7\u00e3o e sa\u00fade e com o \u00eaxito de programas de distribui\u00e7\u00e3o de renda. Entretanto, as m\u00faltiplas desigualdades da nossa sociedade ainda persistem em patamares [&hellip;]<\/p>\n","protected":false},"author":522,"featured_media":0,"parent":8438,"menu_order":336,"comment_status":"closed","ping_status":"closed","template":"","meta":{"_acf_changed":false,"footnotes":""},"class_list":["post-10516","page","type-page","status-publish","hentry"],"acf":[],"_links":{"self":[{"href":"https:\/\/www.saopaulo.sp.leg.br\/escoladoparlamento\/wp-json\/wp\/v2\/pages\/10516","targetHints":{"allow":["GET"]}}],"collection":[{"href":"https:\/\/www.saopaulo.sp.leg.br\/escoladoparlamento\/wp-json\/wp\/v2\/pages"}],"about":[{"href":"https:\/\/www.saopaulo.sp.leg.br\/escoladoparlamento\/wp-json\/wp\/v2\/types\/page"}],"author":[{"embeddable":true,"href":"https:\/\/www.saopaulo.sp.leg.br\/escoladoparlamento\/wp-json\/wp\/v2\/users\/522"}],"replies":[{"embeddable":true,"href":"https:\/\/www.saopaulo.sp.leg.br\/escoladoparlamento\/wp-json\/wp\/v2\/comments?post=10516"}],"version-history":[{"count":0,"href":"https:\/\/www.saopaulo.sp.leg.br\/escoladoparlamento\/wp-json\/wp\/v2\/pages\/10516\/revisions"}],"up":[{"embeddable":true,"href":"https:\/\/www.saopaulo.sp.leg.br\/escoladoparlamento\/wp-json\/wp\/v2\/pages\/8438"}],"wp:attachment":[{"href":"https:\/\/www.saopaulo.sp.leg.br\/escoladoparlamento\/wp-json\/wp\/v2\/media?parent=10516"}],"curies":[{"name":"wp","href":"https:\/\/api.w.org\/{rel}","templated":true}]}}